{"id":8483,"date":"2025-06-16T13:22:48","date_gmt":"2025-06-16T13:22:48","guid":{"rendered":"https:\/\/sinoextrud.com\/product\/cnc-aluminum-curved-profiles-tubes\/"},"modified":"2025-06-24T06:24:03","modified_gmt":"2025-06-24T06:24:03","slug":"cnc-aluminium-buede-profiler-ror","status":"publish","type":"product","link":"https:\/\/sinoextrud.com\/da\/product\/cnc-aluminum-curved-profiles-tubes\/","title":{"rendered":"CNC aluminium buede profiler r\u00f8r"},"content":{"rendered":"<h2>Detaljer om produkter<\/h2>\n<table class=\"custom-table\">\n<tr>\n<td class=\"label\">Vare<\/td>\n<td>CNC aluminium buede profiler r\u00f8r<\/td>\n<\/tr>\n<tr>\n<td class=\"label\">Temperament<\/td>\n<td>T5-T8<\/td>\n<\/tr>\n<tr>\n<td class=\"label\">Procesflow<\/td>\n<td>Udvikling af st\u00f8beforme - Aluminiumssk\u00e6rver - Opvarmning - St\u00f8bning med r\u00e5 aluminium - Overfladebehandling og farve<\/td>\n<\/tr>\n<tr>\n<td class=\"label\">Karakteristisk<\/td>\n<td>1. p\u00e6ne og smukke fine linjer p\u00e5 overfladen.<br \/>\n2. Nationale standard aluminiumsbilletter er vedtaget.<br \/>\n3. Med vores j\u00e6vne anodiseringsproces, som er tilpasset til at beskytte overfladen.<br \/>\n4. Sm\u00e5 ordrer er acceptable.<br \/>\n5. Tilpasset ekstrudering i henhold til din tegning.<\/td>\n<\/tr>\n<tr>\n<td class=\"label\">Anvendelse<\/td>\n<td>bygning, Dekoration<\/td>\n<\/tr>\n<tr>\n<td class=\"label\">Form<\/td>\n<td>Tilpasning<\/td>\n<\/tr>\n<tr>\n<td class=\"label\">Overfladebehandling<\/td>\n<td>Fr\u00e6set f\u00e6rdig, anodiseret, power coating, sandbl\u00e6sning, elektroforese, b\u00f8rstet, polering osv.<\/td>\n<\/tr>\n<tr>\n<td class=\"label\">Farve<\/td>\n<td>S\u00f8lv, sort, guld, champagne, bronze, r\u00f8d, bl\u00e5;<br \/>\nvi kan tilpasse farverne baseret p\u00e5 kundernes pr\u00f8ver<\/td>\n<\/tr>\n<tr>\n<td class=\"label\">Dyb bearbejdning<\/td>\n<td>Sk\u00e6ring, boring, bearbejdning, stansning, bukning, gevindsk\u00e6ring og s\u00e5 videre<\/td>\n<\/tr>\n<tr>\n<td class=\"label\">Garanti<\/td>\n<td>ISO:9001, SONCAP, BV-certifikat, TUV, SGS eller kundernes certifikat til r\u00e5dighed<\/td>\n<\/tr>\n<tr>\n<td class=\"label\">MOQ<\/td>\n<td>200 kg for hver profil<\/td>\n<\/tr>\n<tr>\n<td class=\"label\">Leveringstid<\/td>\n<td>Skimmeludvikling og pr\u00f8vekonformation er 12-15 dage, derefter er produktionsvarigheden 15-25 dage efter modtagelse af depositum fra k\u00f8ber.<\/td>\n<\/tr>\n<tr>\n<td class=\"label\">Gratis pr\u00f8ve<\/td>\n<td>1-3 dage kan sendes<\/td>\n<\/tr>\n<\/table>\n<h2>Vores produktionsbase<\/h2>\n<h3>Panorama over fabrikken<\/h3>\n<p><img decoding=\"async\" src=\"\/wp-content\/uploads\/factory-01.webp\"\/><\/p>\n<h3>V\u00e6rksted til fremstilling af aluminiumst\u00e6nger<\/h3>\n<p><img decoding=\"async\" src=\"\/wp-content\/uploads\/factory-02.webp\"\/><\/p>\n<p><img decoding=\"async\" src=\"\/wp-content\/uploads\/factory-03.webp\"\/><\/p>\n<h3>Lager til opbevaring af skimmelsvampe<\/h3>\n<p><img decoding=\"async\" src=\"\/wp-content\/uploads\/factory-04.webp\"\/><\/p>\n<h3>43 ekstruderingslinjer for aluminium (500-5500 ton)<\/h3>\n<p><img decoding=\"async\" src=\"\/wp-content\/uploads\/factory-05.webp\"\/><\/p>\n<p><img decoding=\"async\" src=\"\/wp-content\/uploads\/factory-06.webp\"\/><\/p>\n<p><img decoding=\"async\" src=\"\/wp-content\/uploads\/factory-07.webp\"\/><\/p>\n<h3>V\u00e6rksted for pulverlakering<\/h3>\n<p><img decoding=\"async\" src=\"\/wp-content\/uploads\/factory-09.webp\"\/><\/p>\n<h3>Anodiseringsv\u00e6rksted<\/h3>\n<p><img decoding=\"async\" src=\"\/wp-content\/uploads\/factory-10.webp\"\/><\/p>\n<h3>Workshop om dyb behandling<\/h3>\n<p><img decoding=\"async\" src=\"\/wp-content\/uploads\/factory-11.webp\"\/><\/p>\n<h3>V\u00e6rksted for CNC-pr\u00e6cisionsbearbejdning<\/h3>\n<p><img decoding=\"async\" src=\"\/wp-content\/uploads\/factory-11.5.webp\"\/><\/p>\n<h3>F\u00e6rdigvare- og eksportlager<\/h3>\n<p><img decoding=\"async\" src=\"\/wp-content\/uploads\/factory-12.webp\"\/><\/p>\n<p><img decoding=\"async\" src=\"\/wp-content\/uploads\/factory-13.webp\"\/><\/p>\n<p><img decoding=\"async\" src=\"\/wp-content\/uploads\/factory-14.webp\"\/><\/p>\n<h2>OFTE STILLEDE SP\u00d8RGSM\u00c5L<\/h2>\n<p><p><b>1. CNC-b\u00f8jede aluminiumsprofiler og -r\u00f8r: Hvad er fordelene ved at bruge CNC-bearbejdning til buede aluminiumsprofiler og -r\u00f8r?<\/b><\/p>\n<p>CNC-bearbejdning giver h\u00f8j pr\u00e6cision, sn\u00e6vre tolerancer og tilpassede former, hvilket sikrer, at aluminiumsr\u00f8rene opfylder specifikke krav til design og ydeevne.<br \/>\n<\/p><br \/>\n<br \/>\n<p><b>2. Hvordan gavner aluminiumsmaterialet buede profiler og r\u00f8r?<\/b><\/p>\n<p>Aluminium er let, st\u00e6rkt og korrosionsbestandigt, hvilket g\u00f8r det ideelt til at skabe holdbare og h\u00f8jtydende buede profiler og r\u00f8r.<br \/>\n<\/p><br \/>\n<br \/>\n<p><b>3. kan CNC aluminium buede profiler og r\u00f8r tilpasses?<\/b><\/p>\n<p>Ja, CNC-bearbejdning giver mulighed for fuld tilpasning med hensyn til st\u00f8rrelse, form og finish, hvilket giver skr\u00e6ddersyede l\u00f8sninger til forskellige industrielle anvendelser.<br \/>\n<\/p><br \/>\n<br \/>\n<p><b>4. Hvilke industrier bruger buede CNC-aluminiumsprofiler og -r\u00f8r?<\/b><\/p>\n<p>Brancher som bilindustrien, rumfart, byggeri og produktion nyder godt af pr\u00e6cisionen og holdbarheden af buede CNC-aluminiumsprofiler og -r\u00f8r.<br \/>\n<\/p><br \/>\n<br \/>\n<p><b>5. Hvordan forbedrer aluminiums korrosionsbestandighed levetiden for buede profiler og r\u00f8r?<\/b><\/p>\n<p>Aluminiums korrosionsbestandighed sikrer, at de buede profiler og r\u00f8r bevarer deres styrke og udseende, selv i barske eller udend\u00f8rs milj\u00f8er.<br \/>\n<\/p><br \/>\n<br \/>\n<p><b>6. Hvilke typer projekter egner sig bedst til buede CNC-profiler og -r\u00f8r i aluminium?<\/b><\/p>\n<p>Buede CNC-aluminiumsprofiler og -r\u00f8r er ideelle til konstruktions-, bil- og arkitekturprojekter, der kr\u00e6ver pr\u00e6cise, holdbare og lette komponenter.<br \/>\n<\/p><br \/>\n<br \/>\n<p><b>7. Hvordan sikrer CNC-bearbejdning buede aluminiumsprofiler og -r\u00f8r af h\u00f8j kvalitet?<\/b><\/p>\n<p>CNC-bearbejdning giver mulighed for pr\u00e6cis sk\u00e6ring, formgivning og efterbehandling, hvilket sikrer, at aluminiumsprofiler og -r\u00f8r opfylder strenge tolerancer og kvalitetsstandarder.<br \/>\n<\/p><br \/>\n<br \/>\n<p><b>8. Hvad er fordelene ved at bruge buede aluminiumsr\u00f8r i konstruktioner?<\/b><\/p>\n<p>Buede aluminiumsr\u00f8r giver styrke, fleksibilitet og \u00e6stetisk appel, hvilket g\u00f8r dem velegnede til anvendelser, der kr\u00e6ver b\u00e5de ydeevne og designfleksibilitet.<br \/>\n<\/p><br \/><\/p>","protected":false},"featured_media":0,"template":"","categories":[68],"class_list":["post-8483","product","type-product","status-publish","hentry","category-cnc-machining-aluminum-profile"],"meta_box":{"hilight_text_group":{"product_hilight_text":"<li>Precision CNC machining for custom aluminum curved profiles and tubes with tight tolerances.<\/li>\r\r\n<li>High-strength, lightweight aluminum material ensures durability without added weight.<\/li>\r\r\n<li>Customizable tube shapes and sizes to meet specific project requirements and applications.<\/li>\r\r\n<li>Corrosion-resistant aluminum provides long-lasting performance in various environments.<\/li>\r\r\n<li>Ideal for industries like automotive, construction, and aerospace, where precision and performance are critical.<\/li>","product_chanpin_blog":"<ul>\r\r\n<li><a href=\"https:\/\/sinoextrud.com\/t-slot-v-slot-differences\/\" target=\"_blank\">t slot vs v slot<\/a><\/li>\r\r\n<li><a href=\"https:\/\/sinoextrud.com\/what-is-4040-aluminium-extrud\/\" target=\"_blank\">4040 aluminium extrusion<\/a><\/li>\r\r\n<li><a href=\"https:\/\/sinoextrud.com\/what-is-4040-aluminium-extrud\/\" target=\"_blank\">aluminum extrusions for industrial racks<\/a><\/li>\r\r\n<li><a href=\"https:\/\/sinoextrud.com\/powder-coating-aluminium-process\/\" target=\"_blank\">powder coating aluminium<\/a><\/li>\r\r\n<li><a href=\"https:\/\/sinoextrud.com\/what-is-an-aluminium-strip-ceiling\/\" target=\"_blank\">aluminium strip ceiling<\/a><\/li>\r\r\n<li><a href=\"https:\/\/sinoextrud.com\/what-is-a-heat-sink\/\" target=\"_blank\">what is a heat sink<\/a><\/li>\r\r\n<\/ul>","product_chanpin_chanpin":"<li><a href=\"https:\/\/sinoextrud.com\/product\/cnc-machined-6063-aluminium-extrusion-product\/\" target=\"_blank\">CNC Machined 6063 Aluminium Extrusion Product<\/a><\/li>\r\n<li><a href=\"https:\/\/sinoextrud.com\/product\/aluminum-alloy-cnc-aluminum-controller-shell\/\" target=\"_blank\">Aluminum Alloy CNC Aluminum Controller Shell<\/a><\/li>\r\n<li><a href=\"https:\/\/sinoextrud.com\/product\/aluminium-cnc-factory-punching-extrusion-profile-tubing-sizes-oem\/\" target=\"_blank\">aluminium cnc factory punching extrusion profile tubing sizes OEM<\/a><\/li>\r\n<li><a href=\"https:\/\/sinoextrud.com\/product\/cnc-machining-anodized-item-extruded-aluminum\/\" target=\"_blank\">CNC Machining Anodized Item Extruded Aluminum<\/a><\/li>\r\n<li><a href=\"https:\/\/sinoextrud.com\/product\/cnc-aluminum-curved-profiles-tubes\/\" target=\"_blank\">CNC Aluminum Curved Profiles Tubes<\/a><\/li>\r\n<li><a href=\"https:\/\/sinoextrud.com\/product\/custom-aluminum-extrusion-cnc-machining-aluminum-profile\/\" target=\"_blank\">Custom Aluminum Extrusion CNC Machining Aluminum Profile<\/a><\/li>\r\n<li><a href=\"https:\/\/sinoextrud.com\/product\/custom-3003-aluminum-tube-bending-coolant-tubes\/\" target=\"_blank\">Custom 3003 Aluminum Tube Bending Coolant Tubes<\/a><\/li>\r\n<li><a href=\"https:\/\/sinoextrud.com\/product\/aluminum-extrusion-curtain-wall\/\" target=\"_blank\">Aluminum Extrusion Curtain Wall<\/a><\/li>\r\n<li><a href=\"https:\/\/sinoextrud.com\/product\/aluminum-profile-for-cnc\/\" target=\"_blank\">Aluminum Profile For CNC<\/a><\/li>\r\n<li><a href=\"https:\/\/sinoextrud.com\/product\/customized-matt-electrophoresis-aluminum-extrusions-profile-for-building-material\/\" target=\"_blank\">Customized Matt Electrophoresis Aluminum Extrusions Profile For Building Material<\/a><\/li>\r\n<li><a href=\"https:\/\/sinoextrud.com\/product\/clip-in-tile-ceiling-system\/\" target=\"_blank\">Clip-in Tile Ceiling System<\/a><\/li>"},"feature_list":[]},"_links":{"self":[{"href":"https:\/\/sinoextrud.com\/da\/wp-json\/wp\/v2\/product\/8483","targetHints":{"allow":["GET"]}}],"collection":[{"href":"https:\/\/sinoextrud.com\/da\/wp-json\/wp\/v2\/product"}],"about":[{"href":"https:\/\/sinoextrud.com\/da\/wp-json\/wp\/v2\/types\/product"}],"wp:attachment":[{"href":"https:\/\/sinoextrud.com\/da\/wp-json\/wp\/v2\/media?parent=8483"}],"wp:term":[{"taxonomy":"category","embeddable":true,"href":"https:\/\/sinoextrud.com\/da\/wp-json\/wp\/v2\/categories?post=8483"}],"curies":[{"name":"wp","href":"https:\/\/api.w.org\/{rel}","templated":true}]}}