{"id":8477,"date":"2025-06-16T13:15:36","date_gmt":"2025-06-16T13:15:36","guid":{"rendered":"https:\/\/sinoextrud.com\/product\/aluminum-alloy-cnc-aluminum-controller-shell\/"},"modified":"2025-06-24T06:23:58","modified_gmt":"2025-06-24T06:23:58","slug":"aluminiumslegering-cnc-aluminium-controller-shell","status":"publish","type":"product","link":"https:\/\/sinoextrud.com\/da\/product\/aluminum-alloy-cnc-aluminum-controller-shell\/","title":{"rendered":"Aluminiumslegering CNC Aluminium Controller Shell"},"content":{"rendered":"<h2>Detaljer om produkter<\/h2>\n<table class=\"custom-table\">\n<tbody>\n<tr>\n<td> Varens navn:<\/td>\n<td> Aluminiumslegering CNC Aluminium Controller Shell<\/td>\n<td> Karakter:<\/td>\n<td> 6000-serien<\/td>\n<\/tr>\n<tr>\n<td> Temperament:<\/td>\n<td> T3-T8<\/td>\n<td> Legering eller ej:<\/td>\n<td> Legering<\/td>\n<\/tr>\n<tr>\n<td> Tolerance:<\/td>\n<td> \u00b10,5%<\/td>\n<td> Form:<\/td>\n<td> Tilpasset<\/td>\n<\/tr>\n<tr>\n<td> Oprindelsessted:<\/td>\n<td> Guangdong, Kina<\/td>\n<td> Brand:<\/td>\n<td> Sinoextrud (Sinoextrud), Sinoextrud, Sinoextrud<\/td>\n<\/tr>\n<tr>\n<td> MOQ:<\/td>\n<td> 200KGS for hver profil<\/td>\n<td> Betalingsperiode:<\/td>\n<td> T \/ T (30% depositum, 70% balance f\u00f8r levering), L \/ C<\/td>\n<\/tr>\n<tr>\n<td> Havn:<\/td>\n<td> FOB Guangzhou, Shenzhen, Foshan<\/td>\n<td> Leveringstid:<\/td>\n<td> 20-30 arbejdsdage<\/td>\n<\/tr>\n<tr>\n<td> Anvendelse:<\/td>\n<td> elektroniske produkter<\/td>\n<td> Standard:<\/td>\n<td> Middel og h\u00f8j kvalitet<\/td>\n<\/tr>\n<tr>\n<td> Farve:<\/td>\n<td> Tilpasset<\/td>\n<td> Certifikat<\/td>\n<td> CQM, SGS, CE, BV, SONCAP \/ GB, ISO, JIS, AS,NZS, QUALICOAT, QUOLANOD<\/td>\n<\/tr>\n<\/tbody>\n<\/table>\n<h2>Vores produktionsbase<\/h2>\n<h3>Panorama over fabrikken<\/h3>\n<p><img decoding=\"async\" src=\"\/wp-content\/uploads\/factory-01.webp\"\/><\/p>\n<h3>V\u00e6rksted til fremstilling af aluminiumst\u00e6nger<\/h3>\n<p><img decoding=\"async\" src=\"\/wp-content\/uploads\/factory-02.webp\"\/><\/p>\n<p><img decoding=\"async\" src=\"\/wp-content\/uploads\/factory-03.webp\"\/><\/p>\n<h3>Lager til opbevaring af skimmelsvampe<\/h3>\n<p><img decoding=\"async\" src=\"\/wp-content\/uploads\/factory-04.webp\"\/><\/p>\n<h3>43 ekstruderingslinjer for aluminium (500-5500 ton)<\/h3>\n<p><img decoding=\"async\" src=\"\/wp-content\/uploads\/factory-05.webp\"\/><\/p>\n<p><img decoding=\"async\" src=\"\/wp-content\/uploads\/factory-06.webp\"\/><\/p>\n<p><img decoding=\"async\" src=\"\/wp-content\/uploads\/factory-07.webp\"\/><\/p>\n<h3>V\u00e6rksted for pulverlakering<\/h3>\n<p><img decoding=\"async\" src=\"\/wp-content\/uploads\/factory-09.webp\"\/><\/p>\n<h3>Anodiseringsv\u00e6rksted<\/h3>\n<p><img decoding=\"async\" src=\"\/wp-content\/uploads\/factory-10.webp\"\/><\/p>\n<h3>Workshop om dyb behandling<\/h3>\n<p><img decoding=\"async\" src=\"\/wp-content\/uploads\/factory-11.webp\"\/><\/p>\n<h3>V\u00e6rksted for CNC-pr\u00e6cisionsbearbejdning<\/h3>\n<p><img decoding=\"async\" src=\"\/wp-content\/uploads\/factory-11.5.webp\"\/><\/p>\n<h3>F\u00e6rdigvare- og eksportlager<\/h3>\n<p><img decoding=\"async\" src=\"\/wp-content\/uploads\/factory-12.webp\"\/><\/p>\n<p><img decoding=\"async\" src=\"\/wp-content\/uploads\/factory-13.webp\"\/><\/p>\n<p><img decoding=\"async\" src=\"\/wp-content\/uploads\/factory-14.webp\"\/><\/p>\n<h2>OFTE STILLEDE SP\u00d8RGSM\u00c5L<\/h2>\n<p><p><b>1. aluminiumslegering CNC-controllerskal i aluminium: Hvad er fordelene ved at bruge CNC-bearbejdning til controller-skaller?<\/b><\/p>\n<p>CNC-bearbejdning giver mulighed for h\u00f8j pr\u00e6cision og sikrer, at controller-skallerne i aluminiumslegering passer perfekt og giver optimal beskyttelse af f\u00f8lsomme komponenter.<br \/>\n<\/p><br \/>\n<br \/>\n<p><b>2. Hvordan forbedrer aluminiumslegeringen controller-skallernes ydeevne?<\/b><\/p>\n<p>Aluminiumslegeringen er et st\u00e6rkt, men let materiale, der beskytter den interne elektronik og samtidig sikrer holdbarhed og modstandsdygtighed over for milj\u00f8m\u00e6ssige faktorer.<br \/>\n<\/p><br \/>\n<br \/>\n<p><b>3. Kan CNC-controllerskallerne i aluminium tilpasses til forskellige anvendelser?<\/b><\/p>\n<p>Ja, CNC-bearbejdning giver mulighed for tilpasning af st\u00f8rrelse, form og finish, hvilket g\u00f8r controllerskallerne i aluminiumslegering tilpasningsdygtige til forskellige anvendelsesbehov.<br \/>\n<\/p><br \/>\n<br \/>\n<p><b>4. Hvilke industrier kan drage fordel af at bruge CNC-controllerskaller i aluminiumslegering?<\/b><\/p>\n<p>Industrier som elektronik, bilindustri, rumfart og automatisering nyder godt af den styrke, pr\u00e6cision og beskyttelse, som CNC-bearbejdede controllerskaller i aluminium giver.<br \/>\n<\/p><br \/>\n<br \/>\n<p><b>5. Hvordan gavner aluminiumslegeringens korrosionsbestandighed controllerskaller?<\/b><\/p>\n<p>Aluminiumslegeringens korrosionsbestandige egenskaber sikrer, at controllerskallerne forbliver intakte og funktionelle selv i barske eller udend\u00f8rs milj\u00f8er, hvilket forl\u00e6nger produktets levetid.<br \/>\n<\/p><br \/>\n<br \/>\n<p><b>6. Er controllerens skal af aluminiumslegering let?<\/b><\/p>\n<p>Ja, aluminiumslegeringen er let, hvilket g\u00f8r den nem at h\u00e5ndtere og transportere, samtidig med at den har den styrke, der er n\u00f8dvendig for at beskytte elektronikken.<br \/>\n<\/p><br \/>\n<br \/>\n<p><b>7. Hvad g\u00f8r aluminiumslegering til et godt valg til controller-skaller?<\/b><\/p>\n<p>Aluminiumslegering er et st\u00e6rkt, let og holdbart materiale, der giver fremragende beskyttelse af elektronikken og samtidig er modstandsdygtigt over for korrosion og slitage.<br \/>\n<\/p><br \/>\n<br \/>\n<p><b>8. Hvordan forbedrer CNC-bearbejdning kvaliteten af controller-skaller i aluminium?<\/b><\/p>\n<p>CNC-bearbejdning giver h\u00f8j pr\u00e6cision, sn\u00e6vre tolerancer og en glat finish, hvilket sikrer, at controller-skallerne i aluminiumslegering er b\u00e5de funktionelle og \u00e6stetisk tiltalende.<br \/>\n<\/p><br \/><\/p>","protected":false},"featured_media":8476,"template":"","categories":[68],"class_list":["post-8477","product","type-product","status-publish","has-post-thumbnail","hentry","category-cnc-machining-aluminum-profile"],"meta_box":{"hilight_text_group":{"product_hilight_text":"<li>Precision CNC machining ensures high accuracy and custom fits for aluminum alloy controller shells.<\/li>\r\r\n<li>Durable aluminum alloy construction provides strength and protection for sensitive electronic components.<\/li>\r\r\n<li>Lightweight design reduces overall weight, improving portability and ease of use.<\/li>\r\r\n<li>Excellent corrosion resistance, making the controller shell suitable for a variety of environments.<\/li>\r\r\n<li>Customizable designs and finishes to meet specific client and application requirements.<\/li>","product_chanpin_blog":"<ul>\r\r\n<li><a href=\"https:\/\/sinoextrud.com\/t-slot-v-slot-differences\/\" target=\"_blank\">t slot vs v slot<\/a><\/li>\r\r\n<li><a href=\"https:\/\/sinoextrud.com\/what-is-4040-aluminium-extrud\/\" target=\"_blank\">4040 aluminium extrusion<\/a><\/li>\r\r\n<li><a href=\"https:\/\/sinoextrud.com\/what-is-4040-aluminium-extrud\/\" target=\"_blank\">aluminum extrusions for industrial racks<\/a><\/li>\r\r\n<li><a href=\"https:\/\/sinoextrud.com\/powder-coating-aluminium-process\/\" target=\"_blank\">powder coating aluminium<\/a><\/li>\r\r\n<li><a href=\"https:\/\/sinoextrud.com\/what-is-an-aluminium-strip-ceiling\/\" target=\"_blank\">aluminium strip ceiling<\/a><\/li>\r\r\n<li><a href=\"https:\/\/sinoextrud.com\/what-is-a-heat-sink\/\" target=\"_blank\">what is a heat sink<\/a><\/li>\r\r\n<\/ul>","product_chanpin_chanpin":"<li><a href=\"https:\/\/sinoextrud.com\/product\/aluminum-extrusion-high-strength-cnc-drilling-7003-aluminum-round-pipe\/\" target=\"_blank\">Aluminum Extrusion High-strength CNC Drilling 7003 Aluminum Round Pipe<\/a><\/li>\r\n<li><a href=\"https:\/\/sinoextrud.com\/product\/cnc-machining-aluminium-profile-connectors\/\" target=\"_blank\">CNC Machining Aluminium Profile Connectors<\/a><\/li>\r\n<li><a href=\"https:\/\/sinoextrud.com\/product\/cnc-machining-anodized-aluminum-extrusions\/\" target=\"_blank\">CNC Machining Anodized Aluminum Extrusions<\/a><\/li>\r\n<li><a href=\"https:\/\/sinoextrud.com\/product\/cnc-machined-6063-aluminium-extrusion-product\/\" target=\"_blank\">CNC Machined 6063 Aluminium Extrusion Product<\/a><\/li>\r\n<li><a href=\"https:\/\/sinoextrud.com\/product\/aluminum-alloy-cnc-aluminum-controller-shell\/\" target=\"_blank\">Aluminum Alloy CNC Aluminum Controller Shell<\/a><\/li>\r\n<li><a href=\"https:\/\/sinoextrud.com\/product\/aluminium-cnc-factory-punching-extrusion-profile-tubing-sizes-oem\/\" target=\"_blank\">aluminium cnc factory punching extrusion profile tubing sizes OEM<\/a><\/li>\r\n<li><a href=\"https:\/\/sinoextrud.com\/product\/cnc-machining-anodized-item-extruded-aluminum\/\" target=\"_blank\">CNC Machining Anodized Item Extruded Aluminum<\/a><\/li>\r\n<li><a href=\"https:\/\/sinoextrud.com\/product\/cnc-aluminum-curved-profiles-tubes\/\" target=\"_blank\">CNC Aluminum Curved Profiles Tubes<\/a><\/li>\r\n<li><a href=\"https:\/\/sinoextrud.com\/product\/custom-aluminum-extrusion-cnc-machining-aluminum-profile\/\" target=\"_blank\">Custom Aluminum Extrusion CNC Machining Aluminum Profile<\/a><\/li>\r\n<li><a href=\"https:\/\/sinoextrud.com\/product\/sound-proof-aluminum-glass-casement-windows-sliding-windows-and-doors-aluminum-profile-for-buildings-louver-system\/\" target=\"_blank\">Sound-proof Aluminum Glass Casement Windows Sliding Windows And Doors Aluminum Profile For Buildings Louver System<\/a><\/li>\r\n<li><a href=\"https:\/\/sinoextrud.com\/product\/anodized-extruded-aluminum\/\" target=\"_blank\">Anodized Extruded Aluminum<\/a><\/li>"},"feature_list":[]},"_links":{"self":[{"href":"https:\/\/sinoextrud.com\/da\/wp-json\/wp\/v2\/product\/8477","targetHints":{"allow":["GET"]}}],"collection":[{"href":"https:\/\/sinoextrud.com\/da\/wp-json\/wp\/v2\/product"}],"about":[{"href":"https:\/\/sinoextrud.com\/da\/wp-json\/wp\/v2\/types\/product"}],"wp:featuredmedia":[{"embeddable":true,"href":"https:\/\/sinoextrud.com\/da\/wp-json\/wp\/v2\/media\/8476"}],"wp:attachment":[{"href":"https:\/\/sinoextrud.com\/da\/wp-json\/wp\/v2\/media?parent=8477"}],"wp:term":[{"taxonomy":"category","embeddable":true,"href":"https:\/\/sinoextrud.com\/da\/wp-json\/wp\/v2\/categories?post=8477"}],"curies":[{"name":"wp","href":"https:\/\/api.w.org\/{rel}","templated":true}]}}