{"id":8457,"date":"2025-06-16T06:17:47","date_gmt":"2025-06-16T06:17:47","guid":{"rendered":"https:\/\/sinoextrud.com\/product\/cnc-machining-anodized-aluminum-extrusions\/"},"modified":"2025-06-24T06:23:56","modified_gmt":"2025-06-24T06:23:56","slug":"cnc-bearbejdning-af-anodiserede-aluminiumsprofiler","status":"publish","type":"product","link":"https:\/\/sinoextrud.com\/da\/product\/cnc-machining-anodized-aluminum-extrusions\/","title":{"rendered":"CNC-bearbejdning af anodiserede aluminiumsekstruderinger"},"content":{"rendered":"<h2>Detaljer om produkter<\/h2>\n<table class=\"custom-table\">\n<tbody>\n<tr>\n<td> Karakter:<\/td>\n<td> 6063 -t5<\/td>\n<\/tr>\n<tr>\n<td> Teknik:<\/td>\n<td> CNC-bearbejdning af anodiserede aluminiumsekstruderinger<\/td>\n<\/tr>\n<tr>\n<td> Temperament:<\/td>\n<td> T3 - T8<\/td>\n<\/tr>\n<tr>\n<td> Bearbejdningstjenester:<\/td>\n<td> Boring, gevindsk\u00e6ring, nitning, montering osv.<\/td>\n<\/tr>\n<tr>\n<td> Varem\u00e6rke:<\/td>\n<td> Sinoextrud Sinoextrud <\/td>\n<\/tr>\n<tr>\n<td> Type:<\/td>\n<td> CNC-bearbejdning af anodiserede aluminiumsekstruderinger<\/td>\n<\/tr>\n<tr>\n<td> Form:<\/td>\n<td> Lavet som kundernes design<\/td>\n<\/tr>\n<tr>\n<td> Overfladebehandling:<\/td>\n<td> Mill Finish Anodiseret B\u00f8rstet<\/td>\n<\/tr>\n<tr>\n<td> L\u00e6ngde:<\/td>\n<td> 1 m til 9 m pr. l\u00e6ngde<\/td>\n<\/tr>\n<tr>\n<td> Farver:<\/td>\n<td> S\u00f8lv Sort<\/td>\n<\/tr>\n<tr>\n<td> HS-kode:<\/td>\n<td> 76042990<\/td>\n<\/tr>\n<\/tbody>\n<\/table>\n<h2>Vores produktionsbase<\/h2>\n<h3>Panorama over fabrikken<\/h3>\n<p><img decoding=\"async\" src=\"\/wp-content\/uploads\/factory-01.webp\"\/><\/p>\n<h3>V\u00e6rksted til fremstilling af aluminiumst\u00e6nger<\/h3>\n<p><img decoding=\"async\" src=\"\/wp-content\/uploads\/factory-02.webp\"\/><\/p>\n<p><img decoding=\"async\" src=\"\/wp-content\/uploads\/factory-03.webp\"\/><\/p>\n<h3>Lager til opbevaring af skimmelsvampe<\/h3>\n<p><img decoding=\"async\" src=\"\/wp-content\/uploads\/factory-04.webp\"\/><\/p>\n<h3>43 ekstruderingslinjer for aluminium (500-5500 ton)<\/h3>\n<p><img decoding=\"async\" src=\"\/wp-content\/uploads\/factory-05.webp\"\/><\/p>\n<p><img decoding=\"async\" src=\"\/wp-content\/uploads\/factory-06.webp\"\/><\/p>\n<p><img decoding=\"async\" src=\"\/wp-content\/uploads\/factory-07.webp\"\/><\/p>\n<h3>V\u00e6rksted for pulverlakering<\/h3>\n<p><img decoding=\"async\" src=\"\/wp-content\/uploads\/factory-09.webp\"\/><\/p>\n<h3>Anodiseringsv\u00e6rksted<\/h3>\n<p><img decoding=\"async\" src=\"\/wp-content\/uploads\/factory-10.webp\"\/><\/p>\n<h3>Workshop om dyb behandling<\/h3>\n<p><img decoding=\"async\" src=\"\/wp-content\/uploads\/factory-11.webp\"\/><\/p>\n<h3>V\u00e6rksted for CNC-pr\u00e6cisionsbearbejdning<\/h3>\n<p><img decoding=\"async\" src=\"\/wp-content\/uploads\/factory-11.5.webp\"\/><\/p>\n<h3>F\u00e6rdigvare- og eksportlager<\/h3>\n<p><img decoding=\"async\" src=\"\/wp-content\/uploads\/factory-12.webp\"\/><\/p>\n<p><img decoding=\"async\" src=\"\/wp-content\/uploads\/factory-13.webp\"\/><\/p>\n<p><img decoding=\"async\" src=\"\/wp-content\/uploads\/factory-14.webp\"\/><\/p>\n<h2>OFTE STILLEDE SP\u00d8RGSM\u00c5L<\/h2>\n<p><p><b>1. CNC-bearbejdning af anodiserede aluminiumsekstruderinger: Hvad er fordelene ved at bruge CNC-bearbejdning til anodiserede aluminiumsprofiler?<\/b><\/p>\n<p>CNC-bearbejdning giver pr\u00e6cise dimensioner og finish i h\u00f8j kvalitet, hvilket sikrer n\u00f8jagtighed og ensartethed i anodiserede aluminiumsprofiler til forskellige anvendelser.<br \/>\n<\/p><br \/>\n<br \/>\n<p><b>2. Hvordan forbedrer anodisering ydeevnen for aluminiumsprofiler?<\/b><\/p>\n<p>Anodisering forbedrer korrosionsbestandigheden, \u00f8ger overfladeh\u00e5rdheden og giver en \u00e6stetisk tiltalende finish, der forl\u00e6nger levetiden for aluminiumsprofiler.<br \/>\n<\/p><br \/>\n<br \/>\n<p><b>3. Kan anodiserede aluminiumsprofiler tilpasses til specifikke projekter?<\/b><\/p>\n<p>Ja, anodiserede aluminiumsprofiler kan tilpasses, s\u00e5 de opfylder specifikke krav til st\u00f8rrelse, form og finish, hvilket giver skr\u00e6ddersyede l\u00f8sninger til forskellige brancher.<br \/>\n<\/p><br \/>\n<br \/>\n<p><b>4. Hvilke industrier har gavn af CNC-bearbejdning af anodiserede aluminiumsprofiler?<\/b><\/p>\n<p>Brancher som rumfart, bilindustri og produktion nyder godt af den pr\u00e6cision, holdbarhed og de tilpasningsmuligheder, som CNC-bearbejdede anodiserede aluminiumsprofiler tilbyder.<br \/>\n<\/p><br \/>\n<br \/>\n<p><b>5. Hvordan \u00f8ger anodisering holdbarheden af aluminiumsprofiler?<\/b><\/p>\n<p>Anodisering skaber et beskyttende oxidlag, der forbedrer korrosionsbestandigheden, slidstyrken og den generelle holdbarhed betydeligt, hvilket g\u00f8r profilerne velegnede til barske milj\u00f8er.<br \/>\n<\/p><br \/>\n<br \/>\n<p><b>6. Hvordan gavner anodiseret aluminiums lette natur forskellige anvendelser?<\/b><\/p>\n<p>De lette egenskaber ved anodiseret aluminium giver styrke uden at tilf\u00f8je betydelig v\u00e6gt, hvilket g\u00f8r det ideelt til anvendelser i industrier som rumfart og bilindustrien.<br \/>\n<\/p><br \/>\n<br \/>\n<p><b>7. Er CNC-bearbejdning velegnet til alle typer aluminiumsprofiler?<\/b><\/p>\n<p>Ja, CNC-bearbejdning er meget alsidig og kan bruges til forskellige typer aluminiumsprofiler, hvilket sikrer pr\u00e6cision og kvalitet i hver enkelt applikation.<br \/>\n<\/p><br \/>\n<br \/>\n<p><b>8. Hvordan er anodiseret aluminium sammenlignet med ubehandlet aluminium?<\/b><\/p>\n<p>Anodiseret aluminium giver overlegen korrosionsbestandighed, forbedret overfladeh\u00e5rdhed og en mere attraktiv finish sammenlignet med ubehandlet aluminium, hvilket g\u00f8r det mere velegnet til kr\u00e6vende anvendelser.<br \/>\n<\/p><br \/><\/p>","protected":false},"featured_media":8456,"template":"","categories":[68],"class_list":["post-8457","product","type-product","status-publish","has-post-thumbnail","hentry","category-cnc-machining-aluminum-profile"],"meta_box":{"hilight_text_group":{"product_hilight_text":"<li>Precision CNC machining ensures high accuracy and exceptional finishing on anodized aluminum extrusions.<\/li>\r\r\n<li>Anodized aluminum provides enhanced corrosion resistance and durability in various environments.<\/li>\r\r\n<li>Customizable designs for specific applications, allowing for tailored solutions.<\/li>\r\r\n<li>Lightweight yet strong, making it ideal for structural, automotive, and aerospace applications.<\/li>\r\r\n<li>Improved surface hardness from anodizing, increasing wear and scratch resistance.<\/li>","product_chanpin_blog":"<ul>\r\r\n<li><a href=\"https:\/\/sinoextrud.com\/t-slot-v-slot-differences\/\" target=\"_blank\">t slot vs v slot<\/a><\/li>\r\r\n<li><a href=\"https:\/\/sinoextrud.com\/what-is-4040-aluminium-extrud\/\" target=\"_blank\">4040 aluminium extrusion<\/a><\/li>\r\r\n<li><a href=\"https:\/\/sinoextrud.com\/what-is-4040-aluminium-extrud\/\" target=\"_blank\">aluminum extrusions for industrial racks<\/a><\/li>\r\r\n<li><a href=\"https:\/\/sinoextrud.com\/powder-coating-aluminium-process\/\" target=\"_blank\">powder coating aluminium<\/a><\/li>\r\r\n<li><a href=\"https:\/\/sinoextrud.com\/what-is-an-aluminium-strip-ceiling\/\" target=\"_blank\">aluminium strip ceiling<\/a><\/li>\r\r\n<li><a href=\"https:\/\/sinoextrud.com\/what-is-a-heat-sink\/\" target=\"_blank\">what is a heat sink<\/a><\/li>\r\r\n<\/ul>","product_chanpin_chanpin":"<li><a href=\"https:\/\/sinoextrud.com\/product\/aluminium-profile-drilling-cutting-bending-puching-processing\/\" target=\"_blank\">Aluminium profile drilling cutting bending puching processing<\/a><\/li>\r\n<li><a href=\"https:\/\/sinoextrud.com\/product\/aluminum-extrusion-custom-electric-vehicle-battery-enclosure-aluminum-profile\/\" target=\"_blank\">Aluminum Extrusion Custom Electric Vehicle Battery Enclosure Aluminum Profile<\/a><\/li>\r\n<li><a href=\"https:\/\/sinoextrud.com\/product\/aluminum-extrusion-high-strength-cnc-drilling-7003-aluminum-round-pipe\/\" target=\"_blank\">Aluminum Extrusion High-strength CNC Drilling 7003 Aluminum Round Pipe<\/a><\/li>\r\n<li><a href=\"https:\/\/sinoextrud.com\/product\/cnc-machining-aluminium-profile-connectors\/\" target=\"_blank\">CNC Machining Aluminium Profile Connectors<\/a><\/li>\r\n<li><a href=\"https:\/\/sinoextrud.com\/product\/cnc-machining-anodized-aluminum-extrusions\/\" target=\"_blank\">CNC Machining Anodized Aluminum Extrusions<\/a><\/li>\r\n<li><a href=\"https:\/\/sinoextrud.com\/product\/cnc-machined-6063-aluminium-extrusion-product\/\" target=\"_blank\">CNC Machined 6063 Aluminium Extrusion Product<\/a><\/li>\r\n<li><a href=\"https:\/\/sinoextrud.com\/product\/aluminum-alloy-cnc-aluminum-controller-shell\/\" target=\"_blank\">Aluminum Alloy CNC Aluminum Controller Shell<\/a><\/li>\r\n<li><a href=\"https:\/\/sinoextrud.com\/product\/aluminium-cnc-factory-punching-extrusion-profile-tubing-sizes-oem\/\" target=\"_blank\">aluminium cnc factory punching extrusion profile tubing sizes OEM<\/a><\/li>\r\n<li><a href=\"https:\/\/sinoextrud.com\/product\/cnc-machining-anodized-item-extruded-aluminum\/\" target=\"_blank\">CNC Machining Anodized Item Extruded Aluminum<\/a><\/li>\r\n<li><a href=\"https:\/\/sinoextrud.com\/product\/aluminum-extruded-profile-for-5g-communication-instrument\/\" target=\"_blank\">Aluminum Extruded Profile For 5G Communication Instrument<\/a><\/li>\r\n<li><a href=\"https:\/\/sinoextrud.com\/product\/polished-aluminium-profiles\/\" target=\"_blank\">Polished Aluminium Profiles<\/a><\/li>"},"feature_list":[]},"_links":{"self":[{"href":"https:\/\/sinoextrud.com\/da\/wp-json\/wp\/v2\/product\/8457","targetHints":{"allow":["GET"]}}],"collection":[{"href":"https:\/\/sinoextrud.com\/da\/wp-json\/wp\/v2\/product"}],"about":[{"href":"https:\/\/sinoextrud.com\/da\/wp-json\/wp\/v2\/types\/product"}],"wp:featuredmedia":[{"embeddable":true,"href":"https:\/\/sinoextrud.com\/da\/wp-json\/wp\/v2\/media\/8456"}],"wp:attachment":[{"href":"https:\/\/sinoextrud.com\/da\/wp-json\/wp\/v2\/media?parent=8457"}],"wp:term":[{"taxonomy":"category","embeddable":true,"href":"https:\/\/sinoextrud.com\/da\/wp-json\/wp\/v2\/categories?post=8457"}],"curies":[{"name":"wp","href":"https:\/\/api.w.org\/{rel}","templated":true}]}}