{"id":8455,"date":"2025-06-16T06:16:27","date_gmt":"2025-06-16T06:16:27","guid":{"rendered":"https:\/\/sinoextrud.com\/product\/cnc-machining-aluminium-profile-connectors\/"},"modified":"2025-06-24T06:23:54","modified_gmt":"2025-06-24T06:23:54","slug":"cnc-bearbejdning-af-aluminiumprofiler","status":"publish","type":"product","link":"https:\/\/sinoextrud.com\/da\/product\/cnc-machining-aluminium-profile-connectors\/","title":{"rendered":"CNC-bearbejdning af aluminiumprofiler"},"content":{"rendered":"<h2>Detaljer om produkter<\/h2>\n<table class=\"custom-table\">\n<tbody>\n<tr>\n<td> Karakter:<\/td>\n<td> 6063 -t5<\/td>\n<\/tr>\n<tr>\n<td> Teknik:<\/td>\n<td> CNC-bearbejdning af aluminiumprofiler<\/td>\n<\/tr>\n<tr>\n<td> Temperament:<\/td>\n<td> T3 - T8<\/td>\n<\/tr>\n<tr>\n<td> Bearbejdningstjenester:<\/td>\n<td> Boring, gevindsk\u00e6ring, nitning, montering osv.<\/td>\n<\/tr>\n<tr>\n<td> Varem\u00e6rke:<\/td>\n<td> Sinoextrud Sinoextrud <\/td>\n<\/tr>\n<tr>\n<td> Type:<\/td>\n<td> CNC-bearbejdning af aluminiumprofiler<\/td>\n<\/tr>\n<tr>\n<td> Form:<\/td>\n<td> Lavet som kundernes design<\/td>\n<\/tr>\n<tr>\n<td> Overfladebehandling:<\/td>\n<td> Mill Finish Anodiseret B\u00f8rstet<\/td>\n<\/tr>\n<tr>\n<td> L\u00e6ngde:<\/td>\n<td> 1 m til 9 m pr. l\u00e6ngde<\/td>\n<\/tr>\n<tr>\n<td> Farver:<\/td>\n<td> S\u00f8lv Sort<\/td>\n<\/tr>\n<tr>\n<td> HS-kode:<\/td>\n<td> 76042990<\/td>\n<\/tr>\n<\/tbody>\n<\/table>\n<h2>Vores produktionsbase<\/h2>\n<h3>Panorama over fabrikken<\/h3>\n<p><img decoding=\"async\" src=\"\/wp-content\/uploads\/factory-01.webp\"\/><\/p>\n<h3>V\u00e6rksted til fremstilling af aluminiumst\u00e6nger<\/h3>\n<p><img decoding=\"async\" src=\"\/wp-content\/uploads\/factory-02.webp\"\/><\/p>\n<p><img decoding=\"async\" src=\"\/wp-content\/uploads\/factory-03.webp\"\/><\/p>\n<h3>Lager til opbevaring af skimmelsvampe<\/h3>\n<p><img decoding=\"async\" src=\"\/wp-content\/uploads\/factory-04.webp\"\/><\/p>\n<h3>43 ekstruderingslinjer for aluminium (500-5500 ton)<\/h3>\n<p><img decoding=\"async\" src=\"\/wp-content\/uploads\/factory-05.webp\"\/><\/p>\n<p><img decoding=\"async\" src=\"\/wp-content\/uploads\/factory-06.webp\"\/><\/p>\n<p><img decoding=\"async\" src=\"\/wp-content\/uploads\/factory-07.webp\"\/><\/p>\n<h3>V\u00e6rksted for pulverlakering<\/h3>\n<p><img decoding=\"async\" src=\"\/wp-content\/uploads\/factory-09.webp\"\/><\/p>\n<h3>Anodiseringsv\u00e6rksted<\/h3>\n<p><img decoding=\"async\" src=\"\/wp-content\/uploads\/factory-10.webp\"\/><\/p>\n<h3>Workshop om dyb behandling<\/h3>\n<p><img decoding=\"async\" src=\"\/wp-content\/uploads\/factory-11.webp\"\/><\/p>\n<h3>V\u00e6rksted for CNC-pr\u00e6cisionsbearbejdning<\/h3>\n<p><img decoding=\"async\" src=\"\/wp-content\/uploads\/factory-11.5.webp\"\/><\/p>\n<h3>F\u00e6rdigvare- og eksportlager<\/h3>\n<p><img decoding=\"async\" src=\"\/wp-content\/uploads\/factory-12.webp\"\/><\/p>\n<p><img decoding=\"async\" src=\"\/wp-content\/uploads\/factory-13.webp\"\/><\/p>\n<p><img decoding=\"async\" src=\"\/wp-content\/uploads\/factory-14.webp\"\/><\/p>\n<h2>OFTE STILLEDE SP\u00d8RGSM\u00c5L<\/h2>\n<p><p><b>1. CNC-bearbejdning af aluminiumprofiler: Hvad er fordelene ved at bruge CNC-bearbejdning til konnektorer?<\/b><\/p>\n<p>CNC-bearbejdning giver h\u00f8j pr\u00e6cision og ensartet kvalitet, hvilket sikrer, at stikkene passer perfekt og fungerer effektivt i aluminiumsprofilsystemer.<br \/>\n<\/p><br \/>\n<br \/>\n<p><b>2. Hvordan forbedrer aluminiumsmaterialet konnektorernes ydeevne?<\/b><\/p>\n<p>Aluminium er let, men st\u00e6rkt og korrosionsbestandigt, hvilket giver holdbare og p\u00e5lidelige forbindelser med lang levetid.<br \/>\n<\/p><br \/>\n<br \/>\n<p><b>3. Kan CNC-bearbejdningsprocessen tilpasses til forskellige stikdesigns?<\/b><\/p>\n<p>Ja, CNC-bearbejdning g\u00f8r det muligt at skabe specialtilpassede konnektorer, der er skr\u00e6ddersyet til specifikke design- og forbindelsesbehov.<br \/>\n<\/p><br \/>\n<br \/>\n<p><b>4. Hvilke industrier har mest gavn af CNC-bearbejdning af aluminiumprofiler?<\/b><\/p>\n<p>Brancher som automatisering, produktion og byggeri er afh\u00e6ngige af CNC-bearbejdede aluminiumsforbindelser p\u00e5 grund af deres pr\u00e6cision og holdbarhed.<br \/>\n<\/p><br \/>\n<br \/>\n<p><b>5. Hvordan gavner korrosionsbestandighed CNC-bearbejdede aluminiumsforbindelser?<\/b><\/p>\n<p>Korrosionsbestandighed sikrer, at konnektorerne bevarer deres styrke og udseende, selv i udfordrende eller udend\u00f8rs milj\u00f8er, hvilket forl\u00e6nger deres levetid.<br \/>\n<\/p><br \/>\n<br \/>\n<p><b>6. Er disse aluminiumsprofilforbindelser nemme at montere?<\/b><\/p>\n<p>Ja, CNC-bearbejdede stik er designet til hurtig og nem montering, hvilket reducerer installationstiden og forbedrer effektiviteten.<br \/>\n<\/p><br \/>\n<br \/>\n<p><b>7. Hvilke typer projekter kan drage fordel af CNC-bearbejdede aluminiumsprofilforbindere?<\/b><\/p>\n<p>Disse konnektorer er ideelle til industri-, automations- og konstruktionsprojekter, der kr\u00e6ver p\u00e5lidelige, pr\u00e6cise forbindelser i aluminiumsrammesystemer.<br \/>\n<\/p><br \/>\n<br \/>\n<p><b>8. Hvordan forbedrer CNC-bearbejdning kvaliteten af aluminiumsprofilstik?<\/b><\/p>\n<p>CNC-bearbejdning sikrer sn\u00e6vre tolerancer og ensartet kvalitet, hvilket resulterer i konnektorer, der opfylder n\u00f8jagtige specifikationer og giver overlegen funktionalitet.<br \/>\n<\/p><br \/><\/p>","protected":false},"featured_media":8454,"template":"","categories":[68],"class_list":["post-8455","product","type-product","status-publish","has-post-thumbnail","hentry","category-cnc-machining-aluminum-profile"],"meta_box":{"hilight_text_group":{"product_hilight_text":"<li>Precision CNC machining ensures high accuracy and excellent fit for aluminum profile connectors.<\/li>\r\r\n<li>Durable aluminum material provides strength and reliability for a wide range of applications.<\/li>\r\r\n<li>Customizable designs to meet specific connection needs and project requirements.<\/li>\r\r\n<li>Corrosion-resistant, ensuring long-term performance in various industrial environments.<\/li>\r\r\n<li>Quick and easy assembly, reducing installation time and labor costs.<\/li>","product_chanpin_blog":"<ul>\r\r\n<li><a href=\"https:\/\/sinoextrud.com\/t-slot-v-slot-differences\/\" target=\"_blank\">t slot vs v slot<\/a><\/li>\r\r\n<li><a href=\"https:\/\/sinoextrud.com\/what-is-4040-aluminium-extrud\/\" target=\"_blank\">4040 aluminium extrusion<\/a><\/li>\r\r\n<li><a href=\"https:\/\/sinoextrud.com\/what-is-4040-aluminium-extrud\/\" target=\"_blank\">aluminum extrusions for industrial racks<\/a><\/li>\r\r\n<li><a href=\"https:\/\/sinoextrud.com\/powder-coating-aluminium-process\/\" target=\"_blank\">powder coating aluminium<\/a><\/li>\r\r\n<li><a href=\"https:\/\/sinoextrud.com\/what-is-an-aluminium-strip-ceiling\/\" target=\"_blank\">aluminium strip ceiling<\/a><\/li>\r\r\n<li><a href=\"https:\/\/sinoextrud.com\/what-is-a-heat-sink\/\" target=\"_blank\">what is a heat sink<\/a><\/li>\r\r\n<\/ul>","product_chanpin_chanpin":"<li><a href=\"https:\/\/sinoextrud.com\/product\/high-precision-aluminum-extrusion-profile-cnc-machining-accessory-parts-2\/\" target=\"_blank\">High Precision Aluminum extrusion Profile CNC Machining Accessory Parts<\/a><\/li>\r\n<li><a href=\"https:\/\/sinoextrud.com\/product\/aluminium-profile-drilling-cutting-bending-puching-processing\/\" target=\"_blank\">Aluminium profile drilling cutting bending puching processing<\/a><\/li>\r\n<li><a href=\"https:\/\/sinoextrud.com\/product\/aluminum-extrusion-custom-electric-vehicle-battery-enclosure-aluminum-profile\/\" target=\"_blank\">Aluminum Extrusion Custom Electric Vehicle Battery Enclosure Aluminum Profile<\/a><\/li>\r\n<li><a href=\"https:\/\/sinoextrud.com\/product\/aluminum-extrusion-high-strength-cnc-drilling-7003-aluminum-round-pipe\/\" target=\"_blank\">Aluminum Extrusion High-strength CNC Drilling 7003 Aluminum Round Pipe<\/a><\/li>\r\n<li><a href=\"https:\/\/sinoextrud.com\/product\/cnc-machining-aluminium-profile-connectors\/\" target=\"_blank\">CNC Machining Aluminium Profile Connectors<\/a><\/li>\r\n<li><a href=\"https:\/\/sinoextrud.com\/product\/cnc-machining-anodized-aluminum-extrusions\/\" target=\"_blank\">CNC Machining Anodized Aluminum Extrusions<\/a><\/li>\r\n<li><a href=\"https:\/\/sinoextrud.com\/product\/cnc-machined-6063-aluminium-extrusion-product\/\" target=\"_blank\">CNC Machined 6063 Aluminium Extrusion Product<\/a><\/li>\r\n<li><a href=\"https:\/\/sinoextrud.com\/product\/aluminum-alloy-cnc-aluminum-controller-shell\/\" target=\"_blank\">Aluminum Alloy CNC Aluminum Controller Shell<\/a><\/li>\r\n<li><a href=\"https:\/\/sinoextrud.com\/product\/aluminium-cnc-factory-punching-extrusion-profile-tubing-sizes-oem\/\" target=\"_blank\">aluminium cnc factory punching extrusion profile tubing sizes OEM<\/a><\/li>\r\n<li><a href=\"https:\/\/sinoextrud.com\/product\/aluminum-extrusion-1060-aluminum-profile\/\" target=\"_blank\">Aluminum Extrusion 1060 Aluminum Profile<\/a><\/li>\r\n<li><a href=\"https:\/\/sinoextrud.com\/product\/aluminum-extrusion-advertising-signs-aluminum-frame-profile\/\" target=\"_blank\">Aluminum Extrusion Advertising Signs Aluminum Frame Profile<\/a><\/li>"},"feature_list":[]},"_links":{"self":[{"href":"https:\/\/sinoextrud.com\/da\/wp-json\/wp\/v2\/product\/8455","targetHints":{"allow":["GET"]}}],"collection":[{"href":"https:\/\/sinoextrud.com\/da\/wp-json\/wp\/v2\/product"}],"about":[{"href":"https:\/\/sinoextrud.com\/da\/wp-json\/wp\/v2\/types\/product"}],"wp:featuredmedia":[{"embeddable":true,"href":"https:\/\/sinoextrud.com\/da\/wp-json\/wp\/v2\/media\/8454"}],"wp:attachment":[{"href":"https:\/\/sinoextrud.com\/da\/wp-json\/wp\/v2\/media?parent=8455"}],"wp:term":[{"taxonomy":"category","embeddable":true,"href":"https:\/\/sinoextrud.com\/da\/wp-json\/wp\/v2\/categories?post=8455"}],"curies":[{"name":"wp","href":"https:\/\/api.w.org\/{rel}","templated":true}]}}