{"id":8453,"date":"2025-06-16T06:14:04","date_gmt":"2025-06-16T06:14:04","guid":{"rendered":"https:\/\/sinoextrud.com\/product\/aluminum-extrusion-high-strength-cnc-drilling-7003-aluminum-round-pipe\/"},"modified":"2025-06-24T06:23:54","modified_gmt":"2025-06-24T06:23:54","slug":"aluminium-ekstrudering-hoj-styrke-cnc-boring-7003-aluminium-runde-ror","status":"publish","type":"product","link":"https:\/\/sinoextrud.com\/da\/product\/aluminum-extrusion-high-strength-cnc-drilling-7003-aluminum-round-pipe\/","title":{"rendered":"Aluminiumsekstrudering CNC-boring med h\u00f8j styrke 7003 runde aluminiumsr\u00f8r"},"content":{"rendered":"<h2>Detaljer om produkter<\/h2>\n<table class=\"custom-table\">\n<tbody>\n<tr>\n<td> Produktets navn<\/td>\n<td> Aluminiumsekstrudering CNC-boring med h\u00f8j styrke 7003 runde aluminiumsr\u00f8r<\/td>\n<\/tr>\n<tr>\n<td> Aluminiumslegering<\/td>\n<td> 7000-serien, 7003<\/td>\n<\/tr>\n<tr>\n<td> Temperament<\/td>\n<td> T3-T8<\/td>\n<\/tr>\n<tr>\n<td> Form<\/td>\n<td> Rund, eller tilpasning<\/td>\n<\/tr>\n<tr>\n<td> Farve<\/td>\n<td> Baseret p\u00e5 kundernes krav<\/td>\n<\/tr>\n<tr>\n<td> Anvendelse<\/td>\n<td> sportsudstyr, bildele, rumfartsudstyr osv.<\/td>\n<\/tr>\n<tr>\n<td> Overfladebehandling<\/td>\n<td> fr\u00e6set f\u00e6rdig, anodiseret, tr\u00e6korn, power coating, sandbl\u00e6sning, elektroforese, b\u00f8rstet, polering osv.<\/td>\n<\/tr>\n<tr>\n<td> CNC-dybbearbejdning<\/td>\n<td> sk\u00e6ring, boring, bearbejdning, stansning, bukning, gevindsk\u00e6ring og s\u00e5 videre<\/td>\n<\/tr>\n<tr>\n<td> Certificeringer<\/td>\n<td> CE, ISO, SGS, TUV, ROHS<\/td>\n<\/tr>\n<tr>\n<td> Pr\u00f8ver<\/td>\n<td> Ja, gratis pr\u00f8ve<\/td>\n<\/tr>\n<tr>\n<td> MOQ<\/td>\n<td> 200 KG<\/td>\n<\/tr>\n<tr>\n<td> Leveringstid<\/td>\n<td> Formudvikling og pr\u00f8vekonformitet er 12-15 dage, derefter er produktionsvarigheden 15-25 dage efter modtagelse af depositum fra k\u00f8ber.<\/td>\n<\/tr>\n<tr>\n<td> Betalingsbetingelser<\/td>\n<td> 30% depositum f\u00f8r produktion og balance f\u00f8r forsendelse.<\/td>\n<\/tr>\n<tr>\n<td> Havn<\/td>\n<td> Foshan, Shenzhen, Guangzhou osv.<\/td>\n<\/tr>\n<\/tbody>\n<\/table>\n<h2>Vores produktionsbase<\/h2>\n<h3>Panorama over fabrikken<\/h3>\n<p><img decoding=\"async\" src=\"\/wp-content\/uploads\/factory-01.webp\"\/><\/p>\n<h3>V\u00e6rksted til fremstilling af aluminiumst\u00e6nger<\/h3>\n<p><img decoding=\"async\" src=\"\/wp-content\/uploads\/factory-02.webp\"\/><\/p>\n<\/p>\n<p><img decoding=\"async\" src=\"\/wp-content\/uploads\/factory-03.webp\"\/><\/p>\n<h3>Lager til opbevaring af skimmelsvampe<\/h3>\n<p><img decoding=\"async\" src=\"\/wp-content\/uploads\/factory-04.webp\"\/><\/p>\n<h3>43 ekstruderingslinjer for aluminium (500-5500 ton)<\/h3>\n<p><img decoding=\"async\" src=\"\/wp-content\/uploads\/factory-05.webp\"\/><\/p>\n<p><img decoding=\"async\" src=\"\/wp-content\/uploads\/factory-06.webp\"\/><\/p>\n<p><img decoding=\"async\" src=\"\/wp-content\/uploads\/factory-07.webp\"\/><\/p>\n<h3>V\u00e6rksted for pulverlakering<\/h3>\n<p><img decoding=\"async\" src=\"\/wp-content\/uploads\/factory-09.webp\"\/><\/p>\n<h3>Anodiseringsv\u00e6rksted<\/h3>\n<p><img decoding=\"async\" src=\"\/wp-content\/uploads\/factory-10.webp\"\/><\/p>\n<h3>Workshop om dyb behandling<\/h3>\n<p><img decoding=\"async\" src=\"\/wp-content\/uploads\/factory-11.webp\"\/><\/p>\n<h3>V\u00e6rksted for CNC-pr\u00e6cisionsbearbejdning<\/h3>\n<p><img decoding=\"async\" src=\"\/wp-content\/uploads\/factory-11.5.webp\"\/><\/p>\n<h3>F\u00e6rdigvare- og eksportlager<\/h3>\n<p><img decoding=\"async\" src=\"\/wp-content\/uploads\/factory-12.webp\"\/><\/p>\n<p><img decoding=\"async\" src=\"\/wp-content\/uploads\/factory-13.webp\"\/><\/p>\n<p><img decoding=\"async\" src=\"\/wp-content\/uploads\/factory-14.webp\"\/><\/p>\n<h2>OFTE STILLEDE SP\u00d8RGSM\u00c5L<\/h2>\n<p><b>1. aluminiumsekstrudering h\u00f8jstyrke CNC-boring 7003 aluminium rundt r\u00f8r: Hvad er de vigtigste fordele?<\/b><\/p>\n<p>Dette produkt tilbyder h\u00f8j styrke, holdbarhed og pr\u00e6cis CNC-boring, hvilket g\u00f8r det perfekt til kr\u00e6vende opgaver.\n<\/p>\n<p><\/p>\n<p><b>2. Hvordan adskiller det runde r\u00f8r i 7003 aluminium sig fra andre aluminiumsmaterialer?<\/b><\/p>\n<p>7003-aluminiumslegeringen er kendt for sin overlegne styrke, hvilket g\u00f8r den mere velegnet til h\u00f8j belastning og tunge opgaver.\n<\/p>\n<p><\/p>\n<p><b>3. Kan dette produkt bruges til udend\u00f8rs brug?<\/b><\/p>\n<p>Ja, aluminiums korrosionsbestandighed g\u00f8r det til et ideelt valg til b\u00e5de indend\u00f8rs og udend\u00f8rs milj\u00f8er.\n<\/p>\n<p><\/p>\n<p><b>4. Hvad er den maksimale b\u00e6reevne for 7003-aluminiumsr\u00f8ret?<\/b><\/p>\n<p>Aluminiumslegeringen 7003 har en h\u00f8j tr\u00e6kstyrke, der g\u00f8r det muligt at b\u00e6re tunge belastninger i kr\u00e6vende applikationer.\n<\/p>\n<p><\/p>\n<p><b>5. Kan det runde r\u00f8r i 7003 aluminium tilpasses?<\/b><\/p>\n<p>Ja, produktet kan tilpasses i forskellige l\u00e6ngder, diametre og overflader for at opfylde specifikke industrielle krav.\n<\/p>\n<p><\/p>\n<p><b>6. Hvilke industrier har mest gavn af at bruge runde r\u00f8r i 7003-aluminium?<\/b><\/p>\n<p>Industrier som rumfart, bilindustri og byggeri nyder godt af styrken, holdbarheden og pr\u00e6cisionen i 7003-aluminiumsr\u00f8r.\n<\/p>\n<p><\/p>\n<p><b>7. Hvordan forbedrer CNC-boring kvaliteten af aluminiumsr\u00f8ret?<\/b><\/p>\n<p>CNC-boring sikrer h\u00f8j pr\u00e6cision og ensartede resultater, hvilket forbedrer den samlede kvalitet og p\u00e5lidelighed af det runde aluminiumsr\u00f8r.\n<\/p>\n<p><\/p>","protected":false},"featured_media":8452,"template":"","categories":[68],"class_list":["post-8453","product","type-product","status-publish","has-post-thumbnail","hentry","category-cnc-machining-aluminum-profile"],"meta_box":{"hilight_text_group":{"product_hilight_text":"<li>High-strength 7003 aluminum for enhanced durability and performance.<\/li>\r\r\n<li>Precision CNC drilling ensures excellent accuracy and quality.<\/li>\r\r\n<li>Lightweight, corrosion-resistant, and high-strength properties ideal for a range of applications.<\/li>\r\r\n<li>Available in custom sizes for various industrial needs.<\/li>\r\r\n<li>Easy to machine and process with excellent formability.<\/li>","product_chanpin_blog":"<ul>\r\r\n<li><a href=\"https:\/\/sinoextrud.com\/t-slot-v-slot-differences\/\" target=\"_blank\">t slot vs v slot<\/a><\/li>\r\r\n<li><a href=\"https:\/\/sinoextrud.com\/what-is-4040-aluminium-extrud\/\" target=\"_blank\">4040 aluminium extrusion<\/a><\/li>\r\r\n<li><a href=\"https:\/\/sinoextrud.com\/what-is-4040-aluminium-extrud\/\" target=\"_blank\">aluminum extrusions for industrial racks<\/a><\/li>\r\r\n<li><a href=\"https:\/\/sinoextrud.com\/powder-coating-aluminium-process\/\" target=\"_blank\">powder coating aluminium<\/a><\/li>\r\r\n<li><a href=\"https:\/\/sinoextrud.com\/what-is-an-aluminium-strip-ceiling\/\" target=\"_blank\">aluminium strip ceiling<\/a><\/li>\r\r\n<li><a href=\"https:\/\/sinoextrud.com\/what-is-a-heat-sink\/\" target=\"_blank\">what is a heat sink<\/a><\/li>\r\r\n<\/ul>","product_chanpin_chanpin":"<li><a href=\"https:\/\/sinoextrud.com\/product\/high-precision-aluminum-extrusion-profile-cnc-machining-accessory-parts\/\" target=\"_blank\">High Precision Aluminum extrusion Profile CNC Machining Accessory Parts<\/a><\/li>\r\n<li><a href=\"https:\/\/sinoextrud.com\/product\/high-precision-aluminum-extrusion-profile-cnc-machining-accessory-parts-2\/\" target=\"_blank\">High Precision Aluminum extrusion Profile CNC Machining Accessory Parts<\/a><\/li>\r\n<li><a href=\"https:\/\/sinoextrud.com\/product\/aluminium-profile-drilling-cutting-bending-puching-processing\/\" target=\"_blank\">Aluminium profile drilling cutting bending puching processing<\/a><\/li>\r\n<li><a href=\"https:\/\/sinoextrud.com\/product\/aluminum-extrusion-custom-electric-vehicle-battery-enclosure-aluminum-profile\/\" target=\"_blank\">Aluminum Extrusion Custom Electric Vehicle Battery Enclosure Aluminum Profile<\/a><\/li>\r\n<li><a href=\"https:\/\/sinoextrud.com\/product\/aluminum-extrusion-high-strength-cnc-drilling-7003-aluminum-round-pipe\/\" target=\"_blank\">Aluminum Extrusion High-strength CNC Drilling 7003 Aluminum Round Pipe<\/a><\/li>\r\n<li><a href=\"https:\/\/sinoextrud.com\/product\/cnc-machining-aluminium-profile-connectors\/\" target=\"_blank\">CNC Machining Aluminium Profile Connectors<\/a><\/li>\r\n<li><a href=\"https:\/\/sinoextrud.com\/product\/cnc-machining-anodized-aluminum-extrusions\/\" target=\"_blank\">CNC Machining Anodized Aluminum Extrusions<\/a><\/li>\r\n<li><a href=\"https:\/\/sinoextrud.com\/product\/cnc-machined-6063-aluminium-extrusion-product\/\" target=\"_blank\">CNC Machined 6063 Aluminium Extrusion Product<\/a><\/li>\r\n<li><a href=\"https:\/\/sinoextrud.com\/product\/aluminum-alloy-cnc-aluminum-controller-shell\/\" target=\"_blank\">Aluminum Alloy CNC Aluminum Controller Shell<\/a><\/li>\r\n<li><a href=\"https:\/\/sinoextrud.com\/product\/aluminium-angles\/\" target=\"_blank\">Aluminium Angles<\/a><\/li>\r\n<li><a href=\"https:\/\/sinoextrud.com\/product\/aluminum-extrusion-6005-big-size-industrial-aluminum-profile\/\" target=\"_blank\">Aluminum Extrusion 6005 Big Size Industrial Aluminum Profile<\/a><\/li>"},"feature_list":[]},"_links":{"self":[{"href":"https:\/\/sinoextrud.com\/da\/wp-json\/wp\/v2\/product\/8453","targetHints":{"allow":["GET"]}}],"collection":[{"href":"https:\/\/sinoextrud.com\/da\/wp-json\/wp\/v2\/product"}],"about":[{"href":"https:\/\/sinoextrud.com\/da\/wp-json\/wp\/v2\/types\/product"}],"wp:featuredmedia":[{"embeddable":true,"href":"https:\/\/sinoextrud.com\/da\/wp-json\/wp\/v2\/media\/8452"}],"wp:attachment":[{"href":"https:\/\/sinoextrud.com\/da\/wp-json\/wp\/v2\/media?parent=8453"}],"wp:term":[{"taxonomy":"category","embeddable":true,"href":"https:\/\/sinoextrud.com\/da\/wp-json\/wp\/v2\/categories?post=8453"}],"curies":[{"name":"wp","href":"https:\/\/api.w.org\/{rel}","templated":true}]}}