{"id":8451,"date":"2025-06-16T06:12:35","date_gmt":"2025-06-16T06:12:35","guid":{"rendered":"https:\/\/sinoextrud.com\/product\/aluminum-extrusion-custom-electric-vehicle-battery-enclosure-aluminum-profile\/"},"modified":"2025-06-24T06:23:53","modified_gmt":"2025-06-24T06:23:53","slug":"aluminiumsekstrudering-brugerdefineret-batterikabinet-til-elektriske-koretojer-aluminiumsprofil","status":"publish","type":"product","link":"https:\/\/sinoextrud.com\/da\/product\/aluminum-extrusion-custom-electric-vehicle-battery-enclosure-aluminum-profile\/","title":{"rendered":"Aluminiumsekstrudering Brugerdefineret batterikabinet til elektriske k\u00f8ret\u00f8jer Aluminiumsprofil"},"content":{"rendered":"<h2>Detaljer om produkter<\/h2>\n<table class=\"custom-table\">\n<tbody>\n<tr>\n<td> Vare:<\/td>\n<td> Aluminiumsekstrudering Brugerdefineret batterikabinet til elektriske k\u00f8ret\u00f8jer Aluminiumsprofil<\/td>\n<td> Karakter:<\/td>\n<td> 6000-serien<\/td>\n<\/tr>\n<tr>\n<td> Temperament:<\/td>\n<td> 6063-T5<\/td>\n<td> Oprindelsessted:<\/td>\n<td> Foshan, Guangdong<\/td>\n<\/tr>\n<tr>\n<td> Form:<\/td>\n<td> firkantet, rund, rektangul\u00e6r, tilpasset<\/td>\n<td> Legering eller ej:<\/td>\n<td> Aluminiumslegering<\/td>\n<\/tr>\n<tr>\n<td> Tolerance:<\/td>\n<td> \u00b11%<\/td>\n<td> Brand:<\/td>\n<td> Sinoextrud, Sinoextrud<\/td>\n<\/tr>\n<tr>\n<td> Anvendelse:<\/td>\n<td> elektriske biler, busser og lastbiler<\/td>\n<td> Overfladebehandling:<\/td>\n<td> pulverlakering, elektroforese, tr\u00e6korn, anodiseret, b\u00f8rstet, polering<\/td>\n<\/tr>\n<tr>\n<td> Leveringstid:<\/td>\n<td> 25-30 dage<\/td>\n<td> MOQ:<\/td>\n<td> 200 kg<\/td>\n<\/tr>\n<tr>\n<td> Betalingsperiode:<\/td>\n<td> T \/ T (30% depositum), L \/ C<\/td>\n<td> Behandling af service:<\/td>\n<td> B\u00f8jning, afrulning, svejsning, stansning, sk\u00e6ring<\/td>\n<\/tr>\n<tr>\n<td> Havn:<\/td>\n<td> Guangzhou, Shenzhen, Foshan<\/td>\n<td> L\u00e6ngde:<\/td>\n<td> 1-9m eller tilpasset<\/td>\n<\/tr>\n<\/tbody>\n<\/table>\n<h2>Vores produktionsbase<\/h2>\n<h3>Panorama over fabrikken<\/h3>\n<p><img decoding=\"async\" src=\"\/wp-content\/uploads\/factory-01.webp\"\/><\/p>\n<h3>V\u00e6rksted til fremstilling af aluminiumst\u00e6nger<\/h3>\n<p><img decoding=\"async\" src=\"\/wp-content\/uploads\/factory-02.webp\"\/><\/p>\n<p><img decoding=\"async\" src=\"\/wp-content\/uploads\/factory-03.webp\"\/><\/p>\n<h3>Lager til opbevaring af skimmelsvampe<\/h3>\n<p><img decoding=\"async\" src=\"\/wp-content\/uploads\/factory-04.webp\"\/><\/p>\n<h3>43 ekstruderingslinjer for aluminium (500-5500 ton)<\/h3>\n<p><img decoding=\"async\" src=\"\/wp-content\/uploads\/factory-05.webp\"\/><\/p>\n<p><img decoding=\"async\" src=\"\/wp-content\/uploads\/factory-06.webp\"\/><\/p>\n<p><img decoding=\"async\" src=\"\/wp-content\/uploads\/factory-07.webp\"\/><\/p>\n<h3>V\u00e6rksted for pulverlakering<\/h3>\n<p><img decoding=\"async\" src=\"\/wp-content\/uploads\/factory-09.webp\"\/><\/p>\n<h3>Anodiseringsv\u00e6rksted<\/h3>\n<p><img decoding=\"async\" src=\"\/wp-content\/uploads\/factory-10.webp\"\/><\/p>\n<h3>Workshop om dyb behandling<\/h3>\n<p><img decoding=\"async\" src=\"\/wp-content\/uploads\/factory-11.webp\"\/><\/p>\n<h3>V\u00e6rksted for CNC-pr\u00e6cisionsbearbejdning<\/h3>\n<p><img decoding=\"async\" src=\"\/wp-content\/uploads\/factory-11.5.webp\"\/><\/p>\n<h3>F\u00e6rdigvare- og eksportlager<\/h3>\n<p><img decoding=\"async\" src=\"\/wp-content\/uploads\/factory-12.webp\"\/><\/p>\n<p><img decoding=\"async\" src=\"\/wp-content\/uploads\/factory-13.webp\"\/><\/p>\n<p><img decoding=\"async\" src=\"\/wp-content\/uploads\/factory-14.webp\"\/><\/p>\n<h2>OFTE STILLEDE SP\u00d8RGSM\u00c5L<\/h2>\n<p><p><b>1. aluminiumsekstrudering brugerdefineret batterikabinet til elektriske k\u00f8ret\u00f8jer aluminiumsprofil: Hvad er de vigtigste fordele ved dette produkt?<\/b><\/p>\n<p>Denne specialfremstillede aluminiumprofil giver h\u00f8j styrke, lav v\u00e6gt og korrosionsbestandighed, hvilket giver fremragende beskyttelse og holdbarhed for batterikabinetter til elektriske k\u00f8ret\u00f8jer.<br \/>\n<\/p><br \/>\n<br \/>\n<p><b>2. Hvordan bidrager aluminiumsprofilen til batterisikkerheden i elbiler?<\/b><\/p>\n<p>Aluminiumsprofilens fremragende varmeafledningsegenskaber hj\u00e6lper med at forhindre overophedning, hvilket sikrer batteriets sikkerhed og forl\u00e6nger batteriets levetid.<br \/>\n<\/p><br \/>\n<br \/>\n<p><b>3. Kan aluminiumprofilerne tilpasses til forskellige batteridesigns?<\/b><\/p>\n<p>Ja, aluminiumsprofilerne kan skr\u00e6ddersys til at passe til forskellige batterikabinetdesigns, hvilket giver et perfekt match til dine elbilbehov.<br \/>\n<\/p><br \/>\n<br \/>\n<p><b>4. Hvad g\u00f8r aluminium til det ideelle materiale til batterikabinetter til elbiler?<\/b><\/p>\n<p>Aluminium er let, st\u00e6rkt og korrosionsbestandigt, hvilket giver den bedste kombination af holdbarhed og beskyttelse til batterisystemer i elektriske k\u00f8ret\u00f8jer.<br \/>\n<\/p><br \/>\n<br \/>\n<p><b>5. Hvordan forbedrer korrosionsbestandighed levetiden for batterikabinetter til elbiler?<\/b><\/p>\n<p>Aluminiums korrosionsbestandige egenskaber forhindrer nedbrydning og sikrer, at batterikabinettet bevarer sin integritet over tid, selv under udfordrende milj\u00f8forhold.<br \/>\n<\/p><br \/>\n<br \/>\n<p><b>6. Hvilke brancher kan drage fordel af at bruge specialfremstillede aluminiumsprofiler til batterikabinetter?<\/b><\/p>\n<p>Elbilindustrien og andre energilagringsapplikationer nyder godt af styrken, holdbarheden og ydeevnen hos ekstruderede aluminiumsprofiler til batterikabinetter.<br \/>\n<\/p><br \/>\n<br \/>\n<p><b>7. Hvordan forbedrer pr\u00e6cisionsteknikken i aluminiumsprofilen designet af elektriske k\u00f8ret\u00f8jer?<\/b><\/p>\n<p>Pr\u00e6cisionsteknik sikrer problemfri integration, s\u00e5 aluminiumsprofilen passer perfekt ind i batterisystemet, hvilket forbedrer k\u00f8ret\u00f8jets overordnede design og ydeevne.<br \/>\n<\/p><br \/>\n<br \/>\n<p><b>8. Hvilken betydning har aluminiums letv\u00e6gtsegenskaber for elbilers ydeevne?<\/b><\/p>\n<p>Aluminiums lette natur reducerer k\u00f8ret\u00f8jets samlede v\u00e6gt, forbedrer energieffektiviteten og forl\u00e6nger r\u00e6kkevidden for elektriske k\u00f8ret\u00f8jer.<br \/>\n<\/p><br \/><\/p>","protected":false},"featured_media":8450,"template":"","categories":[68],"class_list":["post-8451","product","type-product","status-publish","has-post-thumbnail","hentry","category-cnc-machining-aluminum-profile"],"meta_box":{"hilight_text_group":{"product_hilight_text":"<li>Custom aluminum extrusion profiles designed for electric vehicle battery enclosures.<\/li>\r\r\n<li>High strength and lightweight, offering excellent protection for battery systems.<\/li>\r\r\n<li>Corrosion-resistant properties ensure durability and long-lasting performance in harsh environments.<\/li>\r\r\n<li>Efficient heat dissipation for improved battery life and safety.<\/li>\r\r\n<li>Precision engineering for seamless integration with electric vehicle designs.<\/li>","product_chanpin_blog":"<ul>\r\r\n<li><a href=\"https:\/\/sinoextrud.com\/t-slot-v-slot-differences\/\" target=\"_blank\">t slot vs v slot<\/a><\/li>\r\r\n<li><a href=\"https:\/\/sinoextrud.com\/what-is-4040-aluminium-extrud\/\" target=\"_blank\">4040 aluminium extrusion<\/a><\/li>\r\r\n<li><a href=\"https:\/\/sinoextrud.com\/what-is-4040-aluminium-extrud\/\" target=\"_blank\">aluminum extrusions for industrial racks<\/a><\/li>\r\r\n<li><a href=\"https:\/\/sinoextrud.com\/powder-coating-aluminium-process\/\" target=\"_blank\">powder coating aluminium<\/a><\/li>\r\r\n<li><a href=\"https:\/\/sinoextrud.com\/what-is-an-aluminium-strip-ceiling\/\" target=\"_blank\">aluminium strip ceiling<\/a><\/li>\r\r\n<li><a href=\"https:\/\/sinoextrud.com\/what-is-a-heat-sink\/\" target=\"_blank\">what is a heat sink<\/a><\/li>\r\r\n<\/ul>","product_chanpin_chanpin":"<li><a href=\"https:\/\/sinoextrud.com\/product\/aluminium-profile-cutting\/\" target=\"_blank\">Aluminium Profile Cutting<\/a><\/li>\r\n<li><a href=\"https:\/\/sinoextrud.com\/product\/high-precision-aluminum-extrusion-profile-cnc-machining-accessory-parts\/\" target=\"_blank\">High Precision Aluminum extrusion Profile CNC Machining Accessory Parts<\/a><\/li>\r\n<li><a href=\"https:\/\/sinoextrud.com\/product\/high-precision-aluminum-extrusion-profile-cnc-machining-accessory-parts-2\/\" target=\"_blank\">High Precision Aluminum extrusion Profile CNC Machining Accessory Parts<\/a><\/li>\r\n<li><a href=\"https:\/\/sinoextrud.com\/product\/aluminium-profile-drilling-cutting-bending-puching-processing\/\" target=\"_blank\">Aluminium profile drilling cutting bending puching processing<\/a><\/li>\r\n<li><a href=\"https:\/\/sinoextrud.com\/product\/aluminum-extrusion-custom-electric-vehicle-battery-enclosure-aluminum-profile\/\" target=\"_blank\">Aluminum Extrusion Custom Electric Vehicle Battery Enclosure Aluminum Profile<\/a><\/li>\r\n<li><a href=\"https:\/\/sinoextrud.com\/product\/aluminum-extrusion-high-strength-cnc-drilling-7003-aluminum-round-pipe\/\" target=\"_blank\">Aluminum Extrusion High-strength CNC Drilling 7003 Aluminum Round Pipe<\/a><\/li>\r\n<li><a href=\"https:\/\/sinoextrud.com\/product\/cnc-machining-aluminium-profile-connectors\/\" target=\"_blank\">CNC Machining Aluminium Profile Connectors<\/a><\/li>\r\n<li><a href=\"https:\/\/sinoextrud.com\/product\/cnc-machining-anodized-aluminum-extrusions\/\" target=\"_blank\">CNC Machining Anodized Aluminum Extrusions<\/a><\/li>\r\n<li><a href=\"https:\/\/sinoextrud.com\/product\/cnc-machined-6063-aluminium-extrusion-product\/\" target=\"_blank\">CNC Machined 6063 Aluminium Extrusion Product<\/a><\/li>\r\n<li><a href=\"https:\/\/sinoextrud.com\/product\/6063-and-6061-extruded-led-lighting-telecommunications-and-audio-industrial-aluminum-heat-sink-profile\/\" target=\"_blank\">6063 and 6061 Extruded LED Lighting Telecommunications and Audio Industrial Aluminum Heat Sink Profile<\/a><\/li>\r\n<li><a href=\"https:\/\/sinoextrud.com\/product\/combination-open-cell-ceiling-system\/\" target=\"_blank\">Combination Open Cell Ceiling System<\/a><\/li>"},"feature_list":[]},"_links":{"self":[{"href":"https:\/\/sinoextrud.com\/da\/wp-json\/wp\/v2\/product\/8451","targetHints":{"allow":["GET"]}}],"collection":[{"href":"https:\/\/sinoextrud.com\/da\/wp-json\/wp\/v2\/product"}],"about":[{"href":"https:\/\/sinoextrud.com\/da\/wp-json\/wp\/v2\/types\/product"}],"wp:featuredmedia":[{"embeddable":true,"href":"https:\/\/sinoextrud.com\/da\/wp-json\/wp\/v2\/media\/8450"}],"wp:attachment":[{"href":"https:\/\/sinoextrud.com\/da\/wp-json\/wp\/v2\/media?parent=8451"}],"wp:term":[{"taxonomy":"category","embeddable":true,"href":"https:\/\/sinoextrud.com\/da\/wp-json\/wp\/v2\/categories?post=8451"}],"curies":[{"name":"wp","href":"https:\/\/api.w.org\/{rel}","templated":true}]}}