{"id":8447,"date":"2025-06-16T06:08:25","date_gmt":"2025-06-16T06:08:25","guid":{"rendered":"https:\/\/sinoextrud.com\/product\/high-precision-aluminum-extrusion-profile-cnc-machining-accessory-parts-2\/"},"modified":"2025-06-24T06:23:51","modified_gmt":"2025-06-24T06:23:51","slug":"hoj-praecision-aluminium-ekstrudering-profil-cnc-bearbejdning-tilbehor-dele-2","status":"publish","type":"product","link":"https:\/\/sinoextrud.com\/da\/product\/high-precision-aluminum-extrusion-profile-cnc-machining-accessory-parts-2\/","title":{"rendered":"H\u00f8jpr\u00e6cisions aluminiumprofil CNC-bearbejdning af tilbeh\u00f8rsdele"},"content":{"rendered":"<h2>Detaljer om produkter<\/h2>\n<table class=\"custom-table\">\n<tr>\n<td class=\"label\">Stil:<\/td>\n<td> Moderne<\/td>\n<\/tr>\n<tr>\n<td class=\"label\">Lydisolering:<\/td>\n<td> 40<\/td>\n<\/tr>\n<tr>\n<td class=\"label\">Fin\u00e9rtr\u00e6:<\/td>\n<td> efter behov<\/td>\n<\/tr>\n<tr>\n<td class=\"label\">Sikkerhedsvurdering:<\/td>\n<td> A<\/td>\n<\/tr>\n<tr>\n<td class=\"label\">Funktion:<\/td>\n<td> Sikkerhed, dekoration<\/td>\n<\/tr>\n<tr>\n<td class=\"label\">D\u00f8-omkostninger:<\/td>\n<td> Vil blive returneret<\/td>\n<\/tr>\n<tr>\n<td class=\"label\">Overfladebehandling:<\/td>\n<td> Pulverlakering, tr\u00e6korn, anodiseret, m\u00f8llefinish<\/td>\n<\/tr>\n<tr>\n<td class=\"label\">QA:<\/td>\n<td> Kvalitet er ikke en god tilbagebetaling til dig<\/td>\n<\/tr>\n<tr>\n<td class=\"label\">Transportpakke:<\/td>\n<td> Eksportpakning<\/td>\n<\/tr>\n<tr>\n<td class=\"label\">Materiale:<\/td>\n<td> Aluminiumslegering<\/td>\n<\/tr>\n<tr>\n<td class=\"label\">Sk\u00e6rmnet Materiale:<\/td>\n<td> Nylon<\/td>\n<\/tr>\n<tr>\n<td class=\"label\">Position:<\/td>\n<td> Udvendigt<\/td>\n<\/tr>\n<tr>\n<td class=\"label\">Overfladebehandling:<\/td>\n<td> F\u00e6rdig<\/td>\n<\/tr>\n<tr>\n<td class=\"label\">Eksempel p\u00e5 leveringsdetaljer:<\/td>\n<td> 10-15 dage<\/td>\n<\/tr>\n<tr>\n<td class=\"label\">Leveringstid:<\/td>\n<td> 10-20 dage efter din bestilling<\/td>\n<\/tr>\n<tr>\n<td class=\"label\">Farve:<\/td>\n<td> efter din eftersp\u00f8rgsel<\/td>\n<\/tr>\n<tr>\n<td class=\"label\">MOQ:<\/td>\n<td> 200 kg<\/td>\n<\/tr>\n<\/table>\n<h2>Vores produktionsbase<\/h2>\n<h3>Panorama over fabrikken<\/h3>\n<p><img decoding=\"async\" src=\"\/wp-content\/uploads\/factory-01.webp\"\/><\/p>\n<h3>V\u00e6rksted til fremstilling af aluminiumst\u00e6nger<\/h3>\n<p><img decoding=\"async\" src=\"\/wp-content\/uploads\/factory-02.webp\"\/><\/p>\n<p><img decoding=\"async\" src=\"\/wp-content\/uploads\/factory-03.webp\"\/><\/p>\n<h3>Lager til opbevaring af skimmelsvampe<\/h3>\n<p><img decoding=\"async\" src=\"\/wp-content\/uploads\/factory-04.webp\"\/><\/p>\n<h3>43 ekstruderingslinjer for aluminium (500-5500 ton)<\/h3>\n<p><img decoding=\"async\" src=\"\/wp-content\/uploads\/factory-05.webp\"\/><\/p>\n<p><img decoding=\"async\" src=\"\/wp-content\/uploads\/factory-06.webp\"\/><\/p>\n<p><img decoding=\"async\" src=\"\/wp-content\/uploads\/factory-07.webp\"\/><\/p>\n<h3>V\u00e6rksted for pulverlakering<\/h3>\n<p><img decoding=\"async\" src=\"\/wp-content\/uploads\/factory-09.webp\"\/><\/p>\n<h3>Anodiseringsv\u00e6rksted<\/h3>\n<p><img decoding=\"async\" src=\"\/wp-content\/uploads\/factory-10.webp\"\/><\/p>\n<h3>Workshop om dyb behandling<\/h3>\n<p><img decoding=\"async\" src=\"\/wp-content\/uploads\/factory-11.webp\"\/><\/p>\n<h3>V\u00e6rksted for CNC-pr\u00e6cisionsbearbejdning<\/h3>\n<p><img decoding=\"async\" src=\"\/wp-content\/uploads\/factory-11.5.webp\"\/><\/p>\n<h3>F\u00e6rdigvare- og eksportlager<\/h3>\n<p><img decoding=\"async\" src=\"\/wp-content\/uploads\/factory-12.webp\"\/><\/p>\n<p><img decoding=\"async\" src=\"\/wp-content\/uploads\/factory-13.webp\"\/><\/p>\n<p><img decoding=\"async\" src=\"\/wp-content\/uploads\/factory-14.webp\"\/><\/p>\n<h2>OFTE STILLEDE SP\u00d8RGSM\u00c5L<\/h2>\n<p><p><b>1. Hvad er CNC-bearbejdningsdele med h\u00f8j pr\u00e6cision af aluminiumsekstruderingsprofil?<\/b><\/p>\n<p>De er pr\u00e6cisionsfremstillede komponenter lavet af aluminiumprofiler og bearbejdet med CNC-bearbejdning for at opn\u00e5 h\u00f8j dimensionel n\u00f8jagtighed og holdbarhed.<br \/>\n<\/p><br \/>\n<br \/>\n<p><b>2. Hvorfor v\u00e6lge CNC-bearbejdning til ekstruderingsprofiler af aluminium?<\/b><\/p>\n<p>CNC-bearbejdning sikrer h\u00f8j pr\u00e6cision, gentagelsesn\u00f8jagtighed og ren finish, hvilket g\u00f8r den ideel til tilbeh\u00f8r til aluminiumsprofiler, der bruges i tekniske og industrielle applikationer.<br \/>\n<\/p><br \/>\n<br \/>\n<p><b>3. Er disse aluminiumsdele korrosionsbestandige?<\/b><\/p>\n<p>Ja, aluminiumsdelene gennemg\u00e5r overfladebehandlinger som f.eks. anodisering, hvilket forbedrer korrosionsbestandigheden og forl\u00e6nger produktets levetid.<br \/>\n<\/p><br \/>\n<br \/>\n<p><b>4. Kan jeg bede om specialm\u00e5l eller -former?<\/b><\/p>\n<p>Ja, CNC-bearbejdningsdele med h\u00f8j pr\u00e6cision i aluminiumsekstruderingsprofil kan tilpasses fuldt ud i st\u00f8rrelse, form og overfladefinish baseret p\u00e5 specifikke kundekrav.<br \/>\n<\/p><br \/>\n<br \/>\n<p><b>5. Hvilke industrier bruger disse tilbeh\u00f8rsdele i aluminium?<\/b><\/p>\n<p>Disse dele bruges i vid udstr\u00e6kning i industrier som automatisering, robotteknologi, bilindustri, rumfart og fremstilling af industrielt udstyr p\u00e5 grund af deres styrke og pr\u00e6cision.<br \/>\n<\/p><br \/>\n<br \/>\n<p><b>6. Hvordan forbedrer disse dele monteringseffektiviteten?<\/b><\/p>\n<p>Med n\u00f8jagtige m\u00e5l og kompatibilitet med modul\u00e6re systemer forenkler disse CNC-bearbejdede aluminiumsdele integrationen og reducerer monteringstiden.<br \/>\n<\/p><br \/>\n<br \/>\n<p><b>7. Hvad er de vigtigste fordele ved ekstruderingsprofiler af aluminium?<\/b><\/p>\n<p>Ekstruderingsprofiler i aluminium giver letv\u00e6gtsstyrke, fremragende varmeafledning og nem bearbejdning, hvilket g\u00f8r dem ideelle til CNC-tilbeh\u00f8rsdele.<br \/>\n<\/p><br \/>\n<br \/>\n<p><b>8. Underst\u00f8ttes OEM-ordrer i st\u00f8rre m\u00e6ngder?<\/b><\/p>\n<p>Ja, vi tilbyder effektive produktionslinjer og underst\u00f8tter store OEM-ordrer med hurtig ekspeditionstid og streng kvalitetskontrol.<\/p>\n<p><\/p><br \/><\/p>","protected":false},"featured_media":8446,"template":"","categories":[68],"class_list":["post-8447","product","type-product","status-publish","has-post-thumbnail","hentry","category-cnc-machining-aluminum-profile"],"meta_box":{"hilight_text_group":{"product_hilight_text":"<li>High precision CNC machining ensures tight tolerances for demanding applications<\/li>\r\r\n<li>Durable aluminum extrusion profiles offer lightweight yet strong structural support<\/li>\r\r\n<li>Customizable sizes and finishes to meet diverse industrial requirements<\/li>\r\r\n<li>Excellent surface treatment for enhanced corrosion resistance and aesthetics<\/li>\r\r\n<li>Perfect compatibility with assembly systems and automation solutions<\/li>\r\r\n<li>Efficient production and fast lead times suitable for bulk OEM orders<\/li>","product_chanpin_blog":"<ul>\r\r\n<li><a href=\"https:\/\/sinoextrud.com\/t-slot-v-slot-differences\/\" target=\"_blank\">t slot vs v slot<\/a><\/li>\r\r\n<li><a href=\"https:\/\/sinoextrud.com\/what-is-4040-aluminium-extrud\/\" target=\"_blank\">4040 aluminium extrusion<\/a><\/li>\r\r\n<li><a href=\"https:\/\/sinoextrud.com\/what-is-4040-aluminium-extrud\/\" target=\"_blank\">aluminum extrusions for industrial racks<\/a><\/li>\r\r\n<li><a href=\"https:\/\/sinoextrud.com\/powder-coating-aluminium-process\/\" target=\"_blank\">powder coating aluminium<\/a><\/li>\r\r\n<li><a href=\"https:\/\/sinoextrud.com\/what-is-an-aluminium-strip-ceiling\/\" target=\"_blank\">aluminium strip ceiling<\/a><\/li>\r\r\n<li><a href=\"https:\/\/sinoextrud.com\/what-is-a-heat-sink\/\" target=\"_blank\">what is a heat sink<\/a><\/li>\r\r\n<\/ul>","product_chanpin_chanpin":"<li><a href=\"https:\/\/sinoextrud.com\/product\/aluminium-profile-lock\/\" target=\"_blank\">Aluminium Profile Lock<\/a><\/li>\r\n<li><a href=\"https:\/\/sinoextrud.com\/product\/aluminium-enclosure-housing-and-shells\/\" target=\"_blank\">Aluminium Enclosure Housing And Shells<\/a><\/li>\r\n<li><a href=\"https:\/\/sinoextrud.com\/product\/aluminium-profile-cutting\/\" target=\"_blank\">Aluminium Profile Cutting<\/a><\/li>\r\n<li><a href=\"https:\/\/sinoextrud.com\/product\/high-precision-aluminum-extrusion-profile-cnc-machining-accessory-parts\/\" target=\"_blank\">High Precision Aluminum extrusion Profile CNC Machining Accessory Parts<\/a><\/li>\r\n<li><a href=\"https:\/\/sinoextrud.com\/product\/high-precision-aluminum-extrusion-profile-cnc-machining-accessory-parts-2\/\" target=\"_blank\">High Precision Aluminum extrusion Profile CNC Machining Accessory Parts<\/a><\/li>\r\n<li><a href=\"https:\/\/sinoextrud.com\/product\/aluminium-profile-drilling-cutting-bending-puching-processing\/\" target=\"_blank\">Aluminium profile drilling cutting bending puching processing<\/a><\/li>\r\n<li><a href=\"https:\/\/sinoextrud.com\/product\/aluminum-extrusion-custom-electric-vehicle-battery-enclosure-aluminum-profile\/\" target=\"_blank\">Aluminum Extrusion Custom Electric Vehicle Battery Enclosure Aluminum Profile<\/a><\/li>\r\n<li><a href=\"https:\/\/sinoextrud.com\/product\/aluminum-extrusion-high-strength-cnc-drilling-7003-aluminum-round-pipe\/\" target=\"_blank\">Aluminum Extrusion High-strength CNC Drilling 7003 Aluminum Round Pipe<\/a><\/li>\r\n<li><a href=\"https:\/\/sinoextrud.com\/product\/cnc-machining-aluminium-profile-connectors\/\" target=\"_blank\">CNC Machining Aluminium Profile Connectors<\/a><\/li>\r\n<li><a href=\"https:\/\/sinoextrud.com\/product\/shutter-type-of-aluminum-profiles-for-doors-and-windows\/\" target=\"_blank\">Shutter Type Of Aluminum Profiles For Doors And Windows<\/a><\/li>\r\n<li><a href=\"https:\/\/sinoextrud.com\/product\/hook-on-tile-ceiling-system\/\" target=\"_blank\">Hook-On Tile Ceiling System<\/a><\/li>"},"feature_list":[]},"_links":{"self":[{"href":"https:\/\/sinoextrud.com\/da\/wp-json\/wp\/v2\/product\/8447","targetHints":{"allow":["GET"]}}],"collection":[{"href":"https:\/\/sinoextrud.com\/da\/wp-json\/wp\/v2\/product"}],"about":[{"href":"https:\/\/sinoextrud.com\/da\/wp-json\/wp\/v2\/types\/product"}],"wp:featuredmedia":[{"embeddable":true,"href":"https:\/\/sinoextrud.com\/da\/wp-json\/wp\/v2\/media\/8446"}],"wp:attachment":[{"href":"https:\/\/sinoextrud.com\/da\/wp-json\/wp\/v2\/media?parent=8447"}],"wp:term":[{"taxonomy":"category","embeddable":true,"href":"https:\/\/sinoextrud.com\/da\/wp-json\/wp\/v2\/categories?post=8447"}],"curies":[{"name":"wp","href":"https:\/\/api.w.org\/{rel}","templated":true}]}}