{"id":8444,"date":"2025-06-16T03:36:09","date_gmt":"2025-06-16T03:36:09","guid":{"rendered":"https:\/\/sinoextrud.com\/product\/high-precision-aluminum-extrusion-profile-cnc-machining-accessory-parts\/"},"modified":"2025-06-24T06:23:51","modified_gmt":"2025-06-24T06:23:51","slug":"cnc-bearbejdning-af-tilbehorsdele-af-aluminiumsekstruderingsprofil-med-hoj-praecision","status":"publish","type":"product","link":"https:\/\/sinoextrud.com\/da\/product\/high-precision-aluminum-extrusion-profile-cnc-machining-accessory-parts\/","title":{"rendered":"H\u00f8jpr\u00e6cisions aluminiumprofil CNC-bearbejdning af tilbeh\u00f8rsdele"},"content":{"rendered":"<h2>Detaljer om produkter<\/h2>\n<table class=\"custom-table\">\n<tr>\n<td class=\"label\">Stil:<\/td>\n<td> Moderne<\/td>\n<\/tr>\n<tr>\n<td class=\"label\">Lydisolering:<\/td>\n<td> 40<\/td>\n<\/tr>\n<tr>\n<td class=\"label\">Fin\u00e9rtr\u00e6:<\/td>\n<td> efter behov<\/td>\n<\/tr>\n<tr>\n<td class=\"label\">Sikkerhedsvurdering:<\/td>\n<td> A<\/td>\n<\/tr>\n<tr>\n<td class=\"label\">Funktion:<\/td>\n<td> Sikkerhed, dekoration<\/td>\n<\/tr>\n<tr>\n<td class=\"label\">D\u00f8-omkostninger:<\/td>\n<td> Vil blive returneret<\/td>\n<\/tr>\n<tr>\n<td class=\"label\">Overfladebehandling:<\/td>\n<td> Pulverlakering, tr\u00e6korn, anodiseret, m\u00f8llefinish<\/td>\n<\/tr>\n<tr>\n<td class=\"label\">QA:<\/td>\n<td> Kvalitet er ikke en god tilbagebetaling til dig<\/td>\n<\/tr>\n<tr>\n<td class=\"label\">Transportpakke:<\/td>\n<td> Eksportpakning<\/td>\n<\/tr>\n<tr>\n<td class=\"label\">Materiale:<\/td>\n<td> Aluminiumslegering<\/td>\n<\/tr>\n<tr>\n<td class=\"label\">Sk\u00e6rmnet Materiale:<\/td>\n<td> Nylon<\/td>\n<\/tr>\n<tr>\n<td class=\"label\">Position:<\/td>\n<td> Udvendigt<\/td>\n<\/tr>\n<tr>\n<td class=\"label\">Overfladebehandling:<\/td>\n<td> F\u00e6rdig<\/td>\n<\/tr>\n<tr>\n<td class=\"label\">Eksempel p\u00e5 leveringsdetaljer:<\/td>\n<td> 10-15 dage<\/td>\n<\/tr>\n<tr>\n<td class=\"label\">Leveringstid:<\/td>\n<td> 10-20 dage efter din bestilling<\/td>\n<\/tr>\n<tr>\n<td class=\"label\">Farve:<\/td>\n<td> efter din eftersp\u00f8rgsel<\/td>\n<\/tr>\n<tr>\n<td class=\"label\">MOQ:<\/td>\n<td> 200 kg<\/td>\n<\/tr>\n<\/table>\n<h2>Vores produktionsbase<\/h2>\n<h3>Panorama over fabrikken<\/h3>\n<p><img decoding=\"async\" src=\"\/wp-content\/uploads\/factory-01.webp\"\/><\/p>\n<h3>V\u00e6rksted til fremstilling af aluminiumst\u00e6nger<\/h3>\n<p><img decoding=\"async\" src=\"\/wp-content\/uploads\/factory-02.webp\"\/><\/p>\n<p><img decoding=\"async\" src=\"\/wp-content\/uploads\/factory-03.webp\"\/><\/p>\n<h3>Lager til opbevaring af skimmelsvampe<\/h3>\n<p><img decoding=\"async\" src=\"\/wp-content\/uploads\/factory-04.webp\"\/><\/p>\n<h3>43 ekstruderingslinjer for aluminium (500-5500 ton)<\/h3>\n<p><img decoding=\"async\" src=\"\/wp-content\/uploads\/factory-05.webp\"\/><\/p>\n<p><img decoding=\"async\" src=\"\/wp-content\/uploads\/factory-06.webp\"\/><\/p>\n<p><img decoding=\"async\" src=\"\/wp-content\/uploads\/factory-07.webp\"\/><\/p>\n<h3>V\u00e6rksted for pulverlakering<\/h3>\n<p><img decoding=\"async\" src=\"\/wp-content\/uploads\/factory-09.webp\"\/><\/p>\n<h3>Anodiseringsv\u00e6rksted<\/h3>\n<p><img decoding=\"async\" src=\"\/wp-content\/uploads\/factory-10.webp\"\/><\/p>\n<h3>Workshop om dyb behandling<\/h3>\n<p><img decoding=\"async\" src=\"\/wp-content\/uploads\/factory-11.webp\"\/><\/p>\n<h3>V\u00e6rksted for CNC-pr\u00e6cisionsbearbejdning<\/h3>\n<p><img decoding=\"async\" src=\"\/wp-content\/uploads\/factory-11.5.webp\"\/><\/p>\n<h3>F\u00e6rdigvare- og eksportlager<\/h3>\n<p><img decoding=\"async\" src=\"\/wp-content\/uploads\/factory-12.webp\"\/><\/p>\n<p><img decoding=\"async\" src=\"\/wp-content\/uploads\/factory-13.webp\"\/><\/p>\n<p><img decoding=\"async\" src=\"\/wp-content\/uploads\/factory-14.webp\"\/><\/p>\n<h2>OFTE STILLEDE SP\u00d8RGSM\u00c5L<\/h2>\n<p><p><b>1. Hvad er CNC-bearbejdningsdele med h\u00f8j pr\u00e6cision af aluminiumsekstruderingsprofil?<\/b><\/p>\n<p>CNC-bearbejdede tilbeh\u00f8rsdele af h\u00f8jpr\u00e6cisionsaluminiumprofiler er specialdesignede aluminiumskomponenter, der produceres ved hj\u00e6lp af CNC-bearbejdningsteknologi, og som giver enest\u00e5ende n\u00f8jagtighed og holdbarhed til forskellige anvendelser.<br \/>\n<\/p><br \/>\n<br \/>\n<p><b>2. Hvorfor bruges CNC-bearbejdning til dele af ekstruderingsprofiler i aluminium?<\/b><\/p>\n<p>CNC-bearbejdning giver h\u00f8j pr\u00e6cision, sn\u00e6vre tolerancer og mulighed for at skabe komplekse geometrier, hvilket g\u00f8r den ideel til fremstilling af aluminiumprofiler med pr\u00e6cise specifikationer.<br \/>\n<\/p><br \/>\n<br \/>\n<p><b>3. hvor n\u00f8jagtige er CNC-bearbejdningsdele med h\u00f8j pr\u00e6cision af aluminiumsekstruderingsprofil?<\/b><\/p>\n<p>Disse dele er fremstillet med h\u00f8j pr\u00e6cision, hvilket sikrer sn\u00e6vre tolerancer og overlegen m\u00e5ln\u00f8jagtighed, hvilket g\u00f8r dem ideelle til kr\u00e6vende anvendelser.<br \/>\n<\/p><br \/>\n<br \/>\n<p><b>4. kan dele af aluminiumsekstruderingsprofiler med h\u00f8j pr\u00e6cision tilpasses?<\/b><\/p>\n<p>Ja, disse dele kan tilpasses med hensyn til st\u00f8rrelse, form og design for at opfylde specifikke krav til forskellige projekter, hvilket giver fleksibilitet i produktionen.<br \/>\n<\/p><br \/>\n<br \/>\n<p><b>5. Hvilke industrier drager fordel af CNC-dele med h\u00f8jpr\u00e6cisionsaluminiumekstruderingsprofil?<\/b><\/p>\n<p>Industrier som rumfart, bilindustri, elektronik og produktion nyder godt af disse dele p\u00e5 grund af deres styrke, pr\u00e6cision og egnethed til h\u00f8jtydende anvendelser.<br \/>\n<\/p><br \/>\n<br \/>\n<p><b>6. hvor hurtig er produktionen af aluminiumsekstruderingsprofildele med h\u00f8j pr\u00e6cision?<\/b><\/p>\n<p>Produktionen er effektiv og tilbyder korte leveringstider og hurtige genneml\u00f8bstider, samtidig med at der opretholdes h\u00f8je kvalitetsstandarder og pr\u00e6cision i bearbejdningen.<br \/>\n<\/p><br \/>\n<br \/>\n<p><b>7. er CNC-bearbejdningsdele med h\u00f8j pr\u00e6cision af aluminiumsekstruderingsprofil omkostningseffektive?<\/b><\/p>\n<p>Ja, disse dele tilbyder en omkostningseffektiv l\u00f8sning p\u00e5 grund af deres effektive fremstillingsproces, der giver h\u00f8j pr\u00e6cision og holdbarhed til konkurrencedygtige priser.<br \/>\n<\/p><br \/><\/p>","protected":false},"featured_media":8443,"template":"","categories":[68],"class_list":["post-8444","product","type-product","status-publish","has-post-thumbnail","hentry","category-cnc-machining-aluminum-profile"],"meta_box":{"hilight_text_group":{"product_hilight_text":"<li>High precision CNC machining for aluminum extrusion profile accessory parts<\/li>\r\r\n<li>Customizable designs to meet specific requirements for various applications<\/li>\r\r\n<li>Durable aluminum material with excellent strength-to-weight ratio<\/li>\r\r\n<li>Superior dimensional accuracy and smooth surface finish<\/li>\r\r\n<li>Cost-effective production with fast turnaround times<\/li>\r\r\n<li>Ideal for industries such as aerospace, automotive, electronics, and manufacturing<\/li>","product_chanpin_blog":"<ul>\r\r\n<li><a href=\"https:\/\/sinoextrud.com\/t-slot-v-slot-differences\/\" target=\"_blank\">t slot vs v slot<\/a><\/li>\r\r\n<li><a href=\"https:\/\/sinoextrud.com\/what-is-4040-aluminium-extrud\/\" target=\"_blank\">4040 aluminium extrusion<\/a><\/li>\r\r\n<li><a href=\"https:\/\/sinoextrud.com\/what-is-4040-aluminium-extrud\/\" target=\"_blank\">aluminum extrusions for industrial racks<\/a><\/li>\r\r\n<li><a href=\"https:\/\/sinoextrud.com\/powder-coating-aluminium-process\/\" target=\"_blank\">powder coating aluminium<\/a><\/li>\r\r\n<li><a href=\"https:\/\/sinoextrud.com\/what-is-an-aluminium-strip-ceiling\/\" target=\"_blank\">aluminium strip ceiling<\/a><\/li>\r\r\n<li><a href=\"https:\/\/sinoextrud.com\/what-is-a-heat-sink\/\" target=\"_blank\">what is a heat sink<\/a><\/li>\r\r\n<\/ul>","product_chanpin_chanpin":"<li><a href=\"https:\/\/sinoextrud.com\/product\/aluminium-extrusion-cnc\/\" target=\"_blank\">Aluminium Extrusion CNC<\/a><\/li>\r\n<li><a href=\"https:\/\/sinoextrud.com\/product\/aluminium-profile-lock\/\" target=\"_blank\">Aluminium Profile Lock<\/a><\/li>\r\n<li><a href=\"https:\/\/sinoextrud.com\/product\/aluminium-enclosure-housing-and-shells\/\" target=\"_blank\">Aluminium Enclosure Housing And Shells<\/a><\/li>\r\n<li><a href=\"https:\/\/sinoextrud.com\/product\/aluminium-profile-cutting\/\" target=\"_blank\">Aluminium Profile Cutting<\/a><\/li>\r\n<li><a href=\"https:\/\/sinoextrud.com\/product\/high-precision-aluminum-extrusion-profile-cnc-machining-accessory-parts\/\" target=\"_blank\">High Precision Aluminum extrusion Profile CNC Machining Accessory Parts<\/a><\/li>\r\n<li><a href=\"https:\/\/sinoextrud.com\/product\/high-precision-aluminum-extrusion-profile-cnc-machining-accessory-parts-2\/\" target=\"_blank\">High Precision Aluminum extrusion Profile CNC Machining Accessory Parts<\/a><\/li>\r\n<li><a href=\"https:\/\/sinoextrud.com\/product\/aluminium-profile-drilling-cutting-bending-puching-processing\/\" target=\"_blank\">Aluminium profile drilling cutting bending puching processing<\/a><\/li>\r\n<li><a href=\"https:\/\/sinoextrud.com\/product\/aluminum-extrusion-custom-electric-vehicle-battery-enclosure-aluminum-profile\/\" target=\"_blank\">Aluminum Extrusion Custom Electric Vehicle Battery Enclosure Aluminum Profile<\/a><\/li>\r\n<li><a href=\"https:\/\/sinoextrud.com\/product\/aluminum-extrusion-high-strength-cnc-drilling-7003-aluminum-round-pipe\/\" target=\"_blank\">Aluminum Extrusion High-strength CNC Drilling 7003 Aluminum Round Pipe<\/a><\/li>\r\n<li><a href=\"https:\/\/sinoextrud.com\/product\/aluminum-extrusion-brackets\/\" target=\"_blank\">Aluminum Extrusion Brackets<\/a><\/li>\r\n<li><a href=\"https:\/\/sinoextrud.com\/product\/shutter-aluminum-profile-for-window-louver-frame\/\" target=\"_blank\">Shutter Aluminum Profile For Window Louver Frame<\/a><\/li>"},"feature_list":[]},"_links":{"self":[{"href":"https:\/\/sinoextrud.com\/da\/wp-json\/wp\/v2\/product\/8444","targetHints":{"allow":["GET"]}}],"collection":[{"href":"https:\/\/sinoextrud.com\/da\/wp-json\/wp\/v2\/product"}],"about":[{"href":"https:\/\/sinoextrud.com\/da\/wp-json\/wp\/v2\/types\/product"}],"wp:featuredmedia":[{"embeddable":true,"href":"https:\/\/sinoextrud.com\/da\/wp-json\/wp\/v2\/media\/8443"}],"wp:attachment":[{"href":"https:\/\/sinoextrud.com\/da\/wp-json\/wp\/v2\/media?parent=8444"}],"wp:term":[{"taxonomy":"category","embeddable":true,"href":"https:\/\/sinoextrud.com\/da\/wp-json\/wp\/v2\/categories?post=8444"}],"curies":[{"name":"wp","href":"https:\/\/api.w.org\/{rel}","templated":true}]}}