{"id":8430,"date":"2025-06-16T03:19:21","date_gmt":"2025-06-16T03:19:21","guid":{"rendered":"https:\/\/sinoextrud.com\/product\/aluminium-precision-cnc-fabrication-milling-process-deep-processing-machining-company\/"},"modified":"2025-06-24T06:23:48","modified_gmt":"2025-06-24T06:23:48","slug":"aluminium-praecision-cnc-fabrikation-fraesning-proces-dyb-bearbejdning-bearbejdningsvirksomhed","status":"publish","type":"product","link":"https:\/\/sinoextrud.com\/da\/product\/aluminium-precision-cnc-fabrication-milling-process-deep-processing-machining-company\/","title":{"rendered":"Aluminium pr\u00e6cision CNC fabrikation fr\u00e6sning proces dyb forarbejdning bearbejdning virksomhed"},"content":{"rendered":"<h2>Detaljer om produkter<\/h2>\n<table class=\"custom-table\">\n<tr>\n<td class=\"label\">Titel<\/td>\n<td>Aluminium pr\u00e6cision CNC fabrikation fr\u00e6sning proces dyb forarbejdning bearbejdning virksomhed<\/td>\n<\/tr>\n<\/table>\n<h2>Vores produktionsbase<\/h2>\n<h3>Panorama over fabrikken<\/h3>\n<p><img decoding=\"async\" src=\"\/wp-content\/uploads\/factory-01.webp\"\/><\/p>\n<h3>V\u00e6rksted til fremstilling af aluminiumst\u00e6nger<\/h3>\n<p><img decoding=\"async\" src=\"\/wp-content\/uploads\/factory-02.webp\"\/><\/p>\n<p><img decoding=\"async\" src=\"\/wp-content\/uploads\/factory-03.webp\"\/><\/p>\n<h3>Lager til opbevaring af skimmelsvampe<\/h3>\n<p><img decoding=\"async\" src=\"\/wp-content\/uploads\/factory-04.webp\"\/><\/p>\n<h3>43 ekstruderingslinjer for aluminium (500-5500 ton)<\/h3>\n<p><img decoding=\"async\" src=\"\/wp-content\/uploads\/factory-05.webp\"\/><\/p>\n<p><img decoding=\"async\" src=\"\/wp-content\/uploads\/factory-06.webp\"\/><\/p>\n<p><img decoding=\"async\" src=\"\/wp-content\/uploads\/factory-07.webp\"\/><\/p>\n<h3>V\u00e6rksted for pulverlakering<\/h3>\n<p><img decoding=\"async\" src=\"\/wp-content\/uploads\/factory-09.webp\"\/><\/p>\n<h3>Anodiseringsv\u00e6rksted<\/h3>\n<p><img decoding=\"async\" src=\"\/wp-content\/uploads\/factory-10.webp\"\/><\/p>\n<h3>Workshop om dyb behandling<\/h3>\n<p><img decoding=\"async\" src=\"\/wp-content\/uploads\/factory-11.webp\"\/><\/p>\n<h3>V\u00e6rksted for CNC-pr\u00e6cisionsbearbejdning<\/h3>\n<p><img decoding=\"async\" src=\"\/wp-content\/uploads\/factory-11.5.webp\"\/><\/p>\n<h3>F\u00e6rdigvare- og eksportlager<\/h3>\n<p><img decoding=\"async\" src=\"\/wp-content\/uploads\/factory-12.webp\"\/><\/p>\n<p><img decoding=\"async\" src=\"\/wp-content\/uploads\/factory-13.webp\"\/><\/p>\n<p><img decoding=\"async\" src=\"\/wp-content\/uploads\/factory-14.webp\"\/><\/p>\n<h2>OFTE STILLEDE SP\u00d8RGSM\u00c5L<\/h2>\n<p><p><b>1. aluminium pr\u00e6cision CNC fabrikation fr\u00e6sning proces dyb forarbejdning bearbejdning virksomhed: Hvad er fordelene ved at bruge CNC-fr\u00e6sning til aluminiumsfremstilling?<\/b><\/p>\n<p>CNC-fr\u00e6sning sikrer h\u00f8j pr\u00e6cision, sn\u00e6vre tolerancer og ensartet kvalitet, hvilket g\u00f8r den ideel til aluminiumsdele, der kr\u00e6ver n\u00f8jagtighed og p\u00e5lidelighed.<br \/>\n<\/p><br \/>\n<br \/>\n<p><b>2. Hvordan forbedrer dybdebearbejdning produktionen af aluminiumsdele?<\/b><\/p>\n<p>Dybdeg\u00e5ende bearbejdningsteknikker g\u00f8r det muligt at skabe komplekse former og designs, der forbedrer funktionaliteten og ydeevnen af aluminiumsdele i forskellige anvendelser.<br \/>\n<\/p><br \/>\n<br \/>\n<p><b>3. Kan du tilbyde tilpasset CNC-fr\u00e6sning til specifikke aluminiumsdesigns?<\/b><\/p>\n<p>Ja, vi tilbyder tilpassede CNC-fr\u00e6sningstjenester, der opfylder specifikke design- og funktionsbehov og sikrer, at aluminiumsdelene passer til de n\u00f8jagtige krav i dit projekt.<br \/>\n<\/p><br \/>\n<br \/>\n<p><b>4. Hvilke industrier kan drage fordel af CNC-pr\u00e6cisionsfr\u00e6sning af aluminium?<\/b><\/p>\n<p>Industrier som bil-, rumfarts-, elektronik- og fremstillingsindustrien nyder godt af pr\u00e6cisionsaluminiumsdele, der er fremstillet ved hj\u00e6lp af CNC-fr\u00e6sning og dybe forarbejdningsteknikker.<br \/>\n<\/p><br \/>\n<br \/>\n<p><b>5. Hvordan p\u00e5virker dybdebearbejdning kvaliteten af aluminiumsdele?<\/b><\/p>\n<p>Dybdebearbejdning forbedrer den strukturelle integritet, overfladefinishen og den samlede ydeevne af aluminiumsdele, hvilket g\u00f8r dem velegnede til kr\u00e6vende og pr\u00e6cise anvendelser.<br \/>\n<\/p><br \/>\n<br \/>\n<p><b>6. Hvad er fordelen ved at arbejde med en virksomhed, der er specialiseret i CNC-bearbejdning af aluminium?<\/b><\/p>\n<p>En specialiseret CNC-bearbejdningsvirksomhed bringer ekspertise, avanceret udstyr og effektive processer med sig for at sikre aluminiumsdele af h\u00f8j kvalitet, der er skr\u00e6ddersyet til dine specifikationer.<br \/>\n<\/p><br \/>\n<br \/>\n<p><b>7. Hvilke typer aluminiumsmaterialer kan bearbejdes ved hj\u00e6lp af CNC-fr\u00e6sning?<\/b><\/p>\n<p>Vores CNC-fr\u00e6sning kan bearbejde en lang r\u00e6kke aluminiumslegeringer og sikre, at materialet er optimeret til styrke, holdbarhed og ydeevne i specifikke anvendelser.<br \/>\n<\/p><br \/>\n<br \/>\n<p><b>8. Hvor hurtigt kan du levere store aluminiumsbearbejdningsprojekter?<\/b><\/p>\n<p>Vi tilbyder effektive produktionsprocesser og hurtige ekspeditionstider, hvilket sikrer rettidig levering til b\u00e5de sm\u00e5 og store aluminiumsbearbejdningsprojekter.<br \/>\n<\/p><br \/><\/p>","protected":false},"featured_media":8429,"template":"","categories":[68],"class_list":["post-8430","product","type-product","status-publish","has-post-thumbnail","hentry","category-cnc-machining-aluminum-profile"],"meta_box":{"hilight_text_group":{"product_hilight_text":"<li>High-precision CNC milling for aluminum parts, ensuring tight tolerances and accurate dimensions.<\/li>\r\r\n<li>Advanced deep processing capabilities for complex aluminum parts and components.<\/li>\r\r\n<li>Customizable machining services to meet specific industrial, design, and functionality requirements.<\/li>\r\r\n<li>Efficient and cost-effective solutions for large-scale production with quick turnaround times.<\/li>\r\r\n<li>Expertise in a wide range of aluminum materials, providing optimal solutions for diverse industries.<\/li>","product_chanpin_blog":"<ul>\r\r\n<li><a href=\"https:\/\/sinoextrud.com\/t-slot-v-slot-differences\/\" target=\"_blank\">t slot vs v slot<\/a><\/li>\r\r\n<li><a href=\"https:\/\/sinoextrud.com\/what-is-4040-aluminium-extrud\/\" target=\"_blank\">4040 aluminium extrusion<\/a><\/li>\r\r\n<li><a href=\"https:\/\/sinoextrud.com\/what-is-4040-aluminium-extrud\/\" target=\"_blank\">aluminum extrusions for industrial racks<\/a><\/li>\r\r\n<li><a href=\"https:\/\/sinoextrud.com\/powder-coating-aluminium-process\/\" target=\"_blank\">powder coating aluminium<\/a><\/li>\r\r\n<li><a href=\"https:\/\/sinoextrud.com\/what-is-an-aluminium-strip-ceiling\/\" target=\"_blank\">aluminium strip ceiling<\/a><\/li>\r\r\n<li><a href=\"https:\/\/sinoextrud.com\/what-is-a-heat-sink\/\" target=\"_blank\">what is a heat sink<\/a><\/li>\r\r\n<\/ul>","product_chanpin_chanpin":"<li><a href=\"https:\/\/sinoextrud.com\/product\/industrial-profile-systems\/\" target=\"_blank\">Industrial Profile Systems<\/a><\/li>\r\n<li><a href=\"https:\/\/sinoextrud.com\/product\/t-slot-extruded-aluminum-framing-systems\/\" target=\"_blank\">T Slot Extruded Aluminum Framing Systems<\/a><\/li>\r\n<li><a href=\"https:\/\/sinoextrud.com\/product\/aluminum-extrusions-milling-cutting-and-assembly\/\" target=\"_blank\">Aluminum Extrusions Milling Cutting and Assembly<\/a><\/li>\r\n<li><a href=\"https:\/\/sinoextrud.com\/product\/extruded-aluminium-cnc-machining-profile-and-anodized-surface-treatment-process\/\" target=\"_blank\">Extruded Aluminium CNC Machining profile and Anodized Surface Treatment Process<\/a><\/li>\r\n<li><a href=\"https:\/\/sinoextrud.com\/product\/aluminium-precision-cnc-fabrication-milling-process-deep-processing-machining-company\/\" target=\"_blank\">Aluminium precision CNC fabrication milling process deep processing machining company<\/a><\/li>\r\n<li><a href=\"https:\/\/sinoextrud.com\/product\/aluminum-cnc\/\" target=\"_blank\">Aluminum CNC<\/a><\/li>\r\n<li><a href=\"https:\/\/sinoextrud.com\/product\/aluminium-aerofoil-extrusion-oxidation-scrub-black\/\" target=\"_blank\">Aluminium Aerofoil Extrusion Oxidation Scrub Black<\/a><\/li>\r\n<li><a href=\"https:\/\/sinoextrud.com\/product\/aluminium-extrusion-cnc\/\" target=\"_blank\">Aluminium Extrusion CNC<\/a><\/li>\r\n<li><a href=\"https:\/\/sinoextrud.com\/product\/aluminium-profile-lock\/\" target=\"_blank\">Aluminium Profile Lock<\/a><\/li>\r\n<li><a href=\"https:\/\/sinoextrud.com\/product\/industrial-t-slot-aluminum-profile\/\" target=\"_blank\">Industrial T Slot Aluminum Profile<\/a><\/li>\r\n<li><a href=\"https:\/\/sinoextrud.com\/product\/wood-grain-aluminum-square-hollow-profile\/\" target=\"_blank\">Wood Grain Aluminum Square Hollow Profile<\/a><\/li>"},"feature_list":[]},"_links":{"self":[{"href":"https:\/\/sinoextrud.com\/da\/wp-json\/wp\/v2\/product\/8430","targetHints":{"allow":["GET"]}}],"collection":[{"href":"https:\/\/sinoextrud.com\/da\/wp-json\/wp\/v2\/product"}],"about":[{"href":"https:\/\/sinoextrud.com\/da\/wp-json\/wp\/v2\/types\/product"}],"wp:featuredmedia":[{"embeddable":true,"href":"https:\/\/sinoextrud.com\/da\/wp-json\/wp\/v2\/media\/8429"}],"wp:attachment":[{"href":"https:\/\/sinoextrud.com\/da\/wp-json\/wp\/v2\/media?parent=8430"}],"wp:term":[{"taxonomy":"category","embeddable":true,"href":"https:\/\/sinoextrud.com\/da\/wp-json\/wp\/v2\/categories?post=8430"}],"curies":[{"name":"wp","href":"https:\/\/api.w.org\/{rel}","templated":true}]}}