{"id":8428,"date":"2025-06-16T03:17:31","date_gmt":"2025-06-16T03:17:31","guid":{"rendered":"https:\/\/sinoextrud.com\/product\/extruded-aluminium-cnc-machining-profile-and-anodized-surface-treatment-process\/"},"modified":"2025-06-24T06:23:47","modified_gmt":"2025-06-24T06:23:47","slug":"ekstruderet-aluminium-cnc-bearbejdningsprofil-og-anodiseret-overfladebehandlingsproces","status":"publish","type":"product","link":"https:\/\/sinoextrud.com\/da\/product\/extruded-aluminium-cnc-machining-profile-and-anodized-surface-treatment-process\/","title":{"rendered":"Ekstruderet aluminium CNC-bearbejdningsprofil og anodiseret overfladebehandlingsproces"},"content":{"rendered":"<h2>Detaljer om produkter<\/h2>\n<table class=\"custom-table\">\n<tr>\n<td class=\"label\">Titel<\/td>\n<td>Ekstruderet aluminium CNC-bearbejdningsprofil og anodiseret overfladebehandlingsproces<\/td>\n<\/tr>\n<tr>\n<td class=\"label\">Materiale:<\/td>\n<td> 6063 T5 ekstruderet aluminiumsprofil<\/td>\n<\/tr>\n<tr>\n<td class=\"label\">Proces:<\/td>\n<td> CNC-bearbejdning og anodiseringsproces<\/td>\n<\/tr>\n<tr>\n<td class=\"label\">Anvendelse:<\/td>\n<td> H\u00e6ngsel til glasd\u00f8r<\/td>\n<\/tr>\n<\/table>\n<h2>Vores produktionsbase<\/h2>\n<h3>Panorama over fabrikken<\/h3>\n<p><img decoding=\"async\" src=\"\/wp-content\/uploads\/factory-01.webp\"\/><\/p>\n<h3>V\u00e6rksted til fremstilling af aluminiumst\u00e6nger<\/h3>\n<p><img decoding=\"async\" src=\"\/wp-content\/uploads\/factory-02.webp\"\/><\/p>\n<p><img decoding=\"async\" src=\"\/wp-content\/uploads\/factory-03.webp\"\/><\/p>\n<h3>Lager til opbevaring af skimmelsvampe<\/h3>\n<p><img decoding=\"async\" src=\"\/wp-content\/uploads\/factory-04.webp\"\/><\/p>\n<h3>43 ekstruderingslinjer for aluminium (500-5500 ton)<\/h3>\n<p><img decoding=\"async\" src=\"\/wp-content\/uploads\/factory-05.webp\"\/><\/p>\n<p><img decoding=\"async\" src=\"\/wp-content\/uploads\/factory-06.webp\"\/><\/p>\n<p><img decoding=\"async\" src=\"\/wp-content\/uploads\/factory-07.webp\"\/><\/p>\n<h3>V\u00e6rksted for pulverlakering<\/h3>\n<p><img decoding=\"async\" src=\"\/wp-content\/uploads\/factory-09.webp\"\/><\/p>\n<h3>Anodiseringsv\u00e6rksted<\/h3>\n<p><img decoding=\"async\" src=\"\/wp-content\/uploads\/factory-10.webp\"\/><\/p>\n<h3>Workshop om dyb behandling<\/h3>\n<p><img decoding=\"async\" src=\"\/wp-content\/uploads\/factory-11.webp\"\/><\/p>\n<h3>V\u00e6rksted for CNC-pr\u00e6cisionsbearbejdning<\/h3>\n<p><img decoding=\"async\" src=\"\/wp-content\/uploads\/factory-11.5.webp\"\/><\/p>\n<h3>F\u00e6rdigvare- og eksportlager<\/h3>\n<p><img decoding=\"async\" src=\"\/wp-content\/uploads\/factory-12.webp\"\/><\/p>\n<p><img decoding=\"async\" src=\"\/wp-content\/uploads\/factory-13.webp\"\/><\/p>\n<p><img decoding=\"async\" src=\"\/wp-content\/uploads\/factory-14.webp\"\/><\/p>\n<h2>OFTE STILLEDE SP\u00d8RGSM\u00c5L<\/h2>\n<p><p><b>1. ekstruderet aluminium CNC-bearbejdningsprofil og anodiseret overfladebehandlingsproces: Hvad er fordelene ved ekstruderede aluminiumsprofiler?<\/b><\/p>\n<p>Ekstruderede aluminiumsprofiler er lette, st\u00e6rke og korrosionsbestandige, hvilket g\u00f8r dem ideelle til en lang r\u00e6kke industrielle og strukturelle anvendelser.<br \/>\n<\/p><br \/>\n<br \/>\n<p><b>2. Hvordan forbedrer CNC-bearbejdning aluminiumsprofilers pr\u00e6cision?<\/b><\/p>\n<p>CNC-bearbejdning sikrer h\u00f8j n\u00f8jagtighed, sn\u00e6vre tolerancer og en ensartet finish, hvilket giver et produkt af h\u00f8j kvalitet, der er skr\u00e6ddersyet til specifikke designkrav.<br \/>\n<\/p><br \/>\n<br \/>\n<p><b>3. Hvad g\u00f8r anodisering ved aluminiumsprofiler?<\/b><\/p>\n<p>Anodisering forbedrer aluminiumsprofiler ved at \u00f8ge korrosionsbestandigheden, overfladeh\u00e5rdheden og slidstyrken, samtidig med at det giver en attraktiv, langtidsholdbar finish.<br \/>\n<\/p><br \/>\n<br \/>\n<p><b>4. Hvordan p\u00e5virker anodisering aluminiumsprofilers ydeevne?<\/b><\/p>\n<p>Anodisering skaber et beskyttende oxidlag, der forbedrer modstandsdygtigheden over for korrosion, slid og ridser, forl\u00e6nger aluminiumsprofilens levetid og bevarer dens udseende.<br \/>\n<\/p><br \/>\n<br \/>\n<p><b>5. Kan den anodiserede finish tilpasses til forskellige aluminiumsprofiler?<\/b><\/p>\n<p>Ja, den anodiserede finish kan tilpasses i farve og tekstur, s\u00e5 den matcher specifikke \u00e6stetiske og funktionelle krav.<br \/>\n<\/p><br \/>\n<br \/>\n<p><b>6. Hvilke industrier drager fordel af ekstruderede aluminiumsprofiler med CNC-bearbejdning og anodiseret finish?<\/b><\/p>\n<p>Brancher som rumfart, bilindustri, byggeri og produktion nyder godt af den styrke, pr\u00e6cision og holdbarhed, som disse processer giver.<br \/>\n<\/p><br \/>\n<br \/>\n<p><b>7. Hvordan forbedrer den anodiserede finish aluminiumsprofilens holdbarhed?<\/b><\/p>\n<p>Den anodiserede finish \u00f8ger profilens modstandsdygtighed over for milj\u00f8faktorer som fugt og kemikalier, hvilket forbedrer dens generelle holdbarhed og ydeevne.<br \/>\n<\/p><br \/>\n<br \/>\n<p><b>8. Er den anodiserede finish milj\u00f8venlig?<\/b><\/p>\n<p>Ja, anodisering er en milj\u00f8venlig proces, da den bruger ikke-giftige materialer og reducerer behovet for bel\u00e6gninger, der kan frigive skadelige kemikalier.<br \/>\n<\/p><br \/><\/p>","protected":false},"featured_media":8427,"template":"","categories":[68],"class_list":["post-8428","product","type-product","status-publish","has-post-thumbnail","hentry","category-cnc-machining-aluminum-profile"],"meta_box":{"hilight_text_group":{"product_hilight_text":"<li>Extruded aluminum profiles offer high strength, lightweight, and corrosion resistance for industrial use.<\/li>\r\r\n<li>CNC machining ensures precise dimensions and tight tolerances, ideal for custom applications.<\/li>\r\r\n<li>Anodized surface treatment enhances the durability and aesthetic appeal of aluminum profiles.<\/li>\r\r\n<li>Improved resistance to wear, corrosion, and scratches with the anodized finish.<\/li>\r\r\n<li>Customizable profiles and finishes to meet specific project requirements in various industries.<\/li>","product_chanpin_blog":"<ul>\r\r\n<li><a href=\"https:\/\/sinoextrud.com\/t-slot-v-slot-differences\/\" target=\"_blank\">t slot vs v slot<\/a><\/li>\r\r\n<li><a href=\"https:\/\/sinoextrud.com\/what-is-4040-aluminium-extrud\/\" target=\"_blank\">4040 aluminium extrusion<\/a><\/li>\r\r\n<li><a href=\"https:\/\/sinoextrud.com\/what-is-4040-aluminium-extrud\/\" target=\"_blank\">aluminum extrusions for industrial racks<\/a><\/li>\r\r\n<li><a href=\"https:\/\/sinoextrud.com\/powder-coating-aluminium-process\/\" target=\"_blank\">powder coating aluminium<\/a><\/li>\r\r\n<li><a href=\"https:\/\/sinoextrud.com\/what-is-an-aluminium-strip-ceiling\/\" target=\"_blank\">aluminium strip ceiling<\/a><\/li>\r\r\n<li><a href=\"https:\/\/sinoextrud.com\/what-is-a-heat-sink\/\" target=\"_blank\">what is a heat sink<\/a><\/li>\r\r\n<\/ul>","product_chanpin_chanpin":"<li><a href=\"https:\/\/sinoextrud.com\/product\/aluminum-extrusion-fabrication\/\" target=\"_blank\">Aluminum Extrusion Fabrication<\/a><\/li>\r\n<li><a href=\"https:\/\/sinoextrud.com\/product\/industrial-profile-systems\/\" target=\"_blank\">Industrial Profile Systems<\/a><\/li>\r\n<li><a href=\"https:\/\/sinoextrud.com\/product\/t-slot-extruded-aluminum-framing-systems\/\" target=\"_blank\">T Slot Extruded Aluminum Framing Systems<\/a><\/li>\r\n<li><a href=\"https:\/\/sinoextrud.com\/product\/aluminum-extrusions-milling-cutting-and-assembly\/\" target=\"_blank\">Aluminum Extrusions Milling Cutting and Assembly<\/a><\/li>\r\n<li><a href=\"https:\/\/sinoextrud.com\/product\/extruded-aluminium-cnc-machining-profile-and-anodized-surface-treatment-process\/\" target=\"_blank\">Extruded Aluminium CNC Machining profile and Anodized Surface Treatment Process<\/a><\/li>\r\n<li><a href=\"https:\/\/sinoextrud.com\/product\/aluminium-precision-cnc-fabrication-milling-process-deep-processing-machining-company\/\" target=\"_blank\">Aluminium precision CNC fabrication milling process deep processing machining company<\/a><\/li>\r\n<li><a href=\"https:\/\/sinoextrud.com\/product\/aluminum-cnc\/\" target=\"_blank\">Aluminum CNC<\/a><\/li>\r\n<li><a href=\"https:\/\/sinoextrud.com\/product\/aluminium-aerofoil-extrusion-oxidation-scrub-black\/\" target=\"_blank\">Aluminium Aerofoil Extrusion Oxidation Scrub Black<\/a><\/li>\r\n<li><a href=\"https:\/\/sinoextrud.com\/product\/aluminium-extrusion-cnc\/\" target=\"_blank\">Aluminium Extrusion CNC<\/a><\/li>\r\n<li><a href=\"https:\/\/sinoextrud.com\/product\/customized-ome-aluminium-profile-extruded-with-the-anodized-black-champage-silver-white-and-blasted-treatment\/\" target=\"_blank\">Customized OME Aluminium Profile Extruded With The Anodized Black Champage Silver White And Blasted Treatment<\/a><\/li>\r\n<li><a href=\"https:\/\/sinoextrud.com\/product\/aluminium-window-extrusion-profile\/\" target=\"_blank\">Aluminium Window Extrusion Profile<\/a><\/li>"},"feature_list":[]},"_links":{"self":[{"href":"https:\/\/sinoextrud.com\/da\/wp-json\/wp\/v2\/product\/8428","targetHints":{"allow":["GET"]}}],"collection":[{"href":"https:\/\/sinoextrud.com\/da\/wp-json\/wp\/v2\/product"}],"about":[{"href":"https:\/\/sinoextrud.com\/da\/wp-json\/wp\/v2\/types\/product"}],"wp:featuredmedia":[{"embeddable":true,"href":"https:\/\/sinoextrud.com\/da\/wp-json\/wp\/v2\/media\/8427"}],"wp:attachment":[{"href":"https:\/\/sinoextrud.com\/da\/wp-json\/wp\/v2\/media?parent=8428"}],"wp:term":[{"taxonomy":"category","embeddable":true,"href":"https:\/\/sinoextrud.com\/da\/wp-json\/wp\/v2\/categories?post=8428"}],"curies":[{"name":"wp","href":"https:\/\/api.w.org\/{rel}","templated":true}]}}