{"id":8426,"date":"2025-06-16T03:15:20","date_gmt":"2025-06-16T03:15:20","guid":{"rendered":"https:\/\/sinoextrud.com\/product\/aluminum-extrusions-milling-cutting-and-assembly\/"},"modified":"2025-06-24T06:23:47","modified_gmt":"2025-06-24T06:23:47","slug":"fraesning-og-montering-af-aluminiumsprofiler","status":"publish","type":"product","link":"https:\/\/sinoextrud.com\/da\/product\/aluminum-extrusions-milling-cutting-and-assembly\/","title":{"rendered":"Fr\u00e6sning og montering af aluminiumsekstruderinger"},"content":{"rendered":"<h2>Detaljer om produkter<\/h2>\n<table class=\"custom-table\">\n<tr>\n<td class=\"label\">Titel<\/td>\n<td>Fr\u00e6sning og montering af aluminiumsekstruderinger<\/td>\n<\/tr>\n<\/table>\n<h2>Vores produktionsbase<\/h2>\n<h3>Panorama over fabrikken<\/h3>\n<p><img decoding=\"async\" src=\"\/wp-content\/uploads\/factory-01.webp\"\/><\/p>\n<h3>V\u00e6rksted til fremstilling af aluminiumst\u00e6nger<\/h3>\n<p><img decoding=\"async\" src=\"\/wp-content\/uploads\/factory-02.webp\"\/><\/p>\n<p><img decoding=\"async\" src=\"\/wp-content\/uploads\/factory-03.webp\"\/><\/p>\n<h3>Lager til opbevaring af skimmelsvampe<\/h3>\n<p><img decoding=\"async\" src=\"\/wp-content\/uploads\/factory-04.webp\"\/><\/p>\n<h3>43 ekstruderingslinjer for aluminium (500-5500 ton)<\/h3>\n<p><img decoding=\"async\" src=\"\/wp-content\/uploads\/factory-05.webp\"\/><\/p>\n<p><img decoding=\"async\" src=\"\/wp-content\/uploads\/factory-06.webp\"\/><\/p>\n<p><img decoding=\"async\" src=\"\/wp-content\/uploads\/factory-07.webp\"\/><\/p>\n<h3>V\u00e6rksted for pulverlakering<\/h3>\n<p><img decoding=\"async\" src=\"\/wp-content\/uploads\/factory-09.webp\"\/><\/p>\n<h3>Anodiseringsv\u00e6rksted<\/h3>\n<p><img decoding=\"async\" src=\"\/wp-content\/uploads\/factory-10.webp\"\/><\/p>\n<h3>Workshop om dyb behandling<\/h3>\n<p><img decoding=\"async\" src=\"\/wp-content\/uploads\/factory-11.webp\"\/><\/p>\n<h3>V\u00e6rksted for CNC-pr\u00e6cisionsbearbejdning<\/h3>\n<p><img decoding=\"async\" src=\"\/wp-content\/uploads\/factory-11.5.webp\"\/><\/p>\n<h3>F\u00e6rdigvare- og eksportlager<\/h3>\n<p><img decoding=\"async\" src=\"\/wp-content\/uploads\/factory-12.webp\"\/><\/p>\n<p><img decoding=\"async\" src=\"\/wp-content\/uploads\/factory-13.webp\"\/><\/p>\n<p><img decoding=\"async\" src=\"\/wp-content\/uploads\/factory-14.webp\"\/><\/p>\n<h2>OFTE STILLEDE SP\u00d8RGSM\u00c5L<\/h2>\n<p><p><b>1. aluminiumsekstruderinger, fr\u00e6sning, sk\u00e6ring og montering: Hvad er de vigtigste fordele?<\/b><\/p>\n<p>Produktet giver pr\u00e6cisionsfr\u00e6sning og -sk\u00e6ring med n\u00f8jagtige dimensioner og overlegen finish til en r\u00e6kke industrielle behov.<br \/>\n<\/p><br \/>\n<br \/>\n<p><b>2. Hvordan forbedrer fr\u00e6se- og sk\u00e6reprocessen produktkvaliteten?<\/b><\/p>\n<p>Fr\u00e6sning og sk\u00e6ring sikrer pr\u00e6cision og sn\u00e6vre tolerancer, hvilket f\u00f8rer til aluminiumsprofiler af h\u00f8j kvalitet, der lever op til kr\u00e6vende standarder.<br \/>\n<\/p><br \/>\n<br \/>\n<p><b>3. Kan aluminiumsprofiler tilpasses?<\/b><\/p>\n<p>Ja, aluminiumsprofiler kan tilpasses i forskellige st\u00f8rrelser, former og designs, s\u00e5 de passer til specifikke projektkrav.<br \/>\n<\/p><br \/>\n<br \/>\n<p><b>4. Hvilke industrier har mest gavn af fr\u00e6sning og sk\u00e6ring af aluminiumsprofiler?<\/b><\/p>\n<p>Brancher som byggeri, bilindustri og produktion nyder godt af aluminiumprofilers pr\u00e6cision og holdbarhed.<br \/>\n<\/p><br \/>\n<br \/>\n<p><b>5. Er monteringsprocessen hurtig og omkostningseffektiv?<\/b><\/p>\n<p>Ja, den effektive monteringsproces sikrer hurtige produktionstider, samtidig med at omkostningseffektiviteten opretholdes, hvilket reducerer de samlede projektomkostninger.<br \/>\n<\/p><br \/>\n<br \/>\n<p><b>6. Hvad g\u00f8r aluminiumsprofiler til et foretrukket valg til mange anvendelser?<\/b><\/p>\n<p>Aluminiumsprofiler er lette, st\u00e6rke og korrosionsbestandige, hvilket g\u00f8r dem ideelle til en lang r\u00e6kke industrielle og strukturelle anvendelser.<br \/>\n<\/p><br \/>\n<br \/>\n<p><b>7. Hvordan hj\u00e6lper specialfr\u00e6sning med produktudvikling?<\/b><\/p>\n<p>Specialfr\u00e6sning g\u00f8r det muligt at skabe pr\u00e6cise, skr\u00e6ddersyede komponenter, der passer til specifikke design- og funktionskrav.<br \/>\n<\/p><br \/><\/p>","protected":false},"featured_media":8425,"template":"","categories":[68],"class_list":["post-8426","product","type-product","status-publish","has-post-thumbnail","hentry","category-cnc-machining-aluminum-profile"],"meta_box":{"hilight_text_group":{"product_hilight_text":"<li>Precision milling and cutting for accurate dimensions and high-quality finishes.<\/li>\r\r\n<li>Efficient assembly process that ensures quick turnarounds and cost-effective production.<\/li>\r\r\n<li>Customizable designs and sizes to meet specific industrial requirements.<\/li>\r\r\n<li>Aluminum extrusions offer lightweight yet durable solutions for various applications.<\/li>\r\r\n<li>Expert craftsmanship and high-performance machinery for consistent results.<\/li>","product_chanpin_blog":"<ul>\r\r\n<li><a href=\"https:\/\/sinoextrud.com\/t-slot-v-slot-differences\/\" target=\"_blank\">t slot vs v slot<\/a><\/li>\r\r\n<li><a href=\"https:\/\/sinoextrud.com\/what-is-4040-aluminium-extrud\/\" target=\"_blank\">4040 aluminium extrusion<\/a><\/li>\r\r\n<li><a href=\"https:\/\/sinoextrud.com\/what-is-4040-aluminium-extrud\/\" target=\"_blank\">aluminum extrusions for industrial racks<\/a><\/li>\r\r\n<li><a href=\"https:\/\/sinoextrud.com\/powder-coating-aluminium-process\/\" target=\"_blank\">powder coating aluminium<\/a><\/li>\r\r\n<li><a href=\"https:\/\/sinoextrud.com\/what-is-an-aluminium-strip-ceiling\/\" target=\"_blank\">aluminium strip ceiling<\/a><\/li>\r\r\n<li><a href=\"https:\/\/sinoextrud.com\/what-is-a-heat-sink\/\" target=\"_blank\">what is a heat sink<\/a><\/li>\r\r\n<\/ul>","product_chanpin_chanpin":"<li><a href=\"https:\/\/sinoextrud.com\/product\/slotted-aluminium-extrusion\/\" target=\"_blank\">Slotted Aluminium Extrusion<\/a><\/li>\r\n<li><a href=\"https:\/\/sinoextrud.com\/product\/aluminum-extrusion-fabrication\/\" target=\"_blank\">Aluminum Extrusion Fabrication<\/a><\/li>\r\n<li><a href=\"https:\/\/sinoextrud.com\/product\/industrial-profile-systems\/\" target=\"_blank\">Industrial Profile Systems<\/a><\/li>\r\n<li><a href=\"https:\/\/sinoextrud.com\/product\/t-slot-extruded-aluminum-framing-systems\/\" target=\"_blank\">T Slot Extruded Aluminum Framing Systems<\/a><\/li>\r\n<li><a href=\"https:\/\/sinoextrud.com\/product\/aluminum-extrusions-milling-cutting-and-assembly\/\" target=\"_blank\">Aluminum Extrusions Milling Cutting and Assembly<\/a><\/li>\r\n<li><a href=\"https:\/\/sinoextrud.com\/product\/extruded-aluminium-cnc-machining-profile-and-anodized-surface-treatment-process\/\" target=\"_blank\">Extruded Aluminium CNC Machining profile and Anodized Surface Treatment Process<\/a><\/li>\r\n<li><a href=\"https:\/\/sinoextrud.com\/product\/aluminium-precision-cnc-fabrication-milling-process-deep-processing-machining-company\/\" target=\"_blank\">Aluminium precision CNC fabrication milling process deep processing machining company<\/a><\/li>\r\n<li><a href=\"https:\/\/sinoextrud.com\/product\/aluminum-cnc\/\" target=\"_blank\">Aluminum CNC<\/a><\/li>\r\n<li><a href=\"https:\/\/sinoextrud.com\/product\/aluminium-aerofoil-extrusion-oxidation-scrub-black\/\" target=\"_blank\">Aluminium Aerofoil Extrusion Oxidation Scrub Black<\/a><\/li>\r\n<li><a href=\"https:\/\/sinoextrud.com\/product\/aluminum-edge-trim-for-plywood\/\" target=\"_blank\">Aluminum Edge Trim For Plywood<\/a><\/li>\r\n<li><a href=\"https:\/\/sinoextrud.com\/product\/aluminium-sections-for-glazing\/\" target=\"_blank\">Aluminium Sections For Glazing<\/a><\/li>"},"feature_list":[]},"_links":{"self":[{"href":"https:\/\/sinoextrud.com\/da\/wp-json\/wp\/v2\/product\/8426","targetHints":{"allow":["GET"]}}],"collection":[{"href":"https:\/\/sinoextrud.com\/da\/wp-json\/wp\/v2\/product"}],"about":[{"href":"https:\/\/sinoextrud.com\/da\/wp-json\/wp\/v2\/types\/product"}],"wp:featuredmedia":[{"embeddable":true,"href":"https:\/\/sinoextrud.com\/da\/wp-json\/wp\/v2\/media\/8425"}],"wp:attachment":[{"href":"https:\/\/sinoextrud.com\/da\/wp-json\/wp\/v2\/media?parent=8426"}],"wp:term":[{"taxonomy":"category","embeddable":true,"href":"https:\/\/sinoextrud.com\/da\/wp-json\/wp\/v2\/categories?post=8426"}],"curies":[{"name":"wp","href":"https:\/\/api.w.org\/{rel}","templated":true}]}}