{"id":8418,"date":"2025-06-16T02:52:22","date_gmt":"2025-06-16T02:52:22","guid":{"rendered":"https:\/\/sinoextrud.com\/product\/slotted-aluminium-extrusion\/"},"modified":"2025-06-24T06:23:45","modified_gmt":"2025-06-24T06:23:45","slug":"aluminiumsprofiler-med-slidser","status":"publish","type":"product","link":"https:\/\/sinoextrud.com\/da\/product\/slotted-aluminium-extrusion\/","title":{"rendered":"Aluminiumsekstrudering med slidser"},"content":{"rendered":"<h2>Detaljer om produkter<\/h2>\n<table class=\"custom-table\">\n<tbody>\n<tr>\n<td> Model nr:<\/td>\n<td> Sinoextrud-8009 aluminiumsr\u00f8r med rille<\/td>\n<\/tr>\n<tr>\n<td> Overfladebehandling:<\/td>\n<td> Fr\u00e6sning<\/td>\n<\/tr>\n<tr>\n<td> Legering:<\/td>\n<td> Legering<\/td>\n<\/tr>\n<tr>\n<td> Materiale<\/td>\n<td> Aluminiumslegering 6060\/6061\/6063\/6005\/5083\/6082\/7n01<\/td>\n<\/tr>\n<tr>\n<td> Diameter:<\/td>\n<td> Max 300 mm<\/td>\n<\/tr>\n<tr>\n<td> Varem\u00e6rke:<\/td>\n<td> Sinoextrud<\/td>\n<\/tr>\n<tr>\n<td> Specifikation:<\/td>\n<td> i henhold til tegningerne<\/td>\n<\/tr>\n<tr>\n<td> Form:<\/td>\n<td> rektangel<\/td>\n<\/tr>\n<tr>\n<td> Karakter:<\/td>\n<td> 6000-serien<\/td>\n<\/tr>\n<tr>\n<td> Temperament:<\/td>\n<td> T3 - T8<\/td>\n<\/tr>\n<tr>\n<td> Tykkelse:<\/td>\n<td> Mere end 1 mm<\/td>\n<\/tr>\n<tr>\n<td> Karakteristisk:<\/td>\n<td> S\u00f8mr\u00f8r\/ Normalt r\u00f8r\/ R\u00f8r med rille<\/td>\n<\/tr>\n<tr>\n<td> Transportpakke:<\/td>\n<td> Normal sear\/ Luftpude<\/td>\n<\/tr>\n<tr>\n<td> Oprindelse:<\/td>\n<td> Kina<\/td>\n<\/tr>\n<\/tbody>\n<\/table>\n<h2>Vores produktionsbase<\/h2>\n<h3>Panorama over fabrikken<\/h3>\n<p><img decoding=\"async\" src=\"\/wp-content\/uploads\/factory-01.webp\"\/><\/p>\n<h3>V\u00e6rksted til fremstilling af aluminiumst\u00e6nger<\/h3>\n<p><img decoding=\"async\" src=\"\/wp-content\/uploads\/factory-02.webp\"\/><\/p>\n<p><img decoding=\"async\" src=\"\/wp-content\/uploads\/factory-03.webp\"\/><\/p>\n<h3>Lager til opbevaring af skimmelsvampe<\/h3>\n<p><img decoding=\"async\" src=\"\/wp-content\/uploads\/factory-04.webp\"\/><\/p>\n<h3>43 ekstruderingslinjer for aluminium (500-5500 ton)<\/h3>\n<p><img decoding=\"async\" src=\"\/wp-content\/uploads\/factory-05.webp\"\/><\/p>\n<p><img decoding=\"async\" src=\"\/wp-content\/uploads\/factory-06.webp\"\/><\/p>\n<p><img decoding=\"async\" src=\"\/wp-content\/uploads\/factory-07.webp\"\/><\/p>\n<h3>V\u00e6rksted for pulverlakering<\/h3>\n<p><img decoding=\"async\" src=\"\/wp-content\/uploads\/factory-09.webp\"\/><\/p>\n<h3>Anodiseringsv\u00e6rksted<\/h3>\n<p><img decoding=\"async\" src=\"\/wp-content\/uploads\/factory-10.webp\"\/><\/p>\n<h3>Workshop om dyb behandling<\/h3>\n<p><img decoding=\"async\" src=\"\/wp-content\/uploads\/factory-11.webp\"\/><\/p>\n<h3>V\u00e6rksted for CNC-pr\u00e6cisionsbearbejdning<\/h3>\n<p><img decoding=\"async\" src=\"\/wp-content\/uploads\/factory-11.5.webp\"\/><\/p>\n<h3>F\u00e6rdigvare- og eksportlager<\/h3>\n<p><img decoding=\"async\" src=\"\/wp-content\/uploads\/factory-12.webp\"\/><\/p>\n<p><img decoding=\"async\" src=\"\/wp-content\/uploads\/factory-13.webp\"\/><\/p>\n<p><img decoding=\"async\" src=\"\/wp-content\/uploads\/factory-14.webp\"\/><\/p>\n<h2>OFTE STILLEDE SP\u00d8RGSM\u00c5L<\/h2>\n<p><p><b>1. Hvad g\u00f8r ekstruderet aluminium med slidser ideelt til at bygge brugerdefinerede rammer og strukturer? <\/b><\/p>\n<p> Aluminiumsprofiler med slidser er nemme at samle og \u00e6ndre, s\u00e5 brugerne kan skabe tilpassede rammer og strukturer til forskellige form\u00e5l.<br \/>\n<\/p><br \/>\n<br \/>\n<p><b>2. Kan aluminiumsekstrudering med slidser tilpasses? <\/b><\/p>\n<p> Ja, aluminiumsprofiler med slidser kan tilpasses med hensyn til st\u00f8rrelse, l\u00e6ngde og design, s\u00e5 de passer til et projekts specifikke behov.<br \/>\n<\/p><br \/>\n<br \/>\n<p><b>3. Hvor holdbar er aluminiumsekstrudering med slidser? <\/b><\/p>\n<p> Det er meget holdbart med korrosionsbestandige egenskaber, der sikrer langvarig ydeevne selv i barske milj\u00f8er.<br \/>\n<\/p><br \/>\n<br \/>\n<p><b>4. Hvilke industrier har gavn af at bruge aluminiumsekstrudering med slidser? <\/b><\/p>\n<p> Brancher som automatisering, robotteknologi, produktion og byggeri bruger aluminiumsprofiler med slidser til at bygge rammer, st\u00f8tter og specialmaskiner.<br \/>\n<\/p><br \/>\n<br \/>\n<p><b>5. Er ekstruderet aluminium med slidser let at samle? <\/b><\/p>\n<p> Ja, det slidsede design g\u00f8r det nemt at montere, \u00e6ndre og afmontere, hvilket reducerer ops\u00e6tningstiden og giver fleksibilitet i fremtidige justeringer.<br \/>\n<\/p><br \/>\n<br \/>\n<p><b>6. Hvordan forbedrer aluminiumsekstrudering med slidser projekteffektiviteten? <\/b><\/p>\n<p> Dens modul\u00e6re karakter giver mulighed for hurtig montering og fremtidige \u00e6ndringer, hvilket g\u00f8r den til en fleksibel og effektiv l\u00f8sning til forskellige industrielle og kommercielle projekter.<br \/>\n<\/p><br \/>\n<br \/>\n<p><b>7. Er aluminiumsekstrudering med slidser milj\u00f8venlig? <\/b><\/p>\n<p> Ja, aluminium er fuldt ud genanvendeligt, hvilket g\u00f8r aluminiumsprofiler med slidser til et milj\u00f8venligt materiale til at skabe b\u00e6redygtige strukturer.<br \/>\n<\/p><br \/><\/p>","protected":false},"featured_media":8417,"template":"","categories":[54],"class_list":["post-8418","product","type-product","status-publish","has-post-thumbnail","hentry","category-industrial-aluminum-profiles"],"meta_box":{"hilight_text_group":{"product_hilight_text":"<li>Highly versatile slotted aluminium extrusion for building frames, structures, and custom applications<\/li>\r\r\n<li>Durable and corrosion-resistant, ensuring long-lasting reliability in various environments<\/li>\r\r\n<li>Easy to assemble, modify, and disassemble, offering flexibility for future adjustments<\/li>\r\r\n<li>Customizable sizes and designs to meet specific project requirements<\/li>\r\r\n<li>Lightweight yet strong, providing excellent support without excessive weight<\/li>\r\r\n<li>Cost-effective solution for creating robust, modular structures with minimal effort<\/li>\r\r\n<li>Environmentally friendly, made from fully recyclable aluminium material<\/li>","product_chanpin_blog":"<ul>\r\r\n<li><a href=\"https:\/\/sinoextrud.com\/t-slot-v-slot-differences\/\" target=\"_blank\">t slot vs v slot<\/a><\/li>\r\r\n<li><a href=\"https:\/\/sinoextrud.com\/what-is-4040-aluminium-extrud\/\" target=\"_blank\">4040 aluminium extrusion<\/a><\/li>\r\r\n<li><a href=\"https:\/\/sinoextrud.com\/what-is-4040-aluminium-extrud\/\" target=\"_blank\">aluminum extrusions for industrial racks<\/a><\/li>\r\r\n<li><a href=\"https:\/\/sinoextrud.com\/powder-coating-aluminium-process\/\" target=\"_blank\">powder coating aluminium<\/a><\/li>\r\r\n<li><a href=\"https:\/\/sinoextrud.com\/what-is-an-aluminium-strip-ceiling\/\" target=\"_blank\">aluminium strip ceiling<\/a><\/li>\r\r\n<li><a href=\"https:\/\/sinoextrud.com\/what-is-a-heat-sink\/\" target=\"_blank\">what is a heat sink<\/a><\/li>\r\r\n<\/ul>","product_chanpin_chanpin":"<li><a href=\"https:\/\/sinoextrud.com\/product\/round-extruded-aluminum\/\" target=\"_blank\">Round Extruded Aluminum<\/a><\/li>\r\n<li><a href=\"https:\/\/sinoextrud.com\/product\/aluminium-lightbox-extrusion\/\" target=\"_blank\">Aluminium Lightbox Extrusion<\/a><\/li>\r\n<li><a href=\"https:\/\/sinoextrud.com\/product\/extruded-aluminum-t-track\/\" target=\"_blank\">Extruded Aluminum T Track<\/a><\/li>\r\n<li><a href=\"https:\/\/sinoextrud.com\/product\/modular-aluminum-profiles-machine-hand-robot-hand-manipulator\/\" target=\"_blank\">Modular Aluminum Profiles Machine Hand Robot Hand Manipulator<\/a><\/li>\r\n<li><a href=\"https:\/\/sinoextrud.com\/product\/slotted-aluminium-extrusion\/\" target=\"_blank\">Slotted Aluminium Extrusion<\/a><\/li>\r\n<li><a href=\"https:\/\/sinoextrud.com\/product\/aluminum-extrusion-fabrication\/\" target=\"_blank\">Aluminum Extrusion Fabrication<\/a><\/li>\r\n<li><a href=\"https:\/\/sinoextrud.com\/product\/industrial-profile-systems\/\" target=\"_blank\">Industrial Profile Systems<\/a><\/li>\r\n<li><a href=\"https:\/\/sinoextrud.com\/product\/t-slot-extruded-aluminum-framing-systems\/\" target=\"_blank\">T Slot Extruded Aluminum Framing Systems<\/a><\/li>\r\n<li><a href=\"https:\/\/sinoextrud.com\/product\/aluminum-extrusions-milling-cutting-and-assembly\/\" target=\"_blank\">Aluminum Extrusions Milling Cutting and Assembly<\/a><\/li>\r\n<li><a href=\"https:\/\/sinoextrud.com\/product\/6061-aluminum-extrusion-round-tube-for-industry\/\" target=\"_blank\">6061 Aluminum Extrusion Round Tube For Industry<\/a><\/li>\r\n<li><a href=\"https:\/\/sinoextrud.com\/product\/6063-anodized-road-case-aluminum-extrusions\/\" target=\"_blank\">6063 Anodized Road Case Aluminum Extrusions<\/a><\/li>"},"feature_list":[]},"_links":{"self":[{"href":"https:\/\/sinoextrud.com\/da\/wp-json\/wp\/v2\/product\/8418","targetHints":{"allow":["GET"]}}],"collection":[{"href":"https:\/\/sinoextrud.com\/da\/wp-json\/wp\/v2\/product"}],"about":[{"href":"https:\/\/sinoextrud.com\/da\/wp-json\/wp\/v2\/types\/product"}],"wp:featuredmedia":[{"embeddable":true,"href":"https:\/\/sinoextrud.com\/da\/wp-json\/wp\/v2\/media\/8417"}],"wp:attachment":[{"href":"https:\/\/sinoextrud.com\/da\/wp-json\/wp\/v2\/media?parent=8418"}],"wp:term":[{"taxonomy":"category","embeddable":true,"href":"https:\/\/sinoextrud.com\/da\/wp-json\/wp\/v2\/categories?post=8418"}],"curies":[{"name":"wp","href":"https:\/\/api.w.org\/{rel}","templated":true}]}}