{"id":8392,"date":"2025-06-16T01:46:29","date_gmt":"2025-06-16T01:46:29","guid":{"rendered":"https:\/\/sinoextrud.com\/product\/aluminum-boat-extrusions-6082\/"},"modified":"2025-06-24T06:23:41","modified_gmt":"2025-06-24T06:23:41","slug":"ekstruderede-aluminiumsbade-6082","status":"publish","type":"product","link":"https:\/\/sinoextrud.com\/da\/product\/aluminum-boat-extrusions-6082\/","title":{"rendered":"Ekstruderede aluminiumsb\u00e5de 6082"},"content":{"rendered":"<h2>Detaljer om produkter<\/h2>\n<table class=\"custom-table\">\n<tbody>\n<tr>\n<td> Model NO.<\/td>\n<td> 6000-serienB\u00e5dprofiler i aluminium 6082<\/td>\n<td> Overfladebehandling<\/td>\n<td> Spr\u00f8jtning med pulver<\/td>\n<\/tr>\n<tr>\n<td> Legeringsingrediens<\/td>\n<td> 6063<\/td>\n<td> Certificering<\/td>\n<td> CE, SONCAP, ISO, CIQ, RoHS, TUV<\/td>\n<\/tr>\n<tr>\n<td> Poleret aluminiumsprofil<\/td>\n<td> Mekanisk polering<\/td>\n<td> Materiale<\/td>\n<td> 6063-T5, 6061-T6, 6463-T5, 7075-T6, 6082<\/td>\n<\/tr>\n<tr>\n<td> Form\u00e5l<\/td>\n<td> M\u00f8bler, vinduer og d\u00f8re, dekorationer, industri<\/td>\n<td> MOQ<\/td>\n<td> 200 kg for hver profil<\/td>\n<\/tr>\n<tr>\n<td> OEM-service<\/td>\n<td> Baseret p\u00e5 kundedesignede tegninger eller pr\u00f8ver<\/td>\n<td> Overfladebehandling<\/td>\n<td> Anodiseret \/ elektroforese \/ pulverlakering osv.<\/td>\n<\/tr>\n<tr>\n<td> Dyb forarbejdning<\/td>\n<td> Stansning, boring, gevindsk\u00e6ring, bukning<\/td>\n<td> Leveringstid<\/td>\n<td> 25-30 dage efter at pr\u00f8ven er bekr\u00e6ftet af k\u00f8berne<\/td>\n<\/tr>\n<tr>\n<td> Afregningsperiode<\/td>\n<td> Den endelige betaling skal baseres p\u00e5 den endelige faktiske fysiologi.<\/td>\n<td> Produktionsgaranti<\/td>\n<td> Overfladefarven kan holde i 10~20 \u00e5r<\/td>\n<\/tr>\n<tr>\n<td> Havn<\/td>\n<td> Fob Shenzhen, Guangzhou, Foshan<\/td>\n<td> Varem\u00e6rke<\/td>\n<td> Sinoextrud &amp; Sinoextrud<\/td>\n<\/tr>\n<tr>\n<td> Transportpakke<\/td>\n<td> Normal eller tilpasset<\/td>\n<td> Specifikation<\/td>\n<td> I henhold til kundernes krav<\/td>\n<\/tr>\n<tr>\n<td> Oprindelse<\/td>\n<td> Det kinesiske fastland<\/td>\n<td> HS-kode<\/td>\n<td> 76042100<\/td>\n<\/tr>\n<\/tbody>\n<\/table>\n<h2>Vores produktionsbase<\/h2>\n<h3>Panorama over fabrikken<\/h3>\n<p><img decoding=\"async\" src=\"\/wp-content\/uploads\/factory-01.webp\"\/><\/p>\n<h3>V\u00e6rksted til fremstilling af aluminiumst\u00e6nger<\/h3>\n<p><img decoding=\"async\" src=\"\/wp-content\/uploads\/factory-02.webp\"\/><\/p>\n<p><img decoding=\"async\" src=\"\/wp-content\/uploads\/factory-03.webp\"\/><\/p>\n<h3>Lager til opbevaring af skimmelsvampe<\/h3>\n<p><img decoding=\"async\" src=\"\/wp-content\/uploads\/factory-04.webp\"\/><\/p>\n<h3>43 ekstruderingslinjer for aluminium (500-5500 ton)<\/h3>\n<p><img decoding=\"async\" src=\"\/wp-content\/uploads\/factory-05.webp\"\/><\/p>\n<p><img decoding=\"async\" src=\"\/wp-content\/uploads\/factory-06.webp\"\/><\/p>\n<p><img decoding=\"async\" src=\"\/wp-content\/uploads\/factory-07.webp\"\/><\/p>\n<h3>V\u00e6rksted for pulverlakering<\/h3>\n<p><img decoding=\"async\" src=\"\/wp-content\/uploads\/factory-09.webp\"\/><\/p>\n<h3>Anodiseringsv\u00e6rksted<\/h3>\n<p><img decoding=\"async\" src=\"\/wp-content\/uploads\/factory-10.webp\"\/><\/p>\n<h3>Workshop om dyb behandling<\/h3>\n<p><img decoding=\"async\" src=\"\/wp-content\/uploads\/factory-11.webp\"\/><\/p>\n<h3>V\u00e6rksted for CNC-pr\u00e6cisionsbearbejdning<\/h3>\n<p><img decoding=\"async\" src=\"\/wp-content\/uploads\/factory-11.5.webp\"\/><\/p>\n<h3>F\u00e6rdigvare- og eksportlager<\/h3>\n<p><img decoding=\"async\" src=\"\/wp-content\/uploads\/factory-12.webp\"\/><\/p>\n<p><img decoding=\"async\" src=\"\/wp-content\/uploads\/factory-13.webp\"\/><\/p>\n<p><img decoding=\"async\" src=\"\/wp-content\/uploads\/factory-14.webp\"\/><\/p>\n<h2>OFTE STILLEDE SP\u00d8RGSM\u00c5L<\/h2>\n<p><p><b>1. Hvad bruges aluminiumsb\u00e5dprofiler 6082 til? <\/b><\/p>\n<p> B\u00e5dprofiler af aluminium 6082 bruges i marinekonstruktioner til indramning, strukturel forst\u00e6rkning og komponentst\u00f8tte p\u00e5 grund af deres styrke og korrosionsbestandighed.<br \/>\n<\/p><br \/>\n<br \/>\n<p><b>2. Hvorfor er 6082 aluminium velegnet til marine applikationer? <\/b><\/p>\n<p> 6082-aluminium har fremragende korrosionsbestandighed i saltvand, h\u00f8j mekanisk styrke og god svejsbarhed, hvilket g\u00f8r det ideelt til b\u00e5debyggeri.<br \/>\n<\/p><br \/>\n<br \/>\n<p><b>3. kan 6082 aluminiumsprofiler tilpasses? <\/b><\/p>\n<p> Ja, vi tilbyder tilpassede former, l\u00e6ngder og overflader for at opfylde specifikke design- og strukturkrav til marineprojekter.<br \/>\n<\/p><br \/>\n<br \/>\n<p><b>4. Er 6082 aluminium let at svejse til b\u00e5dmontering? <\/b><\/p>\n<p> Absolut, 6082-aluminium har fremragende svejsbarhed, hvilket forenkler fremstilling og reparation i b\u00e5dproduktion.<br \/>\n<\/p><br \/>\n<br \/>\n<p><b>5. Hvordan gavner brugen af 6082 aluminium b\u00e5dens ydeevne? <\/b><\/p>\n<p> Den lette karakter af 6082-aluminium reducerer b\u00e5dens v\u00e6gt, forbedrer hastigheden og br\u00e6ndstofeffektiviteten og forbedrer h\u00e5ndteringen.<br \/>\n<\/p><br \/>\n<br \/>\n<p><b>6. Er aluminiumsprofiler 6082 modstandsdygtige over for havvand? <\/b><\/p>\n<p> Ja, 6082-aluminium er meget modstandsdygtigt over for korrosion i havmilj\u00f8er, herunder langvarig eksponering for saltvand.<br \/>\n<\/p><br \/>\n<br \/>\n<p><b>7. Hvilke typer b\u00e5dkomponenter kan laves med 6082-profiler? <\/b><\/p>\n<p> Almindelige anvendelser omfatter skrogrammer, d\u00e6kst\u00f8tter, r\u00e6kv\u00e6rk, beslag og trimdele i b\u00e5de kommercielle b\u00e5de og fritidsb\u00e5de.<br \/>\n<\/p><br \/><\/p>","protected":false},"featured_media":8391,"template":"","categories":[54],"class_list":["post-8392","product","type-product","status-publish","has-post-thumbnail","hentry","category-industrial-aluminum-profiles"],"meta_box":{"hilight_text_group":{"product_hilight_text":"<li>Made from 6082 aluminum alloy for high strength and excellent corrosion resistance.<\/li>\r\r\n<li>Ideal for marine environments due to its seawater-resistant properties.<\/li>\r\r\n<li>Lightweight material reduces overall boat weight and improves fuel efficiency.<\/li>\r\r\n<li>Excellent weldability for easy boat assembly and repairs.<\/li>\r\r\n<li>Available in various extruded shapes for structural and decorative marine use.<\/li>\r\r\n<li>Precision extrusion ensures consistent dimensions and easy fabrication.<\/li>\r\r\n<li>Long service life with minimal maintenance in harsh saltwater conditions.<\/li>","product_chanpin_blog":"<ul>\r\r\n<li><a href=\"https:\/\/sinoextrud.com\/t-slot-v-slot-differences\/\" target=\"_blank\">t slot vs v slot<\/a><\/li>\r\r\n<li><a href=\"https:\/\/sinoextrud.com\/what-is-4040-aluminium-extrud\/\" target=\"_blank\">4040 aluminium extrusion<\/a><\/li>\r\r\n<li><a href=\"https:\/\/sinoextrud.com\/what-is-4040-aluminium-extrud\/\" target=\"_blank\">aluminum extrusions for industrial racks<\/a><\/li>\r\r\n<li><a href=\"https:\/\/sinoextrud.com\/powder-coating-aluminium-process\/\" target=\"_blank\">powder coating aluminium<\/a><\/li>\r\r\n<li><a href=\"https:\/\/sinoextrud.com\/what-is-an-aluminium-strip-ceiling\/\" target=\"_blank\">aluminium strip ceiling<\/a><\/li>\r\r\n<li><a href=\"https:\/\/sinoextrud.com\/what-is-a-heat-sink\/\" target=\"_blank\">what is a heat sink<\/a><\/li>\r\r\n<\/ul>","product_chanpin_chanpin":"<li><a href=\"https:\/\/sinoextrud.com\/product\/stock-aluminum-extrusion-profiles\/\" target=\"_blank\">Stock Aluminum Extrusion Profiles<\/a><\/li>\r\n<li><a href=\"https:\/\/sinoextrud.com\/product\/the-hinges-of-aluminium-clean-room\/\" target=\"_blank\">The Hinges Of Aluminium Clean Room<\/a><\/li>\r\n<li><a href=\"https:\/\/sinoextrud.com\/product\/special-aluminium-profiles-heat-sink-aluminum\/\" target=\"_blank\">Special Aluminium Profiles Heat Sink Aluminum<\/a><\/li>\r\n<li><a href=\"https:\/\/sinoextrud.com\/product\/t-slot-aluminium-profile\/\" target=\"_blank\">T Slot Aluminium Profile<\/a><\/li>\r\n<li><a href=\"https:\/\/sinoextrud.com\/product\/aluminum-boat-extrusions-6082\/\" target=\"_blank\">Aluminum Boat Extrusions 6082<\/a><\/li>\r\n<li><a href=\"https:\/\/sinoextrud.com\/product\/aluminum-car-pedal-anodized-silver\/\" target=\"_blank\">Aluminum Car Pedal Anodized Silver<\/a><\/li>\r\n<li><a href=\"https:\/\/sinoextrud.com\/product\/aluminum-frame-extrusion-profiles\/\" target=\"_blank\">Aluminum Frame Extrusion Profiles<\/a><\/li>\r\n<li><a href=\"https:\/\/sinoextrud.com\/product\/aluminum-t-slot-channel\/\" target=\"_blank\">Aluminum T Slot Channel<\/a><\/li>\r\n<li><a href=\"https:\/\/sinoextrud.com\/product\/c-beam-aluminum-extrusion\/\" target=\"_blank\">C Beam Aluminum Extrusion<\/a><\/li>\r\n<li><a href=\"https:\/\/sinoextrud.com\/product\/cnc-anodized-6063-curved-aluminum-extrusions\/\" target=\"_blank\">CNC Anodized 6063 Curved Aluminum Extrusions<\/a><\/li>\r\n<li><a href=\"https:\/\/sinoextrud.com\/product\/round-aluminum-extrusion-profiles\/\" target=\"_blank\">Round Aluminum Extrusion Profiles<\/a><\/li>"},"feature_list":[]},"_links":{"self":[{"href":"https:\/\/sinoextrud.com\/da\/wp-json\/wp\/v2\/product\/8392","targetHints":{"allow":["GET"]}}],"collection":[{"href":"https:\/\/sinoextrud.com\/da\/wp-json\/wp\/v2\/product"}],"about":[{"href":"https:\/\/sinoextrud.com\/da\/wp-json\/wp\/v2\/types\/product"}],"wp:featuredmedia":[{"embeddable":true,"href":"https:\/\/sinoextrud.com\/da\/wp-json\/wp\/v2\/media\/8391"}],"wp:attachment":[{"href":"https:\/\/sinoextrud.com\/da\/wp-json\/wp\/v2\/media?parent=8392"}],"wp:term":[{"taxonomy":"category","embeddable":true,"href":"https:\/\/sinoextrud.com\/da\/wp-json\/wp\/v2\/categories?post=8392"}],"curies":[{"name":"wp","href":"https:\/\/api.w.org\/{rel}","templated":true}]}}