{"id":8387,"date":"2025-06-16T01:41:58","date_gmt":"2025-06-16T01:41:58","guid":{"rendered":"https:\/\/sinoextrud.com\/product\/special-aluminium-profiles-heat-sink-aluminum\/"},"modified":"2025-06-24T06:23:41","modified_gmt":"2025-06-24T06:23:41","slug":"saerlige-aluminiumsprofiler-koleplade-aluminium","status":"publish","type":"product","link":"https:\/\/sinoextrud.com\/da\/product\/special-aluminium-profiles-heat-sink-aluminum\/","title":{"rendered":"S\u00e6rlige aluminiumsprofiler K\u00f8leplade af aluminium"},"content":{"rendered":"<h2>Detaljer om produkter<\/h2>\n<table class=\"custom-table\">\n<tbody>\n<tr>\n<td> Produktets navn<\/td>\n<td> Specielle aluminiumsprofiler k\u00f8leprofiler af aluminiumsekstrudering<\/td>\n<\/tr>\n<tr>\n<td> Aluminiumslegering<\/td>\n<td> 6063-T5, eller tilpasning<\/td>\n<\/tr>\n<tr>\n<td> Overfladebehandling<\/td>\n<td> F\u00e6rdigbehandlet eller tilpasset<\/td>\n<\/tr>\n<tr>\n<td> Farve<\/td>\n<td> F\u00e6rdigbehandlet eller tilpasset<\/td>\n<\/tr>\n<tr>\n<td> St\u00f8rrelse<\/td>\n<td> CNC eller tilpasning<\/td>\n<\/tr>\n<tr>\n<td> Anvendelse<\/td>\n<td> k\u00f8leplade i aluminium til elektrisk maskine, motor, udstyr, ect<\/td>\n<\/tr>\n<tr>\n<td> Brand<\/td>\n<td> Sinoextrud \/ Sinoextrud \/ Sinoextrud Aluminium<\/td>\n<\/tr>\n<tr>\n<td> Oprindelse<\/td>\n<td> Foshan, Kina<\/td>\n<\/tr>\n<\/tbody>\n<\/table>\n<h2>Vores produktionsbase<\/h2>\n<h3>Panorama over fabrikken<\/h3>\n<p><img decoding=\"async\" src=\"\/wp-content\/uploads\/factory-01.webp\"\/><\/p>\n<h3>V\u00e6rksted til fremstilling af aluminiumst\u00e6nger<\/h3>\n<p><img decoding=\"async\" src=\"\/wp-content\/uploads\/factory-02.webp\"\/><\/p>\n<p><img decoding=\"async\" src=\"\/wp-content\/uploads\/factory-03.webp\"\/><\/p>\n<h3>Lager til opbevaring af skimmelsvampe<\/h3>\n<p><img decoding=\"async\" src=\"\/wp-content\/uploads\/factory-04.webp\"\/><\/p>\n<h3>43 ekstruderingslinjer for aluminium (500-5500 ton)<\/h3>\n<p><img decoding=\"async\" src=\"\/wp-content\/uploads\/factory-05.webp\"\/><\/p>\n<p><img decoding=\"async\" src=\"\/wp-content\/uploads\/factory-06.webp\"\/><\/p>\n<p><img decoding=\"async\" src=\"\/wp-content\/uploads\/factory-07.webp\"\/><\/p>\n<h3>V\u00e6rksted for pulverlakering<\/h3>\n<p><img decoding=\"async\" src=\"\/wp-content\/uploads\/factory-09.webp\"\/><\/p>\n<h3>Anodiseringsv\u00e6rksted<\/h3>\n<p><img decoding=\"async\" src=\"\/wp-content\/uploads\/factory-10.webp\"\/><\/p>\n<h3>Workshop om dyb behandling<\/h3>\n<p><img decoding=\"async\" src=\"\/wp-content\/uploads\/factory-11.webp\"\/><\/p>\n<h3>V\u00e6rksted for CNC-pr\u00e6cisionsbearbejdning<\/h3>\n<p><img decoding=\"async\" src=\"\/wp-content\/uploads\/factory-11.5.webp\"\/><\/p>\n<h3>F\u00e6rdigvare- og eksportlager<\/h3>\n<p><img decoding=\"async\" src=\"\/wp-content\/uploads\/factory-12.webp\"\/><\/p>\n<p><img decoding=\"async\" src=\"\/wp-content\/uploads\/factory-13.webp\"\/><\/p>\n<p><img decoding=\"async\" src=\"\/wp-content\/uploads\/factory-14.webp\"\/><\/p>\n<h2>OFTE STILLEDE SP\u00d8RGSM\u00c5L<\/h2>\n<p><p><b>1. Hvad bruges s\u00e6rlige aluminiumsprofiler til?<\/b><\/p>\n<p>Specielle aluminiumsprofiler Heat Sink Aluminium bruges til termisk styring i elektroniske enheder, industrimaskiner og andre applikationer, der kr\u00e6ver effektiv varmeafledning.<br \/>\n<\/p><br \/>\n<br \/>\n<p><b>2. Hvordan forbedrer aluminiumsprofilen varmeafledningen?<\/b><\/p>\n<p>Det avancerede design af Special Aluminium Profiles Heat Sink Aluminium maksimerer overfladearealet, hvilket giver bedre luftgennemstr\u00f8mning og mere effektiv varmeoverf\u00f8rsel fra elektroniske komponenter.<br \/>\n<\/p><br \/>\n<br \/>\n<p><b>3. kan specielle aluminiumsprofiler k\u00f8lepladealuminium tilpasses?<\/b><\/p>\n<p>Ja, disse profiler kan i h\u00f8j grad tilpasses, s\u00e5 de passer til specifikke behov for varmestyring og sikrer optimal ydeevne til forskellige anvendelser.<br \/>\n<\/p><br \/>\n<br \/>\n<p><b>4. Hvorfor bruges aluminium til k\u00f8lelegemer?<\/b><\/p>\n<p>Aluminium er en fremragende varmeleder og er let, holdbar og korrosionsbestandig, hvilket g\u00f8r det til et ideelt materiale til k\u00f8leprofiler i forskellige anvendelser.<br \/>\n<\/p><br \/>\n<br \/>\n<p><b>5. Hvordan gavner korrosionsbestandighed applikationer med k\u00f8leplader?<\/b><\/p>\n<p>Aluminiums korrosionsbestandige egenskaber sikrer, at k\u00f8lepladen bevarer sin effektivitet og sit udseende over tid, selv i barske milj\u00f8er.<br \/>\n<\/p><br \/>\n<br \/>\n<p><b>6. Er de s\u00e6rlige aluminiumsprofiler Heat Sink Aluminium nemme at integrere i eksisterende systemer?<\/b><\/p>\n<p>Ja, disse aluminiumsprofiler er designet til at v\u00e6re nemme at integrere, s\u00e5 brugerne kan forbedre effektiviteten af deres varmestyringssystemer med minimale justeringer.<br \/>\n<\/p><br \/>\n<br \/>\n<p><b>7. Hvilke industrier drager fordel af specialaluminiumprofiler i aluminium?<\/b><\/p>\n<p>Brancher som elektronik, bilindustrien, vedvarende energi og industrimaskiner nyder godt af disse aluminiumsprofilers overlegne varmeafledning og ydeevne, n\u00e5r det g\u00e6lder h\u00e5ndtering af varme.<br \/>\n<\/p><br \/><\/p>","protected":false},"featured_media":8386,"template":"","categories":[54],"class_list":["post-8387","product","type-product","status-publish","has-post-thumbnail","hentry","category-industrial-aluminum-profiles"],"meta_box":{"hilight_text_group":{"product_hilight_text":"<li>Highly efficient heat dissipation with advanced aluminum profiles design.<\/li>\r\r\n<li>Durable and lightweight material ideal for various electronic and industrial applications.<\/li>\r\r\n<li>Customizable profiles to meet specific thermal management requirements.<\/li>\r\r\n<li>Corrosion-resistant aluminum ensures long-lasting performance in various environments.<\/li>\r\r\n<li>Easy integration into existing systems, enhancing the overall efficiency of cooling systems.<\/li>","product_chanpin_blog":"<ul>\r\r\n<li><a href=\"https:\/\/sinoextrud.com\/t-slot-v-slot-differences\/\" target=\"_blank\">t slot vs v slot<\/a><\/li>\r\r\n<li><a href=\"https:\/\/sinoextrud.com\/what-is-4040-aluminium-extrud\/\" target=\"_blank\">4040 aluminium extrusion<\/a><\/li>\r\r\n<li><a href=\"https:\/\/sinoextrud.com\/what-is-4040-aluminium-extrud\/\" target=\"_blank\">aluminum extrusions for industrial racks<\/a><\/li>\r\r\n<li><a href=\"https:\/\/sinoextrud.com\/powder-coating-aluminium-process\/\" target=\"_blank\">powder coating aluminium<\/a><\/li>\r\r\n<li><a href=\"https:\/\/sinoextrud.com\/what-is-an-aluminium-strip-ceiling\/\" target=\"_blank\">aluminium strip ceiling<\/a><\/li>\r\r\n<li><a href=\"https:\/\/sinoextrud.com\/what-is-a-heat-sink\/\" target=\"_blank\">what is a heat sink<\/a><\/li>\r\r\n<\/ul>","product_chanpin_chanpin":"<li><a href=\"https:\/\/sinoextrud.com\/product\/extruded-aluminum-triangle-electrical-instrument-shell-housing\/\" target=\"_blank\">Extruded Aluminum Triangle Electrical Instrument Shell Housing<\/a><\/li>\r\n<li><a href=\"https:\/\/sinoextrud.com\/product\/l-shape-aluminum-angle-profile\/\" target=\"_blank\">L Shape Aluminum Angle Profile<\/a><\/li>\r\n<li><a href=\"https:\/\/sinoextrud.com\/product\/stock-aluminum-extrusion-profiles\/\" target=\"_blank\">Stock Aluminum Extrusion Profiles<\/a><\/li>\r\n<li><a href=\"https:\/\/sinoextrud.com\/product\/the-hinges-of-aluminium-clean-room\/\" target=\"_blank\">The Hinges Of Aluminium Clean Room<\/a><\/li>\r\n<li><a href=\"https:\/\/sinoextrud.com\/product\/special-aluminium-profiles-heat-sink-aluminum\/\" target=\"_blank\">Special Aluminium Profiles Heat Sink Aluminum<\/a><\/li>\r\n<li><a href=\"https:\/\/sinoextrud.com\/product\/t-slot-aluminium-profile\/\" target=\"_blank\">T Slot Aluminium Profile<\/a><\/li>\r\n<li><a href=\"https:\/\/sinoextrud.com\/product\/aluminum-boat-extrusions-6082\/\" target=\"_blank\">Aluminum Boat Extrusions 6082<\/a><\/li>\r\n<li><a href=\"https:\/\/sinoextrud.com\/product\/aluminum-car-pedal-anodized-silver\/\" target=\"_blank\">Aluminum Car Pedal Anodized Silver<\/a><\/li>\r\n<li><a href=\"https:\/\/sinoextrud.com\/product\/aluminum-frame-extrusion-profiles\/\" target=\"_blank\">Aluminum Frame Extrusion Profiles<\/a><\/li>\r\n<li><a href=\"https:\/\/sinoextrud.com\/product\/aluminum-profile-connector\/\" target=\"_blank\">Aluminum Profile Connector<\/a><\/li>\r\n<li><a href=\"https:\/\/sinoextrud.com\/product\/aluminum-tube-framing\/\" target=\"_blank\">Aluminum Tube Framing<\/a><\/li>"},"feature_list":[]},"_links":{"self":[{"href":"https:\/\/sinoextrud.com\/da\/wp-json\/wp\/v2\/product\/8387","targetHints":{"allow":["GET"]}}],"collection":[{"href":"https:\/\/sinoextrud.com\/da\/wp-json\/wp\/v2\/product"}],"about":[{"href":"https:\/\/sinoextrud.com\/da\/wp-json\/wp\/v2\/types\/product"}],"wp:featuredmedia":[{"embeddable":true,"href":"https:\/\/sinoextrud.com\/da\/wp-json\/wp\/v2\/media\/8386"}],"wp:attachment":[{"href":"https:\/\/sinoextrud.com\/da\/wp-json\/wp\/v2\/media?parent=8387"}],"wp:term":[{"taxonomy":"category","embeddable":true,"href":"https:\/\/sinoextrud.com\/da\/wp-json\/wp\/v2\/categories?post=8387"}],"curies":[{"name":"wp","href":"https:\/\/api.w.org\/{rel}","templated":true}]}}