{"id":8383,"date":"2025-06-16T01:40:07","date_gmt":"2025-06-16T01:40:07","guid":{"rendered":"https:\/\/sinoextrud.com\/product\/the-hinges-of-aluminium-clean-room\/"},"modified":"2025-06-24T06:23:40","modified_gmt":"2025-06-24T06:23:40","slug":"aluminiumsrenrummets-haengsler","status":"publish","type":"product","link":"https:\/\/sinoextrud.com\/da\/product\/the-hinges-of-aluminium-clean-room\/","title":{"rendered":"H\u00e6ngslerne i renrum af aluminium"},"content":{"rendered":"<h2>Detaljer om produkter<\/h2>\n<table class=\"custom-table\">\n<tr>\n<td class=\"label\">Aluminiumprofiler<\/td>\n<td>Materiale: aluminiumslegering6063-T5<br \/>\nOverfladebehandling: pulverlakering, anodisering osv.<br \/>\nFarve: tilpasset<br \/>\nTykkelse: 1,0 mm\/1,2 mm\/1,4 mm\/2,0 mm<\/td>\n<\/tr>\n<tr>\n<td class=\"label\">Glas<\/td>\n<td>Materiale: Aluminiumsprofil til renrum \uff0c h\u00e6ngslerne i aluminiumsrenrum<br \/>\nFarve: klar\/gr\u00e5\/gr\u00f8n\/frostet<br \/>\nThickness:insulatingglass5+9A+56+12A+6<br \/>\nEnkelt: 3 mm til 12 mm<br \/>\nTredobbelt: 5+6A+5+6A+5<\/td>\n<\/tr>\n<tr>\n<td class=\"label\">Forsegling<\/td>\n<td>Gummi<\/td>\n<\/tr>\n<tr>\n<td class=\"label\">Hardware<\/td>\n<td>tilpasset<\/td>\n<\/tr>\n<tr>\n<td class=\"label\">Pakke<\/td>\n<td>1) film, kraftpapir<br \/>\n2) tr\u00e6kasse<br \/>\n3) tilpasset<\/td>\n<\/tr>\n<\/table>\n<h2>Vores produktionsbase<\/h2>\n<h3>Panorama over fabrikken<\/h3>\n<p><img decoding=\"async\" src=\"\/wp-content\/uploads\/factory-01.webp\"\/><\/p>\n<h3>V\u00e6rksted til fremstilling af aluminiumst\u00e6nger<\/h3>\n<p><img decoding=\"async\" src=\"\/wp-content\/uploads\/factory-02.webp\"\/><\/p>\n<\/p>\n<p><img decoding=\"async\" src=\"\/wp-content\/uploads\/factory-03.webp\"\/><\/p>\n<h3>Lager til opbevaring af skimmelsvampe<\/h3>\n<p><img decoding=\"async\" src=\"\/wp-content\/uploads\/factory-04.webp\"\/><\/p>\n<h3>43 ekstruderingslinjer for aluminium (500-5500 ton)<\/h3>\n<p><img decoding=\"async\" src=\"\/wp-content\/uploads\/factory-05.webp\"\/><\/p>\n<p><img decoding=\"async\" src=\"\/wp-content\/uploads\/factory-06.webp\"\/><\/p>\n<p><img decoding=\"async\" src=\"\/wp-content\/uploads\/factory-07.webp\"\/><\/p>\n<h3>V\u00e6rksted for pulverlakering<\/h3>\n<p><img decoding=\"async\" src=\"\/wp-content\/uploads\/factory-09.webp\"\/><\/p>\n<h3>Anodiseringsv\u00e6rksted<\/h3>\n<p><img decoding=\"async\" src=\"\/wp-content\/uploads\/factory-10.webp\"\/><\/p>\n<h3>Workshop om dyb behandling<\/h3>\n<p><img decoding=\"async\" src=\"\/wp-content\/uploads\/factory-11.webp\"\/><\/p>\n<h3>V\u00e6rksted for CNC-pr\u00e6cisionsbearbejdning<\/h3>\n<p><img decoding=\"async\" src=\"\/wp-content\/uploads\/factory-11.5.webp\"\/><\/p>\n<h3>F\u00e6rdigvare- og eksportlager<\/h3>\n<p><img decoding=\"async\" src=\"\/wp-content\/uploads\/factory-12.webp\"\/><\/p>\n<p><img decoding=\"async\" src=\"\/wp-content\/uploads\/factory-13.webp\"\/><\/p>\n<p><img decoding=\"async\" src=\"\/wp-content\/uploads\/factory-14.webp\"\/><\/p>\n<h2>OFTE STILLEDE SP\u00d8RGSM\u00c5L<\/h2>\n<p><b>1. Hvad er fordelene ved aluminiumsh\u00e6ngsler til renrum?<\/b><\/p>\n<p>Aluminiumsh\u00e6ngsler giver styrke, korrosionsbestandighed og holdbarhed, hvilket g\u00f8r dem ideelle til at opretholde hygiejne og p\u00e5lidelighed i renrumsmilj\u00f8er.\n<\/p>\n<p><\/p>\n<p><b>2. Hvorfor er korrosionsbestandighed vigtig for renrumsh\u00e6ngsler?<\/b><\/p>\n<p>Korrosionsbestandighed sikrer, at h\u00e6ngslerne forbliver funktionelle og rene uden at blive nedbrudt over tid, hvilket hj\u00e6lper med at opretholde de strenge standarder, der kr\u00e6ves i renrum.\n<\/p>\n<p><\/p>\n<p><b>3. Hvordan forbedrer aluminiumsh\u00e6ngsler renrumsd\u00f8rens ydeevne?<\/b><\/p>\n<p>Aluminiumsh\u00e6ngsler giver j\u00e6vn drift, reducerer slitage og minimerer behovet for vedligeholdelse, hvilket sikrer ensartet d\u00f8rfunktion i renrum.\n<\/p>\n<p><\/p>\n<p><b>4. Er aluminiumsh\u00e6ngsler til renrum nemme at installere?<\/b><\/p>\n<p>Ja, renrumsh\u00e6ngsler i aluminium er designet til nem installation, hvilket reducerer installationstiden og sikrer, at renrumsd\u00f8ren fungerer effektivt.\n<\/p>\n<p><\/p>\n<p><b>5. Kan aluminiumsh\u00e6ngsler tilpasses til forskellige d\u00f8rst\u00f8rrelser?<\/b><\/p>\n<p>Ja, aluminiumsh\u00e6ngsler kan tilpasses, s\u00e5 de passer til forskellige d\u00f8rst\u00f8rrelser og v\u00e6gte, hvilket giver fleksibilitet til forskellige renrumsapplikationer.\n<\/p>\n<p><\/p>\n<p><b>6. Hvordan bidrager renrumsh\u00e6ngsler i aluminium til hygiejnestandarderne?<\/b><\/p>\n<p>Den korrosionsbestandige og reng\u00f8ringsvenlige overflade p\u00e5 aluminiumsh\u00e6ngsler hj\u00e6lper med at opretholde h\u00f8je hygiejnestandarder i renrum ved at forhindre kontaminering.\n<\/p>\n<p><\/p>\n<p><b>7. Hvor l\u00e6nge holder aluminiumsh\u00e6ngsler til renrum?<\/b><\/p>\n<p>Renrumsh\u00e6ngsler i aluminium er designet til at fungere p\u00e5 lang sigt og giver holdbarhed og modstandsdygtighed over for slid, korrosion og skader i kr\u00e6vende milj\u00f8er.\n<\/p>\n<p><\/p>","protected":false},"featured_media":8382,"template":"","categories":[54],"class_list":["post-8383","product","type-product","status-publish","has-post-thumbnail","hentry","category-industrial-aluminum-profiles"],"meta_box":{"hilight_text_group":{"product_hilight_text":"<li>Durable aluminum hinges ensure long-lasting performance in clean room environments.<\/li>\r\r\n<li>Corrosion-resistant material provides reliability and maintains hygiene standards in clean rooms.<\/li>\r\r\n<li>Precision engineering for smooth door operation and minimal maintenance requirements.<\/li>\r\r\n<li>Easy to install and maintain, reducing downtime in clean room operations.<\/li>\r\r\n<li>Customizable designs to meet specific size and weight requirements for clean room doors.<\/li>","product_chanpin_blog":"<ul>\r\r\n<li><a href=\"https:\/\/sinoextrud.com\/t-slot-v-slot-differences\/\" target=\"_blank\">t slot vs v slot<\/a><\/li>\r\r\n<li><a href=\"https:\/\/sinoextrud.com\/what-is-4040-aluminium-extrud\/\" target=\"_blank\">4040 aluminium extrusion<\/a><\/li>\r\r\n<li><a href=\"https:\/\/sinoextrud.com\/what-is-4040-aluminium-extrud\/\" target=\"_blank\">aluminum extrusions for industrial racks<\/a><\/li>\r\r\n<li><a href=\"https:\/\/sinoextrud.com\/powder-coating-aluminium-process\/\" target=\"_blank\">powder coating aluminium<\/a><\/li>\r\r\n<li><a href=\"https:\/\/sinoextrud.com\/what-is-an-aluminium-strip-ceiling\/\" target=\"_blank\">aluminium strip ceiling<\/a><\/li>\r\r\n<li><a href=\"https:\/\/sinoextrud.com\/what-is-a-heat-sink\/\" target=\"_blank\">what is a heat sink<\/a><\/li>\r\r\n<\/ul>","product_chanpin_chanpin":"<li><a href=\"https:\/\/sinoextrud.com\/product\/extrusion-aluminum-pipe-anodized-sandblasted-black\/\" target=\"_blank\">Extrusion Aluminum Pipe Anodized Sandblasted Black<\/a><\/li>\r\n<li><a href=\"https:\/\/sinoextrud.com\/product\/extruded-aluminum-triangle-electrical-instrument-shell-housing\/\" target=\"_blank\">Extruded Aluminum Triangle Electrical Instrument Shell Housing<\/a><\/li>\r\n<li><a href=\"https:\/\/sinoextrud.com\/product\/l-shape-aluminum-angle-profile\/\" target=\"_blank\">L Shape Aluminum Angle Profile<\/a><\/li>\r\n<li><a href=\"https:\/\/sinoextrud.com\/product\/stock-aluminum-extrusion-profiles\/\" target=\"_blank\">Stock Aluminum Extrusion Profiles<\/a><\/li>\r\n<li><a href=\"https:\/\/sinoextrud.com\/product\/the-hinges-of-aluminium-clean-room\/\" target=\"_blank\">The Hinges Of Aluminium Clean Room<\/a><\/li>\r\n<li><a href=\"https:\/\/sinoextrud.com\/product\/special-aluminium-profiles-heat-sink-aluminum\/\" target=\"_blank\">Special Aluminium Profiles Heat Sink Aluminum<\/a><\/li>\r\n<li><a href=\"https:\/\/sinoextrud.com\/product\/t-slot-aluminium-profile\/\" target=\"_blank\">T Slot Aluminium Profile<\/a><\/li>\r\n<li><a href=\"https:\/\/sinoextrud.com\/product\/aluminum-boat-extrusions-6082\/\" target=\"_blank\">Aluminum Boat Extrusions 6082<\/a><\/li>\r\n<li><a href=\"https:\/\/sinoextrud.com\/product\/aluminum-car-pedal-anodized-silver\/\" target=\"_blank\">Aluminum Car Pedal Anodized Silver<\/a><\/li>\r\n<li><a href=\"https:\/\/sinoextrud.com\/product\/aluminum-extruded-enclosure-for-power-supply\/\" target=\"_blank\">Aluminum Extruded Enclosure For Power Supply<\/a><\/li>\r\n<li><a href=\"https:\/\/sinoextrud.com\/product\/extruded-aluminum-stock\/\" target=\"_blank\">Extruded Aluminum Stock<\/a><\/li>"},"feature_list":[]},"_links":{"self":[{"href":"https:\/\/sinoextrud.com\/da\/wp-json\/wp\/v2\/product\/8383","targetHints":{"allow":["GET"]}}],"collection":[{"href":"https:\/\/sinoextrud.com\/da\/wp-json\/wp\/v2\/product"}],"about":[{"href":"https:\/\/sinoextrud.com\/da\/wp-json\/wp\/v2\/types\/product"}],"wp:featuredmedia":[{"embeddable":true,"href":"https:\/\/sinoextrud.com\/da\/wp-json\/wp\/v2\/media\/8382"}],"wp:attachment":[{"href":"https:\/\/sinoextrud.com\/da\/wp-json\/wp\/v2\/media?parent=8383"}],"wp:term":[{"taxonomy":"category","embeddable":true,"href":"https:\/\/sinoextrud.com\/da\/wp-json\/wp\/v2\/categories?post=8383"}],"curies":[{"name":"wp","href":"https:\/\/api.w.org\/{rel}","templated":true}]}}