{"id":8371,"date":"2025-06-16T01:30:22","date_gmt":"2025-06-16T01:30:22","guid":{"rendered":"https:\/\/sinoextrud.com\/product\/extruded-aluminum-rail-system\/"},"modified":"2025-06-24T06:23:39","modified_gmt":"2025-06-24T06:23:39","slug":"skinnesystem-i-ekstruderet-aluminium","status":"publish","type":"product","link":"https:\/\/sinoextrud.com\/da\/product\/extruded-aluminum-rail-system\/","title":{"rendered":"Skinnesystem af ekstruderet aluminium"},"content":{"rendered":"<h2>Detaljer om produkter<\/h2>\n<table class=\"custom-table\">\n<tbody>\n<tr>\n<td> Model nr:<\/td>\n<td> 6000-serien<\/td>\n<td> Overfladebehandling:<\/td>\n<td> Spr\u00f8jtning med pulver<\/td>\n<\/tr>\n<tr>\n<td> Legeringsingrediens:<\/td>\n<td> 6063<\/td>\n<td> Certificering:<\/td>\n<td> CE, SONCAP, ISO, CIQ, RoHS, TUV<\/td>\n<\/tr>\n<tr>\n<td> Poleret aluminiumsprofil:<\/td>\n<td> Mekanisk polering<\/td>\n<td> Materiale:<\/td>\n<td> 6063-T5, 6061-T6, 6463-T5, 7075-T6, 6082<\/td>\n<\/tr>\n<tr>\n<td> Form\u00e5l:<\/td>\n<td> M\u00f8bler, vinduer og d\u00f8re, dekorationer, industri<\/td>\n<td> MOQ:<\/td>\n<td> 200 kg for hver profil<\/td>\n<\/tr>\n<tr>\n<td> OEM-service:<\/td>\n<td> Baseret p\u00e5 kundedesignede tegninger eller pr\u00f8ver<\/td>\n<td> Overfladebehandling:<\/td>\n<td> Anodiseret \/ elektroforese \/ pulverlakering osv.<\/td>\n<\/tr>\n<tr>\n<td> Dybdeg\u00e5ende behandling:<\/td>\n<td> Stansning, boring, gevindsk\u00e6ring, bukning<\/td>\n<td> Leveringstid:<\/td>\n<td> 25-30 dage efter at pr\u00f8ven er godkendt af k\u00f8berne<\/td>\n<\/tr>\n<tr>\n<td> Afregningsperiode:<\/td>\n<td> Den endelige betaling skal baseres p\u00e5 den endelige faktiske fysiologi.<\/td>\n<td> Produktionsgaranti:<\/td>\n<td> Overfladefarven kan holde i 10~20 \u00e5r<\/td>\n<\/tr>\n<tr>\n<td> Havn:<\/td>\n<td> Fob Shenzhen, Guangzhou, Foshan<\/td>\n<td> Varem\u00e6rke:<\/td>\n<td> Sinoextrud &amp; Sinoextrud<\/td>\n<\/tr>\n<tr>\n<td> Transportpakke:<\/td>\n<td> Normal eller tilpasset<\/td>\n<td> Specifikation:<\/td>\n<td> I henhold til kundernes krav<\/td>\n<\/tr>\n<tr>\n<td> Oprindelse:<\/td>\n<td> Det kinesiske fastland<\/td>\n<td> HS-kode:<\/td>\n<td> 76042100<\/td>\n<\/tr>\n<\/tbody>\n<\/table>\n<h2>Vores produktionsbase<\/h2>\n<h3>Panorama over fabrikken<\/h3>\n<p><img decoding=\"async\" src=\"\/wp-content\/uploads\/factory-01.webp\"\/><\/p>\n<h3>V\u00e6rksted til fremstilling af aluminiumst\u00e6nger<\/h3>\n<p><img decoding=\"async\" src=\"\/wp-content\/uploads\/factory-02.webp\"\/><\/p>\n<p><img decoding=\"async\" src=\"\/wp-content\/uploads\/factory-03.webp\"\/><\/p>\n<h3>Lager til opbevaring af skimmelsvampe<\/h3>\n<p><img decoding=\"async\" src=\"\/wp-content\/uploads\/factory-04.webp\"\/><\/p>\n<h3>43 ekstruderingslinjer for aluminium (500-5500 ton)<\/h3>\n<p><img decoding=\"async\" src=\"\/wp-content\/uploads\/factory-05.webp\"\/><\/p>\n<p><img decoding=\"async\" src=\"\/wp-content\/uploads\/factory-06.webp\"\/><\/p>\n<p><img decoding=\"async\" src=\"\/wp-content\/uploads\/factory-07.webp\"\/><\/p>\n<h3>V\u00e6rksted for pulverlakering<\/h3>\n<p><img decoding=\"async\" src=\"\/wp-content\/uploads\/factory-09.webp\"\/><\/p>\n<h3>Anodiseringsv\u00e6rksted<\/h3>\n<p><img decoding=\"async\" src=\"\/wp-content\/uploads\/factory-10.webp\"\/><\/p>\n<h3>Workshop om dyb behandling<\/h3>\n<p><img decoding=\"async\" src=\"\/wp-content\/uploads\/factory-11.webp\"\/><\/p>\n<h3>V\u00e6rksted for CNC-pr\u00e6cisionsbearbejdning<\/h3>\n<p><img decoding=\"async\" src=\"\/wp-content\/uploads\/factory-11.5.webp\"\/><\/p>\n<h3>F\u00e6rdigvare- og eksportlager<\/h3>\n<p><img decoding=\"async\" src=\"\/wp-content\/uploads\/factory-12.webp\"\/><\/p>\n<p><img decoding=\"async\" src=\"\/wp-content\/uploads\/factory-13.webp\"\/><\/p>\n<p><img decoding=\"async\" src=\"\/wp-content\/uploads\/factory-14.webp\"\/><\/p>\n<h2>OFTE STILLEDE SP\u00d8RGSM\u00c5L<\/h2>\n<p><p><b>1. Hvad g\u00f8r ekstruderet aluminiumsskinnesystem velegnet til industrielle anvendelser? <\/b><\/p>\n<p> Skinnesystemet i ekstruderet aluminium er st\u00e6rkt, holdbart og korrosionsbestandigt, hvilket g\u00f8r det ideelt til en lang r\u00e6kke industrielle anvendelser.<br \/>\n<\/p><br \/>\n<br \/>\n<p><b>2. Kan skinnesystemet i ekstruderet aluminium tilpasses? <\/b><\/p>\n<p> Ja, systemet kan tilpasses med hensyn til l\u00e6ngde, finish og design, s\u00e5 det passer til specifikke projektbehov.<br \/>\n<\/p><br \/>\n<br \/>\n<p><b>3. Hvor holdbart er skinnesystemet i ekstruderet aluminium? <\/b><\/p>\n<p> Aluminiumsmaterialet er korrosionsbestandigt og sikrer lang holdbarhed selv i barske milj\u00f8er.<br \/>\n<\/p><br \/>\n<br \/>\n<p><b>4. Hvad er fordelene ved at bruge skinnesystemer i ekstruderet aluminium frem for andre materialer? <\/b><\/p>\n<p> Aluminium er let, st\u00e6rkt og modstandsdygtigt over for korrosion, hvilket g\u00f8r det til et bedre valg end tungere materialer, der er mere tilb\u00f8jelige til at ruste.<br \/>\n<\/p><br \/>\n<br \/>\n<p><b>5. Er skinnesystemet i ekstruderet aluminium nemt at installere? <\/b><\/p>\n<p> Ja, den er designet til nem installation, hvilket hj\u00e6lper med at reducere b\u00e5de arbejdsomkostninger og tid brugt p\u00e5 ops\u00e6tning.<br \/>\n<\/p><br \/>\n<br \/>\n<p><b>6. Er skinnesystemet af ekstruderet aluminium milj\u00f8venligt? <\/b><\/p>\n<p> Ja, aluminium er et genanvendeligt materiale, hvilket g\u00f8r skinnesystemet til en milj\u00f8venlig l\u00f8sning til forskellige anvendelser.<br \/>\n<\/p><br \/>\n<br \/>\n<p><b>7. Hvilke industrier bruger ekstruderet aluminiumsskinnesystem? <\/b><\/p>\n<p> Systemet er alsidigt og kan bruges i brancher som produktion, byggeri og boliger, hvor der er brug for robust og let st\u00f8tte.<br \/>\n<\/p><br \/><\/p>","protected":false},"featured_media":8370,"template":"","categories":[54],"class_list":["post-8371","product","type-product","status-publish","has-post-thumbnail","hentry","category-industrial-aluminum-profiles"],"meta_box":{"hilight_text_group":{"product_hilight_text":"<ul>\r\r\n  <li>Durable extruded aluminum rail system for a wide range of applications<\/li>\r\r\n  <li>Lightweight yet strong, providing reliable support for various structures<\/li>\r\r\n  <li>Corrosion-resistant aluminum ensures long-lasting performance in various environments<\/li>\r\r\n  <li>Customizable lengths and finishes to meet specific project requirements<\/li>\r\r\n  <li>Easy to install, reducing labor costs and installation time<\/li>\r\r\n  <li>Environmentally friendly, made from recyclable aluminum material<\/li>\r\r\n  <li>Suitable for both industrial and residential applications<\/li>\r\r\n<\/ul>","product_chanpin_blog":"<ul>\r\r\n<li><a href=\"https:\/\/sinoextrud.com\/t-slot-v-slot-differences\/\" target=\"_blank\">t slot vs v slot<\/a><\/li>\r\r\n<li><a href=\"https:\/\/sinoextrud.com\/what-is-4040-aluminium-extrud\/\" target=\"_blank\">4040 aluminium extrusion<\/a><\/li>\r\r\n<li><a href=\"https:\/\/sinoextrud.com\/what-is-4040-aluminium-extrud\/\" target=\"_blank\">aluminum extrusions for industrial racks<\/a><\/li>\r\r\n<li><a href=\"https:\/\/sinoextrud.com\/powder-coating-aluminium-process\/\" target=\"_blank\">powder coating aluminium<\/a><\/li>\r\r\n<li><a href=\"https:\/\/sinoextrud.com\/what-is-an-aluminium-strip-ceiling\/\" target=\"_blank\">aluminium strip ceiling<\/a><\/li>\r\r\n<li><a href=\"https:\/\/sinoextrud.com\/what-is-a-heat-sink\/\" target=\"_blank\">what is a heat sink<\/a><\/li>\r\r\n<\/ul>","product_chanpin_chanpin":"<li><a href=\"https:\/\/sinoextrud.com\/product\/extruded-manufacturer-aluminum-profile-heatsink\/\" target=\"_blank\">Extruded Manufacturer Aluminum Profile Heatsink<\/a><\/li>\r\n<li><a href=\"https:\/\/sinoextrud.com\/product\/customized-structural-aluminum-profiles\/\" target=\"_blank\">Customized Structural Aluminum Profiles<\/a><\/li>\r\n<li><a href=\"https:\/\/sinoextrud.com\/product\/aluminum-t-track-extrusion\/\" target=\"_blank\">Aluminum T Track Extrusion<\/a><\/li>\r\n<li><a href=\"https:\/\/sinoextrud.com\/product\/cutting-aluminum-extrusion\/\" target=\"_blank\">Cutting Aluminum Extrusion<\/a><\/li>\r\n<li><a href=\"https:\/\/sinoextrud.com\/product\/extruded-aluminum-rail-system\/\" target=\"_blank\">Extruded Aluminum Rail System<\/a><\/li>\r\n<li><a href=\"https:\/\/sinoextrud.com\/product\/extrusion-aluminum-pipe-anodized-sandblasted-black\/\" target=\"_blank\">Extrusion Aluminum Pipe Anodized Sandblasted Black<\/a><\/li>\r\n<li><a href=\"https:\/\/sinoextrud.com\/product\/extruded-aluminum-triangle-electrical-instrument-shell-housing\/\" target=\"_blank\">Extruded Aluminum Triangle Electrical Instrument Shell Housing<\/a><\/li>\r\n<li><a href=\"https:\/\/sinoextrud.com\/product\/l-shape-aluminum-angle-profile\/\" target=\"_blank\">L Shape Aluminum Angle Profile<\/a><\/li>\r\n<li><a href=\"https:\/\/sinoextrud.com\/product\/stock-aluminum-extrusion-profiles\/\" target=\"_blank\">Stock Aluminum Extrusion Profiles<\/a><\/li>\r\n<li><a href=\"https:\/\/sinoextrud.com\/product\/aluminum-extrusion-plate\/\" target=\"_blank\">Aluminum Extrusion Plate<\/a><\/li>\r\n<li><a href=\"https:\/\/sinoextrud.com\/product\/aluminium-sliding-casement-window-profile\/\" target=\"_blank\">Aluminium Sliding Casement Window Profile<\/a><\/li>"},"feature_list":[]},"_links":{"self":[{"href":"https:\/\/sinoextrud.com\/da\/wp-json\/wp\/v2\/product\/8371","targetHints":{"allow":["GET"]}}],"collection":[{"href":"https:\/\/sinoextrud.com\/da\/wp-json\/wp\/v2\/product"}],"about":[{"href":"https:\/\/sinoextrud.com\/da\/wp-json\/wp\/v2\/types\/product"}],"wp:featuredmedia":[{"embeddable":true,"href":"https:\/\/sinoextrud.com\/da\/wp-json\/wp\/v2\/media\/8370"}],"wp:attachment":[{"href":"https:\/\/sinoextrud.com\/da\/wp-json\/wp\/v2\/media?parent=8371"}],"wp:term":[{"taxonomy":"category","embeddable":true,"href":"https:\/\/sinoextrud.com\/da\/wp-json\/wp\/v2\/categories?post=8371"}],"curies":[{"name":"wp","href":"https:\/\/api.w.org\/{rel}","templated":true}]}}