{"id":8328,"date":"2025-06-15T06:28:00","date_gmt":"2025-06-15T06:28:00","guid":{"rendered":"https:\/\/sinoextrud.com\/product\/cnc-aluminum-bar-profile-for-instrument\/"},"modified":"2025-06-24T06:23:36","modified_gmt":"2025-06-24T06:23:36","slug":"cnc-aluminiumsprofil-til-instrument","status":"publish","type":"product","link":"https:\/\/sinoextrud.com\/da\/product\/cnc-aluminum-bar-profile-for-instrument\/","title":{"rendered":"CNC-stangprofil af aluminium til instrument"},"content":{"rendered":"<h2>Detaljer om produkter<\/h2>\n<table class=\"custom-table\">\n<tbody>\n<tr>\n<td> Produktets navn<\/td>\n<td> CNC-stangprofil af aluminium til instrument<\/td>\n<\/tr>\n<tr>\n<td> Aluminiumslegering<\/td>\n<td> 1000-serien, 200-serien, 3000-serien, 5000-serien, 6000-serien, 7000-serien<\/td>\n<\/tr>\n<tr>\n<td> Temperament<\/td>\n<td> T3-T8<\/td>\n<\/tr>\n<tr>\n<td> Form<\/td>\n<td> Tilpasning<\/td>\n<\/tr>\n<tr>\n<td> Farve<\/td>\n<td> Tilpasning<\/td>\n<\/tr>\n<tr>\n<td> Overfladebehandling<\/td>\n<td> fr\u00e6set f\u00e6rdig, anodiseret, tr\u00e6korn, power coating, sandbl\u00e6sning, elektroforese, b\u00f8rstet, polering osv.<\/td>\n<\/tr>\n<tr>\n<td> CNC-dybbearbejdning<\/td>\n<td> sk\u00e6ring, boring, bearbejdning, stansning, bukning, gevindsk\u00e6ring og s\u00e5 videre<\/td>\n<\/tr>\n<tr>\n<td> Certificeringer<\/td>\n<td> CE, ISO, SGS, TUV, ROHS<\/td>\n<\/tr>\n<tr>\n<td> Pr\u00f8ver<\/td>\n<td> Gratis pr\u00f8ve. 1-3 dage leveret til dig.<\/td>\n<\/tr>\n<tr>\n<td> MOQ<\/td>\n<td> 200 kg for hver profil<\/td>\n<\/tr>\n<tr>\n<td> Leveringstid<\/td>\n<td> Formudvikling og pr\u00f8vekonformitet er 12-15 dage, derefter er produktionsvarigheden 15-25 dage efter modtagelse af depositum fra k\u00f8ber.<\/td>\n<\/tr>\n<tr>\n<td> Betalingsbetingelser<\/td>\n<td> 30% depositum f\u00f8r produktion og balance f\u00f8r forsendelse.<\/td>\n<\/tr>\n<tr>\n<td> Havn<\/td>\n<td> Foshan, Shenzhen, Guangzhou osv.<\/td>\n<\/tr>\n<\/tbody>\n<\/table>\n<h2>Vores produktionsbase<\/h2>\n<h3>Panorama over fabrikken<\/h3>\n<p><img decoding=\"async\" src=\"\/wp-content\/uploads\/factory-01.webp\"\/><\/p>\n<h3>V\u00e6rksted til fremstilling af aluminiumst\u00e6nger<\/h3>\n<p><img decoding=\"async\" src=\"\/wp-content\/uploads\/factory-02.webp\"\/><\/p>\n<\/p>\n<p><img decoding=\"async\" src=\"\/wp-content\/uploads\/factory-03.webp\"\/><\/p>\n<h3>Lager til opbevaring af skimmelsvampe<\/h3>\n<p><img decoding=\"async\" src=\"\/wp-content\/uploads\/factory-04.webp\"\/><\/p>\n<h3>43 ekstruderingslinjer for aluminium (500-5500 ton)<\/h3>\n<p><img decoding=\"async\" src=\"\/wp-content\/uploads\/factory-05.webp\"\/><\/p>\n<p><img decoding=\"async\" src=\"\/wp-content\/uploads\/factory-06.webp\"\/><\/p>\n<p><img decoding=\"async\" src=\"\/wp-content\/uploads\/factory-07.webp\"\/><\/p>\n<h3>V\u00e6rksted for pulverlakering<\/h3>\n<p><img decoding=\"async\" src=\"\/wp-content\/uploads\/factory-09.webp\"\/><\/p>\n<h3>Anodiseringsv\u00e6rksted<\/h3>\n<p><img decoding=\"async\" src=\"\/wp-content\/uploads\/factory-10.webp\"\/><\/p>\n<h3>Workshop om dyb behandling<\/h3>\n<p><img decoding=\"async\" src=\"\/wp-content\/uploads\/factory-11.webp\"\/><\/p>\n<h3>V\u00e6rksted for CNC-pr\u00e6cisionsbearbejdning<\/h3>\n<p><img decoding=\"async\" src=\"\/wp-content\/uploads\/factory-11.5.webp\"\/><\/p>\n<h3>F\u00e6rdigvare- og eksportlager<\/h3>\n<p><img decoding=\"async\" src=\"\/wp-content\/uploads\/factory-12.webp\"\/><\/p>\n<p><img decoding=\"async\" src=\"\/wp-content\/uploads\/factory-13.webp\"\/><\/p>\n<p><img decoding=\"async\" src=\"\/wp-content\/uploads\/factory-14.webp\"\/><\/p>\n<h2>OFTE STILLEDE SP\u00d8RGSM\u00c5L<\/h2>\n<p><b>1. Hvad er en CNC-aluminiumsprofil til instrumenter? <\/b><\/p>\n<p> En CNC-stangprofil i aluminium er en pr\u00e6cisionsbearbejdet aluminiumskomponent, der bruges i instrumentkabinetter og konstruktionsdele for at sikre n\u00f8jagtighed og holdbarhed.\n<\/p>\n<p><\/p>\n<p><b>2. Hvorfor v\u00e6lge CNC-stangprofiler i aluminium til instrumentapplikationer? <\/b><\/p>\n<p> CNC-aluminiumsprofiler giver sn\u00e6vre tolerancer, glat finish og h\u00f8j styrke, hvilket er ideelt til montering af pr\u00e6cisionsinstrumenter.\n<\/p>\n<p><\/p>\n<p><b>3. kan CNC aluminiumsprofiler tilpasses? <\/b><\/p>\n<p> Ja, vi leverer tilpassede profiler med specifikke l\u00e6ngder, bredder og bearbejdede funktioner for at opfylde unikke krav til instrumentdesign.\n<\/p>\n<p><\/p>\n<p><b>4. Hvilken type aluminium bruges i CNC-stangprofiler til instrumenter? <\/b><\/p>\n<p> Vi bruger typisk h\u00f8jkvalitetslegeringer som 6061 eller 6063 p\u00e5 grund af deres bearbejdelighed, styrke og korrosionsbestandighed.\n<\/p>\n<p><\/p>\n<p><b>5. Er CNC-aluminiumsprofiler korrosionsbestandige? <\/b><\/p>\n<p> Aluminiumsmaterialet og den valgfri anodiserede finish giver fremragende beskyttelse mod korrosion og oxidering.\n<\/p>\n<p><\/p>\n<p><b>6. Hvad er almindelige anvendelser for CNC-aluminiumsprofiler? <\/b><\/p>\n<p> Disse profiler bruges i medicinsk udstyr, m\u00e5leinstrumenter, kontrolpaneler, lydudstyr og elektroniske kabinetter.\n<\/p>\n<p><\/p>\n<p><b>7. Hvad er fordelene ved CNC-bearbejdning af instrumentprofiler i aluminium? <\/b><\/p>\n<p> CNC-bearbejdning giver pr\u00e6cise dimensioner, repeterbar kvalitet og komplekse geometrier, som er afg\u00f8rende for kritiske instrumentkomponenter.\n<\/p>\n<p><\/p>","protected":false},"featured_media":8327,"template":"","categories":[54],"class_list":["post-8328","product","type-product","status-publish","has-post-thumbnail","hentry","category-industrial-aluminum-profiles"],"meta_box":{"hilight_text_group":{"product_hilight_text":"<li>Precision CNC-machined for high dimensional accuracy and consistency.<\/li>\r\r\n<li>High-quality aluminum bar provides excellent strength-to-weight ratio.<\/li>\r\r\n<li>Ideal for instrument housings, brackets, and structural components.<\/li>\r\r\n<li>Corrosion-resistant surface ensures long-term durability and performance.<\/li>\r\r\n<li>Customizable shapes and sizes for a wide range of instrumentation applications.<\/li>\r\r\n<li>Excellent machinability supports complex designs and tight tolerances.<\/li>\r\r\n<li>Lightweight material reduces overall assembly weight and improves efficiency.<\/li>","product_chanpin_blog":"<ul>\r\r\n<li><a href=\"https:\/\/sinoextrud.com\/t-slot-v-slot-differences\/\" target=\"_blank\">t slot vs v slot<\/a><\/li>\r\r\n<li><a href=\"https:\/\/sinoextrud.com\/what-is-4040-aluminium-extrud\/\" target=\"_blank\">4040 aluminium extrusion<\/a><\/li>\r\r\n<li><a href=\"https:\/\/sinoextrud.com\/what-is-4040-aluminium-extrud\/\" target=\"_blank\">aluminum extrusions for industrial racks<\/a><\/li>\r\r\n<li><a href=\"https:\/\/sinoextrud.com\/powder-coating-aluminium-process\/\" target=\"_blank\">powder coating aluminium<\/a><\/li>\r\r\n<li><a href=\"https:\/\/sinoextrud.com\/what-is-an-aluminium-strip-ceiling\/\" target=\"_blank\">aluminium strip ceiling<\/a><\/li>\r\r\n<li><a href=\"https:\/\/sinoextrud.com\/what-is-a-heat-sink\/\" target=\"_blank\">what is a heat sink<\/a><\/li>\r\r\n<\/ul>","product_chanpin_chanpin":"<li><a href=\"https:\/\/sinoextrud.com\/product\/aluminum-pipe-handrail\/\" target=\"_blank\">Aluminum Pipe Handrail<\/a><\/li>\r\n<li><a href=\"https:\/\/sinoextrud.com\/product\/aluminum-profile-clean-room-for-workshop-and-hospital\/\" target=\"_blank\">Aluminum Profile Clean Room for Workshop and Hospital<\/a><\/li>\r\n<li><a href=\"https:\/\/sinoextrud.com\/product\/aluminum-profile-t-slot-for-machine-frame\/\" target=\"_blank\">Aluminum Profile T-Slot For Machine Frame<\/a><\/li>\r\n<li><a href=\"https:\/\/sinoextrud.com\/product\/aluminum-trailer-floor-extrusions\/\" target=\"_blank\">Aluminum Trailer Floor Extrusions<\/a><\/li>\r\n<li><a href=\"https:\/\/sinoextrud.com\/product\/cnc-aluminum-bar-profile-for-instrument\/\" target=\"_blank\">CNC Aluminum Bar Profile For Instrument<\/a><\/li>\r\n<li><a href=\"https:\/\/sinoextrud.com\/product\/extruded-aluminum-profile-aluminum-t-slot\/\" target=\"_blank\">Extruded Aluminum Profile Aluminum T Slot<\/a><\/li>\r\n<li><a href=\"https:\/\/sinoextrud.com\/product\/extruded-manufacturer-aluminum-profile-heatsink\/\" target=\"_blank\">Extruded Manufacturer Aluminum Profile Heatsink<\/a><\/li>\r\n<li><a href=\"https:\/\/sinoextrud.com\/product\/customized-structural-aluminum-profiles\/\" target=\"_blank\">Customized Structural Aluminum Profiles<\/a><\/li>\r\n<li><a href=\"https:\/\/sinoextrud.com\/product\/aluminum-t-track-extrusion\/\" target=\"_blank\">Aluminum T Track Extrusion<\/a><\/li>\r\n<li><a href=\"https:\/\/sinoextrud.com\/product\/extruded-aluminum-sliding-channel\/\" target=\"_blank\">Extruded Aluminum Sliding Channel<\/a><\/li>\r\n<li><a href=\"https:\/\/sinoextrud.com\/product\/t-slot-framing-systems\/\" target=\"_blank\">T Slot Framing Systems<\/a><\/li>"},"feature_list":[]},"_links":{"self":[{"href":"https:\/\/sinoextrud.com\/da\/wp-json\/wp\/v2\/product\/8328","targetHints":{"allow":["GET"]}}],"collection":[{"href":"https:\/\/sinoextrud.com\/da\/wp-json\/wp\/v2\/product"}],"about":[{"href":"https:\/\/sinoextrud.com\/da\/wp-json\/wp\/v2\/types\/product"}],"wp:featuredmedia":[{"embeddable":true,"href":"https:\/\/sinoextrud.com\/da\/wp-json\/wp\/v2\/media\/8327"}],"wp:attachment":[{"href":"https:\/\/sinoextrud.com\/da\/wp-json\/wp\/v2\/media?parent=8328"}],"wp:term":[{"taxonomy":"category","embeddable":true,"href":"https:\/\/sinoextrud.com\/da\/wp-json\/wp\/v2\/categories?post=8328"}],"curies":[{"name":"wp","href":"https:\/\/api.w.org\/{rel}","templated":true}]}}