{"id":8326,"date":"2025-06-15T06:26:32","date_gmt":"2025-06-15T06:26:32","guid":{"rendered":"https:\/\/sinoextrud.com\/product\/aluminum-trailer-floor-extrusions\/"},"modified":"2025-06-24T06:23:35","modified_gmt":"2025-06-24T06:23:35","slug":"ekstruderede-trailergulve-i-aluminium","status":"publish","type":"product","link":"https:\/\/sinoextrud.com\/da\/product\/aluminum-trailer-floor-extrusions\/","title":{"rendered":"Ekstruderede trailergulve af aluminium"},"content":{"rendered":"<h2>Detaljer om produkter<\/h2>\n<table class=\"custom-table\">\n<tbody>\n<tr>\n<td> Produktets navn<\/td>\n<td> Ekstruderede trailergulve af aluminium<\/td>\n<\/tr>\n<tr>\n<td> Materiale<\/td>\n<td> 6063, 6061, 6005, 6005A, 6082 osv.<\/td>\n<\/tr>\n<tr>\n<td> Form og st\u00f8rrelse<\/td>\n<td> F\u00f8lg kundens tegning<\/td>\n<\/tr>\n<tr>\n<td> Tykkelse<\/td>\n<td> 0,7 mm-10 mm<\/td>\n<\/tr>\n<tr>\n<td> L\u00e6ngde<\/td>\n<td> Standardl\u00e6ngde 1-9M, anden tilpasset l\u00e6ngde tilg\u00e6ngelig.<\/td>\n<\/tr>\n<tr>\n<td> Typiske anvendelser<\/td>\n<td> Trailer osv.<\/td>\n<\/tr>\n<tr>\n<td> CNC-proces<\/td>\n<td> CNC-fr\u00e6sning, boring, stansning, boring, gevindsk\u00e6ring, bukning<\/td>\n<\/tr>\n<tr>\n<td> MOQ<\/td>\n<td> 300-1000 kg afh\u00e6nger af forskellig overfladebehandling<\/td>\n<\/tr>\n<tr>\n<td> Overfladebehandlet<\/td>\n<td> Fr\u00e6set, tr\u00e6korn, anodiseret, pulverlakering, elektroforese, PVDF-bel\u00e6gning, b\u00f8rstet osv.<\/td>\n<\/tr>\n<tr>\n<td> Certifikater<\/td>\n<td> ISO9001, ISO4001, CQM, SGS, CE, BV osv.<\/td>\n<\/tr>\n<\/tbody>\n<\/table>\n<h2>Vores produktionsbase<\/h2>\n<h3>Panorama over fabrikken<\/h3>\n<p><img decoding=\"async\" src=\"\/wp-content\/uploads\/factory-01.webp\"\/><\/p>\n<h3>V\u00e6rksted til fremstilling af aluminiumst\u00e6nger<\/h3>\n<p><img decoding=\"async\" src=\"\/wp-content\/uploads\/factory-02.webp\"\/><\/p>\n<p><img decoding=\"async\" src=\"\/wp-content\/uploads\/factory-03.webp\"\/><\/p>\n<h3>Lager til opbevaring af skimmelsvampe<\/h3>\n<p><img decoding=\"async\" src=\"\/wp-content\/uploads\/factory-04.webp\"\/><\/p>\n<h3>43 ekstruderingslinjer for aluminium (500-5500 ton)<\/h3>\n<p><img decoding=\"async\" src=\"\/wp-content\/uploads\/factory-05.webp\"\/><\/p>\n<p><img decoding=\"async\" src=\"\/wp-content\/uploads\/factory-06.webp\"\/><\/p>\n<p><img decoding=\"async\" src=\"\/wp-content\/uploads\/factory-07.webp\"\/><\/p>\n<h3>V\u00e6rksted for pulverlakering<\/h3>\n<p><img decoding=\"async\" src=\"\/wp-content\/uploads\/factory-09.webp\"\/><\/p>\n<h3>Anodiseringsv\u00e6rksted<\/h3>\n<p><img decoding=\"async\" src=\"\/wp-content\/uploads\/factory-10.webp\"\/><\/p>\n<h3>Workshop om dyb behandling<\/h3>\n<p><img decoding=\"async\" src=\"\/wp-content\/uploads\/factory-11.webp\"\/><\/p>\n<h3>V\u00e6rksted for CNC-pr\u00e6cisionsbearbejdning<\/h3>\n<p><img decoding=\"async\" src=\"\/wp-content\/uploads\/factory-11.5.webp\"\/><\/p>\n<h3>F\u00e6rdigvare- og eksportlager<\/h3>\n<p><img decoding=\"async\" src=\"\/wp-content\/uploads\/factory-12.webp\"\/><\/p>\n<p><img decoding=\"async\" src=\"\/wp-content\/uploads\/factory-13.webp\"\/><\/p>\n<p><img decoding=\"async\" src=\"\/wp-content\/uploads\/factory-14.webp\"\/><\/p>\n<h2>OFTE STILLEDE SP\u00d8RGSM\u00c5L<\/h2>\n<p><p><b>1. Hvad g\u00f8r aluminiumsprofiler til trailergulve ideelle til tunge opgaver? <\/b><\/p>\n<p> Aluminiumsprofiler til trailergulve er st\u00e6rke, korrosionsbestandige og lette, hvilket giver holdbarhed og strukturel st\u00f8tte til kr\u00e6vende transportbehov.<br \/>\n<\/p><br \/>\n<br \/>\n<p><b>2. kan aluminium trailer gulv ekstruderinger tilpasses? <\/b><\/p>\n<p> Ja, profilerne kan tilpasses i st\u00f8rrelse, l\u00e6ngde og design, s\u00e5 de opfylder specifikke krav til trailergulve.<br \/>\n<\/p><br \/>\n<br \/>\n<p><b>3. Hvor holdbare er trailergulvekstruderinger af aluminium? <\/b><\/p>\n<p> Disse profiler er fremstillet af korrosionsbestandigt aluminium, hvilket sikrer lang holdbarhed, selv under barske udend\u00f8rs forhold og kraftig brug.<br \/>\n<\/p><br \/>\n<br \/>\n<p><b>4. Hvad er fordelene ved at bruge trailergulvekstruderinger af aluminium? <\/b><\/p>\n<p> De er lette, nemme at installere, korrosionsbestandige og har en fremragende holdbarhed, hvilket g\u00f8r dem til et omkostningseffektivt valg til trailergulve.<br \/>\n<\/p><br \/>\n<br \/>\n<p><b>5. Er trailergulvprofiler af aluminium nemme at installere? <\/b><\/p>\n<p> Ja, profilerne er designet til nem installation, hvilket reducerer monteringstiden og arbejdsomkostningerne.<br \/>\n<\/p><br \/>\n<br \/>\n<p><b>6. Hvordan forbedrer aluminiumsgulvekstruderinger trailerens ydeevne? <\/b><\/p>\n<p> Deres lette og holdbare design sikrer langvarig strukturel integritet og giver en j\u00e6vn og sikker transportoplevelse.<br \/>\n<\/p><br \/>\n<br \/>\n<p><b>7. Er trailergulvekstruderinger af aluminium milj\u00f8venlige? <\/b><\/p>\n<p> Ja, aluminium er et fuldt genanvendeligt materiale, hvilket g\u00f8r disse profiler til en milj\u00f8venlig l\u00f8sning til trailergulve.<br \/>\n<\/p><br \/><\/p>","protected":false},"featured_media":8325,"template":"","categories":[54],"class_list":["post-8326","product","type-product","status-publish","has-post-thumbnail","hentry","category-industrial-aluminum-profiles"],"meta_box":{"hilight_text_group":{"product_hilight_text":"<ul>\r\r\n  <li>Durable aluminum trailer floor extrusions designed for heavy-duty applications<\/li>\r\r\n  <li>Corrosion-resistant, ensuring long-lasting performance in outdoor and harsh environments<\/li>\r\r\n  <li>Lightweight yet strong, providing structural integrity without adding unnecessary weight<\/li>\r\r\n  <li>Customizable lengths and designs to suit specific trailer floor requirements<\/li>\r\r\n  <li>Easy to install, reducing labor costs and time during assembly<\/li>\r\r\n  <li>Highly resistant to wear and tear, ensuring a smooth and safe ride for long-term use<\/li>\r\r\n  <li>Environmentally friendly, as aluminum is a fully recyclable material<\/li>\r\r\n<\/ul>","product_chanpin_blog":"<ul>\r\r\n<li><a href=\"https:\/\/sinoextrud.com\/t-slot-v-slot-differences\/\" target=\"_blank\">t slot vs v slot<\/a><\/li>\r\r\n<li><a href=\"https:\/\/sinoextrud.com\/what-is-4040-aluminium-extrud\/\" target=\"_blank\">4040 aluminium extrusion<\/a><\/li>\r\r\n<li><a href=\"https:\/\/sinoextrud.com\/what-is-4040-aluminium-extrud\/\" target=\"_blank\">aluminum extrusions for industrial racks<\/a><\/li>\r\r\n<li><a href=\"https:\/\/sinoextrud.com\/powder-coating-aluminium-process\/\" target=\"_blank\">powder coating aluminium<\/a><\/li>\r\r\n<li><a href=\"https:\/\/sinoextrud.com\/what-is-an-aluminium-strip-ceiling\/\" target=\"_blank\">aluminium strip ceiling<\/a><\/li>\r\r\n<li><a href=\"https:\/\/sinoextrud.com\/what-is-a-heat-sink\/\" target=\"_blank\">what is a heat sink<\/a><\/li>\r\r\n<\/ul>","product_chanpin_chanpin":"<li><a href=\"https:\/\/sinoextrud.com\/product\/aluminum-outdoor-enclose-heat-sinks\/\" target=\"_blank\">Aluminum outdoor enclose heat sinks<\/a><\/li>\r\n<li><a href=\"https:\/\/sinoextrud.com\/product\/aluminum-pipe-handrail\/\" target=\"_blank\">Aluminum Pipe Handrail<\/a><\/li>\r\n<li><a href=\"https:\/\/sinoextrud.com\/product\/aluminum-profile-clean-room-for-workshop-and-hospital\/\" target=\"_blank\">Aluminum Profile Clean Room for Workshop and Hospital<\/a><\/li>\r\n<li><a href=\"https:\/\/sinoextrud.com\/product\/aluminum-profile-t-slot-for-machine-frame\/\" target=\"_blank\">Aluminum Profile T-Slot For Machine Frame<\/a><\/li>\r\n<li><a href=\"https:\/\/sinoextrud.com\/product\/aluminum-trailer-floor-extrusions\/\" target=\"_blank\">Aluminum Trailer Floor Extrusions<\/a><\/li>\r\n<li><a href=\"https:\/\/sinoextrud.com\/product\/cnc-aluminum-bar-profile-for-instrument\/\" target=\"_blank\">CNC Aluminum Bar Profile For Instrument<\/a><\/li>\r\n<li><a href=\"https:\/\/sinoextrud.com\/product\/extruded-aluminum-profile-aluminum-t-slot\/\" target=\"_blank\">Extruded Aluminum Profile Aluminum T Slot<\/a><\/li>\r\n<li><a href=\"https:\/\/sinoextrud.com\/product\/extruded-manufacturer-aluminum-profile-heatsink\/\" target=\"_blank\">Extruded Manufacturer Aluminum Profile Heatsink<\/a><\/li>\r\n<li><a href=\"https:\/\/sinoextrud.com\/product\/customized-structural-aluminum-profiles\/\" target=\"_blank\">Customized Structural Aluminum Profiles<\/a><\/li>\r\n<li><a href=\"https:\/\/sinoextrud.com\/product\/aluminium-extrusion-linear-rail-china-factory\/\" target=\"_blank\">Aluminium Extrusion Linear Rail China Factory<\/a><\/li>\r\n<li><a href=\"https:\/\/sinoextrud.com\/product\/customizable-minimalist-office-aluminum-partition-profiles\/\" target=\"_blank\">Customizable Minimalist Office Aluminum Partition Profiles<\/a><\/li>"},"feature_list":[]},"_links":{"self":[{"href":"https:\/\/sinoextrud.com\/da\/wp-json\/wp\/v2\/product\/8326","targetHints":{"allow":["GET"]}}],"collection":[{"href":"https:\/\/sinoextrud.com\/da\/wp-json\/wp\/v2\/product"}],"about":[{"href":"https:\/\/sinoextrud.com\/da\/wp-json\/wp\/v2\/types\/product"}],"wp:featuredmedia":[{"embeddable":true,"href":"https:\/\/sinoextrud.com\/da\/wp-json\/wp\/v2\/media\/8325"}],"wp:attachment":[{"href":"https:\/\/sinoextrud.com\/da\/wp-json\/wp\/v2\/media?parent=8326"}],"wp:term":[{"taxonomy":"category","embeddable":true,"href":"https:\/\/sinoextrud.com\/da\/wp-json\/wp\/v2\/categories?post=8326"}],"curies":[{"name":"wp","href":"https:\/\/api.w.org\/{rel}","templated":true}]}}