{"id":8312,"date":"2025-06-15T06:14:42","date_gmt":"2025-06-15T06:14:42","guid":{"rendered":"https:\/\/sinoextrud.com\/product\/aluminum-extrusion-channel-profiles\/"},"modified":"2025-06-24T06:23:33","modified_gmt":"2025-06-24T06:23:33","slug":"kanalprofiler-til-ekstrudering-af-aluminium","status":"publish","type":"product","link":"https:\/\/sinoextrud.com\/da\/product\/aluminum-extrusion-channel-profiles\/","title":{"rendered":"Kanalprofiler til ekstrudering af aluminium"},"content":{"rendered":"<h2>Detaljer om produkter<\/h2>\n<table class=\"custom-table\">\n<tbody>\n<tr>\n<td> Navn<\/td>\n<td> Kanalprofiler til ekstrudering af aluminium<\/td>\n<\/tr>\n<tr>\n<td> Brand<\/td>\n<td> Sinoextrud\/<\/td>\n<\/tr>\n<tr>\n<td> Kategori<\/td>\n<td> Ekstrudering af aluminium<\/td>\n<\/tr>\n<tr>\n<td> Materiale<\/td>\n<td> Aluminiumslegering (6063, 6061, 6464, 6082), 1000- og 3000-serien er tilg\u00e6ngelig<\/td>\n<\/tr>\n<tr>\n<td> Temperament<\/td>\n<td> T5-T8<\/td>\n<\/tr>\n<tr>\n<td> L\u00e6ngde<\/td>\n<td> I henhold til tegningen<\/td>\n<\/tr>\n<tr>\n<td> St\u00f8rrelse (mm)<\/td>\n<td> Forskellige st\u00f8rrelser er tilg\u00e6ngelige, kundetegning er tilg\u00e6ngelig<\/td>\n<\/tr>\n<tr>\n<td> Form<\/td>\n<td> Kanal\/tilpasning<\/td>\n<\/tr>\n<tr>\n<td> Overfladebehandling<\/td>\n<td> Power coating; fr\u00e6set f\u00e6rdig, anodiseret, sandbl\u00e6sning, elektroforese er ogs\u00e5 tilg\u00e6ngelig<\/td>\n<\/tr>\n<tr>\n<td> Farve<\/td>\n<td> S\u00f8lv, sort, guld, champange, bronze, r\u00f8d, bl\u00e5, og vi kan tilpasse farverne baseret p\u00e5 kundernes pr\u00f8ver.<\/td>\n<\/tr>\n<tr>\n<td> Garanti<\/td>\n<td> BV, TUV, ISO<\/td>\n<\/tr>\n<tr>\n<td> Standard<\/td>\n<td> Middel og h\u00f8j kvalitet<\/td>\n<\/tr>\n<tr>\n<td> MOQ<\/td>\n<td> 200 kg for hver genstand<\/td>\n<\/tr>\n<tr>\n<td> Fra<\/td>\n<td> Guangdong, Kina<\/td>\n<\/tr>\n<tr>\n<td> Anvendelse<\/td>\n<td> Industri, byggeri, dekoration<\/td>\n<\/tr>\n<tr>\n<td> Dyb bearbejdning<\/td>\n<td> Sk\u00e6ring, boring, bearbejdning, stansning, bukning, gevindsk\u00e6ring og s\u00e5 videre<\/td>\n<\/tr>\n<tr>\n<td> Pakke<\/td>\n<td> Indvendigt med beskyttelsesfilm, krympeplast eller PE-skum. Udenp\u00e5 med kasse, karton eller tr\u00e6ramme eller efter \u00f8nske.<\/td>\n<\/tr>\n<tr>\n<td> Leveringstid<\/td>\n<td> Skimmeludvikling og pr\u00f8vekonformation er 12-18 dage, derefter er produktionsvarigheden 25-30 dage efter modtagelse af depositum fra k\u00f8ber.<\/td>\n<\/tr>\n<tr>\n<td> Produktets kapacitet<\/td>\n<td> 15.000+ toner \/ m\u00e5ned<\/td>\n<\/tr>\n<\/tbody>\n<\/table>\n<h2>Vores produktionsbase<\/h2>\n<h3>Panorama over fabrikken<\/h3>\n<p><img decoding=\"async\" src=\"\/wp-content\/uploads\/factory-01.webp\"\/><\/p>\n<h3>V\u00e6rksted til fremstilling af aluminiumst\u00e6nger<\/h3>\n<p><img decoding=\"async\" src=\"\/wp-content\/uploads\/factory-02.webp\"\/><\/p>\n<p><img decoding=\"async\" src=\"\/wp-content\/uploads\/factory-03.webp\"\/><\/p>\n<h3>Lager til opbevaring af skimmelsvampe<\/h3>\n<p><img decoding=\"async\" src=\"\/wp-content\/uploads\/factory-04.webp\"\/><\/p>\n<h3>43 ekstruderingslinjer for aluminium (500-5500 ton)<\/h3>\n<p><img decoding=\"async\" src=\"\/wp-content\/uploads\/factory-05.webp\"\/><\/p>\n<p><img decoding=\"async\" src=\"\/wp-content\/uploads\/factory-06.webp\"\/><\/p>\n<p><img decoding=\"async\" src=\"\/wp-content\/uploads\/factory-07.webp\"\/><\/p>\n<h3>V\u00e6rksted for pulverlakering<\/h3>\n<p><img decoding=\"async\" src=\"\/wp-content\/uploads\/factory-09.webp\"\/><\/p>\n<h3>Anodiseringsv\u00e6rksted<\/h3>\n<p><img decoding=\"async\" src=\"\/wp-content\/uploads\/factory-10.webp\"\/><\/p>\n<h3>Workshop om dyb behandling<\/h3>\n<p><img decoding=\"async\" src=\"\/wp-content\/uploads\/factory-11.webp\"\/><\/p>\n<h3>V\u00e6rksted for CNC-pr\u00e6cisionsbearbejdning<\/h3>\n<p><img decoding=\"async\" src=\"\/wp-content\/uploads\/factory-11.5.webp\"\/><\/p>\n<h3>F\u00e6rdigvare- og eksportlager<\/h3>\n<p><img decoding=\"async\" src=\"\/wp-content\/uploads\/factory-12.webp\"\/><\/p>\n<p><img decoding=\"async\" src=\"\/wp-content\/uploads\/factory-13.webp\"\/><\/p>\n<p><img decoding=\"async\" src=\"\/wp-content\/uploads\/factory-14.webp\"\/><\/p>\n<h2>OFTE STILLEDE SP\u00d8RGSM\u00c5L<\/h2>\n<p><p><b>1. Hvad g\u00f8r kanalprofiler af ekstruderet aluminium velegnede til strukturelle anvendelser? <\/b><\/p>\n<p> Kanalprofiler af aluminiumsekstrudering er st\u00e6rke, lette og korrosionsbestandige, hvilket giver den holdbarhed og alsidighed, der er n\u00f8dvendig til forskellige strukturelle anvendelser.<br \/>\n<\/p><br \/>\n<br \/>\n<p><b>2. kan aluminiumsekstruderingskanalprofiler tilpasses? <\/b><\/p>\n<p> Ja, de kan tilpasses i st\u00f8rrelse, l\u00e6ngde og design, s\u00e5 de opfylder specifikke krav til forskellige anvendelser.<br \/>\n<\/p><br \/>\n<br \/>\n<p><b>3. Hvor holdbare er kanalprofiler af ekstruderet aluminium? <\/b><\/p>\n<p> De er meget holdbare og har en fremragende korrosionsbestandighed, der sikrer langvarig ydeevne i en lang r\u00e6kke milj\u00f8er.<br \/>\n<\/p><br \/>\n<br \/>\n<p><b>4. Hvilke industrier har fordel af at bruge kanalprofiler af aluminiumsekstrudering? <\/b><\/p>\n<p> Disse profiler bruges i vid udstr\u00e6kning i brancher som byggeri, produktion, bilindustri og elektronik til indramning, st\u00f8tte og strukturelle behov.<br \/>\n<\/p><br \/>\n<br \/>\n<p><b>5. Er kanalprofiler af ekstruderet aluminium nemme at arbejde med? <\/b><\/p>\n<p> Ja, de er nemme at fremstille, bearbejde og samle, hvilket er med til at reducere produktionstiden og -omkostningerne.<br \/>\n<\/p><br \/>\n<br \/>\n<p><b>6. Hvordan forbedrer kanalprofiler af ekstruderet aluminium projekteffektiviteten? <\/b><\/p>\n<p> De nemme fremstillings- og tilpasningsmuligheder giver mulighed for hurtig montering og skr\u00e6ddersyede designs, hvilket forbedrer projekteffektiviteten og reducerer leveringstiden.<br \/>\n<\/p><br \/>\n<br \/>\n<p><b>7. Er kanalprofiler af ekstruderet aluminium milj\u00f8venlige? <\/b><\/p>\n<p> Ja, aluminium er et fuldt genanvendeligt materiale, hvilket g\u00f8r disse profiler til en milj\u00f8venlig l\u00f8sning til forskellige industrielle anvendelser.<br \/>\n<\/p><br \/><\/p>","protected":false},"featured_media":8311,"template":"","categories":[54],"class_list":["post-8312","product","type-product","status-publish","has-post-thumbnail","hentry","category-industrial-aluminum-profiles"],"meta_box":{"hilight_text_group":{"product_hilight_text":"<ul>\r\r\n  <li>Durable aluminum extrusion channel profiles suitable for various structural applications<\/li>\r\r\n  <li>Lightweight yet strong, offering a balance of performance and weight savings<\/li>\r\r\n  <li>Corrosion-resistant, ensuring long-lasting reliability in different environments<\/li>\r\r\n  <li>Customizable sizes and designs to meet specific project requirements<\/li>\r\r\n  <li>Excellent for use in framing, support structures, and enclosures<\/li>\r\r\n  <li>Easy to fabricate, machine, and assemble, reducing production costs and time<\/li>\r\r\n  <li>Environmentally friendly, as aluminum is fully recyclable<\/li>\r\r\n<\/ul>","product_chanpin_blog":"<ul>\r\r\n<li><a href=\"https:\/\/sinoextrud.com\/t-slot-v-slot-differences\/\" target=\"_blank\">t slot vs v slot<\/a><\/li>\r\r\n<li><a href=\"https:\/\/sinoextrud.com\/what-is-4040-aluminium-extrud\/\" target=\"_blank\">4040 aluminium extrusion<\/a><\/li>\r\r\n<li><a href=\"https:\/\/sinoextrud.com\/what-is-4040-aluminium-extrud\/\" target=\"_blank\">aluminum extrusions for industrial racks<\/a><\/li>\r\r\n<li><a href=\"https:\/\/sinoextrud.com\/powder-coating-aluminium-process\/\" target=\"_blank\">powder coating aluminium<\/a><\/li>\r\r\n<li><a href=\"https:\/\/sinoextrud.com\/what-is-an-aluminium-strip-ceiling\/\" target=\"_blank\">aluminium strip ceiling<\/a><\/li>\r\r\n<li><a href=\"https:\/\/sinoextrud.com\/what-is-a-heat-sink\/\" target=\"_blank\">what is a heat sink<\/a><\/li>\r\r\n<\/ul>","product_chanpin_chanpin":"<li><a href=\"https:\/\/sinoextrud.com\/product\/aluminium-seamless-pipe\/\" target=\"_blank\">Aluminium Seamless Pipe<\/a><\/li>\r\n<li><a href=\"https:\/\/sinoextrud.com\/product\/aluminum-alloy-section\/\" target=\"_blank\">Aluminum Alloy Section<\/a><\/li>\r\n<li><a href=\"https:\/\/sinoextrud.com\/product\/aluminum-balustrade-handrail\/\" target=\"_blank\">Aluminum Balustrade Handrail<\/a><\/li>\r\n<li><a href=\"https:\/\/sinoextrud.com\/product\/aluminum-extruded-products\/\" target=\"_blank\">Aluminum Extruded Products<\/a><\/li>\r\n<li><a href=\"https:\/\/sinoextrud.com\/product\/aluminum-extrusion-channel-profiles\/\" target=\"_blank\">Aluminum Extrusion Channel Profiles<\/a><\/li>\r\n<li><a href=\"https:\/\/sinoextrud.com\/product\/aluminum-extrusion-standards\/\" target=\"_blank\">Aluminum Extrusion Standards<\/a><\/li>\r\n<li><a href=\"https:\/\/sinoextrud.com\/product\/aluminum-heat-sink\/\" target=\"_blank\">Aluminum Heat Sink<\/a><\/li>\r\n<li><a href=\"https:\/\/sinoextrud.com\/product\/aluminum-outdoor-enclose-heat-sinks\/\" target=\"_blank\">Aluminum outdoor enclose heat sinks<\/a><\/li>\r\n<li><a href=\"https:\/\/sinoextrud.com\/product\/aluminum-pipe-handrail\/\" target=\"_blank\">Aluminum Pipe Handrail<\/a><\/li>\r\n<li><a href=\"https:\/\/sinoextrud.com\/product\/aerospace-aluminum-extrusions\/\" target=\"_blank\">Aerospace Aluminum Extrusions<\/a><\/li>\r\n<li><a href=\"https:\/\/sinoextrud.com\/product\/aluminium-extrusion-bar-outdoor-power-aluminum-case\/\" target=\"_blank\">Aluminium Extrusion Bar Outdoor Power Aluminum Case<\/a><\/li>"},"feature_list":[]},"_links":{"self":[{"href":"https:\/\/sinoextrud.com\/da\/wp-json\/wp\/v2\/product\/8312","targetHints":{"allow":["GET"]}}],"collection":[{"href":"https:\/\/sinoextrud.com\/da\/wp-json\/wp\/v2\/product"}],"about":[{"href":"https:\/\/sinoextrud.com\/da\/wp-json\/wp\/v2\/types\/product"}],"wp:featuredmedia":[{"embeddable":true,"href":"https:\/\/sinoextrud.com\/da\/wp-json\/wp\/v2\/media\/8311"}],"wp:attachment":[{"href":"https:\/\/sinoextrud.com\/da\/wp-json\/wp\/v2\/media?parent=8312"}],"wp:term":[{"taxonomy":"category","embeddable":true,"href":"https:\/\/sinoextrud.com\/da\/wp-json\/wp\/v2\/categories?post=8312"}],"curies":[{"name":"wp","href":"https:\/\/api.w.org\/{rel}","templated":true}]}}