{"id":8300,"date":"2025-06-15T06:03:05","date_gmt":"2025-06-15T06:03:05","guid":{"rendered":"https:\/\/sinoextrud.com\/product\/aluminium-profile-workbench\/"},"modified":"2025-06-24T06:23:31","modified_gmt":"2025-06-24T06:23:31","slug":"arbejdsbaenk-i-aluminiumsprofil","status":"publish","type":"product","link":"https:\/\/sinoextrud.com\/da\/product\/aluminium-profile-workbench\/","title":{"rendered":"Arbejdsb\u00e6nk med aluminiumsprofil"},"content":{"rendered":"<h2>Detaljer om produkter<\/h2>\n<table class=\"custom-table\">\n<tbody>\n<tr>\n<td> Model nr:<\/td>\n<td> Arbejdsb\u00e6nk i aluminiumsprofil<\/td>\n<\/tr>\n<tr>\n<td> Kvalitetskontrol:<\/td>\n<td> Professionelle QC-ting, spektrograf<\/td>\n<\/tr>\n<tr>\n<td> Forsyning:<\/td>\n<td> \u00e5bent emne<\/td>\n<\/tr>\n<tr>\n<td> Brand Name:<\/td>\n<td> Sinoextrud<\/td>\n<\/tr>\n<tr>\n<td> Virksomhedstype:<\/td>\n<td> Fabrik\/producent<\/td>\n<\/tr>\n<tr>\n<td> Oprindelse:<\/td>\n<td> Foshan City, GD-provinsen. Kina<\/td>\n<\/tr>\n<tr>\n<td> Standard:<\/td>\n<td> GB<\/td>\n<\/tr>\n<tr>\n<td> Materiale:<\/td>\n<td> Aluminiumslegering 6063<\/td>\n<\/tr>\n<tr>\n<td> Teknik:<\/td>\n<td> Varm\/kold\/dybdesmedning\/dr\u00e5besmedning<\/td>\n<\/tr>\n<tr>\n<td> Unik:<\/td>\n<td> Guldleverand\u00f8r i Kina<\/td>\n<\/tr>\n<tr>\n<td> Varem\u00e6rke:<\/td>\n<td> OEM<\/td>\n<\/tr>\n<tr>\n<td> Specifikation:<\/td>\n<td> SGS\/Rohs\/ISO<\/td>\n<\/tr>\n<tr>\n<td> HS-kode:<\/td>\n<td> 7604299000<\/td>\n<\/tr>\n<\/tbody>\n<\/table>\n<h2>Vores produktionsbase<\/h2>\n<h3>Panorama over fabrikken<\/h3>\n<p><img decoding=\"async\" src=\"\/wp-content\/uploads\/factory-01.webp\"\/><\/p>\n<h3>V\u00e6rksted til fremstilling af aluminiumst\u00e6nger<\/h3>\n<p><img decoding=\"async\" src=\"\/wp-content\/uploads\/factory-02.webp\"\/><\/p>\n<p><img decoding=\"async\" src=\"\/wp-content\/uploads\/factory-03.webp\"\/><\/p>\n<h3>Lager til opbevaring af skimmelsvampe<\/h3>\n<p><img decoding=\"async\" src=\"\/wp-content\/uploads\/factory-04.webp\"\/><\/p>\n<h3>43 ekstruderingslinjer for aluminium (500-5500 ton)<\/h3>\n<p><img decoding=\"async\" src=\"\/wp-content\/uploads\/factory-05.webp\"\/><\/p>\n<p><img decoding=\"async\" src=\"\/wp-content\/uploads\/factory-06.webp\"\/><\/p>\n<p><img decoding=\"async\" src=\"\/wp-content\/uploads\/factory-07.webp\"\/><\/p>\n<h3>V\u00e6rksted for pulverlakering<\/h3>\n<p><img decoding=\"async\" src=\"\/wp-content\/uploads\/factory-09.webp\"\/><\/p>\n<h3>Anodiseringsv\u00e6rksted<\/h3>\n<p><img decoding=\"async\" src=\"\/wp-content\/uploads\/factory-10.webp\"\/><\/p>\n<h3>Workshop om dyb behandling<\/h3>\n<p><img decoding=\"async\" src=\"\/wp-content\/uploads\/factory-11.webp\"\/><\/p>\n<h3>V\u00e6rksted for CNC-pr\u00e6cisionsbearbejdning<\/h3>\n<p><img decoding=\"async\" src=\"\/wp-content\/uploads\/factory-11.5.webp\"\/><\/p>\n<h3>F\u00e6rdigvare- og eksportlager<\/h3>\n<p><img decoding=\"async\" src=\"\/wp-content\/uploads\/factory-12.webp\"\/><\/p>\n<p><img decoding=\"async\" src=\"\/wp-content\/uploads\/factory-13.webp\"\/><\/p>\n<p><img decoding=\"async\" src=\"\/wp-content\/uploads\/factory-14.webp\"\/><\/p>\n<h2>OFTE STILLEDE SP\u00d8RGSM\u00c5L<\/h2>\n<p><p><b>1. Hvad bruges en arbejdsb\u00e6nk med aluminiumsprofiler til?<\/b><\/p>\n<p>Arbejdsborde i aluminiumsprofiler bruges til at skabe skr\u00e6ddersyede, holdbare arbejdsstationer til industri-, produktions- og v\u00e6rkstedsmilj\u00f8er, som giver fleksibilitet og styrke.<br \/>\n<\/p><br \/>\n<br \/>\n<p><b>2. Hvorfor v\u00e6lge en arbejdsb\u00e6nk med aluminiumsprofil frem for traditionelle arbejdsb\u00e6nke?<\/b><\/p>\n<p>Arbejdsborde med aluminiumsprofiler er en let, holdbar og modul\u00e6r l\u00f8sning, som g\u00f8r det lettere at tilpasse og omkonfigurere sammenlignet med traditionelle arbejdsborde af tr\u00e6 eller st\u00e5l.<br \/>\n<\/p><br \/>\n<br \/>\n<p><b>3. Hvordan gavner det modul\u00e6re design af arbejdsb\u00e6nken med aluminiumsprofiler brugerne?<\/b><\/p>\n<p>Det modul\u00e6re design giver brugerne mulighed for nemt at tilpasse og justere arbejdsb\u00e6nken, s\u00e5 den passer til deres specifikke behov, hvilket sikrer en fleksibel og funktionel arbejdsplads.<br \/>\n<\/p><br \/>\n<br \/>\n<p><b>4. Er arbejdsb\u00e6nken med aluminiumsprofil korrosionsbestandig?<\/b><\/p>\n<p>Ja, det aluminiumsmateriale, der er brugt til arbejdsbordet, er korrosionsbestandigt, hvilket g\u00f8r det velegnet til brug i milj\u00f8er med h\u00f8j luftfugtighed eller uds\u00e6ttelse for kemikalier.<br \/>\n<\/p><br \/>\n<br \/>\n<p><b>5. Kan arbejdsb\u00e6nken i aluminiumsprofil tilpasses?<\/b><\/p>\n<p>Ja, arbejdsborde med aluminiumsprofiler kan skr\u00e6ddersys med hensyn til st\u00f8rrelse, form og layout, s\u00e5 de passer til specifikke krav til arbejdsomr\u00e5det og giver maksimal fleksibilitet til forskellige anvendelser.<br \/>\n<\/p><br \/>\n<br \/>\n<p><b>6. Hvor l\u00e6nge holder en arbejdsb\u00e6nk med aluminiumsprofil?<\/b><\/p>\n<p>Arbejdsb\u00e6nken med aluminiumsprofil er designet til langvarig holdbarhed med korrosionsbestandige egenskaber og en st\u00e6rk konstruktion, der sikrer, at den kan modst\u00e5 kraftig brug over tid.<br \/>\n<\/p><br \/>\n<br \/>\n<p><b>7. Hvilket tilbeh\u00f8r kan tilf\u00f8jes til en arbejdsb\u00e6nk med aluminiumsprofil?<\/b><\/p>\n<p>Forskelligt tilbeh\u00f8r som reoler, v\u00e6rkt\u00f8jsholdere, skuffer og kabelstyringssystemer kan integreres i arbejdsbordet for at forbedre dets funktionalitet og organisering.<br \/>\n<\/p><br \/><\/p>","protected":false},"featured_media":8299,"template":"","categories":[54],"class_list":["post-8300","product","type-product","status-publish","has-post-thumbnail","hentry","category-industrial-aluminum-profiles"],"meta_box":{"hilight_text_group":{"product_hilight_text":"<li>Aluminium Profile Workbench provides a customizable and durable solution for various industrial and workshop environments.<\/li>\r\r\n<li>Lightweight yet strong aluminum profiles ensure high load-bearing capacity without added weight.<\/li>\r\r\n<li>Corrosion-resistant material guarantees long-term performance in challenging environments.<\/li>\r\r\n<li>Modular design allows for easy assembly, adjustment, and expansion to meet specific workspace needs.<\/li>\r\r\n<li>Compatible with a wide range of accessories for added functionality and organization.<\/li>","product_chanpin_blog":"<ul>\r\r\n<li><a href=\"https:\/\/sinoextrud.com\/t-slot-v-slot-differences\/\" target=\"_blank\">t slot vs v slot<\/a><\/li>\r\r\n<li><a href=\"https:\/\/sinoextrud.com\/what-is-4040-aluminium-extrud\/\" target=\"_blank\">4040 aluminium extrusion<\/a><\/li>\r\r\n<li><a href=\"https:\/\/sinoextrud.com\/what-is-4040-aluminium-extrud\/\" target=\"_blank\">aluminum extrusions for industrial racks<\/a><\/li>\r\r\n<li><a href=\"https:\/\/sinoextrud.com\/powder-coating-aluminium-process\/\" target=\"_blank\">powder coating aluminium<\/a><\/li>\r\r\n<li><a href=\"https:\/\/sinoextrud.com\/what-is-an-aluminium-strip-ceiling\/\" target=\"_blank\">aluminium strip ceiling<\/a><\/li>\r\r\n<li><a href=\"https:\/\/sinoextrud.com\/what-is-a-heat-sink\/\" target=\"_blank\">what is a heat sink<\/a><\/li>\r\r\n<\/ul>","product_chanpin_chanpin":"<li><a href=\"https:\/\/sinoextrud.com\/product\/aluminium-extrusion-case\/\" target=\"_blank\">Aluminium Extrusion Case<\/a><\/li>\r\n<li><a href=\"https:\/\/sinoextrud.com\/product\/aluminium-extrusion-moulding\/\" target=\"_blank\">Aluminium Extrusion Moulding<\/a><\/li>\r\n<li><a href=\"https:\/\/sinoextrud.com\/product\/aluminium-profile-case\/\" target=\"_blank\">Aluminium Profile Case<\/a><\/li>\r\n<li><a href=\"https:\/\/sinoextrud.com\/product\/aluminium-profile-for-clean-room\/\" target=\"_blank\">Aluminium Profile For Clean Room<\/a><\/li>\r\n<li><a href=\"https:\/\/sinoextrud.com\/product\/aluminium-profile-workbench\/\" target=\"_blank\">Aluminium Profile Workbench<\/a><\/li>\r\n<li><a href=\"https:\/\/sinoextrud.com\/product\/aluminium-roof-rack-extrusions\/\" target=\"_blank\">Aluminium Roof Rack Extrusions<\/a><\/li>\r\n<li><a href=\"https:\/\/sinoextrud.com\/product\/aluminium-seamless-pipe\/\" target=\"_blank\">Aluminium Seamless Pipe<\/a><\/li>\r\n<li><a href=\"https:\/\/sinoextrud.com\/product\/aluminum-alloy-section\/\" target=\"_blank\">Aluminum Alloy Section<\/a><\/li>\r\n<li><a href=\"https:\/\/sinoextrud.com\/product\/aluminum-balustrade-handrail\/\" target=\"_blank\">Aluminum Balustrade Handrail<\/a><\/li>\r\n<li><a href=\"https:\/\/sinoextrud.com\/product\/industrial-aluminum-extrusion\/\" target=\"_blank\">Industrial Aluminum Extrusion<\/a><\/li>\r\n<li><a href=\"https:\/\/sinoextrud.com\/product\/aluminum-cabinet-door-extrusion\/\" target=\"_blank\">Aluminum Cabinet Door Extrusion<\/a><\/li>"},"feature_list":[]},"_links":{"self":[{"href":"https:\/\/sinoextrud.com\/da\/wp-json\/wp\/v2\/product\/8300","targetHints":{"allow":["GET"]}}],"collection":[{"href":"https:\/\/sinoextrud.com\/da\/wp-json\/wp\/v2\/product"}],"about":[{"href":"https:\/\/sinoextrud.com\/da\/wp-json\/wp\/v2\/types\/product"}],"wp:featuredmedia":[{"embeddable":true,"href":"https:\/\/sinoextrud.com\/da\/wp-json\/wp\/v2\/media\/8299"}],"wp:attachment":[{"href":"https:\/\/sinoextrud.com\/da\/wp-json\/wp\/v2\/media?parent=8300"}],"wp:term":[{"taxonomy":"category","embeddable":true,"href":"https:\/\/sinoextrud.com\/da\/wp-json\/wp\/v2\/categories?post=8300"}],"curies":[{"name":"wp","href":"https:\/\/api.w.org\/{rel}","templated":true}]}}