{"id":8298,"date":"2025-06-15T06:01:26","date_gmt":"2025-06-15T06:01:26","guid":{"rendered":"https:\/\/sinoextrud.com\/product\/aluminium-profile-for-clean-room\/"},"modified":"2025-06-24T06:23:31","modified_gmt":"2025-06-24T06:23:31","slug":"aluminiumsprofil-til-renrum","status":"publish","type":"product","link":"https:\/\/sinoextrud.com\/da\/product\/aluminium-profile-for-clean-room\/","title":{"rendered":"Aluminiumsprofil til renrum"},"content":{"rendered":"<h2>Detaljer om produkter<\/h2>\n<table class=\"custom-table\">\n<tr>\n<td class=\"label\">Navn<\/td>\n<td>Aluminiumsprofil til renrum<\/td>\n<\/tr>\n<\/table>\n<h2>Vores produktionsbase<\/h2>\n<h3>Panorama over fabrikken<\/h3>\n<p><img decoding=\"async\" src=\"\/wp-content\/uploads\/factory-01.webp\"\/><\/p>\n<h3>V\u00e6rksted til fremstilling af aluminiumst\u00e6nger<\/h3>\n<p><img decoding=\"async\" src=\"\/wp-content\/uploads\/factory-02.webp\"\/><\/p>\n<p><img decoding=\"async\" src=\"\/wp-content\/uploads\/factory-03.webp\"\/><\/p>\n<h3>Lager til opbevaring af skimmelsvampe<\/h3>\n<p><img decoding=\"async\" src=\"\/wp-content\/uploads\/factory-04.webp\"\/><\/p>\n<h3>43 ekstruderingslinjer for aluminium (500-5500 ton)<\/h3>\n<p><img decoding=\"async\" src=\"\/wp-content\/uploads\/factory-05.webp\"\/><\/p>\n<p><img decoding=\"async\" src=\"\/wp-content\/uploads\/factory-06.webp\"\/><\/p>\n<p><img decoding=\"async\" src=\"\/wp-content\/uploads\/factory-07.webp\"\/><\/p>\n<h3>V\u00e6rksted for pulverlakering<\/h3>\n<p><img decoding=\"async\" src=\"\/wp-content\/uploads\/factory-09.webp\"\/><\/p>\n<h3>Anodiseringsv\u00e6rksted<\/h3>\n<p><img decoding=\"async\" src=\"\/wp-content\/uploads\/factory-10.webp\"\/><\/p>\n<h3>Workshop om dyb behandling<\/h3>\n<p><img decoding=\"async\" src=\"\/wp-content\/uploads\/factory-11.webp\"\/><\/p>\n<h3>V\u00e6rksted for CNC-pr\u00e6cisionsbearbejdning<\/h3>\n<p><img decoding=\"async\" src=\"\/wp-content\/uploads\/factory-11.5.webp\"\/><\/p>\n<h3>F\u00e6rdigvare- og eksportlager<\/h3>\n<p><img decoding=\"async\" src=\"\/wp-content\/uploads\/factory-12.webp\"\/><\/p>\n<p><img decoding=\"async\" src=\"\/wp-content\/uploads\/factory-13.webp\"\/><\/p>\n<p><img decoding=\"async\" src=\"\/wp-content\/uploads\/factory-14.webp\"\/><\/p>\n<h2>OFTE STILLEDE SP\u00d8RGSM\u00c5L<\/h2>\n<p><p><b>1. Hvad bruges aluminiumprofiler til renrum til?<\/b><\/p>\n<p>Aluminiumsprofiler til renrum bruges til at skabe rammer, underst\u00f8tninger og indkapslinger i kontrollerede milj\u00f8er og giver holdbarhed og beskyttelse til renrumsapplikationer.<br \/>\n<\/p><br \/>\n<br \/>\n<p><b>2. Hvorfor er korrosionsbestandighed vigtig for renrumsprofiler?<\/b><\/p>\n<p>Korrosionsbestandighed er med til at sikre, at profilerne bevarer deres integritet og ydeevne over tid og forhindrer kontaminering og nedbrydning i renrumsmilj\u00f8er.<br \/>\n<\/p><br \/>\n<br \/>\n<p><b>3. Hvordan hj\u00e6lper aluminiumprofiler til renrum med renlighed?<\/b><\/p>\n<p>Den glatte, reng\u00f8ringsvenlige overflade p\u00e5 aluminiumsprofiler hj\u00e6lper med at opretholde h\u00f8je hygiejnestandarder og sikrer et kontamineringsfrit milj\u00f8 i renrum.<br \/>\n<\/p><br \/>\n<br \/>\n<p><b>4. Kan aluminiumsprofiler til renrum tilpasses til specifikke anvendelser?<\/b><\/p>\n<p>Ja, aluminiumsprofiler til renrum kan skr\u00e6ddersys til at passe til forskellige st\u00f8rrelser og konfigurationer, hvilket giver fleksibilitet til at opfylde specifikke projektbehov.<br \/>\n<\/p><br \/>\n<br \/>\n<p><b>5. Hvilke industrier har gavn af aluminiumsprofiler til renrum?<\/b><\/p>\n<p>Industrier som medicinalindustrien, elektronik, rumfart og bioteknologi nyder godt af aluminiumsprofiler til renrum p\u00e5 grund af deres pr\u00e6cision, holdbarhed og renlighed.<br \/>\n<\/p><br \/>\n<br \/>\n<p><b>6. Hvordan forbedrer pr\u00e6cisionsteknikken i aluminiumprofiler ydeevnen i renrum?<\/b><\/p>\n<p>Pr\u00e6cisionsteknik sikrer, at profilerne passer sikkert sammen, minimerer huller og hj\u00e6lper med at opretholde det kontrollerede milj\u00f8, der er n\u00f8dvendigt for f\u00f8lsomme operationer.<br \/>\n<\/p><br \/>\n<br \/>\n<p><b>7. Hvor l\u00e6nge holder aluminiumsprofiler til renrum?<\/b><\/p>\n<p>Aluminiumsprofiler til renrum er designet til at holde l\u00e6nge og har en fremragende holdbarhed og modstandsdygtighed over for korrosion, hvilket g\u00f8r dem ideelle til kontinuerlig brug i renrum.<br \/>\n<\/p><br \/><\/p>","protected":false},"featured_media":8297,"template":"","categories":[54],"class_list":["post-8298","product","type-product","status-publish","has-post-thumbnail","hentry","category-industrial-aluminum-profiles"],"meta_box":{"hilight_text_group":{"product_hilight_text":"<li>Aluminium Profile for Clean Rooms is designed for high durability and performance in controlled environments.<\/li>\r\r\n<li>Corrosion-resistant properties ensure long-lasting protection and reliability in clean room conditions.<\/li>\r\r\n<li>Precision-engineered profiles create secure and effective enclosures for sensitive equipment and processes.<\/li>\r\r\n<li>Easy to clean and maintain, helping to meet stringent hygiene standards in clean rooms.<\/li>\r\r\n<li>Customizable designs to fit various clean room requirements, providing flexibility for different applications.<\/li>","product_chanpin_blog":"<ul>\r\r\n<li><a href=\"https:\/\/sinoextrud.com\/t-slot-v-slot-differences\/\" target=\"_blank\">t slot vs v slot<\/a><\/li>\r\r\n<li><a href=\"https:\/\/sinoextrud.com\/what-is-4040-aluminium-extrud\/\" target=\"_blank\">4040 aluminium extrusion<\/a><\/li>\r\r\n<li><a href=\"https:\/\/sinoextrud.com\/what-is-4040-aluminium-extrud\/\" target=\"_blank\">aluminum extrusions for industrial racks<\/a><\/li>\r\r\n<li><a href=\"https:\/\/sinoextrud.com\/powder-coating-aluminium-process\/\" target=\"_blank\">powder coating aluminium<\/a><\/li>\r\r\n<li><a href=\"https:\/\/sinoextrud.com\/what-is-an-aluminium-strip-ceiling\/\" target=\"_blank\">aluminium strip ceiling<\/a><\/li>\r\r\n<li><a href=\"https:\/\/sinoextrud.com\/what-is-a-heat-sink\/\" target=\"_blank\">what is a heat sink<\/a><\/li>\r\r\n<\/ul>","product_chanpin_chanpin":"<li><a href=\"https:\/\/sinoextrud.com\/product\/aerospace-aluminum-extrusions\/\" target=\"_blank\">Aerospace Aluminum Extrusions<\/a><\/li>\r\n<li><a href=\"https:\/\/sinoextrud.com\/product\/aluminium-extrusion-case\/\" target=\"_blank\">Aluminium Extrusion Case<\/a><\/li>\r\n<li><a href=\"https:\/\/sinoextrud.com\/product\/aluminium-extrusion-moulding\/\" target=\"_blank\">Aluminium Extrusion Moulding<\/a><\/li>\r\n<li><a href=\"https:\/\/sinoextrud.com\/product\/aluminium-profile-case\/\" target=\"_blank\">Aluminium Profile Case<\/a><\/li>\r\n<li><a href=\"https:\/\/sinoextrud.com\/product\/aluminium-profile-for-clean-room\/\" target=\"_blank\">Aluminium Profile For Clean Room<\/a><\/li>\r\n<li><a href=\"https:\/\/sinoextrud.com\/product\/aluminium-profile-workbench\/\" target=\"_blank\">Aluminium Profile Workbench<\/a><\/li>\r\n<li><a href=\"https:\/\/sinoextrud.com\/product\/aluminium-roof-rack-extrusions\/\" target=\"_blank\">Aluminium Roof Rack Extrusions<\/a><\/li>\r\n<li><a href=\"https:\/\/sinoextrud.com\/product\/aluminium-seamless-pipe\/\" target=\"_blank\">Aluminium Seamless Pipe<\/a><\/li>\r\n<li><a href=\"https:\/\/sinoextrud.com\/product\/aluminum-alloy-section\/\" target=\"_blank\">Aluminum Alloy Section<\/a><\/li>\r\n<li><a href=\"https:\/\/sinoextrud.com\/product\/anodized-extruded-aluminium-glazing-profiles\/\" target=\"_blank\">Anodized Extruded Aluminium Glazing Profiles<\/a><\/li>\r\n<li><a href=\"https:\/\/sinoextrud.com\/product\/aluminium-extrusions-for-heavy-duty-surface-mounted-recessed-led-strip-light-channel\/\" target=\"_blank\">Aluminium extrusions for heavy duty surface mounted recessed LED strip light channel<\/a><\/li>"},"feature_list":[]},"_links":{"self":[{"href":"https:\/\/sinoextrud.com\/da\/wp-json\/wp\/v2\/product\/8298","targetHints":{"allow":["GET"]}}],"collection":[{"href":"https:\/\/sinoextrud.com\/da\/wp-json\/wp\/v2\/product"}],"about":[{"href":"https:\/\/sinoextrud.com\/da\/wp-json\/wp\/v2\/types\/product"}],"wp:featuredmedia":[{"embeddable":true,"href":"https:\/\/sinoextrud.com\/da\/wp-json\/wp\/v2\/media\/8297"}],"wp:attachment":[{"href":"https:\/\/sinoextrud.com\/da\/wp-json\/wp\/v2\/media?parent=8298"}],"wp:term":[{"taxonomy":"category","embeddable":true,"href":"https:\/\/sinoextrud.com\/da\/wp-json\/wp\/v2\/categories?post=8298"}],"curies":[{"name":"wp","href":"https:\/\/api.w.org\/{rel}","templated":true}]}}