{"id":8285,"date":"2025-06-14T06:51:04","date_gmt":"2025-06-14T06:51:04","guid":{"rendered":"https:\/\/sinoextrud.com\/product\/aluminium-profile-case\/"},"modified":"2025-06-24T06:23:30","modified_gmt":"2025-06-24T06:23:30","slug":"kasse-med-aluminiumsprofil","status":"publish","type":"product","link":"https:\/\/sinoextrud.com\/da\/product\/aluminium-profile-case\/","title":{"rendered":"Kasse med aluminiumsprofil"},"content":{"rendered":"<h2>Detaljer om produkter<\/h2>\n<table class=\"custom-table\">\n<tbody>\n<tr>\n<td> Titel<\/td>\n<td> Kuffert med aluminiumsprofil<\/td>\n<\/tr>\n<tr>\n<td> Kategori<\/td>\n<td> Ekstrudering af aluminium<\/td>\n<\/tr>\n<tr>\n<td> Materiale<\/td>\n<td> Aluminiumslegering (6063, 6061,6463,6005,6082)<\/td>\n<\/tr>\n<tr>\n<td> Temperament<\/td>\n<td> T5<\/td>\n<\/tr>\n<tr>\n<td> St\u00f8rrelse<\/td>\n<td> L\u00e6ngden er fra 1-9 m eller efter kundens \u00f8nske.<\/td>\n<\/tr>\n<tr>\n<td> Form<\/td>\n<td> Rektangul\u00e6r, rund, ekstruderet i henhold til kundens tegning<\/td>\n<\/tr>\n<tr>\n<td> Overfladebehandling<\/td>\n<td> Anodiseret, sandbl\u00e6st, polering, elektroforese, power coating<\/td>\n<\/tr>\n<tr>\n<td> Farve<\/td>\n<td> Tilpasset er tilg\u00e6ngelig<\/td>\n<\/tr>\n<tr>\n<td> Certifikat<\/td>\n<td> TUV, ASTM, GB<\/td>\n<\/tr>\n<tr>\n<td> Fra<\/td>\n<td> Guangdong, Kina<\/td>\n<\/tr>\n<\/tbody>\n<\/table>\n<h2>Vores produktionsbase<\/h2>\n<h3>Panorama over fabrikken<\/h3>\n<p><img decoding=\"async\" src=\"\/wp-content\/uploads\/factory-01.webp\"\/><\/p>\n<h3>V\u00e6rksted til fremstilling af aluminiumst\u00e6nger<\/h3>\n<p><img decoding=\"async\" src=\"\/wp-content\/uploads\/factory-02.webp\"\/><\/p>\n<\/p>\n<p><img decoding=\"async\" src=\"\/wp-content\/uploads\/factory-03.webp\"\/><\/p>\n<h3>Lager til opbevaring af skimmelsvampe<\/h3>\n<p><img decoding=\"async\" src=\"\/wp-content\/uploads\/factory-04.webp\"\/><\/p>\n<h3>43 ekstruderingslinjer for aluminium (500-5500 ton)<\/h3>\n<p><img decoding=\"async\" src=\"\/wp-content\/uploads\/factory-05.webp\"\/><\/p>\n<p><img decoding=\"async\" src=\"\/wp-content\/uploads\/factory-06.webp\"\/><\/p>\n<p><img decoding=\"async\" src=\"\/wp-content\/uploads\/factory-07.webp\"\/><\/p>\n<h3>V\u00e6rksted for pulverlakering<\/h3>\n<p><img decoding=\"async\" src=\"\/wp-content\/uploads\/factory-09.webp\"\/><\/p>\n<h3>Anodiseringsv\u00e6rksted<\/h3>\n<p><img decoding=\"async\" src=\"\/wp-content\/uploads\/factory-10.webp\"\/><\/p>\n<h3>Workshop om dyb behandling<\/h3>\n<p><img decoding=\"async\" src=\"\/wp-content\/uploads\/factory-11.webp\"\/><\/p>\n<h3>V\u00e6rksted for CNC-pr\u00e6cisionsbearbejdning<\/h3>\n<p><img decoding=\"async\" src=\"\/wp-content\/uploads\/factory-11.5.webp\"\/><\/p>\n<h3>F\u00e6rdigvare- og eksportlager<\/h3>\n<p><img decoding=\"async\" src=\"\/wp-content\/uploads\/factory-12.webp\"\/><\/p>\n<p><img decoding=\"async\" src=\"\/wp-content\/uploads\/factory-13.webp\"\/><\/p>\n<p><img decoding=\"async\" src=\"\/wp-content\/uploads\/factory-14.webp\"\/><\/p>\n<h2>OFTE STILLEDE SP\u00d8RGSM\u00c5L<\/h2>\n<p><b>1. Hvad er en aluminiumsprofilkasse? <\/b><\/p>\n<p> En aluminiumsprofilkasse er et beskyttende kabinet lavet af aluminiumsprofiler, designet til at huse og beskytte f\u00f8lsomme elektroniske komponenter eller udstyr.\n<\/p>\n<p><\/p>\n<p><b>2. Hvorfor v\u00e6lge aluminium til profilkasser? <\/b><\/p>\n<p> Aluminium har et fremragende forhold mellem styrke og v\u00e6gt, korrosionsbestandighed og varmeledningsevne, hvilket g\u00f8r det til et ideelt materiale til beskyttende kabinetter.\n<\/p>\n<p><\/p>\n<p><b>3. Kan aluminiumsprofilkasser tilpasses? <\/b><\/p>\n<p> Ja, vi tilbyder tilpassede st\u00f8rrelser, konfigurationer og overfladebehandlinger for at opfylde specifikke krav til anvendelse og design.\n<\/p>\n<p><\/p>\n<p><b>4. Er disse profilkasser egnede til udend\u00f8rs brug? <\/b><\/p>\n<p> Absolut, den korrosionsbestandige finish sikrer, at aluminiumsprofilkasser fungerer godt i udend\u00f8rs og industrielle milj\u00f8er.\n<\/p>\n<p><\/p>\n<p><b>5. Hvordan hj\u00e6lper aluminium med varmeafledning i disse tilf\u00e6lde? <\/b><\/p>\n<p> Aluminium leder naturligt varmen v\u00e6k fra f\u00f8lsom elektronik, hvilket hj\u00e6lper med at opretholde sikre driftstemperaturer og forbedre ydeevnen.\n<\/p>\n<p><\/p>\n<p><b>6. Hvilke industrier bruger aluminiumsprofilkasser? <\/b><\/p>\n<p> Aluminiumprofiler bruges i vid udstr\u00e6kning inden for elektronik, telekommunikation, automatisering, medicinsk udstyr og andre industrier, hvor beskyttelse og varmeafledning er vigtig.\n<\/p>\n<p><\/p>\n<p><b>7. Er kasser med aluminiumsprofiler nemme at samle? <\/b><\/p>\n<p> Ja, disse kasser er designet til nem montering med standardmonteringsmuligheder, hvilket reducerer installationstiden og -omkostningerne.\n<\/p>\n<p><\/p>","protected":false},"featured_media":8284,"template":"","categories":[54],"class_list":["post-8285","product","type-product","status-publish","has-post-thumbnail","hentry","category-industrial-aluminum-profiles"],"meta_box":{"hilight_text_group":{"product_hilight_text":"<li>Durable aluminium profile casing offers superior strength and protection for electronic components.<\/li>\r\r\n<li>Corrosion-resistant finish ensures long-term use in harsh environments.<\/li>\r\r\n<li>Lightweight design reduces shipping and handling costs while maintaining structural integrity.<\/li>\r\r\n<li>Customizable sizes and configurations for diverse industrial applications.<\/li>\r\r\n<li>Easy to assemble with standard mounting options for quick integration into systems.<\/li>\r\r\n<li>Provides effective heat dissipation, preventing overheating of sensitive electronics.<\/li>\r\r\n<li>Compatible with various accessories like covers, brackets, and connectors for complete solutions.<\/li>","product_chanpin_blog":"<ul>\r\r\n<li><a href=\"https:\/\/sinoextrud.com\/t-slot-v-slot-differences\/\" target=\"_blank\">t slot vs v slot<\/a><\/li>\r\r\n<li><a href=\"https:\/\/sinoextrud.com\/what-is-4040-aluminium-extrud\/\" target=\"_blank\">4040 aluminium extrusion<\/a><\/li>\r\r\n<li><a href=\"https:\/\/sinoextrud.com\/what-is-4040-aluminium-extrud\/\" target=\"_blank\">aluminum extrusions for industrial racks<\/a><\/li>\r\r\n<li><a href=\"https:\/\/sinoextrud.com\/powder-coating-aluminium-process\/\" target=\"_blank\">powder coating aluminium<\/a><\/li>\r\r\n<li><a href=\"https:\/\/sinoextrud.com\/what-is-an-aluminium-strip-ceiling\/\" target=\"_blank\">aluminium strip ceiling<\/a><\/li>\r\r\n<li><a href=\"https:\/\/sinoextrud.com\/what-is-a-heat-sink\/\" target=\"_blank\">what is a heat sink<\/a><\/li>\r\r\n<\/ul>","product_chanpin_chanpin":"<li><a href=\"https:\/\/sinoextrud.com\/product\/6061-t5-l-shape-aluminum-profile-bar-customized-40x40-extruded-aluminum-angle-profile\/\" target=\"_blank\">6061-t5 L Shape Aluminum Profile Bar Customized 40\u00d740 Extruded Aluminum Angle Profile<\/a><\/li>\r\n<li><a href=\"https:\/\/sinoextrud.com\/product\/aerospace-aluminum-extrusions\/\" target=\"_blank\">Aerospace Aluminum Extrusions<\/a><\/li>\r\n<li><a href=\"https:\/\/sinoextrud.com\/product\/aluminium-extrusion-case\/\" target=\"_blank\">Aluminium Extrusion Case<\/a><\/li>\r\n<li><a href=\"https:\/\/sinoextrud.com\/product\/aluminium-extrusion-moulding\/\" target=\"_blank\">Aluminium Extrusion Moulding<\/a><\/li>\r\n<li><a href=\"https:\/\/sinoextrud.com\/product\/aluminium-profile-case\/\" target=\"_blank\">Aluminium Profile Case<\/a><\/li>\r\n<li><a href=\"https:\/\/sinoextrud.com\/product\/aluminium-profile-for-clean-room\/\" target=\"_blank\">Aluminium Profile For Clean Room<\/a><\/li>\r\n<li><a href=\"https:\/\/sinoextrud.com\/product\/aluminium-profile-workbench\/\" target=\"_blank\">Aluminium Profile Workbench<\/a><\/li>\r\n<li><a href=\"https:\/\/sinoextrud.com\/product\/aluminium-roof-rack-extrusions\/\" target=\"_blank\">Aluminium Roof Rack Extrusions<\/a><\/li>\r\n<li><a href=\"https:\/\/sinoextrud.com\/product\/aluminium-seamless-pipe\/\" target=\"_blank\">Aluminium Seamless Pipe<\/a><\/li>\r\n<li><a href=\"https:\/\/sinoextrud.com\/product\/oem-building-interlocking-aluminum-extrusions\/\" target=\"_blank\">OEM Building Interlocking Aluminum Extrusions<\/a><\/li>\r\n<li><a href=\"https:\/\/sinoextrud.com\/product\/40x40-aluminium-extrusion\/\" target=\"_blank\">40\u00d740 Aluminium Extrusion<\/a><\/li>"},"feature_list":[]},"_links":{"self":[{"href":"https:\/\/sinoextrud.com\/da\/wp-json\/wp\/v2\/product\/8285","targetHints":{"allow":["GET"]}}],"collection":[{"href":"https:\/\/sinoextrud.com\/da\/wp-json\/wp\/v2\/product"}],"about":[{"href":"https:\/\/sinoextrud.com\/da\/wp-json\/wp\/v2\/types\/product"}],"wp:featuredmedia":[{"embeddable":true,"href":"https:\/\/sinoextrud.com\/da\/wp-json\/wp\/v2\/media\/8284"}],"wp:attachment":[{"href":"https:\/\/sinoextrud.com\/da\/wp-json\/wp\/v2\/media?parent=8285"}],"wp:term":[{"taxonomy":"category","embeddable":true,"href":"https:\/\/sinoextrud.com\/da\/wp-json\/wp\/v2\/categories?post=8285"}],"curies":[{"name":"wp","href":"https:\/\/api.w.org\/{rel}","templated":true}]}}