{"id":8283,"date":"2025-06-14T06:49:44","date_gmt":"2025-06-14T06:49:44","guid":{"rendered":"https:\/\/sinoextrud.com\/product\/aluminium-extrusion-moulding\/"},"modified":"2025-06-24T06:23:30","modified_gmt":"2025-06-24T06:23:30","slug":"stobning-af-aluminiumsekstrudering","status":"publish","type":"product","link":"https:\/\/sinoextrud.com\/da\/product\/aluminium-extrusion-moulding\/","title":{"rendered":"St\u00f8bning af ekstruderet aluminium"},"content":{"rendered":"<h2>Detaljer om produkter<\/h2>\n<table class=\"custom-table\">\n<tbody>\n<tr>\n<td> Model NO.<\/td>\n<td> 6000-serien<\/td>\n<td> Overfladebehandling<\/td>\n<td> Overfladebehandling<\/td>\n<\/tr>\n<tr>\n<td> Legeringsingrediens<\/td>\n<td> 6063-T5, 6061-T6, 6463-T5, 7075-T6, 6082<\/td>\n<td> Certificering<\/td>\n<td> CE, SONCAP, ISO, CIQ, RoHS, TUV<\/td>\n<\/tr>\n<tr>\n<td> Poleret aluminiumsprofil<\/td>\n<td> Mekanisk polering<\/td>\n<td> Leveringstid<\/td>\n<td> 20 dage efter modtagelse af depositum<\/td>\n<\/tr>\n<tr>\n<td> Standard<\/td>\n<td> GB\/75237-2004, Q\/320281\/Pdwd-2008<\/td>\n<td> Betalingsperiode<\/td>\n<td> T \/ T, 30% Udbetaling, mens saldoen skal betales<\/td>\n<\/tr>\n<tr>\n<td> Havn<\/td>\n<td> Shenzhen, Guangzhou, Foshan<\/td>\n<td> Garanti<\/td>\n<td> Overfladefarven kan holde i 10~20 \u00e5r F<\/td>\n<\/tr>\n<tr>\n<td> Farver<\/td>\n<td> Anodiseret, tr\u00e6korn, pulverlakering<\/td>\n<td> Vare<\/td>\n<td> Ekstruderede aluminiumsprofiler<\/td>\n<\/tr>\n<tr>\n<td> MOQ<\/td>\n<td> 200 kg for hver vare<\/td>\n<td> Dyb proces<\/td>\n<td> CNC, boring, fr\u00e6sning, sk\u00e6ring, svejsning, bukning<\/td>\n<\/tr>\n<tr>\n<td> Varem\u00e6rke<\/td>\n<td> OEM<\/td>\n<td> Transportpakke<\/td>\n<td> Plastfilm eller polybag, vandt\u00e6t h\u00e5ndv\u00e6rkspapir<\/td>\n<\/tr>\n<tr>\n<td> Specifikation<\/td>\n<td> 1-9m eller tilpasset st\u00f8rrelse<\/td>\n<td> Oprindelse<\/td>\n<td> Foshan, Kina<\/td>\n<\/tr>\n<tr>\n<td> 1-9m eller tilpasset st\u00f8rrelse<\/td>\n<td> 76042100<\/td>\n<td> Overfladebehandling<\/td>\n<td> pulverlakering, elektroforese, tr\u00e6korn, anodiseret, b\u00f8rstet, polering<\/td>\n<\/tr>\n<\/tbody>\n<\/table>\n<h2>Vores produktionsbase<\/h2>\n<h3>Panorama over fabrikken<\/h3>\n<p><img decoding=\"async\" src=\"\/wp-content\/uploads\/factory-01.webp\"\/><\/p>\n<h3>V\u00e6rksted til fremstilling af aluminiumst\u00e6nger<\/h3>\n<p><img decoding=\"async\" src=\"\/wp-content\/uploads\/factory-02.webp\"\/><\/p>\n<p><img decoding=\"async\" src=\"\/wp-content\/uploads\/factory-03.webp\"\/><\/p>\n<h3>Lager til opbevaring af skimmelsvampe<\/h3>\n<p><img decoding=\"async\" src=\"\/wp-content\/uploads\/factory-04.webp\"\/><\/p>\n<h3>43 ekstruderingslinjer for aluminium (500-5500 ton)<\/h3>\n<p><img decoding=\"async\" src=\"\/wp-content\/uploads\/factory-05.webp\"\/><\/p>\n<p><img decoding=\"async\" src=\"\/wp-content\/uploads\/factory-06.webp\"\/><\/p>\n<p><img decoding=\"async\" src=\"\/wp-content\/uploads\/factory-07.webp\"\/><\/p>\n<h3>V\u00e6rksted for pulverlakering<\/h3>\n<p><img decoding=\"async\" src=\"\/wp-content\/uploads\/factory-09.webp\"\/><\/p>\n<h3>Anodiseringsv\u00e6rksted<\/h3>\n<p><img decoding=\"async\" src=\"\/wp-content\/uploads\/factory-10.webp\"\/><\/p>\n<h3>Workshop om dyb behandling<\/h3>\n<p><img decoding=\"async\" src=\"\/wp-content\/uploads\/factory-11.webp\"\/><\/p>\n<h3>V\u00e6rksted for CNC-pr\u00e6cisionsbearbejdning<\/h3>\n<p><img decoding=\"async\" src=\"\/wp-content\/uploads\/factory-11.5.webp\"\/><\/p>\n<h3>F\u00e6rdigvare- og eksportlager<\/h3>\n<p><img decoding=\"async\" src=\"\/wp-content\/uploads\/factory-12.webp\"\/><\/p>\n<p><img decoding=\"async\" src=\"\/wp-content\/uploads\/factory-13.webp\"\/><\/p>\n<p><img decoding=\"async\" src=\"\/wp-content\/uploads\/factory-14.webp\"\/><\/p>\n<h2>OFTE STILLEDE SP\u00d8RGSM\u00c5L<\/h2>\n<p><p><b>1. Hvad g\u00f8r ekstruderingsst\u00f8bning af aluminium ideelt til specialdesignede profiler og dele? <\/b><\/p>\n<p> Ekstruderingsst\u00f8bning af aluminium giver h\u00f8j pr\u00e6cision og fleksibilitet, hvilket g\u00f8r det muligt at skabe tilpassede former og profiler, der opfylder specifikke designbehov.<br \/>\n<\/p><br \/>\n<br \/>\n<p><b>2. Kan ekstruderingsst\u00f8bning af aluminium tilpasses? <\/b><\/p>\n<p> Ja, ekstruderingsst\u00f8bning af aluminium kan tilpasses med hensyn til st\u00f8rrelse, form og finish for at opfylde de unikke krav til forskellige industrielle anvendelser.<br \/>\n<\/p><br \/>\n<br \/>\n<p><b>3. Hvor holdbar er ekstruderingsst\u00f8bning af aluminium? <\/b><\/p>\n<p> Ekstruderingsst\u00f8bning af aluminium er meget holdbart p\u00e5 grund af dets korrosionsbestandige egenskaber, hvilket sikrer langvarig ydeevne i forskellige milj\u00f8er.<br \/>\n<\/p><br \/>\n<br \/>\n<p><b>4. Hvilke industrier drager fordel af ekstruderingsst\u00f8bning af aluminium? <\/b><\/p>\n<p> Industrier som bilindustrien, byggebranchen, elektronikindustrien og fremstillingsindustrien nyder godt af ekstruderingsst\u00f8bning af aluminium til at skabe specialfremstillede dele og profiler.<br \/>\n<\/p><br \/>\n<br \/>\n<p><b>5. Er ekstruderingsst\u00f8bning af aluminium omkostningseffektivt? <\/b><\/p>\n<p> Ja, det er en omkostningseffektiv proces, is\u00e6r til produktion af store m\u00e6ngder, som giver ensartet kvalitet og reducerer produktionsomkostningerne.<br \/>\n<\/p><br \/>\n<br \/>\n<p><b>6. Hvordan forbedrer ekstruderingsst\u00f8bning af aluminium designfleksibiliteten? <\/b><\/p>\n<p> Ekstruderingsprocessen g\u00f8r det muligt at skabe komplekse former og profiler, hvilket giver fleksibilitet i designet, samtidig med at den strukturelle integritet bevares.<br \/>\n<\/p><br \/>\n<br \/>\n<p><b>7. Er ekstruderingsst\u00f8bning af aluminium milj\u00f8venligt? <\/b><\/p>\n<p> Ja, aluminium er fuldt ud genanvendeligt, hvilket g\u00f8r det til en milj\u00f8venlig mulighed for at skabe specialfremstillede dele og profiler til forskellige form\u00e5l.<br \/>\n<\/p><br \/><\/p>","protected":false},"featured_media":8282,"template":"","categories":[54],"class_list":["post-8283","product","type-product","status-publish","has-post-thumbnail","hentry","category-industrial-aluminum-profiles"],"meta_box":{"hilight_text_group":{"product_hilight_text":"<li>High-precision aluminium extrusion moulding for custom-designed profiles and parts<\/li>\r\r\n<li>Corrosion-resistant, ensuring long-lasting performance in various industrial environments<\/li>\r\r\n<li>Cost-effective production process for high-volume manufacturing with consistent quality<\/li>\r\r\n<li>Customizable designs, sizes, and finishes to meet specific project requirements<\/li>\r\r\n<li>Lightweight yet durable, offering strength without adding excessive weight<\/li>\r\r\n<li>Efficient for creating complex shapes and profiles, ideal for a wide range of applications<\/li>\r\r\n<li>Environmentally friendly, made from recyclable aluminum material<\/li>","product_chanpin_blog":"<ul>\r\r\n<li><a href=\"https:\/\/sinoextrud.com\/t-slot-v-slot-differences\/\" target=\"_blank\">t slot vs v slot<\/a><\/li>\r\r\n<li><a href=\"https:\/\/sinoextrud.com\/what-is-4040-aluminium-extrud\/\" target=\"_blank\">4040 aluminium extrusion<\/a><\/li>\r\r\n<li><a href=\"https:\/\/sinoextrud.com\/what-is-4040-aluminium-extrud\/\" target=\"_blank\">aluminum extrusions for industrial racks<\/a><\/li>\r\r\n<li><a href=\"https:\/\/sinoextrud.com\/powder-coating-aluminium-process\/\" target=\"_blank\">powder coating aluminium<\/a><\/li>\r\r\n<li><a href=\"https:\/\/sinoextrud.com\/what-is-an-aluminium-strip-ceiling\/\" target=\"_blank\">aluminium strip ceiling<\/a><\/li>\r\r\n<li><a href=\"https:\/\/sinoextrud.com\/what-is-a-heat-sink\/\" target=\"_blank\">what is a heat sink<\/a><\/li>\r\r\n<\/ul>","product_chanpin_chanpin":"<li><a href=\"https:\/\/sinoextrud.com\/product\/6061-aluminum-price-per-pound-best-quality-anodized-t-slot-aluminum-profile-extrusion-framing-track\/\" target=\"_blank\">6061 aluminum price per pound best quality anodized t-slot aluminum profile extrusion framing track<\/a><\/li>\r\n<li><a href=\"https:\/\/sinoextrud.com\/product\/6061-t5-l-shape-aluminum-profile-bar-customized-40x40-extruded-aluminum-angle-profile\/\" target=\"_blank\">6061-t5 L Shape Aluminum Profile Bar Customized 40\u00c3\u201440 Extruded Aluminum Angle Profile<\/a><\/li>\r\n<li><a href=\"https:\/\/sinoextrud.com\/product\/aerospace-aluminum-extrusions\/\" target=\"_blank\">Aerospace Aluminum Extrusions<\/a><\/li>\r\n<li><a href=\"https:\/\/sinoextrud.com\/product\/aluminium-extrusion-case\/\" target=\"_blank\">Aluminium Extrusion Case<\/a><\/li>\r\n<li><a href=\"https:\/\/sinoextrud.com\/product\/aluminium-extrusion-moulding\/\" target=\"_blank\">Aluminium Extrusion Moulding<\/a><\/li>\r\n<li><a href=\"https:\/\/sinoextrud.com\/product\/aluminium-profile-case\/\" target=\"_blank\">Aluminium Profile Case<\/a><\/li>\r\n<li><a href=\"https:\/\/sinoextrud.com\/product\/aluminium-profile-for-clean-room\/\" target=\"_blank\">Aluminium Profile For Clean Room<\/a><\/li>\r\n<li><a href=\"https:\/\/sinoextrud.com\/product\/aluminium-profile-workbench\/\" target=\"_blank\">Aluminium Profile Workbench<\/a><\/li>\r\n<li><a href=\"https:\/\/sinoextrud.com\/product\/aluminium-roof-rack-extrusions\/\" target=\"_blank\">Aluminium Roof Rack Extrusions<\/a><\/li>\r\n<li><a href=\"https:\/\/sinoextrud.com\/product\/aluminium-profile-material\/\" target=\"_blank\">Aluminium Profile Material<\/a><\/li>\r\n<li><a href=\"https:\/\/sinoextrud.com\/product\/extruded-aluminum-profile-aluminum-t-slot\/\" target=\"_blank\">Extruded Aluminum Profile Aluminum T Slot<\/a><\/li>"},"feature_list":[]},"_links":{"self":[{"href":"https:\/\/sinoextrud.com\/da\/wp-json\/wp\/v2\/product\/8283","targetHints":{"allow":["GET"]}}],"collection":[{"href":"https:\/\/sinoextrud.com\/da\/wp-json\/wp\/v2\/product"}],"about":[{"href":"https:\/\/sinoextrud.com\/da\/wp-json\/wp\/v2\/types\/product"}],"wp:featuredmedia":[{"embeddable":true,"href":"https:\/\/sinoextrud.com\/da\/wp-json\/wp\/v2\/media\/8282"}],"wp:attachment":[{"href":"https:\/\/sinoextrud.com\/da\/wp-json\/wp\/v2\/media?parent=8283"}],"wp:term":[{"taxonomy":"category","embeddable":true,"href":"https:\/\/sinoextrud.com\/da\/wp-json\/wp\/v2\/categories?post=8283"}],"curies":[{"name":"wp","href":"https:\/\/api.w.org\/{rel}","templated":true}]}}