{"id":8279,"date":"2025-06-14T06:46:37","date_gmt":"2025-06-14T06:46:37","guid":{"rendered":"https:\/\/sinoextrud.com\/product\/aerospace-aluminum-extrusions\/"},"modified":"2025-06-24T06:23:29","modified_gmt":"2025-06-24T06:23:29","slug":"ekstruderet-aluminium-til-rumfart","status":"publish","type":"product","link":"https:\/\/sinoextrud.com\/da\/product\/aerospace-aluminum-extrusions\/","title":{"rendered":"Ekstruderet aluminium til rumfart"},"content":{"rendered":"<h2>Detaljer om produkter<\/h2>\n<table class=\"custom-table\">\n<tr>\n<td class=\"label\">Navn<\/td>\n<td>Ekstruderet aluminium til rumfart<\/td>\n<\/tr>\n<tr>\n<td class=\"label\">Brand<\/td>\n<td>Sinoextrud\/Sinoextrud<\/td>\n<\/tr>\n<tr>\n<td class=\"label\">Kategori<\/td>\n<td>Ekstrudering af aluminium<\/td>\n<\/tr>\n<tr>\n<td class=\"label\">Materiale<\/td>\n<td>7075-T6, 6000-serien, 1000- og 3000-serien er tilg\u00e6ngelig<\/td>\n<\/tr>\n<tr>\n<td class=\"label\">Temperament<\/td>\n<td>T5-T8<\/td>\n<\/tr>\n<tr>\n<td class=\"label\">L\u00e6ngde<\/td>\n<td>I henhold til tegningen<\/td>\n<\/tr>\n<tr>\n<td class=\"label\">St\u00f8rrelse (mm)<\/td>\n<td>Tilpasset<\/td>\n<\/tr>\n<tr>\n<td class=\"label\">Form<\/td>\n<td>Tilpasning<\/td>\n<\/tr>\n<tr>\n<td class=\"label\">Overfladebehandling<\/td>\n<td>Power coating; fr\u00e6set f\u00e6rdig, anodiseret, sandbl\u00e6sning, elektroforese er ogs\u00e5 tilg\u00e6ngelig<\/td>\n<\/tr>\n<tr>\n<td class=\"label\">Farve<\/td>\n<td>S\u00f8lv, sort, guld, champange, bronze, r\u00f8d, bl\u00e5, og vi kan tilpasse farverne baseret p\u00e5 kundernes pr\u00f8ver.<\/td>\n<\/tr>\n<tr>\n<td class=\"label\">Garanti<\/td>\n<td>BV, TUV, ISO<\/td>\n<\/tr>\n<tr>\n<td class=\"label\">Standard<\/td>\n<td>Middel og h\u00f8j kvalitet<\/td>\n<\/tr>\n<tr>\n<td class=\"label\">MOQ<\/td>\n<td>200 kg for hver genstand<\/td>\n<\/tr>\n<tr>\n<td class=\"label\">Fra<\/td>\n<td>Guangdong, Kina<\/td>\n<\/tr>\n<tr>\n<td class=\"label\">Anvendelse<\/td>\n<td>Luft- og rumfart<\/td>\n<\/tr>\n<tr>\n<td class=\"label\">Dyb bearbejdning<\/td>\n<td>Sk\u00e6ring, boring, bearbejdning, stansning, bukning, gevindsk\u00e6ring og s\u00e5 videre<\/td>\n<\/tr>\n<tr>\n<td class=\"label\">Pakke<\/td>\n<td>Indvendigt med beskyttelsesfilm, krympeplast eller PE-skum. Udenp\u00e5 med \u00e6ske, karton eller tr\u00e6ramme eller tilpasset.<\/td>\n<\/tr>\n<tr>\n<td class=\"label\">Leveringstid<\/td>\n<td>Skimmeludvikling og pr\u00f8vekonformation er 12-18 dage, derefter er produktionsvarigheden 25-30 dage efter modtagelse af depositum fra k\u00f8ber.<\/td>\n<\/tr>\n<tr>\n<td class=\"label\">Produktets kapacitet<\/td>\n<td>15.000 tons \/ m\u00e5ned<\/td>\n<\/tr>\n<tr>\n<td class=\"label\"><\/td>\n<td><\/td>\n<\/tr>\n<tr>\n<td class=\"label\"><\/td>\n<td><\/td>\n<\/tr>\n<\/table>\n<h2>Vores produktionsbase<\/h2>\n<h3>Panorama over fabrikken<\/h3>\n<p><img decoding=\"async\" src=\"\/wp-content\/uploads\/factory-01.webp\"\/><\/p>\n<h3>V\u00e6rksted til fremstilling af aluminiumst\u00e6nger<\/h3>\n<p><img decoding=\"async\" src=\"\/wp-content\/uploads\/factory-02.webp\"\/><\/p>\n<p><img decoding=\"async\" src=\"\/wp-content\/uploads\/factory-03.webp\"\/><\/p>\n<h3>Lager til opbevaring af skimmelsvampe<\/h3>\n<p><img decoding=\"async\" src=\"\/wp-content\/uploads\/factory-04.webp\"\/><\/p>\n<h3>43 ekstruderingslinjer for aluminium (500-5500 ton)<\/h3>\n<p><img decoding=\"async\" src=\"\/wp-content\/uploads\/factory-05.webp\"\/><\/p>\n<p><img decoding=\"async\" src=\"\/wp-content\/uploads\/factory-06.webp\"\/><\/p>\n<p><img decoding=\"async\" src=\"\/wp-content\/uploads\/factory-07.webp\"\/><\/p>\n<h3>V\u00e6rksted for pulverlakering<\/h3>\n<p><img decoding=\"async\" src=\"\/wp-content\/uploads\/factory-09.webp\"\/><\/p>\n<h3>Anodiseringsv\u00e6rksted<\/h3>\n<p><img decoding=\"async\" src=\"\/wp-content\/uploads\/factory-10.webp\"\/><\/p>\n<h3>Workshop om dyb behandling<\/h3>\n<p><img decoding=\"async\" src=\"\/wp-content\/uploads\/factory-11.webp\"\/><\/p>\n<h3>V\u00e6rksted for CNC-pr\u00e6cisionsbearbejdning<\/h3>\n<p><img decoding=\"async\" src=\"\/wp-content\/uploads\/factory-11.5.webp\"\/><\/p>\n<h3>F\u00e6rdigvare- og eksportlager<\/h3>\n<p><img decoding=\"async\" src=\"\/wp-content\/uploads\/factory-12.webp\"\/><\/p>\n<p><img decoding=\"async\" src=\"\/wp-content\/uploads\/factory-13.webp\"\/><\/p>\n<p><img decoding=\"async\" src=\"\/wp-content\/uploads\/factory-14.webp\"\/><\/p>\n<h2>OFTE STILLEDE SP\u00d8RGSM\u00c5L<\/h2>\n<p><p><b>1. Hvad bruges ekstruderet aluminium til luft- og rumfart til?<\/b><\/p>\n<p>Ekstruderet aluminium til luft- og rumfart bruges til fremstilling af lette, st\u00e6rke og holdbare komponenter til luft- og rumfartsstrukturer som vinger, skrog og st\u00f8tter.<br \/>\n<\/p><br \/>\n<br \/>\n<p><b>2. Hvorfor er ekstrudering af aluminium til rumfart foretrukket i rumfartsapplikationer?<\/b><\/p>\n<p>Ekstruderet aluminium til rumfart har et h\u00f8jt styrke\/v\u00e6gt-forhold, fremragende tr\u00e6theds- og korrosionsbestandighed, hvilket g\u00f8r det ideelt til kr\u00e6vende rumfartsmilj\u00f8er.<br \/>\n<\/p><br \/>\n<br \/>\n<p><b>3. Hvad g\u00f8r aluminiumsekstruderinger til luft- og rumfart korrosionsbestandige?<\/b><\/p>\n<p>Ekstruderet aluminium til rumfart er fremstillet af aluminiumslegeringer af h\u00f8j kvalitet, der giver naturlig korrosionsbestandighed og sikrer langvarig ydeevne under ekstreme milj\u00f8forhold.<br \/>\n<\/p><br \/>\n<br \/>\n<p><b>4. Kan ekstruderet aluminium til rumfart tilpasses til specifikke projekter?<\/b><\/p>\n<p>Ja, ekstruderet aluminium til rumfart kan skr\u00e6ddersys til specifikke profiler, st\u00f8rrelser og former for at opfylde de pr\u00e6cise behov i forskellige rumfartsapplikationer.<br \/>\n<\/p><br \/>\n<br \/>\n<p><b>5. Hvordan h\u00e5ndterer ekstruderet aluminium til rumfart h\u00f8jsp\u00e6ndingsmilj\u00f8er?<\/b><\/p>\n<p>Ekstruderet aluminium til rumfart er konstrueret til at tilbyde enest\u00e5ende strukturel integritet og udmattelsesmodstand, hvilket sikrer, at det fungerer godt i rumfartsmilj\u00f8er med h\u00f8j belastning og h\u00f8jt tryk.<br \/>\n<\/p><br \/>\n<br \/>\n<p><b>6. Er ekstrudering af aluminium til rumfart let at fremstille og bearbejde?<\/b><\/p>\n<p>Ja, aluminiumsekstruderinger til rumfart er nemme at fremstille, svejse og bearbejde, hvilket giver fleksibilitet til komplekse designs og effektiv fremstilling af rumfartskomponenter.<br \/>\n<\/p><br \/>\n<br \/>\n<p><b>7. Hvor l\u00e6nge holder aluminiumsekstruderinger til luft- og rumfart?<\/b><\/p>\n<p>Ekstruderet aluminium til rumfart er designet til holdbarhed og langsigtet ydeevne og giver p\u00e5lidelig service selv under de mest kr\u00e6vende rumfartsforhold.<br \/>\n<\/p><br \/><\/p>","protected":false},"featured_media":8278,"template":"","categories":[54],"class_list":["post-8279","product","type-product","status-publish","has-post-thumbnail","hentry","category-industrial-aluminum-profiles"],"meta_box":{"hilight_text_group":{"product_hilight_text":"<li>Aerospace Aluminum Extrusions provide high-strength, lightweight solutions essential for aerospace applications.<\/li>\r\r\n<li>Corrosion-resistant properties ensure long-lasting performance even in harsh aerospace environments.<\/li>\r\r\n<li>Customizable profiles and shapes to meet specific design and structural requirements in the aerospace industry.<\/li>\r\r\n<li>Excellent fatigue resistance and structural integrity, making it ideal for high-stress environments.<\/li>\r\r\n<li>Ease of fabrication and machining offers flexibility for complex aerospace component manufacturing.<\/li>","product_chanpin_blog":"<ul>\r\r\n<li><a href=\"https:\/\/sinoextrud.com\/t-slot-v-slot-differences\/\" target=\"_blank\">t slot vs v slot<\/a><\/li>\r\r\n<li><a href=\"https:\/\/sinoextrud.com\/what-is-4040-aluminium-extrud\/\" target=\"_blank\">4040 aluminium extrusion<\/a><\/li>\r\r\n<li><a href=\"https:\/\/sinoextrud.com\/what-is-4040-aluminium-extrud\/\" target=\"_blank\">aluminum extrusions for industrial racks<\/a><\/li>\r\r\n<li><a href=\"https:\/\/sinoextrud.com\/powder-coating-aluminium-process\/\" target=\"_blank\">powder coating aluminium<\/a><\/li>\r\r\n<li><a href=\"https:\/\/sinoextrud.com\/what-is-an-aluminium-strip-ceiling\/\" target=\"_blank\">aluminium strip ceiling<\/a><\/li>\r\r\n<li><a href=\"https:\/\/sinoextrud.com\/what-is-a-heat-sink\/\" target=\"_blank\">what is a heat sink<\/a><\/li>\r\r\n<\/ul>","product_chanpin_chanpin":"<li><a href=\"https:\/\/sinoextrud.com\/product\/solar-frames-aluminum-extrusions\/\" target=\"_blank\">Solar Frames Aluminum Extrusions<\/a><\/li>\r\n<li><a href=\"https:\/\/sinoextrud.com\/product\/6061-aluminum-extrusion-round-tube-for-industry\/\" target=\"_blank\">6061 Aluminum Extrusion Round Tube For Industry<\/a><\/li>\r\n<li><a href=\"https:\/\/sinoextrud.com\/product\/6061-aluminum-price-per-pound-best-quality-anodized-t-slot-aluminum-profile-extrusion-framing-track\/\" target=\"_blank\">6061 aluminum price per pound best quality anodized t-slot aluminum profile extrusion framing track<\/a><\/li>\r\n<li><a href=\"https:\/\/sinoextrud.com\/product\/6061-t5-l-shape-aluminum-profile-bar-customized-40x40-extruded-aluminum-angle-profile\/\" target=\"_blank\">6061-t5 L Shape Aluminum Profile Bar Customized 40\u00c3\u201440 Extruded Aluminum Angle Profile<\/a><\/li>\r\n<li><a href=\"https:\/\/sinoextrud.com\/product\/aerospace-aluminum-extrusions\/\" target=\"_blank\">Aerospace Aluminum Extrusions<\/a><\/li>\r\n<li><a href=\"https:\/\/sinoextrud.com\/product\/aluminium-extrusion-case\/\" target=\"_blank\">Aluminium Extrusion Case<\/a><\/li>\r\n<li><a href=\"https:\/\/sinoextrud.com\/product\/aluminium-extrusion-moulding\/\" target=\"_blank\">Aluminium Extrusion Moulding<\/a><\/li>\r\n<li><a href=\"https:\/\/sinoextrud.com\/product\/aluminium-profile-case\/\" target=\"_blank\">Aluminium Profile Case<\/a><\/li>\r\n<li><a href=\"https:\/\/sinoextrud.com\/product\/aluminium-profile-for-clean-room\/\" target=\"_blank\">Aluminium Profile For Clean Room<\/a><\/li>\r\n<li><a href=\"https:\/\/sinoextrud.com\/product\/top-grade-expanded-metal-aluminium-profiles-partition-frame-for-doors-and-windows\/\" target=\"_blank\">Top Grade Expanded Metal Aluminium Profiles Partition Frame For Doors And Windows<\/a><\/li>\r\n<li><a href=\"https:\/\/sinoextrud.com\/product\/aluminum-extrusion-baseboard-aluminum-skirting-profile\/\" target=\"_blank\">Aluminum Extrusion Baseboard Aluminum Skirting Profile<\/a><\/li>"},"feature_list":[]},"_links":{"self":[{"href":"https:\/\/sinoextrud.com\/da\/wp-json\/wp\/v2\/product\/8279","targetHints":{"allow":["GET"]}}],"collection":[{"href":"https:\/\/sinoextrud.com\/da\/wp-json\/wp\/v2\/product"}],"about":[{"href":"https:\/\/sinoextrud.com\/da\/wp-json\/wp\/v2\/types\/product"}],"wp:featuredmedia":[{"embeddable":true,"href":"https:\/\/sinoextrud.com\/da\/wp-json\/wp\/v2\/media\/8278"}],"wp:attachment":[{"href":"https:\/\/sinoextrud.com\/da\/wp-json\/wp\/v2\/media?parent=8279"}],"wp:term":[{"taxonomy":"category","embeddable":true,"href":"https:\/\/sinoextrud.com\/da\/wp-json\/wp\/v2\/categories?post=8279"}],"curies":[{"name":"wp","href":"https:\/\/api.w.org\/{rel}","templated":true}]}}