{"id":8271,"date":"2025-06-14T06:40:45","date_gmt":"2025-06-14T06:40:45","guid":{"rendered":"https:\/\/sinoextrud.com\/product\/solar-frames-aluminum-extrusions\/"},"modified":"2025-06-24T06:23:28","modified_gmt":"2025-06-24T06:23:28","slug":"solrammer-aluminiumsprofiler","status":"publish","type":"product","link":"https:\/\/sinoextrud.com\/da\/product\/solar-frames-aluminum-extrusions\/","title":{"rendered":"Solcellerammer Ekstruderet aluminium"},"content":{"rendered":"<h2>Detaljer om produkter<\/h2>\n<table class=\"custom-table\">\n<tbody>\n<tr>\n<td> Navn<\/td>\n<td> Solrammer af aluminiumsprofiler<\/td>\n<\/tr>\n<tr>\n<td> Brand<\/td>\n<td> Sinoextrud\/Sinoextrud<\/td>\n<\/tr>\n<tr>\n<td> Kategori<\/td>\n<td> Sektion af aluminium<\/td>\n<\/tr>\n<tr>\n<td> Materiale<\/td>\n<td> 6063 er meget udbredt. 6061, 6463, 6005, 6082 er ogs\u00e5 tilg\u00e6ngelige.<\/td>\n<\/tr>\n<tr>\n<td> Temperament<\/td>\n<td> T5-T8<\/td>\n<\/tr>\n<tr>\n<td> L\u00e6ngde<\/td>\n<td> 5,8 m for 20 fod, 5,9 m \/ 6,0 m for 40'GP, eller tilpasning<\/td>\n<\/tr>\n<tr>\n<td> St\u00f8rrelse (mm)<\/td>\n<td> Forskellige st\u00f8rrelser, du kan kontakte os for detaljer.<\/td>\n<\/tr>\n<tr>\n<td> Tykkelse<\/td>\n<td> I henhold til din anmodning<\/td>\n<\/tr>\n<tr>\n<td> Form<\/td>\n<td> Tilpasning<\/td>\n<\/tr>\n<tr>\n<td> Overfladebehandling<\/td>\n<td> Fr\u00e6set f\u00e6rdig, anodiseret, sandbl\u00e6sning, elektroforese, power coating osv.<\/td>\n<\/tr>\n<tr>\n<td> Farve<\/td>\n<td> S\u00f8lv, sort, hvid, r\u00f8d, gul, champagne eller tilpasset farve<\/td>\n<\/tr>\n<tr>\n<td> Standard<\/td>\n<td> ASTM, GB, DIN<\/td>\n<\/tr>\n<tr>\n<td> Fra<\/td>\n<td> Guangdong, Kina<\/td>\n<\/tr>\n<tr>\n<td> Anvendelse<\/td>\n<td> Ramme, industri<\/td>\n<\/tr>\n<\/tbody>\n<\/table>\n<h2>Vores produktionsbase<\/h2>\n<h3>Panorama over fabrikken<\/h3>\n<p><img decoding=\"async\" src=\"\/wp-content\/uploads\/factory-01.webp\"\/><\/p>\n<h3>V\u00e6rksted til fremstilling af aluminiumst\u00e6nger<\/h3>\n<p><img decoding=\"async\" src=\"\/wp-content\/uploads\/factory-02.webp\"\/><\/p>\n<p><img decoding=\"async\" src=\"\/wp-content\/uploads\/factory-03.webp\"\/><\/p>\n<h3>Lager til opbevaring af skimmelsvampe<\/h3>\n<p><img decoding=\"async\" src=\"\/wp-content\/uploads\/factory-04.webp\"\/><\/p>\n<h3>43 ekstruderingslinjer for aluminium (500-5500 ton)<\/h3>\n<p><img decoding=\"async\" src=\"\/wp-content\/uploads\/factory-05.webp\"\/><\/p>\n<p><img decoding=\"async\" src=\"\/wp-content\/uploads\/factory-06.webp\"\/><\/p>\n<p><img decoding=\"async\" src=\"\/wp-content\/uploads\/factory-07.webp\"\/><\/p>\n<h3>V\u00e6rksted for pulverlakering<\/h3>\n<p><img decoding=\"async\" src=\"\/wp-content\/uploads\/factory-09.webp\"\/><\/p>\n<h3>Anodiseringsv\u00e6rksted<\/h3>\n<p><img decoding=\"async\" src=\"\/wp-content\/uploads\/factory-10.webp\"\/><\/p>\n<h3>Workshop om dyb behandling<\/h3>\n<p><img decoding=\"async\" src=\"\/wp-content\/uploads\/factory-11.webp\"\/><\/p>\n<h3>V\u00e6rksted for CNC-pr\u00e6cisionsbearbejdning<\/h3>\n<p><img decoding=\"async\" src=\"\/wp-content\/uploads\/factory-11.5.webp\"\/><\/p>\n<h3>F\u00e6rdigvare- og eksportlager<\/h3>\n<p><img decoding=\"async\" src=\"\/wp-content\/uploads\/factory-12.webp\"\/><\/p>\n<p><img decoding=\"async\" src=\"\/wp-content\/uploads\/factory-13.webp\"\/><\/p>\n<p><img decoding=\"async\" src=\"\/wp-content\/uploads\/factory-14.webp\"\/><\/p>\n<h2>OFTE STILLEDE SP\u00d8RGSM\u00c5L<\/h2>\n<p><p><b>1. Hvad bruges aluminiumsekstruderede solrammer til?<\/b><\/p>\n<p>Solrammer Aluminiumsekstruderinger bruges til at skabe holdbare og effektive rammer til montering af solpaneler, hvilket sikrer sikre installationer til solenergisystemer.<br \/>\n<\/p><br \/>\n<br \/>\n<p><b>2. Hvorfor er aluminium det foretrukne materiale til solrammer?<\/b><\/p>\n<p>Aluminium er let, korrosionsbestandigt og giver fremragende strukturel st\u00f8tte, hvilket g\u00f8r det til et ideelt materiale til langtidsholdbare og p\u00e5lidelige solpanelrammer.<br \/>\n<\/p><br \/>\n<br \/>\n<p><b>3. Kan solrammer af aluminiumsekstruderinger tilpasses?<\/b><\/p>\n<p>Ja, Solar Frames Aluminum Extrusions kan skr\u00e6ddersys til at passe til specifikke projektkrav og tilbyder fleksible l\u00e6ngder og profiler, der passer til forskellige solpanelkonfigurationer.<br \/>\n<\/p><br \/>\n<br \/>\n<p><b>4. Hvordan modst\u00e5r Solar Frames Aluminum Extrusions udend\u00f8rs forhold?<\/b><\/p>\n<p>Aluminiums korrosionsbestandige egenskaber sikrer, at Solar Frames Aluminum Extrusions fungerer godt i barske udend\u00f8rsmilj\u00f8er og beskytter solpaneler mod slid og korrosion.<br \/>\n<\/p><br \/>\n<br \/>\n<p><b>5. Hvad er fordelene ved at bruge aluminium til varmeafledning i solcelleanl\u00e6g?<\/b><\/p>\n<p>Aluminiums fremragende varmeafledningsegenskaber hj\u00e6lper med at regulere solpanelernes temperatur, hvilket forbedrer deres effektivitet og forl\u00e6nger deres levetid i varme klimaer.<br \/>\n<\/p><br \/>\n<br \/>\n<p><b>6. Hvor nemt er det at installere Solar Frames aluminiumsprofiler?<\/b><\/p>\n<p>Solar Frames aluminiumsprofiler er designet til nem montering, hvilket giver mulighed for hurtig og effektiv installation af solpaneler med et minimum af v\u00e6rkt\u00f8j og ekspertise.<br \/>\n<\/p><br \/>\n<br \/>\n<p><b>7. Er Solar Frames aluminiumsekstruderinger milj\u00f8venlige?<\/b><\/p>\n<p>Ja, aluminium er et genanvendeligt materiale, og brug af Solar Frames Aluminum Extrusions bidrager til b\u00e6redygtighed i solenergisystemer ved at reducere milj\u00f8p\u00e5virkningen.<br \/>\n<\/p><br \/><\/p>","protected":false},"featured_media":8270,"template":"","categories":[54],"class_list":["post-8271","product","type-product","status-publish","has-post-thumbnail","hentry","category-industrial-aluminum-profiles"],"meta_box":{"hilight_text_group":{"product_hilight_text":"<li>Solar Frames Aluminum Extrusions offer high strength and lightweight solutions for mounting solar panels efficiently.<\/li>\r\r\n<li>Corrosion-resistant properties ensure long-term durability in outdoor and harsh environmental conditions.<\/li>\r\r\n<li>Easy to assemble and customize, allowing for flexible installation configurations for various solar panel systems.<\/li>\r\r\n<li>Aluminum construction provides excellent heat dissipation, enhancing the overall performance and lifespan of solar installations.<\/li>\r\r\n<li>Recyclable material contributes to environmentally friendly solar energy systems, promoting sustainability.<\/li>","product_chanpin_blog":"<ul>\r\r\n<li><a href=\"https:\/\/sinoextrud.com\/t-slot-v-slot-differences\/\" target=\"_blank\">t slot vs v slot<\/a><\/li>\r\r\n<li><a href=\"https:\/\/sinoextrud.com\/what-is-4040-aluminium-extrud\/\" target=\"_blank\">4040 aluminium extrusion<\/a><\/li>\r\r\n<li><a href=\"https:\/\/sinoextrud.com\/what-is-4040-aluminium-extrud\/\" target=\"_blank\">aluminum extrusions for industrial racks<\/a><\/li>\r\r\n<li><a href=\"https:\/\/sinoextrud.com\/powder-coating-aluminium-process\/\" target=\"_blank\">powder coating aluminium<\/a><\/li>\r\r\n<li><a href=\"https:\/\/sinoextrud.com\/what-is-an-aluminium-strip-ceiling\/\" target=\"_blank\">aluminium strip ceiling<\/a><\/li>\r\r\n<li><a href=\"https:\/\/sinoextrud.com\/what-is-a-heat-sink\/\" target=\"_blank\">what is a heat sink<\/a><\/li>\r\r\n<\/ul>","product_chanpin_chanpin":"<li><a href=\"https:\/\/sinoextrud.com\/product\/round-sunflower-led-light-aluminium-heat-sink\/\" target=\"_blank\">Round Sunflower LED Light Aluminium Heat Sink<\/a><\/li>\r\n<li><a href=\"https:\/\/sinoextrud.com\/product\/profile-square-aluminum-heat-sink\/\" target=\"_blank\">Profile Square Aluminum Heat Sink<\/a><\/li>\r\n<li><a href=\"https:\/\/sinoextrud.com\/product\/triangular-aluminum-extrusion\/\" target=\"_blank\">Triangular Aluminum Extrusion<\/a><\/li>\r\n<li><a href=\"https:\/\/sinoextrud.com\/product\/standard-aluminum-extrusions\/\" target=\"_blank\">Standard Aluminum Extrusions<\/a><\/li>\r\n<li><a href=\"https:\/\/sinoextrud.com\/product\/solar-frames-aluminum-extrusions\/\" target=\"_blank\">Solar Frames Aluminum Extrusions<\/a><\/li>\r\n<li><a href=\"https:\/\/sinoextrud.com\/product\/6061-aluminum-extrusion-round-tube-for-industry\/\" target=\"_blank\">6061 Aluminum Extrusion Round Tube For Industry<\/a><\/li>\r\n<li><a href=\"https:\/\/sinoextrud.com\/product\/6061-aluminum-price-per-pound-best-quality-anodized-t-slot-aluminum-profile-extrusion-framing-track\/\" target=\"_blank\">6061 aluminum price per pound best quality anodized t-slot aluminum profile extrusion framing track<\/a><\/li>\r\n<li><a href=\"https:\/\/sinoextrud.com\/product\/6061-t5-l-shape-aluminum-profile-bar-customized-40x40-extruded-aluminum-angle-profile\/\" target=\"_blank\">6061-t5 L Shape Aluminum Profile Bar Customized 40\u00c3\u201440 Extruded Aluminum Angle Profile<\/a><\/li>\r\n<li><a href=\"https:\/\/sinoextrud.com\/product\/aerospace-aluminum-extrusions\/\" target=\"_blank\">Aerospace Aluminum Extrusions<\/a><\/li>\r\n<li><a href=\"https:\/\/sinoextrud.com\/product\/trapezoidal-type-ceiling-system\/\" target=\"_blank\">Trapezoidal Type Ceiling System<\/a><\/li>\r\n<li><a href=\"https:\/\/sinoextrud.com\/product\/aluminum-extrusion-6061-6063-aluminum-profile-for-lamppost\/\" target=\"_blank\">Aluminum Extrusion 6061 6063 Aluminum Profile For Lamppost<\/a><\/li>"},"feature_list":[]},"_links":{"self":[{"href":"https:\/\/sinoextrud.com\/da\/wp-json\/wp\/v2\/product\/8271","targetHints":{"allow":["GET"]}}],"collection":[{"href":"https:\/\/sinoextrud.com\/da\/wp-json\/wp\/v2\/product"}],"about":[{"href":"https:\/\/sinoextrud.com\/da\/wp-json\/wp\/v2\/types\/product"}],"wp:featuredmedia":[{"embeddable":true,"href":"https:\/\/sinoextrud.com\/da\/wp-json\/wp\/v2\/media\/8270"}],"wp:attachment":[{"href":"https:\/\/sinoextrud.com\/da\/wp-json\/wp\/v2\/media?parent=8271"}],"wp:term":[{"taxonomy":"category","embeddable":true,"href":"https:\/\/sinoextrud.com\/da\/wp-json\/wp\/v2\/categories?post=8271"}],"curies":[{"name":"wp","href":"https:\/\/api.w.org\/{rel}","templated":true}]}}