{"id":8267,"date":"2025-06-14T06:38:00","date_gmt":"2025-06-14T06:38:00","guid":{"rendered":"https:\/\/sinoextrud.com\/product\/triangular-aluminum-extrusion\/"},"modified":"2025-06-24T06:23:27","modified_gmt":"2025-06-24T06:23:27","slug":"trekantet-aluminiumsprofil-2","status":"publish","type":"product","link":"https:\/\/sinoextrud.com\/da\/product\/triangular-aluminum-extrusion\/","title":{"rendered":"Trekantet ekstrudering af aluminium"},"content":{"rendered":"<h2>Detaljer om produkter<\/h2>\n<table class=\"custom-table\">\n<tr>\n<td class=\"label\">Vare<\/td>\n<td>Trekantet ekstrudering af aluminium<\/td>\n<\/tr>\n<tr>\n<td class=\"label\">Temperament<\/td>\n<td>T5-T8<\/td>\n<\/tr>\n<tr>\n<td class=\"label\">Procesflow<\/td>\n<td>Udvikling af st\u00f8beforme - Aluminiumssk\u00e6rver - Opvarmning - St\u00f8bning med r\u00e5 aluminium - Anodiseret pulverbel\u00e6gning<\/td>\n<\/tr>\n<tr>\n<td class=\"label\">Karakteristisk<\/td>\n<td>1. p\u00e6ne og smukke fine linjer p\u00e5 overfladen.<br \/>\n2. Der anvendes nationale standard aluminiumsbilletter.<br \/>\n3. Med vores j\u00e6vne anodiseringsproces, som bruges til at beskytte overfladen.<br \/>\n4. Sm\u00e5 ordrer er acceptable.<br \/>\n5. Tilpasset ekstrudering i henhold til din tegning.<\/td>\n<\/tr>\n<tr>\n<td class=\"label\">Anvendelse<\/td>\n<td>Industri, byggeri<\/td>\n<\/tr>\n<tr>\n<td class=\"label\">Form<\/td>\n<td>Tilpasning, Solided<\/td>\n<\/tr>\n<tr>\n<td class=\"label\">Overfladebehandling<\/td>\n<td>Fr\u00e6set f\u00e6rdig, anodiseret, power coating, sandbl\u00e6sning, elektroforese, b\u00f8rstet, polering,<\/td>\n<\/tr>\n<tr>\n<td class=\"label\">Farve<\/td>\n<td>S\u00f8lv, sort, guld, champange, bronze, r\u00f8d, bl\u00e5;<br \/>\nvi kan tilpasse farverne baseret p\u00e5 kundernes pr\u00f8ver<\/td>\n<\/tr>\n<tr>\n<td class=\"label\">Dyb bearbejdning<\/td>\n<td>Sk\u00e6ring, boring, bearbejdning, stansning, bukning, gevindsk\u00e6ring og s\u00e5 videre<\/td>\n<\/tr>\n<tr>\n<td class=\"label\">Garanti<\/td>\n<td>ISO:9001, SONCAP, BV-certifikat, TUV, SGS eller kundernes certifikat til r\u00e5dighed<\/td>\n<\/tr>\n<tr>\n<td class=\"label\">MOQ<\/td>\n<td>200 KG<\/td>\n<\/tr>\n<tr>\n<td class=\"label\">Leveringstid<\/td>\n<td>Skimmeludvikling og pr\u00f8vekonformation er 12-15 dage, derefter er produktionsvarigheden 15-25 dage efter modtagelse af depositum fra k\u00f8ber.<\/td>\n<\/tr>\n<tr>\n<td class=\"label\">Gratis pr\u00f8ve<\/td>\n<td>1-3 dage kan sendes<\/td>\n<\/tr>\n<\/table>\n<h2>Vores produktionsbase<\/h2>\n<h3>Panorama over fabrikken<\/h3>\n<p><img decoding=\"async\" src=\"\/wp-content\/uploads\/factory-01.webp\"\/><\/p>\n<h3>V\u00e6rksted til fremstilling af aluminiumst\u00e6nger<\/h3>\n<p><img decoding=\"async\" src=\"\/wp-content\/uploads\/factory-02.webp\"\/><\/p>\n<p><img decoding=\"async\" src=\"\/wp-content\/uploads\/factory-03.webp\"\/><\/p>\n<h3>Lager til opbevaring af skimmelsvampe<\/h3>\n<p><img decoding=\"async\" src=\"\/wp-content\/uploads\/factory-04.webp\"\/><\/p>\n<h3>43 ekstruderingslinjer for aluminium (500-5500 ton)<\/h3>\n<p><img decoding=\"async\" src=\"\/wp-content\/uploads\/factory-05.webp\"\/><\/p>\n<p><img decoding=\"async\" src=\"\/wp-content\/uploads\/factory-06.webp\"\/><\/p>\n<p><img decoding=\"async\" src=\"\/wp-content\/uploads\/factory-07.webp\"\/><\/p>\n<h3>V\u00e6rksted for pulverlakering<\/h3>\n<p><img decoding=\"async\" src=\"\/wp-content\/uploads\/factory-09.webp\"\/><\/p>\n<h3>Anodiseringsv\u00e6rksted<\/h3>\n<p><img decoding=\"async\" src=\"\/wp-content\/uploads\/factory-10.webp\"\/><\/p>\n<h3>Workshop om dyb behandling<\/h3>\n<p><img decoding=\"async\" src=\"\/wp-content\/uploads\/factory-11.webp\"\/><\/p>\n<h3>V\u00e6rksted for CNC-pr\u00e6cisionsbearbejdning<\/h3>\n<p><img decoding=\"async\" src=\"\/wp-content\/uploads\/factory-11.5.webp\"\/><\/p>\n<h3>F\u00e6rdigvare- og eksportlager<\/h3>\n<p><img decoding=\"async\" src=\"\/wp-content\/uploads\/factory-12.webp\"\/><\/p>\n<p><img decoding=\"async\" src=\"\/wp-content\/uploads\/factory-13.webp\"\/><\/p>\n<p><img decoding=\"async\" src=\"\/wp-content\/uploads\/factory-14.webp\"\/><\/p>\n<h2>OFTE STILLEDE SP\u00d8RGSM\u00c5L<\/h2>\n<p><p><b>1. Hvad er fordelene ved at bruge trekantede aluminiumsekstruderinger?<\/b><\/p>\n<p>Trekantede aluminiumsekstruderinger giver forbedret strukturel styrke, er lette og har korrosionsbestandighed, hvilket g\u00f8r dem ideelle til en r\u00e6kke forskellige anvendelser.<br \/>\n<\/p><br \/>\n<br \/>\n<p><b>2. Hvordan forbedrer den trekantede form ydeevnen?<\/b><\/p>\n<p>Den unikke trekantede form forbedrer ekstruderingens strukturelle styrke og stabilitet, hvilket g\u00f8r den mere holdbar og egnet til at b\u00e6re tunge belastninger.<br \/>\n<\/p><br \/>\n<br \/>\n<p><b>3. Hvilket materiale bruges til de trekantede aluminiumsekstruderinger?<\/b><\/p>\n<p>De er lavet af h\u00f8jkvalitetsaluminium, der er kendt for at v\u00e6re let, holdbart og korrosionsbestandigt, hvilket sikrer langvarig ydeevne.<br \/>\n<\/p><br \/>\n<br \/>\n<p><b>4. Kan trekantede aluminiumsekstruderinger bruges i brugerdefinerede projekter?<\/b><\/p>\n<p>Ja, deres alsidige design g\u00f8r dem velegnede til en bred vifte af specialopgaver, herunder industrielle og strukturelle projekter.<br \/>\n<\/p><br \/>\n<br \/>\n<p><b>5. Er den trekantede aluminiumsekstrudering modstandsdygtig over for korrosion?<\/b><\/p>\n<p>Ja, det har fremragende korrosionsbestandige egenskaber, hvilket g\u00f8r det ideelt til brug i barske og udend\u00f8rs milj\u00f8er.<br \/>\n<\/p><br \/>\n<br \/>\n<p><b>6. Hvor omkostningseffektiv er den trekantede aluminiumsekstrudering?<\/b><\/p>\n<p>Det er en omkostningseffektiv l\u00f8sning p\u00e5 grund af dets holdbarhed, lette egenskaber og lave vedligeholdelseskrav, hvilket reducerer de samlede projektomkostninger.<br \/>\n<\/p><br \/>\n<br \/>\n<p><b>7. Hvilke industrier drager fordel af trekantede aluminiumsekstruderinger?<\/b><\/p>\n<p>De bruges i vid udstr\u00e6kning inden for byggeri, automatisering, indramning og andre industrier, der kr\u00e6ver st\u00e6rke, tilpassede strukturelle komponenter.<br \/>\n<\/p><br \/><\/p>","protected":false},"featured_media":8266,"template":"","categories":[54],"class_list":["post-8267","product","type-product","status-publish","has-post-thumbnail","hentry","category-industrial-aluminum-profiles"],"meta_box":{"hilight_text_group":{"product_hilight_text":"<li>Unique triangular shape provides enhanced structural strength and stability for various applications.<\/li>\r\r\n<li>Lightweight yet durable aluminum material ensures easy handling without compromising strength.<\/li>\r\r\n<li>Versatile design, suitable for a wide range of custom projects and industrial uses.<\/li>\r\r\n<li>Corrosion-resistant properties, offering reliable performance in harsh environments.<\/li>\r\r\n<li>Cost-effective solution for structural framing and support in a variety of industries.<\/li>","product_chanpin_blog":"<ul>\r\r\n<li><a href=\"https:\/\/sinoextrud.com\/t-slot-v-slot-differences\/\" target=\"_blank\">t slot vs v slot<\/a><\/li>\r\r\n<li><a href=\"https:\/\/sinoextrud.com\/what-is-4040-aluminium-extrud\/\" target=\"_blank\">4040 aluminium extrusion<\/a><\/li>\r\r\n<li><a href=\"https:\/\/sinoextrud.com\/what-is-4040-aluminium-extrud\/\" target=\"_blank\">aluminum extrusions for industrial racks<\/a><\/li>\r\r\n<li><a href=\"https:\/\/sinoextrud.com\/powder-coating-aluminium-process\/\" target=\"_blank\">powder coating aluminium<\/a><\/li>\r\r\n<li><a href=\"https:\/\/sinoextrud.com\/what-is-an-aluminium-strip-ceiling\/\" target=\"_blank\">aluminium strip ceiling<\/a><\/li>\r\r\n<li><a href=\"https:\/\/sinoextrud.com\/what-is-a-heat-sink\/\" target=\"_blank\">what is a heat sink<\/a><\/li>\r\r\n<\/ul>","product_chanpin_chanpin":"<li><a href=\"https:\/\/sinoextrud.com\/product\/large-scale-industrial-aluminum-profile\/\" target=\"_blank\">Large Scale Industrial Aluminum Profile<\/a><\/li>\r\n<li><a href=\"https:\/\/sinoextrud.com\/product\/solar-aluminium-profile-2\/\" target=\"_blank\">Solar Aluminium Profile<\/a><\/li>\r\n<li><a href=\"https:\/\/sinoextrud.com\/product\/round-sunflower-led-light-aluminium-heat-sink\/\" target=\"_blank\">Round Sunflower LED Light Aluminium Heat Sink<\/a><\/li>\r\n<li><a href=\"https:\/\/sinoextrud.com\/product\/profile-square-aluminum-heat-sink\/\" target=\"_blank\">Profile Square Aluminum Heat Sink<\/a><\/li>\r\n<li><a href=\"https:\/\/sinoextrud.com\/product\/triangular-aluminum-extrusion\/\" target=\"_blank\">Triangular Aluminum Extrusion<\/a><\/li>\r\n<li><a href=\"https:\/\/sinoextrud.com\/product\/standard-aluminum-extrusions\/\" target=\"_blank\">Standard Aluminum Extrusions<\/a><\/li>\r\n<li><a href=\"https:\/\/sinoextrud.com\/product\/solar-frames-aluminum-extrusions\/\" target=\"_blank\">Solar Frames Aluminum Extrusions<\/a><\/li>\r\n<li><a href=\"https:\/\/sinoextrud.com\/product\/6061-aluminum-extrusion-round-tube-for-industry\/\" target=\"_blank\">6061 Aluminum Extrusion Round Tube For Industry<\/a><\/li>\r\n<li><a href=\"https:\/\/sinoextrud.com\/product\/6061-aluminum-price-per-pound-best-quality-anodized-t-slot-aluminum-profile-extrusion-framing-track\/\" target=\"_blank\">6061 aluminum price per pound best quality anodized t-slot aluminum profile extrusion framing track<\/a><\/li>\r\n<li><a href=\"https:\/\/sinoextrud.com\/product\/aluminum-slatwall-panel-insert-profile\/\" target=\"_blank\">Aluminum Slatwall Panel Insert Profile<\/a><\/li>\r\n<li><a href=\"https:\/\/sinoextrud.com\/product\/oem-aluminium-extrusion-profile-for-furniture-knobs-door-pull-handle\/\" target=\"_blank\">OEM Aluminium Extrusion Profile For Furniture Knobs Door Pull Handle<\/a><\/li>"},"feature_list":[]},"_links":{"self":[{"href":"https:\/\/sinoextrud.com\/da\/wp-json\/wp\/v2\/product\/8267","targetHints":{"allow":["GET"]}}],"collection":[{"href":"https:\/\/sinoextrud.com\/da\/wp-json\/wp\/v2\/product"}],"about":[{"href":"https:\/\/sinoextrud.com\/da\/wp-json\/wp\/v2\/types\/product"}],"wp:featuredmedia":[{"embeddable":true,"href":"https:\/\/sinoextrud.com\/da\/wp-json\/wp\/v2\/media\/8266"}],"wp:attachment":[{"href":"https:\/\/sinoextrud.com\/da\/wp-json\/wp\/v2\/media?parent=8267"}],"wp:term":[{"taxonomy":"category","embeddable":true,"href":"https:\/\/sinoextrud.com\/da\/wp-json\/wp\/v2\/categories?post=8267"}],"curies":[{"name":"wp","href":"https:\/\/api.w.org\/{rel}","templated":true}]}}