{"id":8261,"date":"2025-06-14T06:32:29","date_gmt":"2025-06-14T06:32:29","guid":{"rendered":"https:\/\/sinoextrud.com\/product\/solar-aluminium-profile-2\/"},"modified":"2025-06-24T06:23:26","modified_gmt":"2025-06-24T06:23:26","slug":"solcelleprofil-i-aluminium-3","status":"publish","type":"product","link":"https:\/\/sinoextrud.com\/da\/product\/solar-aluminium-profile-2\/","title":{"rendered":"Solcelleprofil i aluminium"},"content":{"rendered":"<h2>Detaljer om produkter<\/h2>\n<table class=\"custom-table\">\n<thead>\n<tr>\n<td> Vare:.<\/td>\n<td> Brugerdefineret anodiseret solcelle-aluminiumprofil<\/td>\n<\/tr>\n<\/thead>\n<tbody>\n<tr>\n<td> Materiale:<\/td>\n<td> Aluminiumslegering af h\u00f8j kvalitet (f.eks. 6063)<\/td>\n<\/tr>\n<tr>\n<td> Profiltype:<\/td>\n<td> Anodiseret solcelle-aluminiumprofil<\/td>\n<\/tr>\n<tr>\n<td> Standardl\u00e6ngde:<\/td>\n<td> Op til 6 meter (tilpassede l\u00e6ngder f\u00e5s)<\/td>\n<\/tr>\n<tr>\n<td> Mulighed for bredde:<\/td>\n<td> 30 mm til 150 mm (tilpassede bredder er tilg\u00e6ngelige)<\/td>\n<\/tr>\n<tr>\n<td> Mulighed for h\u00f8jde:<\/td>\n<td> 20 mm til 100 mm (tilpassede h\u00f8jder er tilg\u00e6ngelige)<\/td>\n<\/tr>\n<tr>\n<td> Tykkelse:<\/td>\n<td> 1,2 mm til 3,0 mm (tilpasset tykkelse tilg\u00e6ngelig)<\/td>\n<\/tr>\n<tr>\n<td> V\u00e6gt:<\/td>\n<td> Varierer afh\u00e6ngigt af dimensioner og design<\/td>\n<\/tr>\n<tr>\n<td> Overfladefinish:<\/td>\n<td> Anodiseret (forskellige farver tilg\u00e6ngelige)<\/td>\n<\/tr>\n<tr>\n<td> Farvemuligheder:<\/td>\n<td> S\u00f8lv, sort, bronze, brugerdefinerede farver<\/td>\n<\/tr>\n<tr>\n<td> Modstandsdygtighed over for korrosion:<\/td>\n<td> Fremragende (forbedret af anodiseringsprocessen)<\/td>\n<\/tr>\n<tr>\n<td> Termisk ledningsevne:<\/td>\n<td> H\u00f8j varmeledningsevne for effektiv varmeafledning<\/td>\n<\/tr>\n<tr>\n<td> B\u00e6rende kapacitet:<\/td>\n<td> Varierer afh\u00e6ngigt af profildesign og installation<\/td>\n<\/tr>\n<tr>\n<td> CNC-bearbejdning:<\/td>\n<td> F\u00e5s til pr\u00e6cisionssk\u00e6ring, -boring og -fr\u00e6sning<\/td>\n<\/tr>\n<tr>\n<td> Emballage:<\/td>\n<td> Sikker emballage med beskyttende materialer, m\u00e6rket for nem identifikation<\/td>\n<\/tr>\n<tr>\n<td> Certificeringer:<\/td>\n<td> ISO 9001, RoHS og andre relevante certificeringer<\/td>\n<\/tr>\n<tr>\n<td> Leveringstid:<\/td>\n<td> Typisk 2-4 uger (afh\u00e6ngigt af tilpasning og ordrem\u00e6ngde)<\/td>\n<\/tr>\n<tr>\n<td> Mindste ordrem\u00e6ngde (MOQ):<\/td>\n<td> 200 kg eller efter aftale<\/td>\n<\/tr>\n<tr>\n<td> Tilpasningsmuligheder:<\/td>\n<td> F\u00e5s i forskellige dimensioner, farver og designs<\/td>\n<\/tr>\n<tr>\n<td> Kvalitetskontrol:<\/td>\n<td> Strenge inspektioner i hvert produktionsled<\/td>\n<\/tr>\n<tr>\n<td> Garanti:<\/td>\n<td> 5 \u00e5rs garanti mod fabrikationsfejl<\/td>\n<\/tr>\n<tr>\n<td> Kundesupport:<\/td>\n<td> Teknisk support og r\u00e5dgivning er tilg\u00e6ngelig<\/td>\n<\/tr>\n<\/tbody>\n<\/table>\n<h2>Vores produktionsbase<\/h2>\n<h3>Panorama over fabrikken<\/h3>\n<p><img decoding=\"async\" src=\"\/wp-content\/uploads\/factory-01.webp\"\/><\/p>\n<h3>V\u00e6rksted til fremstilling af aluminiumst\u00e6nger<\/h3>\n<p><img decoding=\"async\" src=\"\/wp-content\/uploads\/factory-02.webp\"\/><\/p>\n<p><img decoding=\"async\" src=\"\/wp-content\/uploads\/factory-03.webp\"\/><\/p>\n<h3>Lager til opbevaring af skimmelsvampe<\/h3>\n<p><img decoding=\"async\" src=\"\/wp-content\/uploads\/factory-04.webp\"\/><\/p>\n<h3>43 ekstruderingslinjer for aluminium (500-5500 ton)<\/h3>\n<p><img decoding=\"async\" src=\"\/wp-content\/uploads\/factory-05.webp\"\/><\/p>\n<p><img decoding=\"async\" src=\"\/wp-content\/uploads\/factory-06.webp\"\/><\/p>\n<p><img decoding=\"async\" src=\"\/wp-content\/uploads\/factory-07.webp\"\/><\/p>\n<h3>V\u00e6rksted for pulverlakering<\/h3>\n<p><img decoding=\"async\" src=\"\/wp-content\/uploads\/factory-09.webp\"\/><\/p>\n<h3>Anodiseringsv\u00e6rksted<\/h3>\n<p><img decoding=\"async\" src=\"\/wp-content\/uploads\/factory-10.webp\"\/><\/p>\n<h3>Workshop om dyb behandling<\/h3>\n<p><img decoding=\"async\" src=\"\/wp-content\/uploads\/factory-11.webp\"\/><\/p>\n<h3>V\u00e6rksted for CNC-pr\u00e6cisionsbearbejdning<\/h3>\n<p><img decoding=\"async\" src=\"\/wp-content\/uploads\/factory-11.5.webp\"\/><\/p>\n<h3>F\u00e6rdigvare- og eksportlager<\/h3>\n<p><img decoding=\"async\" src=\"\/wp-content\/uploads\/factory-12.webp\"\/><\/p>\n<p><img decoding=\"async\" src=\"\/wp-content\/uploads\/factory-13.webp\"\/><\/p>\n<p><img decoding=\"async\" src=\"\/wp-content\/uploads\/factory-14.webp\"\/><\/p>\n<h2>OFTE STILLEDE SP\u00d8RGSM\u00c5L<\/h2>\n<p><p><b>1. Hvad g\u00f8r Solar Aluminium Profile ideel til installationer af solpaneler? <\/b><\/p>\n<p> Solcelleprofiler i aluminium er holdbare, lette og korrosionsbestandige, hvilket g\u00f8r dem perfekte til at underst\u00f8tte solcellepaneler og samtidig sikre optimal ydeevne i forskellige milj\u00f8er.<br \/>\n<\/p><br \/>\n<br \/>\n<p><b>2. Kan Solar Aluminium Profile tilpasses? <\/b><\/p>\n<p> Ja, disse profiler kan tilpasses med hensyn til st\u00f8rrelse, form og design, s\u00e5 de opfylder specifikke krav til solcelleinstallationer.<br \/>\n<\/p><br \/>\n<br \/>\n<p><b>3. Hvor holdbar er Solar Aluminium Profile? <\/b><\/p>\n<p> Solcelleprofilen i aluminium er meget holdbar p\u00e5 grund af dens korrosionsbestandige egenskaber, hvilket sikrer langvarig ydeevne selv under barske vejrforhold.<br \/>\n<\/p><br \/>\n<br \/>\n<p><b>4. Hvilke industrier har gavn af at bruge Solar Aluminium Profile? <\/b><\/p>\n<p> Brancher som vedvarende energi, byggeri og solenergi nyder godt af disse profiler i solpanelinstallationer og relaterede systemer.<br \/>\n<\/p><br \/>\n<br \/>\n<p><b>5. Er Solar Aluminium Profile let at installere? <\/b><\/p>\n<p> Ja, disse profiler er designet til nem installation, hvilket hj\u00e6lper med at reducere installationstiden og arbejdsomkostningerne i solpanelprojekter.<br \/>\n<\/p><br \/>\n<br \/>\n<p><b>6. Hvordan forbedrer Solar Aluminium Profile solcellesystemets ydeevne? <\/b><\/p>\n<p> Profilen giver st\u00e6rk st\u00f8tte og samtidig bedre varmeafledning, hvilket sikrer, at solpanelerne arbejder med maksimal effektivitet.<br \/>\n<\/p><br \/>\n<br \/>\n<p><b>7. Er Solar Aluminium Profile milj\u00f8venlig? <\/b><\/p>\n<p> Ja, aluminium er fuldt ud genanvendeligt, hvilket g\u00f8r det til et milj\u00f8venligt valg til montering af solpaneler og b\u00e6rende konstruktioner.<br \/>\n<\/p><br \/><\/p>","protected":false},"featured_media":8260,"template":"","categories":[54],"class_list":["post-8261","product","type-product","status-publish","has-post-thumbnail","hentry","category-industrial-aluminum-profiles"],"meta_box":{"hilight_text_group":{"product_hilight_text":"<li>Durable and corrosion-resistant solar aluminium profile designed for solar panel installations<\/li>\r\r\n<li>Lightweight yet strong, providing excellent support for solar panels without adding excessive weight<\/li>\r\r\n<li>Customizable lengths and designs to meet specific solar installation requirements<\/li>\r\r\n<li>Efficient thermal conductivity, ensuring better performance and heat management for solar systems<\/li>\r\r\n<li>Easy to assemble and install, reducing labor costs and setup time<\/li>\r\r\n<li>Weather-resistant, making it ideal for long-term outdoor use in various climates<\/li>\r\r\n<li>Environmentally friendly, as aluminum is fully recyclable and sustainable<\/li>","product_chanpin_blog":"<ul>\r\r\n<li><a href=\"https:\/\/sinoextrud.com\/t-slot-v-slot-differences\/\" target=\"_blank\">t slot vs v slot<\/a><\/li>\r\r\n<li><a href=\"https:\/\/sinoextrud.com\/what-is-4040-aluminium-extrud\/\" target=\"_blank\">4040 aluminium extrusion<\/a><\/li>\r\r\n<li><a href=\"https:\/\/sinoextrud.com\/what-is-4040-aluminium-extrud\/\" target=\"_blank\">aluminum extrusions for industrial racks<\/a><\/li>\r\r\n<li><a href=\"https:\/\/sinoextrud.com\/powder-coating-aluminium-process\/\" target=\"_blank\">powder coating aluminium<\/a><\/li>\r\r\n<li><a href=\"https:\/\/sinoextrud.com\/what-is-an-aluminium-strip-ceiling\/\" target=\"_blank\">aluminium strip ceiling<\/a><\/li>\r\r\n<li><a href=\"https:\/\/sinoextrud.com\/what-is-a-heat-sink\/\" target=\"_blank\">what is a heat sink<\/a><\/li>\r\r\n<\/ul>","product_chanpin_chanpin":"<li><a href=\"https:\/\/sinoextrud.com\/product\/industrial-large-aluminium-extrusions\/\" target=\"_blank\">Industrial Large Aluminium Extrusions<\/a><\/li>\r\n<li><a href=\"https:\/\/sinoextrud.com\/product\/industrial-large-aluminum-heat-sink\/\" target=\"_blank\">Industrial Large Aluminum Heat Sink<\/a><\/li>\r\n<li><a href=\"https:\/\/sinoextrud.com\/product\/industrial-t-slot-aluminum-profile\/\" target=\"_blank\">Industrial T Slot Aluminum Profile<\/a><\/li>\r\n<li><a href=\"https:\/\/sinoextrud.com\/product\/large-scale-industrial-aluminum-profile\/\" target=\"_blank\">Large Scale Industrial Aluminum Profile<\/a><\/li>\r\n<li><a href=\"https:\/\/sinoextrud.com\/product\/solar-aluminium-profile-2\/\" target=\"_blank\">Solar Aluminium Profile<\/a><\/li>\r\n<li><a href=\"https:\/\/sinoextrud.com\/product\/round-sunflower-led-light-aluminium-heat-sink\/\" target=\"_blank\">Round Sunflower LED Light Aluminium Heat Sink<\/a><\/li>\r\n<li><a href=\"https:\/\/sinoextrud.com\/product\/profile-square-aluminum-heat-sink\/\" target=\"_blank\">Profile Square Aluminum Heat Sink<\/a><\/li>\r\n<li><a href=\"https:\/\/sinoextrud.com\/product\/triangular-aluminum-extrusion\/\" target=\"_blank\">Triangular Aluminum Extrusion<\/a><\/li>\r\n<li><a href=\"https:\/\/sinoextrud.com\/product\/standard-aluminum-extrusions\/\" target=\"_blank\">Standard Aluminum Extrusions<\/a><\/li>\r\n<li><a href=\"https:\/\/sinoextrud.com\/product\/aluminium-round-tube-extrusion-profile-with-anodized-powder-coating-surface-treatment-oem-customized-extruded-aluminium-tube-profile\/\" target=\"_blank\">Aluminium Round Tube Extrusion Profile With Anodized Powder Coating Surface Treatment OEM Customized  Extruded Aluminium Tube Profile<\/a><\/li>\r\n<li><a href=\"https:\/\/sinoextrud.com\/product\/the-hexagonal-type-ceiling-system\/\" target=\"_blank\">The Hexagonal Type Ceiling System (Hexagonal Ceiling)<\/a><\/li>"},"feature_list":[]},"_links":{"self":[{"href":"https:\/\/sinoextrud.com\/da\/wp-json\/wp\/v2\/product\/8261","targetHints":{"allow":["GET"]}}],"collection":[{"href":"https:\/\/sinoextrud.com\/da\/wp-json\/wp\/v2\/product"}],"about":[{"href":"https:\/\/sinoextrud.com\/da\/wp-json\/wp\/v2\/types\/product"}],"wp:featuredmedia":[{"embeddable":true,"href":"https:\/\/sinoextrud.com\/da\/wp-json\/wp\/v2\/media\/8260"}],"wp:attachment":[{"href":"https:\/\/sinoextrud.com\/da\/wp-json\/wp\/v2\/media?parent=8261"}],"wp:term":[{"taxonomy":"category","embeddable":true,"href":"https:\/\/sinoextrud.com\/da\/wp-json\/wp\/v2\/categories?post=8261"}],"curies":[{"name":"wp","href":"https:\/\/api.w.org\/{rel}","templated":true}]}}