{"id":8259,"date":"2025-06-14T06:30:54","date_gmt":"2025-06-14T06:30:54","guid":{"rendered":"https:\/\/sinoextrud.com\/product\/large-scale-industrial-aluminum-profile\/"},"modified":"2025-06-24T06:23:26","modified_gmt":"2025-06-24T06:23:26","slug":"industriel-aluminiumsprofil-i-stor-skala","status":"publish","type":"product","link":"https:\/\/sinoextrud.com\/da\/product\/large-scale-industrial-aluminum-profile\/","title":{"rendered":"Industriel aluminiumsprofil i stor skala"},"content":{"rendered":"<h2>Detaljer om produkter<\/h2>\n<table class=\"custom-table\">\n<tbody>\n<tr>\n<td> Produktets navn<\/td>\n<td> Industriel aluminiumsprofil i stor skala                            <\/td>\n<\/tr>\n<tr>\n<td> Materiale<\/td>\n<td> 6063, 6061, 6043, 6082 Aluminiumslegering<\/td>\n<\/tr>\n<tr>\n<td> Farve<\/td>\n<td> Tilpasset<\/td>\n<\/tr>\n<tr>\n<td> Standard<\/td>\n<td> GB2008<\/td>\n<\/tr>\n<tr>\n<td> Karakter<\/td>\n<td> 6000-serien<\/td>\n<\/tr>\n<tr>\n<td> Tykkelse<\/td>\n<td> Tilpasset<\/td>\n<\/tr>\n<tr>\n<td> Anvendelse<\/td>\n<td> Industriel<\/td>\n<\/tr>\n<tr>\n<td> Temperament<\/td>\n<td> T3-T8<\/td>\n<\/tr>\n<tr>\n<td> L\u00e6ngde<\/td>\n<td> Tilpasset<\/td>\n<\/tr>\n<tr>\n<td> Overfladebehandling<\/td>\n<td> Pulverlakering, m\u00f8llefinish, PVDF, anodiseret, tr\u00e6korn, poleret, b\u00f8rstet osv.<\/td>\n<\/tr>\n<tr>\n<td> Orgin<\/td>\n<td> KINA<\/td>\n<\/tr>\n<tr>\n<td> Er legering eller ej<\/td>\n<td> Er legeret<\/td>\n<\/tr>\n<tr>\n<td> Havn<\/td>\n<td> Guangzhou, Shenzhen, Foshan<\/td>\n<\/tr>\n<\/tbody>\n<\/table>\n<h2>Vores produktionsbase<\/h2>\n<h3>Panorama over fabrikken<\/h3>\n<p><img decoding=\"async\" src=\"\/wp-content\/uploads\/factory-01.webp\"\/><\/p>\n<h3>V\u00e6rksted til fremstilling af aluminiumst\u00e6nger<\/h3>\n<p><img decoding=\"async\" src=\"\/wp-content\/uploads\/factory-02.webp\"\/><\/p>\n<p><img decoding=\"async\" src=\"\/wp-content\/uploads\/factory-03.webp\"\/><\/p>\n<h3>Lager til opbevaring af skimmelsvampe<\/h3>\n<p><img decoding=\"async\" src=\"\/wp-content\/uploads\/factory-04.webp\"\/><\/p>\n<h3>43 ekstruderingslinjer for aluminium (500-5500 ton)<\/h3>\n<p><img decoding=\"async\" src=\"\/wp-content\/uploads\/factory-05.webp\"\/><\/p>\n<p><img decoding=\"async\" src=\"\/wp-content\/uploads\/factory-06.webp\"\/><\/p>\n<p><img decoding=\"async\" src=\"\/wp-content\/uploads\/factory-07.webp\"\/><\/p>\n<h3>V\u00e6rksted for pulverlakering<\/h3>\n<p><img decoding=\"async\" src=\"\/wp-content\/uploads\/factory-09.webp\"\/><\/p>\n<h3>Anodiseringsv\u00e6rksted<\/h3>\n<p><img decoding=\"async\" src=\"\/wp-content\/uploads\/factory-10.webp\"\/><\/p>\n<h3>Workshop om dyb behandling<\/h3>\n<p><img decoding=\"async\" src=\"\/wp-content\/uploads\/factory-11.webp\"\/><\/p>\n<h3>V\u00e6rksted for CNC-pr\u00e6cisionsbearbejdning<\/h3>\n<p><img decoding=\"async\" src=\"\/wp-content\/uploads\/factory-11.5.webp\"\/><\/p>\n<h3>F\u00e6rdigvare- og eksportlager<\/h3>\n<p><img decoding=\"async\" src=\"\/wp-content\/uploads\/factory-12.webp\"\/><\/p>\n<p><img decoding=\"async\" src=\"\/wp-content\/uploads\/factory-13.webp\"\/><\/p>\n<p><img decoding=\"async\" src=\"\/wp-content\/uploads\/factory-14.webp\"\/><\/p>\n<h2>OFTE STILLEDE SP\u00d8RGSM\u00c5L<\/h2>\n<p><p><b>1. Hvad bruges industrielle aluminiumsprofiler i stor skala til?<\/b><\/p>\n<p>Industrielle aluminiumsprofiler i stor skala bruges til konstruktion af store rammer, strukturelle systemer og industrielt udstyr, hvor der kr\u00e6ves styrke, holdbarhed og fleksibilitet.<br \/>\n<\/p><br \/>\n<br \/>\n<p><b>2. Hvorfor bruges aluminium i store industriprofiler?<\/b><\/p>\n<p>Aluminium er let, korrosionsbestandigt og holdbart, hvilket g\u00f8r det til et ideelt materiale til store industrielle anvendelser, der kr\u00e6ver b\u00e5de styrke og nem h\u00e5ndtering.<br \/>\n<\/p><br \/>\n<br \/>\n<p><b>3. kan industrielle aluminiumsprofiler i stor skala tilpasses?<\/b><\/p>\n<p>Ja, disse profiler kan i h\u00f8j grad tilpasses, hvilket giver mulighed for skr\u00e6ddersyede designs, der opfylder specifikke strukturelle og funktionelle krav i store industriprojekter.<br \/>\n<\/p><br \/>\n<br \/>\n<p><b>4. Hvordan gavner korrosionsbestandigheden industrielle aluminiumsprofiler i stor skala?<\/b><\/p>\n<p>Korrosionsbestandighed sikrer, at profilerne bevarer deres styrke og udseende over tid, selv i barske industrimilj\u00f8er, hvilket reducerer vedligeholdelsen og \u00f8ger levetiden.<br \/>\n<\/p><br \/>\n<br \/>\n<p><b>5. Er industrielle aluminiumsprofiler i stor skala omkostningseffektive?<\/b><\/p>\n<p>Ja, disse profiler tilbyder en omkostningseffektiv l\u00f8sning til store industriprojekter ved at reducere materialeomkostningerne og tilbyde langvarig holdbarhed med minimal vedligeholdelse.<br \/>\n<\/p><br \/>\n<br \/>\n<p><b>6. Hvordan bidrager industrielle aluminiumsprofiler i stor skala til energieffektivitet?<\/b><\/p>\n<p>Aluminiums lette natur hj\u00e6lper med at reducere transportomkostninger og energiforbrug under installationen, hvilket g\u00f8r disse profiler til en mere energieffektiv l\u00f8sning til industrielle anvendelser.<br \/>\n<\/p><br \/>\n<br \/>\n<p><b>7. Hvilke industrier har gavn af industrielle aluminiumsprofiler i stor skala?<\/b><\/p>\n<p>Industrier som produktion, byggeri, rumfart og automatisering nyder godt af styrken, fleksibiliteten og omkostningseffektiviteten ved industrielle aluminiumsprofiler i stor skala til applikationer i stor skala.<br \/>\n<\/p><br \/><\/p>","protected":false},"featured_media":8258,"template":"","categories":[54],"class_list":["post-8259","product","type-product","status-publish","has-post-thumbnail","hentry","category-industrial-aluminum-profiles"],"meta_box":{"hilight_text_group":{"product_hilight_text":"<li>High-strength aluminum profiles designed for large-scale industrial applications.<\/li>\r\r\n<li>Customizable profiles for specific structural needs, offering maximum design flexibility.<\/li>\r\r\n<li>Corrosion-resistant properties ensure long-lasting performance in challenging industrial environments.<\/li>\r\r\n<li>Lightweight yet durable, providing ease of handling and transport for large projects.<\/li>\r\r\n<li>Cost-effective and energy-efficient solution for constructing large structures and frameworks.<\/li>","product_chanpin_blog":"<ul>\r\r\n<li><a href=\"https:\/\/sinoextrud.com\/t-slot-v-slot-differences\/\" target=\"_blank\">t slot vs v slot<\/a><\/li>\r\r\n<li><a href=\"https:\/\/sinoextrud.com\/what-is-4040-aluminium-extrud\/\" target=\"_blank\">4040 aluminium extrusion<\/a><\/li>\r\r\n<li><a href=\"https:\/\/sinoextrud.com\/what-is-4040-aluminium-extrud\/\" target=\"_blank\">aluminum extrusions for industrial racks<\/a><\/li>\r\r\n<li><a href=\"https:\/\/sinoextrud.com\/powder-coating-aluminium-process\/\" target=\"_blank\">powder coating aluminium<\/a><\/li>\r\r\n<li><a href=\"https:\/\/sinoextrud.com\/what-is-an-aluminium-strip-ceiling\/\" target=\"_blank\">aluminium strip ceiling<\/a><\/li>\r\r\n<li><a href=\"https:\/\/sinoextrud.com\/what-is-a-heat-sink\/\" target=\"_blank\">what is a heat sink<\/a><\/li>\r\r\n<\/ul>","product_chanpin_chanpin":"<li><a href=\"https:\/\/sinoextrud.com\/product\/hospital-aluminum-profile\/\" target=\"_blank\">Hospital Aluminum Profile<\/a><\/li>\r\n<li><a href=\"https:\/\/sinoextrud.com\/product\/industrial-large-aluminium-extrusions\/\" target=\"_blank\">Industrial Large Aluminium Extrusions<\/a><\/li>\r\n<li><a href=\"https:\/\/sinoextrud.com\/product\/industrial-large-aluminum-heat-sink\/\" target=\"_blank\">Industrial Large Aluminum Heat Sink<\/a><\/li>\r\n<li><a href=\"https:\/\/sinoextrud.com\/product\/industrial-t-slot-aluminum-profile\/\" target=\"_blank\">Industrial T Slot Aluminum Profile<\/a><\/li>\r\n<li><a href=\"https:\/\/sinoextrud.com\/product\/large-scale-industrial-aluminum-profile\/\" target=\"_blank\">Large Scale Industrial Aluminum Profile<\/a><\/li>\r\n<li><a href=\"https:\/\/sinoextrud.com\/product\/solar-aluminium-profile-2\/\" target=\"_blank\">Solar Aluminium Profile<\/a><\/li>\r\n<li><a href=\"https:\/\/sinoextrud.com\/product\/round-sunflower-led-light-aluminium-heat-sink\/\" target=\"_blank\">Round Sunflower LED Light Aluminium Heat Sink<\/a><\/li>\r\n<li><a href=\"https:\/\/sinoextrud.com\/product\/profile-square-aluminum-heat-sink\/\" target=\"_blank\">Profile Square Aluminum Heat Sink<\/a><\/li>\r\n<li><a href=\"https:\/\/sinoextrud.com\/product\/triangular-aluminum-extrusion\/\" target=\"_blank\">Triangular Aluminum Extrusion<\/a><\/li>\r\n<li><a href=\"https:\/\/sinoextrud.com\/product\/aluminum-profile-slider-for-window-curtain\/\" target=\"_blank\">Aluminum Profile Slider For Window Curtain<\/a><\/li>\r\n<li><a href=\"https:\/\/sinoextrud.com\/product\/60x60-aluminium-extrusion\/\" target=\"_blank\">60\u00c3\u201460 Aluminium Extrusion<\/a><\/li>"},"feature_list":[]},"_links":{"self":[{"href":"https:\/\/sinoextrud.com\/da\/wp-json\/wp\/v2\/product\/8259","targetHints":{"allow":["GET"]}}],"collection":[{"href":"https:\/\/sinoextrud.com\/da\/wp-json\/wp\/v2\/product"}],"about":[{"href":"https:\/\/sinoextrud.com\/da\/wp-json\/wp\/v2\/types\/product"}],"wp:featuredmedia":[{"embeddable":true,"href":"https:\/\/sinoextrud.com\/da\/wp-json\/wp\/v2\/media\/8258"}],"wp:attachment":[{"href":"https:\/\/sinoextrud.com\/da\/wp-json\/wp\/v2\/media?parent=8259"}],"wp:term":[{"taxonomy":"category","embeddable":true,"href":"https:\/\/sinoextrud.com\/da\/wp-json\/wp\/v2\/categories?post=8259"}],"curies":[{"name":"wp","href":"https:\/\/api.w.org\/{rel}","templated":true}]}}