{"id":8253,"date":"2025-06-14T06:26:45","date_gmt":"2025-06-14T06:26:45","guid":{"rendered":"https:\/\/sinoextrud.com\/product\/industrial-large-aluminium-extrusions\/"},"modified":"2025-06-24T06:23:24","modified_gmt":"2025-06-24T06:23:24","slug":"store-industrielle-aluminiumsprofiler","status":"publish","type":"product","link":"https:\/\/sinoextrud.com\/da\/product\/industrial-large-aluminium-extrusions\/","title":{"rendered":"Industrielle store aluminiumsekstruderinger"},"content":{"rendered":"<h2>Detaljer om produkter<\/h2>\n<table class=\"custom-table\">\n<tbody>\n<tr>\n<td> Navn<\/td>\n<td> Industrielle store aluminiumsprofiler, Store aluminiumsprofiler<\/td>\n<\/tr>\n<tr>\n<td> Brand<\/td>\n<td> Sinoextrud\/Sinoextrud<\/td>\n<\/tr>\n<tr>\n<td> Kategori<\/td>\n<td> Sektioner af aluminium<\/td>\n<\/tr>\n<tr>\n<td> Type<\/td>\n<td> Tung type<\/td>\n<\/tr>\n<tr>\n<td> Materiale<\/td>\n<td> 6061 er meget udbredt. 6063, 6463, 6005, 6082 er ogs\u00e5 tilg\u00e6ngelige.<\/td>\n<\/tr>\n<tr>\n<td> Temperament<\/td>\n<td> T5-T8<\/td>\n<\/tr>\n<tr>\n<td> L\u00e6ngde<\/td>\n<td> 1-9m eller tilpasning<\/td>\n<\/tr>\n<tr>\n<td> St\u00f8rrelse (mm)<\/td>\n<td> Som p\u00e5 tegningen<\/td>\n<\/tr>\n<tr>\n<td> Form<\/td>\n<td> Stor skala<\/td>\n<\/tr>\n<tr>\n<td> Overfladebehandling<\/td>\n<td> Fr\u00e6set f\u00e6rdig, anodiseret, sandbl\u00e6sning, elektroforese, power coating osv.<\/td>\n<\/tr>\n<tr>\n<td> Farve<\/td>\n<td> S\u00f8lv, sort, hvid, r\u00f8d, gul, champagne eller tilpasset farve<\/td>\n<\/tr>\n<tr>\n<td> Standard<\/td>\n<td> ASTM, GB, DIN<\/td>\n<\/tr>\n<tr>\n<td> Fra<\/td>\n<td> Guangdong, Kina<\/td>\n<\/tr>\n<tr>\n<td> Anvendelse<\/td>\n<td> Brancheprofil, bygning<\/td>\n<\/tr>\n<\/tbody>\n<\/table>\n<h2>Vores produktionsbase<\/h2>\n<h3>Panorama over fabrikken<\/h3>\n<p><img decoding=\"async\" src=\"\/wp-content\/uploads\/factory-01.webp\"\/><\/p>\n<h3>V\u00e6rksted til fremstilling af aluminiumst\u00e6nger<\/h3>\n<p><img decoding=\"async\" src=\"\/wp-content\/uploads\/factory-02.webp\"\/><\/p>\n<p><img decoding=\"async\" src=\"\/wp-content\/uploads\/factory-03.webp\"\/><\/p>\n<h3>Lager til opbevaring af skimmelsvampe<\/h3>\n<p><img decoding=\"async\" src=\"\/wp-content\/uploads\/factory-04.webp\"\/><\/p>\n<h3>43 ekstruderingslinjer for aluminium (500-5500 ton)<\/h3>\n<p><img decoding=\"async\" src=\"\/wp-content\/uploads\/factory-05.webp\"\/><\/p>\n<p><img decoding=\"async\" src=\"\/wp-content\/uploads\/factory-06.webp\"\/><\/p>\n<p><img decoding=\"async\" src=\"\/wp-content\/uploads\/factory-07.webp\"\/><\/p>\n<h3>V\u00e6rksted for pulverlakering<\/h3>\n<p><img decoding=\"async\" src=\"\/wp-content\/uploads\/factory-09.webp\"\/><\/p>\n<h3>Anodiseringsv\u00e6rksted<\/h3>\n<p><img decoding=\"async\" src=\"\/wp-content\/uploads\/factory-10.webp\"\/><\/p>\n<h3>Workshop om dyb behandling<\/h3>\n<p><img decoding=\"async\" src=\"\/wp-content\/uploads\/factory-11.webp\"\/><\/p>\n<h3>V\u00e6rksted for CNC-pr\u00e6cisionsbearbejdning<\/h3>\n<p><img decoding=\"async\" src=\"\/wp-content\/uploads\/factory-11.5.webp\"\/><\/p>\n<h3>F\u00e6rdigvare- og eksportlager<\/h3>\n<p><img decoding=\"async\" src=\"\/wp-content\/uploads\/factory-12.webp\"\/><\/p>\n<p><img decoding=\"async\" src=\"\/wp-content\/uploads\/factory-13.webp\"\/><\/p>\n<p><img decoding=\"async\" src=\"\/wp-content\/uploads\/factory-14.webp\"\/><\/p>\n<h2>OFTE STILLEDE SP\u00d8RGSM\u00c5L<\/h2>\n<p><p><b>1. Hvad bruges store industrielle aluminiumsekstruderinger til?<\/b><\/p>\n<p>Industrielle store aluminiumsekstruderinger bruges til at skabe kraftige strukturelle komponenter i industrier som fremstilling, byggeri og rumfart, og de giver p\u00e5lidelig st\u00f8tte til store projekter.<br \/>\n<\/p><br \/>\n<br \/>\n<p><b>2. Hvorfor er aluminium ideelt til store industrielle profiler?<\/b><\/p>\n<p>Aluminium er let, men st\u00e6rkt, korrosionsbestandigt og nemt at bearbejde, hvilket g\u00f8r det ideelt til store profiler, der kr\u00e6ver holdbarhed og nem h\u00e5ndtering.<br \/>\n<\/p><br \/>\n<br \/>\n<p><b>3. Kan store industrielle aluminiumsekstruderinger tilpasses?<\/b><\/p>\n<p>Ja, store industrielle aluminiumsekstruderinger kan skr\u00e6ddersys til specifikke l\u00e6ngder, former og st\u00f8rrelser, hvilket giver fleksible l\u00f8sninger til en r\u00e6kke forskellige industrielle anvendelser.<br \/>\n<\/p><br \/>\n<br \/>\n<p><b>4. Hvordan h\u00e5ndterer store industrielle aluminiumsekstruderinger barske milj\u00f8er?<\/b><\/p>\n<p>Aluminiums korrosionsbestandige natur sikrer, at store industrielle aluminiumsekstruderinger bevarer deres styrke og integritet i h\u00e5rde milj\u00f8er som f.eks. h\u00f8j luftfugtighed eller kemisk eksponering.<br \/>\n<\/p><br \/>\n<br \/>\n<p><b>5. Er disse profiler nemme at samle og installere?<\/b><\/p>\n<p>Ja, store industrielle aluminiumsekstruderinger er designet til nem fremstilling og hurtig montering, hvilket reducerer installationstiden og arbejdsomkostningerne i industrielle projekter.<br \/>\n<\/p><br \/>\n<br \/>\n<p><b>6. Hvor l\u00e6nge holder store industrielle aluminiumsekstruderinger?<\/b><\/p>\n<p>Industrielle store aluminiumsekstruderinger er meget holdbare og modstandsdygtige over for slid, korrosion og skader, hvilket sikrer langvarig ydeevne i kr\u00e6vende industrielle anvendelser.<br \/>\n<\/p><br \/>\n<br \/>\n<p><b>7. Hvilke industrier har gavn af at bruge store industrielle aluminiumsekstruderinger?<\/b><\/p>\n<p>Industrier som byggeri, rumfart, bilindustri og tung produktion nyder godt af store industrielle aluminiumsekstruderinger p\u00e5 grund af deres styrke, fleksibilitet og effektivitet.<br \/>\n<\/p><br \/><\/p>","protected":false},"featured_media":8252,"template":"","categories":[54],"class_list":["post-8253","product","type-product","status-publish","has-post-thumbnail","hentry","category-industrial-aluminum-profiles"],"meta_box":{"hilight_text_group":{"product_hilight_text":"<li>Industrial Large Aluminium Extrusions offer robust structural support for heavy-duty industrial applications.<\/li>\r\r\n<li>Lightweight yet strong, these extrusions provide an optimal balance of durability and ease of handling.<\/li>\r\r\n<li>Corrosion-resistant properties ensure long-lasting performance in tough environmental conditions.<\/li>\r\r\n<li>Customizable shapes and sizes allow for tailored solutions to meet specific industrial design needs.<\/li>\r\r\n<li>Easy to fabricate and assemble, saving time and labor costs during installation and construction.<\/li>","product_chanpin_blog":"<ul>\r\r\n<li><a href=\"https:\/\/sinoextrud.com\/t-slot-v-slot-differences\/\" target=\"_blank\">t slot vs v slot<\/a><\/li>\r\r\n<li><a href=\"https:\/\/sinoextrud.com\/what-is-4040-aluminium-extrud\/\" target=\"_blank\">4040 aluminium extrusion<\/a><\/li>\r\r\n<li><a href=\"https:\/\/sinoextrud.com\/what-is-4040-aluminium-extrud\/\" target=\"_blank\">aluminum extrusions for industrial racks<\/a><\/li>\r\r\n<li><a href=\"https:\/\/sinoextrud.com\/powder-coating-aluminium-process\/\" target=\"_blank\">powder coating aluminium<\/a><\/li>\r\r\n<li><a href=\"https:\/\/sinoextrud.com\/what-is-an-aluminium-strip-ceiling\/\" target=\"_blank\">aluminium strip ceiling<\/a><\/li>\r\r\n<li><a href=\"https:\/\/sinoextrud.com\/what-is-a-heat-sink\/\" target=\"_blank\">what is a heat sink<\/a><\/li>\r\r\n<\/ul>","product_chanpin_chanpin":"<li><a href=\"https:\/\/sinoextrud.com\/product\/customized-led-aluminium-profile-led-aluminum-extrusion\/\" target=\"_blank\">Customized LED Aluminium Profile  LED Aluminum Extrusion<\/a><\/li>\r\n<li><a href=\"https:\/\/sinoextrud.com\/product\/manufacturer-price-of-customized-oem-matt-anodized-aluminium-profile-for-hospital-pharmaceutical-clean-room\/\" target=\"_blank\">Manufacturer Price Of Customized OEM Matt Anodized Aluminium Profile For Hospital Pharmaceutical Clean Room<\/a><\/li>\r\n<li><a href=\"https:\/\/sinoextrud.com\/product\/large-aluminium-pipe-aluminium-pole\/\" target=\"_blank\">Large Aluminium Pipe Aluminium Pole<\/a><\/li>\r\n<li><a href=\"https:\/\/sinoextrud.com\/product\/hospital-aluminum-profile\/\" target=\"_blank\">Hospital Aluminum Profile<\/a><\/li>\r\n<li><a href=\"https:\/\/sinoextrud.com\/product\/industrial-large-aluminium-extrusions\/\" target=\"_blank\">Industrial Large Aluminium Extrusions<\/a><\/li>\r\n<li><a href=\"https:\/\/sinoextrud.com\/product\/industrial-large-aluminum-heat-sink\/\" target=\"_blank\">Industrial Large Aluminum Heat Sink<\/a><\/li>\r\n<li><a href=\"https:\/\/sinoextrud.com\/product\/industrial-t-slot-aluminum-profile\/\" target=\"_blank\">Industrial T Slot Aluminum Profile<\/a><\/li>\r\n<li><a href=\"https:\/\/sinoextrud.com\/product\/large-scale-industrial-aluminum-profile\/\" target=\"_blank\">Large Scale Industrial Aluminum Profile<\/a><\/li>\r\n<li><a href=\"https:\/\/sinoextrud.com\/product\/solar-aluminium-profile-2\/\" target=\"_blank\">Solar Aluminium Profile<\/a><\/li>\r\n<li><a href=\"https:\/\/sinoextrud.com\/product\/2024-2014-alloy-aluminum-profiles\/\" target=\"_blank\">2024 2014 Alloy Aluminum Profiles<\/a><\/li>\r\n<li><a href=\"https:\/\/sinoextrud.com\/product\/aluminum-profile-t-slot-for-machine-frame\/\" target=\"_blank\">Aluminum Profile T-Slot For Machine Frame<\/a><\/li>"},"feature_list":[]},"_links":{"self":[{"href":"https:\/\/sinoextrud.com\/da\/wp-json\/wp\/v2\/product\/8253","targetHints":{"allow":["GET"]}}],"collection":[{"href":"https:\/\/sinoextrud.com\/da\/wp-json\/wp\/v2\/product"}],"about":[{"href":"https:\/\/sinoextrud.com\/da\/wp-json\/wp\/v2\/types\/product"}],"wp:featuredmedia":[{"embeddable":true,"href":"https:\/\/sinoextrud.com\/da\/wp-json\/wp\/v2\/media\/8252"}],"wp:attachment":[{"href":"https:\/\/sinoextrud.com\/da\/wp-json\/wp\/v2\/media?parent=8253"}],"wp:term":[{"taxonomy":"category","embeddable":true,"href":"https:\/\/sinoextrud.com\/da\/wp-json\/wp\/v2\/categories?post=8253"}],"curies":[{"name":"wp","href":"https:\/\/api.w.org\/{rel}","templated":true}]}}