{"id":8210,"date":"2025-06-13T07:47:51","date_gmt":"2025-06-13T07:47:51","guid":{"rendered":"https:\/\/sinoextrud.com\/product\/extruded-aluminum-h-channel\/"},"modified":"2025-06-24T06:23:23","modified_gmt":"2025-06-24T06:23:23","slug":"h-skinne-i-ekstruderet-aluminium","status":"publish","type":"product","link":"https:\/\/sinoextrud.com\/da\/product\/extruded-aluminum-h-channel\/","title":{"rendered":"H-skinne af ekstruderet aluminium"},"content":{"rendered":"<h2>Detaljer om produkter<\/h2>\n<table class=\"custom-table\">\n<tbody>\n<tr>\n<td> Vare<\/td>\n<td> H-skinne i ekstruderet aluminium<\/td>\n<\/tr>\n<tr>\n<td> Form<\/td>\n<td> firkantet, rund, tilpasset<\/td>\n<\/tr>\n<tr>\n<td> Anvendelse<\/td>\n<td> dekorationer, industri, byggeri og s\u00e5 videre<\/td>\n<\/tr>\n<tr>\n<td> Farver<\/td>\n<td> Tr\u00e6korn<\/td>\n<\/tr>\n<tr>\n<td> Dyb proces<\/td>\n<td> CNC, boring, fr\u00e6sning, sk\u00e6ring, svejsning, bukning, samling<\/td>\n<\/tr>\n<tr>\n<td> MOQ<\/td>\n<td> 200 kg for hvert emne<\/td>\n<\/tr>\n<tr>\n<td> Detaljer om emballage<\/td>\n<td> (1) Indvendigt: pakket med beskyttende plastfilm for at beskytte hvert stykke<\/td>\n<\/tr>\n<tr>\n<td><\/td>\n<td> (2) Udenfor: Indpakning til bundter af vandt\u00e6t h\u00e5ndv\u00e6rkspapir<\/td>\n<\/tr>\n<tr>\n<td> OEM<\/td>\n<td> Ja<\/td>\n<\/tr>\n<tr>\n<td> Katalog<\/td>\n<td> tilg\u00e6ngelig<\/td>\n<\/tr>\n<tr>\n<td> Garanti<\/td>\n<td> Overfladefarven kan v\u00e6re stabil i 10~20 \u00e5r ved indend\u00f8rs brug.<\/td>\n<\/tr>\n<\/tbody>\n<\/table>\n<h2>Vores produktionsbase<\/h2>\n<h3>Panorama over fabrikken<\/h3>\n<p><img decoding=\"async\" src=\"\/wp-content\/uploads\/factory-01.webp\"\/><\/p>\n<h3>V\u00e6rksted til fremstilling af aluminiumst\u00e6nger<\/h3>\n<p><img decoding=\"async\" src=\"\/wp-content\/uploads\/factory-02.webp\"\/><\/p>\n<\/p>\n<p><img decoding=\"async\" src=\"\/wp-content\/uploads\/factory-03.webp\"\/><\/p>\n<h3>Lager til opbevaring af skimmelsvampe<\/h3>\n<p><img decoding=\"async\" src=\"\/wp-content\/uploads\/factory-04.webp\"\/><\/p>\n<h3>43 ekstruderingslinjer for aluminium (500-5500 ton)<\/h3>\n<p><img decoding=\"async\" src=\"\/wp-content\/uploads\/factory-05.webp\"\/><\/p>\n<p><img decoding=\"async\" src=\"\/wp-content\/uploads\/factory-06.webp\"\/><\/p>\n<p><img decoding=\"async\" src=\"\/wp-content\/uploads\/factory-07.webp\"\/><\/p>\n<h3>V\u00e6rksted for pulverlakering<\/h3>\n<p><img decoding=\"async\" src=\"\/wp-content\/uploads\/factory-09.webp\"\/><\/p>\n<h3>Anodiseringsv\u00e6rksted<\/h3>\n<p><img decoding=\"async\" src=\"\/wp-content\/uploads\/factory-10.webp\"\/><\/p>\n<h3>Workshop om dyb behandling<\/h3>\n<p><img decoding=\"async\" src=\"\/wp-content\/uploads\/factory-11.webp\"\/><\/p>\n<h3>V\u00e6rksted for CNC-pr\u00e6cisionsbearbejdning<\/h3>\n<p><img decoding=\"async\" src=\"\/wp-content\/uploads\/factory-11.5.webp\"\/><\/p>\n<h3>F\u00e6rdigvare- og eksportlager<\/h3>\n<p><img decoding=\"async\" src=\"\/wp-content\/uploads\/factory-12.webp\"\/><\/p>\n<p><img decoding=\"async\" src=\"\/wp-content\/uploads\/factory-13.webp\"\/><\/p>\n<p><img decoding=\"async\" src=\"\/wp-content\/uploads\/factory-14.webp\"\/><\/p>\n<h2>OFTE STILLEDE SP\u00d8RGSM\u00c5L<\/h2>\n<p><b>1. Hvad bruges ekstruderede H-kanaler af aluminium til?<\/b><\/p>\n<p>Ekstruderede H-kanaler i aluminium bruges til at skabe strukturelle rammer og st\u00f8ttesystemer, der giver styrke og stabilitet i forskellige industrielle og kommercielle anvendelser.\n<\/p>\n<p><\/p>\n<p><b>2. Hvorfor er aluminium ideelt til H-kanalprofiler?<\/b><\/p>\n<p>Aluminium er let, st\u00e6rkt og modstandsdygtigt over for korrosion, hvilket g\u00f8r det til et perfekt materiale til H Channel-profiler, der skal fungere godt i barske milj\u00f8er.\n<\/p>\n<p><\/p>\n<p><b>3. kan ekstruderede H-kanaler i aluminium tilpasses?<\/b><\/p>\n<p>Ja, disse profiler kan tilpasses, s\u00e5 de opfylder specifikke krav til st\u00f8rrelse, form og design, hvilket giver fleksible l\u00f8sninger til forskellige anvendelser.\n<\/p>\n<p><\/p>\n<p><b>4. Hvordan gavner korrosionsbestandighed ekstruderede H-kanaler i aluminium?<\/b><\/p>\n<p>Aluminiums korrosionsbestandige egenskaber sikrer, at H-skinnerne bevarer deres strukturelle integritet og udseende, selv i udsatte eller barske milj\u00f8er.\n<\/p>\n<p><\/p>\n<p><b>5. Er H-skinner af ekstruderet aluminium egnet til kraftig brug?<\/b><\/p>\n<p>Ja, H-kanaler i ekstruderet aluminium er designet til at b\u00e6re tunge belastninger, hvilket g\u00f8r dem ideelle til kr\u00e6vende industrielle og strukturelle anvendelser.\n<\/p>\n<p><\/p>\n<p><b>6. Hvor nemt er det at installere H-kanaler i ekstruderet aluminium?<\/b><\/p>\n<p>Disse profiler er designet til nem integration med andre komponenter, hvilket reducerer installationstiden og minimerer arbejdsomkostningerne.\n<\/p>\n<p><\/p>\n<p><b>7. Hvilke industrier drager fordel af H-kanaler i ekstruderet aluminium?<\/b><\/p>\n<p>Brancher som byggeri, produktion, bilindustri og robotteknologi nyder godt af styrken, alsidigheden og effektiviteten af ekstruderede H-kanaler i aluminium til deres konstruktions- og st\u00f8ttebehov.\n<\/p>\n<p><\/p>","protected":false},"featured_media":8209,"template":"","categories":[54],"class_list":["post-8210","product","type-product","status-publish","has-post-thumbnail","hentry","category-industrial-aluminum-profiles"],"meta_box":{"hilight_text_group":{"product_hilight_text":"<li>High-strength aluminum design offering excellent support for structural applications.<\/li>\r\r\n<li>Corrosion-resistant properties ensure durability and longevity in outdoor and industrial environments.<\/li>\r\r\n<li>Efficient design that provides superior load-bearing capacity for heavy-duty applications.<\/li>\r\r\n<li>Customizable sizes and profiles to fit specific project requirements and installation needs.<\/li>\r\r\n<li>Easy to integrate with other aluminum profiles, streamlining the assembly process.<\/li>","product_chanpin_blog":"<ul>\r\r\n<li><a href=\"https:\/\/sinoextrud.com\/t-slot-v-slot-differences\/\" target=\"_blank\">t slot vs v slot<\/a><\/li>\r\r\n<li><a href=\"https:\/\/sinoextrud.com\/what-is-4040-aluminium-extrud\/\" target=\"_blank\">4040 aluminium extrusion<\/a><\/li>\r\r\n<li><a href=\"https:\/\/sinoextrud.com\/what-is-4040-aluminium-extrud\/\" target=\"_blank\">aluminum extrusions for industrial racks<\/a><\/li>\r\r\n<li><a href=\"https:\/\/sinoextrud.com\/powder-coating-aluminium-process\/\" target=\"_blank\">powder coating aluminium<\/a><\/li>\r\r\n<li><a href=\"https:\/\/sinoextrud.com\/what-is-an-aluminium-strip-ceiling\/\" target=\"_blank\">aluminium strip ceiling<\/a><\/li>\r\r\n<li><a href=\"https:\/\/sinoextrud.com\/what-is-a-heat-sink\/\" target=\"_blank\">what is a heat sink<\/a><\/li>\r\r\n<\/ul>","product_chanpin_chanpin":"<li><a href=\"https:\/\/sinoextrud.com\/product\/industrial-aluminium-profiles\/\" target=\"_blank\">Industrial Aluminium Profiles<\/a><\/li>\r\n<li><a href=\"https:\/\/sinoextrud.com\/product\/extruded-aluminum-case\/\" target=\"_blank\">Extruded Aluminum Case<\/a><\/li>\r\n<li><a href=\"https:\/\/sinoextrud.com\/product\/industrial-aluminum-profile-cad-drawing-uses-in-industry-customized-extrusion-press-manufacturers\/\" target=\"_blank\">industrial aluminum profile cad drawing uses in industry customized extrusion press manufacturers<\/a><\/li>\r\n<li><a href=\"https:\/\/sinoextrud.com\/product\/extruded-aluminum-framing-systems\/\" target=\"_blank\">Extruded Aluminum Framing Systems<\/a><\/li>\r\n<li><a href=\"https:\/\/sinoextrud.com\/product\/extruded-aluminum-h-channel\/\" target=\"_blank\">Extruded Aluminum H Channel<\/a><\/li>\r\n<li><a href=\"https:\/\/sinoextrud.com\/product\/polished-aluminum-profile-bending-cnc-industrial-aluminium\/\" target=\"_blank\">Polished Aluminum Profile Bending CNC Industrial Aluminium<\/a><\/li>\r\n<li><a href=\"https:\/\/sinoextrud.com\/product\/customized-led-aluminium-profile-led-aluminum-extrusion\/\" target=\"_blank\">Customized LED Aluminium Profile  LED Aluminum Extrusion<\/a><\/li>\r\n<li><a href=\"https:\/\/sinoextrud.com\/product\/manufacturer-price-of-customized-oem-matt-anodized-aluminium-profile-for-hospital-pharmaceutical-clean-room\/\" target=\"_blank\">Manufacturer Price Of Customized OEM Matt Anodized Aluminium Profile For Hospital Pharmaceutical Clean Room<\/a><\/li>\r\n<li><a href=\"https:\/\/sinoextrud.com\/product\/large-aluminium-pipe-aluminium-pole\/\" target=\"_blank\">Large Aluminium Pipe Aluminium Pole<\/a><\/li>\r\n<li><a href=\"https:\/\/sinoextrud.com\/product\/aluminium-extrusion-case\/\" target=\"_blank\">Aluminium Extrusion Case<\/a><\/li>\r\n<li><a href=\"https:\/\/sinoextrud.com\/product\/anodised-aluminium\/\" target=\"_blank\">Anodised Aluminium<\/a><\/li>"},"feature_list":[]},"_links":{"self":[{"href":"https:\/\/sinoextrud.com\/da\/wp-json\/wp\/v2\/product\/8210","targetHints":{"allow":["GET"]}}],"collection":[{"href":"https:\/\/sinoextrud.com\/da\/wp-json\/wp\/v2\/product"}],"about":[{"href":"https:\/\/sinoextrud.com\/da\/wp-json\/wp\/v2\/types\/product"}],"wp:featuredmedia":[{"embeddable":true,"href":"https:\/\/sinoextrud.com\/da\/wp-json\/wp\/v2\/media\/8209"}],"wp:attachment":[{"href":"https:\/\/sinoextrud.com\/da\/wp-json\/wp\/v2\/media?parent=8210"}],"wp:term":[{"taxonomy":"category","embeddable":true,"href":"https:\/\/sinoextrud.com\/da\/wp-json\/wp\/v2\/categories?post=8210"}],"curies":[{"name":"wp","href":"https:\/\/api.w.org\/{rel}","templated":true}]}}