{"id":8193,"date":"2025-06-13T07:31:05","date_gmt":"2025-06-13T07:31:05","guid":{"rendered":"https:\/\/sinoextrud.com\/product\/cutting-bending-aluminum-led-strip-heatsink\/"},"modified":"2025-06-24T06:23:20","modified_gmt":"2025-06-24T06:23:20","slug":"skaering-bojning-aluminium-led-strip-heatsink","status":"publish","type":"product","link":"https:\/\/sinoextrud.com\/da\/product\/cutting-bending-aluminum-led-strip-heatsink\/","title":{"rendered":"Sk\u00e6ring og b\u00f8jning af aluminium LED Strip Heatsink"},"content":{"rendered":"<h2>Detaljer om produkter<\/h2>\n<table class=\"custom-table\">\n<tbody>\n<tr>\n<td> Produktets navn<\/td>\n<td> Energibesparende og popul\u00e6rt design LED Strip Aluminium Heatsink<\/td>\n<\/tr>\n<tr>\n<td> Materiale<\/td>\n<td> 6063 T5<\/td>\n<\/tr>\n<tr>\n<td> Kraft<\/td>\n<td> som i nedenst\u00e5ende katalog<\/td>\n<\/tr>\n<tr>\n<td> Reservedelsliste<\/td>\n<td> den klippel\u00e6ngde, du \u00f8nsker<\/td>\n<\/tr>\n<tr>\n<td> Materiale<\/td>\n<td> 6063\/6061\/6082\/6060\/6005 T4\/T5\/T6<\/td>\n<\/tr>\n<tr>\n<td> Farve:<\/td>\n<td> Hvid\/sort\/gul\/bl\u00e5\/r\u00f8d\/gr\u00e5\/gr\u00f8n\/lilla osv.<\/td>\n<\/tr>\n<tr>\n<td> Overfladefinish<\/td>\n<td> Mill Finish\/Anodizing\/Powder Coating\/Sandbl\u00e6sning\/Brush\/Plating\/Polering osv.<\/td>\n<\/tr>\n<tr>\n<td> Form<\/td>\n<td> Rund\/firkantet\/trekantet\/rektangel osv.<\/td>\n<\/tr>\n<tr>\n<td> St\u00f8rrelse<\/td>\n<td> Som f\u00f8lger billedet<\/td>\n<\/tr>\n<tr>\n<td> Brugt sted<\/td>\n<td> LED-lys, audiodele, bildele, motordele, elektroniske dele, udstyrsdele, badev\u00e6relsesdele osv.<\/td>\n<\/tr>\n<tr>\n<td> MOQ<\/td>\n<td> 200 KG<\/td>\n<\/tr>\n<tr>\n<td> Skimmelsvampafgift<\/td>\n<td> A. Hvis det er valgt fra vores katalog, er det gratis.<br \/>\nB. Hvis m\u00e6ngden er stor nok, kan den deles<\/td>\n<\/tr>\n<tr>\n<td> Levering<\/td>\n<td> A.Mould Deliver: Inden for 15 dage<br \/>\nB. God levering: 20 ~ 25 dage<\/td>\n<\/tr>\n<\/tbody>\n<\/table>\n<h2>Vores produktionsbase<\/h2>\n<h3>Panorama over fabrikken<\/h3>\n<p><img decoding=\"async\" src=\"\/wp-content\/uploads\/factory-01.webp\"\/><\/p>\n<h3>V\u00e6rksted til fremstilling af aluminiumst\u00e6nger<\/h3>\n<p><img decoding=\"async\" src=\"\/wp-content\/uploads\/factory-02.webp\"\/><\/p>\n<\/p>\n<p><img decoding=\"async\" src=\"\/wp-content\/uploads\/factory-03.webp\"\/><\/p>\n<h3>Lager til opbevaring af skimmelsvampe<\/h3>\n<p><img decoding=\"async\" src=\"\/wp-content\/uploads\/factory-04.webp\"\/><\/p>\n<h3>43 ekstruderingslinjer for aluminium (500-5500 ton)<\/h3>\n<p><img decoding=\"async\" src=\"\/wp-content\/uploads\/factory-05.webp\"\/><\/p>\n<p><img decoding=\"async\" src=\"\/wp-content\/uploads\/factory-06.webp\"\/><\/p>\n<p><img decoding=\"async\" src=\"\/wp-content\/uploads\/factory-07.webp\"\/><\/p>\n<h3>V\u00e6rksted for pulverlakering<\/h3>\n<p><img decoding=\"async\" src=\"\/wp-content\/uploads\/factory-09.webp\"\/><\/p>\n<h3>Anodiseringsv\u00e6rksted<\/h3>\n<p><img decoding=\"async\" src=\"\/wp-content\/uploads\/factory-10.webp\"\/><\/p>\n<h3>Workshop om dyb behandling<\/h3>\n<p><img decoding=\"async\" src=\"\/wp-content\/uploads\/factory-11.webp\"\/><\/p>\n<h3>V\u00e6rksted for CNC-pr\u00e6cisionsbearbejdning<\/h3>\n<p><img decoding=\"async\" src=\"\/wp-content\/uploads\/factory-11.5.webp\"\/><\/p>\n<h3>F\u00e6rdigvare- og eksportlager<\/h3>\n<p><img decoding=\"async\" src=\"\/wp-content\/uploads\/factory-12.webp\"\/><\/p>\n<p><img decoding=\"async\" src=\"\/wp-content\/uploads\/factory-13.webp\"\/><\/p>\n<p><img decoding=\"async\" src=\"\/wp-content\/uploads\/factory-14.webp\"\/><\/p>\n<h2>OFTE STILLEDE SP\u00d8RGSM\u00c5L<\/h2>\n<p><b>1. hvad er en sk\u00e6rende og b\u00f8jende aluminium LED strip heatsink? <\/b><\/p>\n<p> Det er en heatsink i aluminium, der er specielt designet til LED-strips, hvor aluminiummet er sk\u00e5ret og b\u00f8jet for at skabe en tilpasset form, der effektivt afleder varmen.\n<\/p>\n<p><\/p>\n<p><b>2. Hvorfor bruges aluminium til k\u00f8lelegemer til LED-strips? <\/b><\/p>\n<p> Aluminium har en fremragende varmeledningsevne, der sikrer, at varmen hurtigt spredes fra LED-strippen, hvilket er med til at forhindre overophedning og forl\u00e6nge LED'ernes levetid.\n<\/p>\n<p><\/p>\n<p><b>3. Hvordan forbedrer b\u00f8jning og sk\u00e6ring af k\u00f8lelegemet ydeevnen? <\/b><\/p>\n<p> B\u00f8jning og sk\u00e6ring af k\u00f8lelegemet skaber mere overfladeareal, hvilket forbedrer varmeafledningen og giver mulighed for mere effektiv k\u00f8ling af LED-strips p\u00e5 trange steder.\n<\/p>\n<p><\/p>\n<p><b>4. Kan disse k\u00f8lelegemer tilpasses til forskellige st\u00f8rrelser af LED-strips? <\/b><\/p>\n<p> Ja, vi tilbyder skr\u00e6ddersyede sk\u00e6re- og b\u00f8jningstjenester, der passer til specifikke LED-stripst\u00f8rrelser og -konfigurationer, hvilket sikrer optimal ydeevne.\n<\/p>\n<p><\/p>\n<p><b>5. Er disse k\u00f8leplader af aluminium modstandsdygtige over for korrosion? <\/b><\/p>\n<p> Ja, det anvendte aluminium er korrosionsbestandigt, hvilket sikrer langvarig beskyttelse i b\u00e5de indend\u00f8rs og udend\u00f8rs applikationer.\n<\/p>\n<p><\/p>\n<p><b>6. Hvilke industrier bruger ofte k\u00f8lelegemer til LED-strips i aluminium? <\/b><\/p>\n<p> K\u00f8lelegemer til LED-strips i aluminium bruges i vid udstr\u00e6kning i belysnings-, elektronik-, bil- og skilteindustrien, hvor varmestyring af LED'er er afg\u00f8rende.\n<\/p>\n<p><\/p>\n<p><b>7. Hvordan er disse k\u00f8lelegemer sammenlignet med traditionelle l\u00f8sninger? <\/b><\/p>\n<p> Disse specialsk\u00e5rne og b\u00f8jede aluminiumsk\u00f8leplader giver overlegen termisk ydeevne, reduceret v\u00e6gt og bedre tilpasning sammenlignet med traditionelle, generiske k\u00f8lepladedesigns.\n<\/p>\n<p><\/p>","protected":false},"featured_media":8192,"template":"","categories":[54],"class_list":["post-8193","product","type-product","status-publish","has-post-thumbnail","hentry","category-industrial-aluminum-profiles"],"meta_box":{"hilight_text_group":{"product_hilight_text":"<li>Custom-cut and bent aluminum heatsinks designed specifically for LED strip applications.<\/li>\r\r\n<li>Highly effective at dissipating heat, improving the performance and lifespan of LED strips.<\/li>\r\r\n<li>Lightweight yet strong, ensuring durability without adding unnecessary weight.<\/li>\r\r\n<li>Corrosion-resistant finish ensures long-term use in various environments.<\/li>\r\r\n<li>Easy to install with a flexible design that can fit different LED configurations.<\/li>\r\r\n<li>Enhanced surface area from custom bending and cutting optimizes cooling efficiency.<\/li>\r\r\n<li>Cost-effective solution for managing heat in LED systems, especially in tight spaces.<\/li>","product_chanpin_blog":"<ul>\r\r\n<li><a href=\"https:\/\/sinoextrud.com\/t-slot-v-slot-differences\/\" target=\"_blank\">t slot vs v slot<\/a><\/li>\r\r\n<li><a href=\"https:\/\/sinoextrud.com\/what-is-4040-aluminium-extrud\/\" target=\"_blank\">4040 aluminium extrusion<\/a><\/li>\r\r\n<li><a href=\"https:\/\/sinoextrud.com\/what-is-4040-aluminium-extrud\/\" target=\"_blank\">aluminum extrusions for industrial racks<\/a><\/li>\r\r\n<li><a href=\"https:\/\/sinoextrud.com\/powder-coating-aluminium-process\/\" target=\"_blank\">powder coating aluminium<\/a><\/li>\r\r\n<li><a href=\"https:\/\/sinoextrud.com\/what-is-an-aluminium-strip-ceiling\/\" target=\"_blank\">aluminium strip ceiling<\/a><\/li>\r\r\n<li><a href=\"https:\/\/sinoextrud.com\/what-is-a-heat-sink\/\" target=\"_blank\">what is a heat sink<\/a><\/li>\r\r\n<\/ul>","product_chanpin_chanpin":"<li><a href=\"https:\/\/sinoextrud.com\/product\/customized-extruded-shaped-aluminum-profiles-6063-anodized-industrial-aluminum-profile\/\" target=\"_blank\">Customized Extruded Shaped Aluminum Profiles 6063 Anodized Industrial Aluminum Profile<\/a><\/li>\r\n<li><a href=\"https:\/\/sinoextrud.com\/product\/customized-industrial-aluminum-heat-sink\/\" target=\"_blank\">Customized Industrial Aluminum Heat Sink<\/a><\/li>\r\n<li><a href=\"https:\/\/sinoextrud.com\/product\/led-strip-aluminum-profile\/\" target=\"_blank\">Led Strip Aluminum Profile<\/a><\/li>\r\n<li><a href=\"https:\/\/sinoextrud.com\/product\/customized-new-energy-conservation-anodized-aluminum-profile-frame-for-solar-panel-frame\/\" target=\"_blank\">Customized New Energy Conservation Anodized Aluminum Profile Frame For Solar Panel Frame<\/a><\/li>\r\n<li><a href=\"https:\/\/sinoextrud.com\/product\/cutting-bending-aluminum-led-strip-heatsink\/\" target=\"_blank\">Cutting Bending Aluminum LED Strip Heatsink<\/a><\/li>\r\n<li><a href=\"https:\/\/sinoextrud.com\/product\/extrude-6000-series-aluminium-bar\/\" target=\"_blank\">Extrude 6000 Series Aluminium bar<\/a><\/li>\r\n<li><a href=\"https:\/\/sinoextrud.com\/product\/v-slot-rail-aluminum-profile-extrusion\/\" target=\"_blank\">V Slot Rail Aluminum Profile Extrusion<\/a><\/li>\r\n<li><a href=\"https:\/\/sinoextrud.com\/product\/extruded-aluminium-profiles-heat-sink\/\" target=\"_blank\">Extruded Aluminium Profiles Heat Sink<\/a><\/li>\r\n<li><a href=\"https:\/\/sinoextrud.com\/product\/industrial-aluminium-profiles\/\" target=\"_blank\">Industrial Aluminium Profiles<\/a><\/li>\r\n<li><a href=\"https:\/\/sinoextrud.com\/product\/oval-aluminum-extrusion-profile\/\" target=\"_blank\">Oval Aluminum Extrusion Profile<\/a><\/li>\r\n<li><a href=\"https:\/\/sinoextrud.com\/product\/expanded-metal-aluminium-profiles-partition-frame-for-bathroom-doors-busch-polish-light-top-a-grade\/\" target=\"_blank\">expanded metal aluminium profiles partition frame for bathroom doors busch polish light top a grade<\/a><\/li>"},"feature_list":[]},"_links":{"self":[{"href":"https:\/\/sinoextrud.com\/da\/wp-json\/wp\/v2\/product\/8193","targetHints":{"allow":["GET"]}}],"collection":[{"href":"https:\/\/sinoextrud.com\/da\/wp-json\/wp\/v2\/product"}],"about":[{"href":"https:\/\/sinoextrud.com\/da\/wp-json\/wp\/v2\/types\/product"}],"wp:featuredmedia":[{"embeddable":true,"href":"https:\/\/sinoextrud.com\/da\/wp-json\/wp\/v2\/media\/8192"}],"wp:attachment":[{"href":"https:\/\/sinoextrud.com\/da\/wp-json\/wp\/v2\/media?parent=8193"}],"wp:term":[{"taxonomy":"category","embeddable":true,"href":"https:\/\/sinoextrud.com\/da\/wp-json\/wp\/v2\/categories?post=8193"}],"curies":[{"name":"wp","href":"https:\/\/api.w.org\/{rel}","templated":true}]}}