{"id":8191,"date":"2025-06-13T07:29:45","date_gmt":"2025-06-13T07:29:45","guid":{"rendered":"https:\/\/sinoextrud.com\/product\/customized-new-energy-conservation-anodized-aluminum-profile-frame-for-solar-panel-frame\/"},"modified":"2025-06-24T06:23:19","modified_gmt":"2025-06-24T06:23:19","slug":"tilpasset-ny-energibesparende-anodiseret-aluminiumsprofilramme-til-solpanelramme","status":"publish","type":"product","link":"https:\/\/sinoextrud.com\/da\/product\/customized-new-energy-conservation-anodized-aluminum-profile-frame-for-solar-panel-frame\/","title":{"rendered":"Tilpasset ny energibesparende anodiseret aluminiumsprofilramme til solpanelramme"},"content":{"rendered":"<h2>Detaljer om produkter<\/h2>\n<table class=\"custom-table\">\n<tbody>\n<tr>\n<td> Vare:<\/td>\n<td> Tilpasset ny energibesparelseAnodiseret aluminiumsprofilramme til solpanelramme<\/td>\n<td> Karakter:<\/td>\n<td> 6000-serien<\/td>\n<\/tr>\n<tr>\n<td> Temperament:<\/td>\n<td> T3-T8<\/td>\n<td> Oprindelsessted:<\/td>\n<td> Foshan, Guangdong<\/td>\n<\/tr>\n<tr>\n<td> Form:<\/td>\n<td> tilpasset<\/td>\n<td> Legering eller ej:<\/td>\n<td> Er legering<\/td>\n<\/tr>\n<tr>\n<td> Tolerance:<\/td>\n<td> \u00b10,5%<\/td>\n<td> Brand:<\/td>\n<td> Sinoextrud<\/td>\n<\/tr>\n<tr>\n<td> Funktion:<\/td>\n<td> Ny energibesparelse<\/td>\n<td> Overfladebehandling:<\/td>\n<td> Anodiseret<\/td>\n<\/tr>\n<tr>\n<td> Leveringstid:<\/td>\n<td> 25-30 dage<\/td>\n<td> MOQ:<\/td>\n<td> 200 kg<\/td>\n<\/tr>\n<tr>\n<td> Betalingsperiode:<\/td>\n<td> T \/ T (30% depositum), L \/ C<\/td>\n<td> Behandling af service:<\/td>\n<td> CNC-bearbejdning<\/td>\n<\/tr>\n<tr>\n<td> Havn:<\/td>\n<td> Guangzhou, Shenzhen, Foshan<\/td>\n<td> L\u00e6ngde::<\/td>\n<td> Brugerdefineret l\u00e6ngde<\/td>\n<\/tr>\n<tr>\n<td> Type:<\/td>\n<td> Ramme med aluminiumsprofil<\/td>\n<td> Anvendelse:<\/td>\n<td> Industriel<\/td>\n<\/tr>\n<\/tbody>\n<\/table>\n<h2>Vores produktionsbase<\/h2>\n<h3>Panorama over fabrikken<\/h3>\n<p><img decoding=\"async\" src=\"\/wp-content\/uploads\/factory-01.webp\"\/><\/p>\n<h3>V\u00e6rksted til fremstilling af aluminiumst\u00e6nger<\/h3>\n<p><img decoding=\"async\" src=\"\/wp-content\/uploads\/factory-02.webp\"\/><\/p>\n<p><img decoding=\"async\" src=\"\/wp-content\/uploads\/factory-03.webp\"\/><\/p>\n<h3>Lager til opbevaring af skimmelsvampe<\/h3>\n<p><img decoding=\"async\" src=\"\/wp-content\/uploads\/factory-04.webp\"\/><\/p>\n<h3>43 ekstruderingslinjer for aluminium (500-5500 ton)<\/h3>\n<p><img decoding=\"async\" src=\"\/wp-content\/uploads\/factory-05.webp\"\/><\/p>\n<p><img decoding=\"async\" src=\"\/wp-content\/uploads\/factory-06.webp\"\/><\/p>\n<p><img decoding=\"async\" src=\"\/wp-content\/uploads\/factory-07.webp\"\/><\/p>\n<h3>V\u00e6rksted for pulverlakering<\/h3>\n<p><img decoding=\"async\" src=\"\/wp-content\/uploads\/factory-09.webp\"\/><\/p>\n<h3>Anodiseringsv\u00e6rksted<\/h3>\n<p><img decoding=\"async\" src=\"\/wp-content\/uploads\/factory-10.webp\"\/><\/p>\n<h3>Workshop om dyb behandling<\/h3>\n<p><img decoding=\"async\" src=\"\/wp-content\/uploads\/factory-11.webp\"\/><\/p>\n<h3>V\u00e6rksted for CNC-pr\u00e6cisionsbearbejdning<\/h3>\n<p><img decoding=\"async\" src=\"\/wp-content\/uploads\/factory-11.5.webp\"\/><\/p>\n<h3>F\u00e6rdigvare- og eksportlager<\/h3>\n<p><img decoding=\"async\" src=\"\/wp-content\/uploads\/factory-12.webp\"\/><\/p>\n<p><img decoding=\"async\" src=\"\/wp-content\/uploads\/factory-13.webp\"\/><\/p>\n<p><img decoding=\"async\" src=\"\/wp-content\/uploads\/factory-14.webp\"\/><\/p>\n<h2>OFTE STILLEDE SP\u00d8RGSM\u00c5L<\/h2>\n<p><p><b>1. Hvad bruges den anodiserede aluminiumsprofil til i rammer til solpaneler? <\/b><\/p>\n<p>Den anodiserede aluminiumsprofil bruges til at skabe holdbare, lette og korrosionsbestandige rammer til solpaneler, hvilket sikrer langvarig ydeevne og beskyttelse.<br \/>\n<\/p><br \/>\n<br \/>\n<p><b>2. Hvorfor er den anodiserede finish vigtig for solpanelrammer? <\/b><\/p>\n<p>Den anodiserede finish forbedrer aluminiumets korrosionsbestandighed og sikrer, at solpanelrammen forbliver intakt og fungerer godt selv i barske udend\u00f8rsmilj\u00f8er.<br \/>\n<\/p><br \/>\n<br \/>\n<p><b>3. Kan aluminiumsprofilerne tilpasses til specifikke solpanelprojekter? <\/b><\/p>\n<p>Ja, aluminiumsprofilerne kan tilpasses med hensyn til st\u00f8rrelse, form og design, s\u00e5 de opfylder de specifikke behov i forskellige solpanelinstallationer.<br \/>\n<\/p><br \/>\n<br \/>\n<p><b>4. Hvordan gavner aluminiumsprofilens lette natur solpanelrammerne? <\/b><\/p>\n<p>Den lette aluminiumsramme reducerer solpanelsystemets samlede v\u00e6gt, hvilket g\u00f8r det lettere at h\u00e5ndtere og installere, samtidig med at det giver st\u00e6rk strukturel st\u00f8tte.<br \/>\n<\/p><br \/>\n<br \/>\n<p><b>5. Hvad er fordelene ved at bruge anodiseret aluminium til solpanelrammer? <\/b><\/p>\n<p>Anodiseret aluminium giver overlegen korrosionsbestandighed, holdbarhed og langvarig ydeevne, hvilket g\u00f8r det ideelt til solpanelrammer, der uds\u00e6ttes for vejr- og milj\u00f8elementer.<br \/>\n<\/p><br \/>\n<br \/>\n<p><b>6. Hvordan forbedrer brugen af tilpassede aluminiumsprofiler installationen af solpaneler? <\/b><\/p>\n<p>Tilpassede aluminiumsprofiler giver mulighed for en pr\u00e6cis pasform og et design, der er skr\u00e6ddersyet til hvert enkelt solpanelprojekt, hvilket reducerer installationstiden og sikrer en sikker pasform.<br \/>\n<\/p><br \/>\n<br \/>\n<p><b>7. Er aluminiumsprofilen til solpanelrammer milj\u00f8venlig? <\/b><\/p>\n<p>Ja, den anodiserede aluminiumsprofil er en milj\u00f8venlig l\u00f8sning, der underst\u00f8tter energibesparelser og b\u00e6redygtighed og bidrager til de overordnede milj\u00f8m\u00e6ssige fordele ved solenergisystemer.<br \/>\n<\/p><br \/><\/p>","protected":false},"featured_media":8190,"template":"","categories":[54],"class_list":["post-8191","product","type-product","status-publish","has-post-thumbnail","hentry","category-industrial-aluminum-profiles"],"meta_box":{"hilight_text_group":{"product_hilight_text":"<ul>\r\r\n  <li>Customized anodized aluminum profiles specifically designed for durable solar panel frames.<\/li>\r\r\n  <li>Corrosion-resistant anodized finish ensures long-lasting performance in outdoor environments.<\/li>\r\r\n  <li>Lightweight yet strong, providing excellent structural support without adding unnecessary weight.<\/li>\r\r\n  <li>Energy-efficient design that enhances solar panel performance by optimizing frame durability.<\/li>\r\r\n  <li>Customizable sizes and designs to meet specific requirements for different solar panel projects.<\/li>\r\r\n  <li>Easy to assemble and install, reducing labor costs and time for solar panel frame construction.<\/li>\r\r\n  <li>Environmentally friendly solution, contributing to energy conservation and sustainability efforts.<\/li>\r\r\n<\/ul>","product_chanpin_blog":"<ul>\r\r\n<li><a href=\"https:\/\/sinoextrud.com\/t-slot-v-slot-differences\/\" target=\"_blank\">t slot vs v slot<\/a><\/li>\r\r\n<li><a href=\"https:\/\/sinoextrud.com\/what-is-4040-aluminium-extrud\/\" target=\"_blank\">4040 aluminium extrusion<\/a><\/li>\r\r\n<li><a href=\"https:\/\/sinoextrud.com\/what-is-4040-aluminium-extrud\/\" target=\"_blank\">aluminum extrusions for industrial racks<\/a><\/li>\r\r\n<li><a href=\"https:\/\/sinoextrud.com\/powder-coating-aluminium-process\/\" target=\"_blank\">powder coating aluminium<\/a><\/li>\r\r\n<li><a href=\"https:\/\/sinoextrud.com\/what-is-an-aluminium-strip-ceiling\/\" target=\"_blank\">aluminium strip ceiling<\/a><\/li>\r\r\n<li><a href=\"https:\/\/sinoextrud.com\/what-is-a-heat-sink\/\" target=\"_blank\">what is a heat sink<\/a><\/li>\r\r\n<\/ul>","product_chanpin_chanpin":"<li><a href=\"https:\/\/sinoextrud.com\/product\/t-section-aluminium-extrusion\/\" target=\"_blank\">T Section Aluminium Extrusion<\/a><\/li>\r\n<li><a href=\"https:\/\/sinoextrud.com\/product\/customized-extruded-shaped-aluminum-profiles-6063-anodized-industrial-aluminum-profile\/\" target=\"_blank\">Customized Extruded Shaped Aluminum Profiles 6063 Anodized Industrial Aluminum Profile<\/a><\/li>\r\n<li><a href=\"https:\/\/sinoextrud.com\/product\/customized-industrial-aluminum-heat-sink\/\" target=\"_blank\">Customized Industrial Aluminum Heat Sink<\/a><\/li>\r\n<li><a href=\"https:\/\/sinoextrud.com\/product\/led-strip-aluminum-profile\/\" target=\"_blank\">Led Strip Aluminum Profile<\/a><\/li>\r\n<li><a href=\"https:\/\/sinoextrud.com\/product\/customized-new-energy-conservation-anodized-aluminum-profile-frame-for-solar-panel-frame\/\" target=\"_blank\">Customized New Energy Conservation Anodized Aluminum Profile Frame For Solar Panel Frame<\/a><\/li>\r\n<li><a href=\"https:\/\/sinoextrud.com\/product\/cutting-bending-aluminum-led-strip-heatsink\/\" target=\"_blank\">Cutting Bending Aluminum LED Strip Heatsink<\/a><\/li>\r\n<li><a href=\"https:\/\/sinoextrud.com\/product\/extrude-6000-series-aluminium-bar\/\" target=\"_blank\">Extrude 6000 Series Aluminium bar<\/a><\/li>\r\n<li><a href=\"https:\/\/sinoextrud.com\/product\/v-slot-rail-aluminum-profile-extrusion\/\" target=\"_blank\">V Slot Rail Aluminum Profile Extrusion<\/a><\/li>\r\n<li><a href=\"https:\/\/sinoextrud.com\/product\/extruded-aluminium-profiles-heat-sink\/\" target=\"_blank\">Extruded Aluminium Profiles Heat Sink<\/a><\/li>\r\n<li><a href=\"https:\/\/sinoextrud.com\/product\/aluminum-shutter-profile\/\" target=\"_blank\">Aluminum Shutter Profile<\/a><\/li>\r\n<li><a href=\"https:\/\/sinoextrud.com\/product\/furniture-aluminium-profiles\/\" target=\"_blank\">Furniture Aluminium Profiles<\/a><\/li>"},"feature_list":[]},"_links":{"self":[{"href":"https:\/\/sinoextrud.com\/da\/wp-json\/wp\/v2\/product\/8191","targetHints":{"allow":["GET"]}}],"collection":[{"href":"https:\/\/sinoextrud.com\/da\/wp-json\/wp\/v2\/product"}],"about":[{"href":"https:\/\/sinoextrud.com\/da\/wp-json\/wp\/v2\/types\/product"}],"wp:featuredmedia":[{"embeddable":true,"href":"https:\/\/sinoextrud.com\/da\/wp-json\/wp\/v2\/media\/8190"}],"wp:attachment":[{"href":"https:\/\/sinoextrud.com\/da\/wp-json\/wp\/v2\/media?parent=8191"}],"wp:term":[{"taxonomy":"category","embeddable":true,"href":"https:\/\/sinoextrud.com\/da\/wp-json\/wp\/v2\/categories?post=8191"}],"curies":[{"name":"wp","href":"https:\/\/api.w.org\/{rel}","templated":true}]}}