{"id":8187,"date":"2025-06-13T07:25:45","date_gmt":"2025-06-13T07:25:45","guid":{"rendered":"https:\/\/sinoextrud.com\/product\/customized-industrial-aluminum-heat-sink\/"},"modified":"2025-06-24T06:23:19","modified_gmt":"2025-06-24T06:23:19","slug":"tilpasset-industriel-koleplade-i-aluminium","status":"publish","type":"product","link":"https:\/\/sinoextrud.com\/da\/product\/customized-industrial-aluminum-heat-sink\/","title":{"rendered":"Tilpasset industriel k\u00f8leplade i aluminium"},"content":{"rendered":"<h2>Detaljer om produkter<\/h2>\n<table class=\"custom-table\">\n<tbody>\n<tr>\n<td> Produktets navn<\/td>\n<td> Tilpasset industriel k\u00f8leplade i aluminium<\/td>\n<\/tr>\n<tr>\n<td> Materiale<\/td>\n<td> 6063, 6061, 6463, 6082 Aluminiumslegering<\/td>\n<\/tr>\n<tr>\n<td> Farve<\/td>\n<td> Tilpasset<\/td>\n<\/tr>\n<tr>\n<td> Standard<\/td>\n<td> GB2008<\/td>\n<\/tr>\n<tr>\n<td> Karakter<\/td>\n<td> 6000-serien<\/td>\n<\/tr>\n<tr>\n<td> Tykkelse<\/td>\n<td> Tilpasset<\/td>\n<\/tr>\n<tr>\n<td> Anvendelse<\/td>\n<td> Udsmykning<\/td>\n<\/tr>\n<tr>\n<td> Temperament<\/td>\n<td> T3-T8<\/td>\n<\/tr>\n<tr>\n<td> L\u00e6ngde<\/td>\n<td> Tilpasset<\/td>\n<\/tr>\n<tr>\n<td> Overfladebehandling<\/td>\n<td> Pulverlakering, m\u00f8llefinish, PVDF, anodiseret, tr\u00e6korn, poleret, b\u00f8rstet osv.<\/td>\n<\/tr>\n<tr>\n<td> Orgin<\/td>\n<td> KINA<\/td>\n<\/tr>\n<tr>\n<td> Er legering eller ej<\/td>\n<td> Er legeret<\/td>\n<\/tr>\n<tr>\n<td> Havn<\/td>\n<td> Guangzhou, Shenzhen, Foshan<\/td>\n<\/tr>\n<\/tbody>\n<\/table>\n<h2>Vores produktionsbase<\/h2>\n<h3>Panorama over fabrikken<\/h3>\n<p><img decoding=\"async\" src=\"\/wp-content\/uploads\/factory-01.webp\"\/><\/p>\n<h3>V\u00e6rksted til fremstilling af aluminiumst\u00e6nger<\/h3>\n<p><img decoding=\"async\" src=\"\/wp-content\/uploads\/factory-02.webp\"\/><\/p>\n<p><img decoding=\"async\" src=\"\/wp-content\/uploads\/factory-03.webp\"\/><\/p>\n<h3>Lager til opbevaring af skimmelsvampe<\/h3>\n<p><img decoding=\"async\" src=\"\/wp-content\/uploads\/factory-04.webp\"\/><\/p>\n<h3>43 ekstruderingslinjer for aluminium (500-5500 ton)<\/h3>\n<p><img decoding=\"async\" src=\"\/wp-content\/uploads\/factory-05.webp\"\/><\/p>\n<p><img decoding=\"async\" src=\"\/wp-content\/uploads\/factory-06.webp\"\/><\/p>\n<p><img decoding=\"async\" src=\"\/wp-content\/uploads\/factory-07.webp\"\/><\/p>\n<h3>V\u00e6rksted for pulverlakering<\/h3>\n<p><img decoding=\"async\" src=\"\/wp-content\/uploads\/factory-09.webp\"\/><\/p>\n<h3>Anodiseringsv\u00e6rksted<\/h3>\n<p><img decoding=\"async\" src=\"\/wp-content\/uploads\/factory-10.webp\"\/><\/p>\n<h3>Workshop om dyb behandling<\/h3>\n<p><img decoding=\"async\" src=\"\/wp-content\/uploads\/factory-11.webp\"\/><\/p>\n<h3>V\u00e6rksted for CNC-pr\u00e6cisionsbearbejdning<\/h3>\n<p><img decoding=\"async\" src=\"\/wp-content\/uploads\/factory-11.5.webp\"\/><\/p>\n<h3>F\u00e6rdigvare- og eksportlager<\/h3>\n<p><img decoding=\"async\" src=\"\/wp-content\/uploads\/factory-12.webp\"\/><\/p>\n<p><img decoding=\"async\" src=\"\/wp-content\/uploads\/factory-13.webp\"\/><\/p>\n<p><img decoding=\"async\" src=\"\/wp-content\/uploads\/factory-14.webp\"\/><\/p>\n<h2>OFTE STILLEDE SP\u00d8RGSM\u00c5L<\/h2>\n<p><p><b>1. Hvad g\u00f8r Customized Industrial Aluminum Heat Sinks ideelle til industrielle anvendelser?<\/b><\/p>\n<p>Customized Industrial Aluminum Heat Sinks tilbyder skr\u00e6ddersyede designs, fremragende varmeafledning, korrosionsbestandighed og holdbarhed, hvilket g\u00f8r dem perfekte til termisk styring i forskellige industrier.<br \/>\n<\/p><br \/>\n<br \/>\n<p><b>2. Hvordan forbedrer tilpasningen af aluminiumsk\u00f8leribber ydeevnen?<\/b><\/p>\n<p>Tilpasning giver mulighed for specifikke varmeafledningsl\u00f8sninger, der sikrer, at k\u00f8lepladen opfylder de pr\u00e6cise k\u00f8lebehov i det elektroniske eller industrielle system.<br \/>\n<\/p><br \/>\n<br \/>\n<p><b>3. hvilket materiale bruges i tilpassede industrielle aluminiumsk\u00f8leplader?<\/b><\/p>\n<p>De er fremstillet af aluminium af h\u00f8j kvalitet, der er kendt for sin fremragende varmeledningsevne, styrke og korrosionsbestandighed, hvilket sikrer en lang levetid.<br \/>\n<\/p><br \/>\n<br \/>\n<p><b>4. kan tilpassede industrielle aluminiumsk\u00f8leplader designes til forskellige st\u00f8rrelser og anvendelser?<\/b><\/p>\n<p>Ja, de kan skr\u00e6ddersys til at passe til en lang r\u00e6kke st\u00f8rrelser, former og k\u00f8lebehov for at matche specifikke projekt- eller anvendelsesbehov.<br \/>\n<\/p><br \/>\n<br \/>\n<p><b>5. Hvordan gavner korrosionsbestandigheden k\u00f8lepladen af aluminium?<\/b><\/p>\n<p>Det korrosionsbestandige aluminium sikrer, at k\u00f8lepladen bevarer sin strukturelle integritet og ydeevne selv i barske eller udend\u00f8rs milj\u00f8er, hvilket forl\u00e6nger dens levetid.<br \/>\n<\/p><br \/>\n<br \/>\n<p><b>6. Hvilke industrier drager fordel af tilpassede industrielle aluminiumsk\u00f8leribber?<\/b><\/p>\n<p>De bruges i vid udstr\u00e6kning i elektronik, bilindustrien, telekommunikation og str\u00f8mforsyningssystemer, hvor effektiv varmestyring er afg\u00f8rende for optimal ydeevne.<br \/>\n<\/p><br \/>\n<br \/>\n<p><b>7. hvor omkostningseffektiv er den tilpassede industrielle aluminiumsk\u00f8leplade?<\/b><\/p>\n<p>Det giver en omkostningseffektiv l\u00f8sning ved at reducere behovet for ekstra k\u00f8leudstyr og forbedre den samlede effektivitet af termisk styring i industrielle applikationer.<br \/>\n<\/p><br \/><\/p>","protected":false},"featured_media":8186,"template":"","categories":[54],"class_list":["post-8187","product","type-product","status-publish","has-post-thumbnail","hentry","category-industrial-aluminum-profiles"],"meta_box":{"hilight_text_group":{"product_hilight_text":"<li>Customizable design, tailored to meet specific thermal management needs in industrial applications.<\/li>\r\r\n<li>High-quality aluminum construction, providing excellent heat dissipation and long-lasting durability.<\/li>\r\r\n<li>Lightweight yet robust, making it easy to handle while offering superior performance.<\/li>\r\r\n<li>Corrosion-resistant properties ensure reliable operation in harsh environments and prolonged product lifespan.<\/li>\r\r\n<li>Cost-effective solution, reducing the need for additional cooling systems and improving overall system efficiency.<\/li>","product_chanpin_blog":"<ul>\r\r\n<li><a href=\"https:\/\/sinoextrud.com\/t-slot-v-slot-differences\/\" target=\"_blank\">t slot vs v slot<\/a><\/li>\r\r\n<li><a href=\"https:\/\/sinoextrud.com\/what-is-4040-aluminium-extrud\/\" target=\"_blank\">4040 aluminium extrusion<\/a><\/li>\r\r\n<li><a href=\"https:\/\/sinoextrud.com\/what-is-4040-aluminium-extrud\/\" target=\"_blank\">aluminum extrusions for industrial racks<\/a><\/li>\r\r\n<li><a href=\"https:\/\/sinoextrud.com\/powder-coating-aluminium-process\/\" target=\"_blank\">powder coating aluminium<\/a><\/li>\r\r\n<li><a href=\"https:\/\/sinoextrud.com\/what-is-an-aluminium-strip-ceiling\/\" target=\"_blank\">aluminium strip ceiling<\/a><\/li>\r\r\n<li><a href=\"https:\/\/sinoextrud.com\/what-is-a-heat-sink\/\" target=\"_blank\">what is a heat sink<\/a><\/li>\r\r\n<\/ul>","product_chanpin_chanpin":"<li><a href=\"https:\/\/sinoextrud.com\/product\/solar-aluminium-profiles\/\" target=\"_blank\">Solar Aluminium Profiles<\/a><\/li>\r\n<li><a href=\"https:\/\/sinoextrud.com\/product\/solar-panel-frame-aluminum-profile\/\" target=\"_blank\">Solar Panel Frame Aluminum Profile<\/a><\/li>\r\n<li><a href=\"https:\/\/sinoextrud.com\/product\/t-section-aluminium-extrusion\/\" target=\"_blank\">T Section Aluminium Extrusion<\/a><\/li>\r\n<li><a href=\"https:\/\/sinoextrud.com\/product\/customized-extruded-shaped-aluminum-profiles-6063-anodized-industrial-aluminum-profile\/\" target=\"_blank\">Customized Extruded Shaped Aluminum Profiles 6063 Anodized Industrial Aluminum Profile<\/a><\/li>\r\n<li><a href=\"https:\/\/sinoextrud.com\/product\/customized-industrial-aluminum-heat-sink\/\" target=\"_blank\">Customized Industrial Aluminum Heat Sink<\/a><\/li>\r\n<li><a href=\"https:\/\/sinoextrud.com\/product\/led-strip-aluminum-profile\/\" target=\"_blank\">Led Strip Aluminum Profile<\/a><\/li>\r\n<li><a href=\"https:\/\/sinoextrud.com\/product\/customized-new-energy-conservation-anodized-aluminum-profile-frame-for-solar-panel-frame\/\" target=\"_blank\">Customized New Energy Conservation Anodized Aluminum Profile Frame For Solar Panel Frame<\/a><\/li>\r\n<li><a href=\"https:\/\/sinoextrud.com\/product\/cutting-bending-aluminum-led-strip-heatsink\/\" target=\"_blank\">Cutting Bending Aluminum LED Strip Heatsink<\/a><\/li>\r\n<li><a href=\"https:\/\/sinoextrud.com\/product\/extrude-6000-series-aluminium-bar\/\" target=\"_blank\">Extrude 6000 Series Aluminium bar<\/a><\/li>\r\n<li><a href=\"https:\/\/sinoextrud.com\/product\/u-shape-extruded-aluminum-wall-panels\/\" target=\"_blank\">U Shape Extruded Aluminum Wall Panels<\/a><\/li>\r\n<li><a href=\"https:\/\/sinoextrud.com\/product\/aluminium-glass-profile\/\" target=\"_blank\">Aluminium Glass Profile<\/a><\/li>"},"feature_list":[]},"_links":{"self":[{"href":"https:\/\/sinoextrud.com\/da\/wp-json\/wp\/v2\/product\/8187","targetHints":{"allow":["GET"]}}],"collection":[{"href":"https:\/\/sinoextrud.com\/da\/wp-json\/wp\/v2\/product"}],"about":[{"href":"https:\/\/sinoextrud.com\/da\/wp-json\/wp\/v2\/types\/product"}],"wp:featuredmedia":[{"embeddable":true,"href":"https:\/\/sinoextrud.com\/da\/wp-json\/wp\/v2\/media\/8186"}],"wp:attachment":[{"href":"https:\/\/sinoextrud.com\/da\/wp-json\/wp\/v2\/media?parent=8187"}],"wp:term":[{"taxonomy":"category","embeddable":true,"href":"https:\/\/sinoextrud.com\/da\/wp-json\/wp\/v2\/categories?post=8187"}],"curies":[{"name":"wp","href":"https:\/\/api.w.org\/{rel}","templated":true}]}}