{"id":8174,"date":"2025-06-13T07:11:14","date_gmt":"2025-06-13T07:11:14","guid":{"rendered":"https:\/\/sinoextrud.com\/product\/comb-shape-aluminium-heat-sink\/"},"modified":"2025-06-24T06:23:16","modified_gmt":"2025-06-24T06:23:16","slug":"kamformet-koleplade-af-aluminium","status":"publish","type":"product","link":"https:\/\/sinoextrud.com\/da\/product\/comb-shape-aluminium-heat-sink\/","title":{"rendered":"Kamformet k\u00f8leplade i aluminium"},"content":{"rendered":"<h2>Detaljer om produkter<\/h2>\n<table class=\"custom-table\">\n<tbody>\n<tr>\n<td> Produktets navn<\/td>\n<td> <strong>Kamformet k\u00f8leplade af aluminium<\/strong><\/td>\n<\/tr>\n<tr>\n<td> St\u00f8rrelse:<\/td>\n<td> i henhold til din anmodning<\/td>\n<\/tr>\n<tr>\n<td> Form<\/td>\n<td>\nKammens form<\/td>\n<\/tr>\n<tr>\n<td> Produktionsmetode<\/td>\n<td> Ekstrudering af aluminium<\/td>\n<\/tr>\n<tr>\n<td> Forarbejdning<\/td>\n<td> Boring, gevindsk\u00e6ring, polering, fr\u00e6sning, lasersk\u00e6ring, cnc-bearbejdning, affasning, afgratning<\/td>\n<\/tr>\n<tr>\n<td> Tolerance<\/td>\n<td> 0,01 mm<\/td>\n<\/tr>\n<tr>\n<td> Overfladebehandling<\/td>\n<td> anodiseret, pulverlakering, plettering, elektroforese<\/td>\n<\/tr>\n<tr>\n<td> Farve<\/td>\n<td> sort, r\u00f8d, s\u00f8lv, bl\u00e5, i henhold til din anmodning<\/td>\n<\/tr>\n<tr>\n<td> Pr\u00f8ve<\/td>\n<td> Tilg\u00e6ngelig<\/td>\n<\/tr>\n<tr>\n<td> Opm\u00e6rksomhed<\/td>\n<td> Her er over 200 designs af aluminiumsk\u00f8leplade, diameter fra 15 mm til 350 mm, du er velkommen til at bede om mere information<\/td>\n<\/tr>\n<\/tbody>\n<\/table>\n<h2>Vores produktionsbase<\/h2>\n<h3>Panorama over fabrikken<\/h3>\n<p><img decoding=\"async\" src=\"\/wp-content\/uploads\/factory-01.webp\"\/><\/p>\n<h3>V\u00e6rksted til fremstilling af aluminiumst\u00e6nger<\/h3>\n<p><img decoding=\"async\" src=\"\/wp-content\/uploads\/factory-02.webp\"\/><\/p>\n<\/p>\n<p><img decoding=\"async\" src=\"\/wp-content\/uploads\/factory-03.webp\"\/><\/p>\n<h3>Lager til opbevaring af skimmelsvampe<\/h3>\n<p><img decoding=\"async\" src=\"\/wp-content\/uploads\/factory-04.webp\"\/><\/p>\n<h3>43 ekstruderingslinjer for aluminium (500-5500 ton)<\/h3>\n<p><img decoding=\"async\" src=\"\/wp-content\/uploads\/factory-05.webp\"\/><\/p>\n<p><img decoding=\"async\" src=\"\/wp-content\/uploads\/factory-06.webp\"\/><\/p>\n<p><img decoding=\"async\" src=\"\/wp-content\/uploads\/factory-07.webp\"\/><\/p>\n<h3>V\u00e6rksted for pulverlakering<\/h3>\n<p><img decoding=\"async\" src=\"\/wp-content\/uploads\/factory-09.webp\"\/><\/p>\n<h3>Anodiseringsv\u00e6rksted<\/h3>\n<p><img decoding=\"async\" src=\"\/wp-content\/uploads\/factory-10.webp\"\/><\/p>\n<h3>Workshop om dyb behandling<\/h3>\n<p><img decoding=\"async\" src=\"\/wp-content\/uploads\/factory-11.webp\"\/><\/p>\n<h3>V\u00e6rksted for CNC-pr\u00e6cisionsbearbejdning<\/h3>\n<p><img decoding=\"async\" src=\"\/wp-content\/uploads\/factory-11.5.webp\"\/><\/p>\n<h3>F\u00e6rdigvare- og eksportlager<\/h3>\n<p><img decoding=\"async\" src=\"\/wp-content\/uploads\/factory-12.webp\"\/><\/p>\n<p><img decoding=\"async\" src=\"\/wp-content\/uploads\/factory-13.webp\"\/><\/p>\n<p><img decoding=\"async\" src=\"\/wp-content\/uploads\/factory-14.webp\"\/><\/p>\n<h2>OFTE STILLEDE SP\u00d8RGSM\u00c5L<\/h2>\n<p><b>1. Hvad g\u00f8r den kamformede aluminiumsk\u00f8leplade effektiv?<\/b><\/p>\n<p>Den kamlignende struktur forbedrer varmeafledningen, sikrer optimal k\u00f8leevne og opretholder stabil drift til forskellige anvendelser.\n<\/p>\n<p><\/p>\n<p><b>2. Hvilket materiale er brugt i den kamformede aluminiumsk\u00f8leplade?<\/b><\/p>\n<p>Den er lavet af aluminium af h\u00f8j kvalitet, som giver fremragende holdbarhed, letv\u00e6gtsegenskaber og modstandsdygtighed over for korrosion.\n<\/p>\n<p><\/p>\n<p><b>3. Hvilke anvendelser drager fordel af den kamformede aluminiumsk\u00f8leplade?<\/b><\/p>\n<p>Den er ideel til applikationer med h\u00f8j effekt som elektronik, LED-lys og andre systemer, der kr\u00e6ver effektive k\u00f8lel\u00f8sninger.\n<\/p>\n<p><\/p>\n<p><b>4. Hvordan forbedrer designet af Comb Shape Aluminium Heat Sink k\u00f8lingen?<\/b><\/p>\n<p>Det kamlignende design maksimerer overfladearealet, hvilket giver bedre luftgennemstr\u00f8mning og mere effektiv varmeafledning.\n<\/p>\n<p><\/p>\n<p><b>5. Kan den kamformede aluminiumsk\u00f8leplade tilpasses?<\/b><\/p>\n<p>Ja, den har et design, der kan tilpasses, s\u00e5 den opfylder specifikke behov for varmeafledning til forskellige anvendelser.\n<\/p>\n<p><\/p>\n<p><b>6. Hvor omkostningseffektiv er den kamformede aluminiumsk\u00f8leplade?<\/b><\/p>\n<p>Det er en omkostningseffektiv l\u00f8sning, der giver h\u00f8j ydeevne til en lavere pris sammenlignet med andre k\u00f8lemetoder, og som reducerer behovet for yderligere k\u00f8lesystemer.\n<\/p>\n<p><\/p>\n<p><b>7. Hvorfor er den kamformede aluminiumsk\u00f8leplade ideel til effektelektronik?<\/b><\/p>\n<p>Den effektive varmeafledning sikrer, at effektelektronikken forbliver inden for sikre driftstemperaturer, hvilket forhindrer overophedning og forl\u00e6nger komponenternes levetid.\n<\/p>\n<p><\/p>","protected":false},"featured_media":8173,"template":"","categories":[54],"class_list":["post-8174","product","type-product","status-publish","has-post-thumbnail","hentry","category-industrial-aluminum-profiles"],"meta_box":{"hilight_text_group":{"product_hilight_text":"<li>Efficient heat dissipation due to its comb-like structure, improving cooling performance.<\/li>\r\r\n<li>Made from high-quality aluminum for lightweight, durability, and corrosion resistance.<\/li>\r\r\n<li>Ideal for high-power applications, ensuring stable operation and extended component lifespan.<\/li>\r\r\n<li>Compact and customizable design, adaptable to various heat sink requirements.<\/li>\r\r\n<li>Cost-effective and energy-efficient, reducing the need for additional cooling systems.<\/li>","product_chanpin_blog":"<ul>\r\r\n<li><a href=\"https:\/\/sinoextrud.com\/t-slot-v-slot-differences\/\" target=\"_blank\">t slot vs v slot<\/a><\/li>\r\r\n<li><a href=\"https:\/\/sinoextrud.com\/what-is-4040-aluminium-extrud\/\" target=\"_blank\">4040 aluminium extrusion<\/a><\/li>\r\r\n<li><a href=\"https:\/\/sinoextrud.com\/what-is-4040-aluminium-extrud\/\" target=\"_blank\">aluminum extrusions for industrial racks<\/a><\/li>\r\r\n<li><a href=\"https:\/\/sinoextrud.com\/powder-coating-aluminium-process\/\" target=\"_blank\">powder coating aluminium<\/a><\/li>\r\r\n<li><a href=\"https:\/\/sinoextrud.com\/what-is-an-aluminium-strip-ceiling\/\" target=\"_blank\">aluminium strip ceiling<\/a><\/li>\r\r\n<li><a href=\"https:\/\/sinoextrud.com\/what-is-a-heat-sink\/\" target=\"_blank\">what is a heat sink<\/a><\/li>\r\r\n<\/ul>","product_chanpin_chanpin":"<li><a href=\"https:\/\/sinoextrud.com\/product\/aluminum-t-slot-rail-profile\/\" target=\"_blank\">Aluminum T Slot Rail Profile<\/a><\/li>\r\n<li><a href=\"https:\/\/sinoextrud.com\/product\/aluminum-t-slot-table\/\" target=\"_blank\">Aluminum T Slot Table<\/a><\/li>\r\n<li><a href=\"https:\/\/sinoextrud.com\/product\/brushed-aluminium-profile\/\" target=\"_blank\">Brushed Aluminium Profile<\/a><\/li>\r\n<li><a href=\"https:\/\/sinoextrud.com\/product\/cnc-machining-aluminum-heat-sink\/\" target=\"_blank\">CNC Machining Aluminum Heat Sink<\/a><\/li>\r\n<li><a href=\"https:\/\/sinoextrud.com\/product\/comb-shape-aluminium-heat-sink\/\" target=\"_blank\">Comb Shape Aluminium Heat Sink<\/a><\/li>\r\n<li><a href=\"https:\/\/sinoextrud.com\/product\/aluminum-heat-sink-box-shapes-profiles\/\" target=\"_blank\">Aluminum Heat Sink Box  Shapes  Profiles<\/a><\/li>\r\n<li><a href=\"https:\/\/sinoextrud.com\/product\/solar-aluminium-profiles\/\" target=\"_blank\">Solar Aluminium Profiles<\/a><\/li>\r\n<li><a href=\"https:\/\/sinoextrud.com\/product\/solar-panel-frame-aluminum-profile\/\" target=\"_blank\">Solar Panel Frame Aluminum Profile<\/a><\/li>\r\n<li><a href=\"https:\/\/sinoextrud.com\/product\/t-section-aluminium-extrusion\/\" target=\"_blank\">T Section Aluminium Extrusion<\/a><\/li>\r\n<li><a href=\"https:\/\/sinoextrud.com\/product\/aluminium-extrusion-6061-6082-7075-aluminum-alloy-profiles\/\" target=\"_blank\">Aluminium Extrusion 6061 6082 7075 Aluminum Alloy Profiles<\/a><\/li>\r\n<li><a href=\"https:\/\/sinoextrud.com\/product\/extruded-aluminium-skirting-aluminium-skirting-board\/\" target=\"_blank\">Extruded Aluminium Skirting Aluminium Skirting Board<\/a><\/li>"},"feature_list":[]},"_links":{"self":[{"href":"https:\/\/sinoextrud.com\/da\/wp-json\/wp\/v2\/product\/8174","targetHints":{"allow":["GET"]}}],"collection":[{"href":"https:\/\/sinoextrud.com\/da\/wp-json\/wp\/v2\/product"}],"about":[{"href":"https:\/\/sinoextrud.com\/da\/wp-json\/wp\/v2\/types\/product"}],"wp:featuredmedia":[{"embeddable":true,"href":"https:\/\/sinoextrud.com\/da\/wp-json\/wp\/v2\/media\/8173"}],"wp:attachment":[{"href":"https:\/\/sinoextrud.com\/da\/wp-json\/wp\/v2\/media?parent=8174"}],"wp:term":[{"taxonomy":"category","embeddable":true,"href":"https:\/\/sinoextrud.com\/da\/wp-json\/wp\/v2\/categories?post=8174"}],"curies":[{"name":"wp","href":"https:\/\/api.w.org\/{rel}","templated":true}]}}