{"id":8160,"date":"2025-06-13T06:52:45","date_gmt":"2025-06-13T06:52:45","guid":{"rendered":"https:\/\/sinoextrud.com\/product\/aluminum-t-extrusion\/"},"modified":"2025-06-24T06:23:14","modified_gmt":"2025-06-24T06:23:14","slug":"t-ekstrudering-af-aluminium","status":"publish","type":"product","link":"https:\/\/sinoextrud.com\/da\/product\/aluminum-t-extrusion\/","title":{"rendered":"T-ekstrudering af aluminium"},"content":{"rendered":"<h2>Detaljer om produkter<\/h2>\n<table class=\"custom-table\">\n<tbody>\n<tr>\n<td> Model :<\/td>\n<td> T-ekstrudering af aluminium<\/td>\n<\/tr>\n<tr>\n<td> Type:<\/td>\n<td> Isoleringsfilm<\/td>\n<\/tr>\n<tr>\n<td> Materiale:<\/td>\n<td> Legering 6063<\/td>\n<\/tr>\n<tr>\n<td> Certificering:<\/td>\n<td> ISO9001<\/td>\n<\/tr>\n<tr>\n<td> Brand:<\/td>\n<td> Sinoextrud<\/td>\n<\/tr>\n<tr>\n<td> Tykkelse:<\/td>\n<td> 1,0\/1,2\/1,4\/2,0 mm<\/td>\n<\/tr>\n<tr>\n<td> Oprindelse:<\/td>\n<td> Foshan, Guangdong<\/td>\n<\/tr>\n<tr>\n<td> Anvendelse:<\/td>\n<td> Produktionslinje, samleb\u00e5ndsarbejdsb\u00e6nk, kontorskillev\u00e6g, sk\u00e6rm, industrihegn, forskellige rammer, udstillingsreoler, hylder, mekaniske st\u00f8vt\u00e6tninger osv.<\/td>\n<\/tr>\n<tr>\n<td> Kemi:<\/td>\n<td> Hybrid isolering<\/td>\n<\/tr>\n<tr>\n<td> Termisk bed\u00f8mmelse:<\/td>\n<td> H 80<\/td>\n<\/tr>\n<tr>\n<td> Klassificering:<\/td>\n<td> Hybride isoleringsmaterialer<\/td>\n<\/tr>\n<tr>\n<td> Farve:<\/td>\n<td> Anodiseret splinter<\/td>\n<\/tr>\n<tr>\n<td> Bredde:<\/td>\n<td> 40 mm<\/td>\n<\/tr>\n<tr>\n<td> L\u00e6ngde:<\/td>\n<td> 30 meter\/rulle<\/td>\n<\/tr>\n<tr>\n<td> HS-kode:<\/td>\n<td> 76042100<\/td>\n<\/tr>\n<\/tbody>\n<\/table>\n<h2>Vores produktionsbase<\/h2>\n<h3>Panorama over fabrikken<\/h3>\n<p><img decoding=\"async\" src=\"\/wp-content\/uploads\/factory-01.webp\"\/><\/p>\n<h3>V\u00e6rksted til fremstilling af aluminiumst\u00e6nger<\/h3>\n<p><img decoding=\"async\" src=\"\/wp-content\/uploads\/factory-02.webp\"\/><\/p>\n<p><img decoding=\"async\" src=\"\/wp-content\/uploads\/factory-03.webp\"\/><\/p>\n<h3>Lager til opbevaring af skimmelsvampe<\/h3>\n<p><img decoding=\"async\" src=\"\/wp-content\/uploads\/factory-04.webp\"\/><\/p>\n<h3>43 ekstruderingslinjer for aluminium (500-5500 ton)<\/h3>\n<p><img decoding=\"async\" src=\"\/wp-content\/uploads\/factory-05.webp\"\/><\/p>\n<p><img decoding=\"async\" src=\"\/wp-content\/uploads\/factory-06.webp\"\/><\/p>\n<p><img decoding=\"async\" src=\"\/wp-content\/uploads\/factory-07.webp\"\/><\/p>\n<h3>V\u00e6rksted for pulverlakering<\/h3>\n<p><img decoding=\"async\" src=\"\/wp-content\/uploads\/factory-09.webp\"\/><\/p>\n<h3>Anodiseringsv\u00e6rksted<\/h3>\n<p><img decoding=\"async\" src=\"\/wp-content\/uploads\/factory-10.webp\"\/><\/p>\n<h3>Workshop om dyb behandling<\/h3>\n<p><img decoding=\"async\" src=\"\/wp-content\/uploads\/factory-11.webp\"\/><\/p>\n<h3>V\u00e6rksted for CNC-pr\u00e6cisionsbearbejdning<\/h3>\n<p><img decoding=\"async\" src=\"\/wp-content\/uploads\/factory-11.5.webp\"\/><\/p>\n<h3>F\u00e6rdigvare- og eksportlager<\/h3>\n<p><img decoding=\"async\" src=\"\/wp-content\/uploads\/factory-12.webp\"\/><\/p>\n<p><img decoding=\"async\" src=\"\/wp-content\/uploads\/factory-13.webp\"\/><\/p>\n<p><img decoding=\"async\" src=\"\/wp-content\/uploads\/factory-14.webp\"\/><\/p>\n<h2>OFTE STILLEDE SP\u00d8RGSM\u00c5L<\/h2>\n<p><p><b>1. Hvad g\u00f8r T-ekstruderet aluminium ideelt til indramning og strukturel st\u00f8tte? <\/b><\/p>\n<p> T-profiler af aluminium er st\u00e6rke, holdbare og korrosionsbestandige, hvilket g\u00f8r dem perfekte til brug i bygningsrammer, st\u00f8tter og andre strukturelle anvendelser.<br \/>\n<\/p><br \/>\n<br \/>\n<p><b>2. kan aluminium T-ekstrudering tilpasses? <\/b><\/p>\n<p> Ja, T-profiler i aluminium kan tilpasses i st\u00f8rrelse, form og design, s\u00e5 de opfylder de specifikke krav til forskellige projekter og anvendelser.<br \/>\n<\/p><br \/>\n<br \/>\n<p><b>3. Hvor holdbar er T-ekstrudering af aluminium? <\/b><\/p>\n<p> T-profiler af aluminium er meget holdbare med korrosionsbestandige egenskaber, der sikrer langvarig ydeevne i forskellige milj\u00f8er, selv under barske forhold.<br \/>\n<\/p><br \/>\n<br \/>\n<p><b>4. Hvilke industrier har gavn af at bruge T-ekstruderet aluminium? <\/b><\/p>\n<p> T-profiler af aluminium bruges i vid udstr\u00e6kning i brancher som byggeri, automatisering, robotteknologi og materialeh\u00e5ndtering til at bygge rammer, st\u00f8tter og specialkonstruktioner.<br \/>\n<\/p><br \/>\n<br \/>\n<p><b>5. Er T-ekstrudering af aluminium let at montere og \u00e6ndre? <\/b><\/p>\n<p> Ja, det modul\u00e6re design af T-profiler i aluminium giver mulighed for nem montering og \u00e6ndring, hvilket reducerer ops\u00e6tningstiden og \u00f8ger projektets fleksibilitet.<br \/>\n<\/p><br \/>\n<br \/>\n<p><b>6. Hvordan forbedrer T-ekstrudering af aluminium systemets ydeevne? <\/b><\/p>\n<p> Det lette, men st\u00e6rke design giver stabil st\u00f8tte, samtidig med at det bevarer fleksibiliteten til fremtidige \u00e6ndringer, hvilket forbedrer systemernes samlede ydeevne og effektivitet.<br \/>\n<\/p><br \/>\n<br \/>\n<p><b>7. Er aluminium T-ekstrudering milj\u00f8venlig? <\/b><\/p>\n<p> Ja, aluminium er fuldt genanvendeligt, hvilket g\u00f8r disse profiler til et milj\u00f8venligt valg til b\u00e6redygtige struktur- og rammel\u00f8sninger.<br \/>\n<\/p><br \/><\/p>","protected":false},"featured_media":8159,"template":"","categories":[54],"class_list":["post-8160","product","type-product","status-publish","has-post-thumbnail","hentry","category-industrial-aluminum-profiles"],"meta_box":{"hilight_text_group":{"product_hilight_text":"<li>High-strength aluminum T extrusion for versatile applications in framing and structural support<\/li>\r\r\n<li>Corrosion-resistant, ensuring long-lasting durability in various environmental conditions<\/li>\r\r\n<li>Customizable sizes and designs to meet specific project requirements and specifications<\/li>\r\r\n<li>Lightweight yet strong, providing excellent stability and support without unnecessary weight<\/li>\r\r\n<li>Easy to assemble and modify, offering flexibility for different industrial and commercial uses<\/li>\r\r\n<li>Cost-effective solution for building frames, supports, and mounting systems<\/li>\r\r\n<li>Eco-friendly, made from fully recyclable aluminum material<\/li>","product_chanpin_blog":"<ul>\r\r\n<li><a href=\"https:\/\/sinoextrud.com\/t-slot-v-slot-differences\/\" target=\"_blank\">t slot vs v slot<\/a><\/li>\r\r\n<li><a href=\"https:\/\/sinoextrud.com\/what-is-4040-aluminium-extrud\/\" target=\"_blank\">4040 aluminium extrusion<\/a><\/li>\r\r\n<li><a href=\"https:\/\/sinoextrud.com\/what-is-4040-aluminium-extrud\/\" target=\"_blank\">aluminum extrusions for industrial racks<\/a><\/li>\r\r\n<li><a href=\"https:\/\/sinoextrud.com\/powder-coating-aluminium-process\/\" target=\"_blank\">powder coating aluminium<\/a><\/li>\r\r\n<li><a href=\"https:\/\/sinoextrud.com\/what-is-an-aluminium-strip-ceiling\/\" target=\"_blank\">aluminium strip ceiling<\/a><\/li>\r\r\n<li><a href=\"https:\/\/sinoextrud.com\/what-is-a-heat-sink\/\" target=\"_blank\">what is a heat sink<\/a><\/li>\r\r\n<\/ul>","product_chanpin_chanpin":"<li><a href=\"https:\/\/sinoextrud.com\/product\/aluminum-heatsink-extrusion-profile\/\" target=\"_blank\">Aluminum Heatsink Extrusion Profile<\/a><\/li>\r\n<li><a href=\"https:\/\/sinoextrud.com\/product\/aluminum-light-box-extrusion\/\" target=\"_blank\">Aluminum Light Box Extrusion<\/a><\/li>\r\n<li><a href=\"https:\/\/sinoextrud.com\/product\/aluminum-profile-solar-panel-wide-width\/\" target=\"_blank\">Aluminum Profile Solar Panel Wide Width<\/a><\/li>\r\n<li><a href=\"https:\/\/sinoextrud.com\/product\/aluminum-profile-with-t-slot-flat\/\" target=\"_blank\">Aluminum Profile With T Slot Flat<\/a><\/li>\r\n<li><a href=\"https:\/\/sinoextrud.com\/product\/aluminum-t-extrusion\/\" target=\"_blank\">Aluminum T Extrusion<\/a><\/li>\r\n<li><a href=\"https:\/\/sinoextrud.com\/product\/aluminum-t-section-extrusions\/\" target=\"_blank\">Aluminum T Section Extrusions<\/a><\/li>\r\n<li><a href=\"https:\/\/sinoextrud.com\/product\/aluminum-t-slot-profile\/\" target=\"_blank\">Aluminum T Slot Profile<\/a><\/li>\r\n<li><a href=\"https:\/\/sinoextrud.com\/product\/aluminum-t-slot-rail-profile\/\" target=\"_blank\">Aluminum T Slot Rail Profile<\/a><\/li>\r\n<li><a href=\"https:\/\/sinoextrud.com\/product\/aluminum-t-slot-table\/\" target=\"_blank\">Aluminum T Slot Table<\/a><\/li>\r\n<li><a href=\"https:\/\/sinoextrud.com\/product\/anodized-extruded-c-section-aluminium-profile\/\" target=\"_blank\">Anodized Extruded C Section Aluminium Profile<\/a><\/li>\r\n<li><a href=\"https:\/\/sinoextrud.com\/product\/commercial-glass-aluminium-railing-systems\/\" target=\"_blank\">Commercial Glass Aluminium Railing Systems<\/a><\/li>"},"feature_list":[]},"_links":{"self":[{"href":"https:\/\/sinoextrud.com\/da\/wp-json\/wp\/v2\/product\/8160","targetHints":{"allow":["GET"]}}],"collection":[{"href":"https:\/\/sinoextrud.com\/da\/wp-json\/wp\/v2\/product"}],"about":[{"href":"https:\/\/sinoextrud.com\/da\/wp-json\/wp\/v2\/types\/product"}],"wp:featuredmedia":[{"embeddable":true,"href":"https:\/\/sinoextrud.com\/da\/wp-json\/wp\/v2\/media\/8159"}],"wp:attachment":[{"href":"https:\/\/sinoextrud.com\/da\/wp-json\/wp\/v2\/media?parent=8160"}],"wp:term":[{"taxonomy":"category","embeddable":true,"href":"https:\/\/sinoextrud.com\/da\/wp-json\/wp\/v2\/categories?post=8160"}],"curies":[{"name":"wp","href":"https:\/\/api.w.org\/{rel}","templated":true}]}}