{"id":8146,"date":"2025-06-13T02:44:57","date_gmt":"2025-06-13T02:44:57","guid":{"rendered":"https:\/\/sinoextrud.com\/product\/aluminum-extrusion-material-t-slot\/"},"modified":"2025-06-24T06:23:11","modified_gmt":"2025-06-24T06:23:11","slug":"aluminium-ekstrudering-materiale-t-slot","status":"publish","type":"product","link":"https:\/\/sinoextrud.com\/da\/product\/aluminum-extrusion-material-t-slot\/","title":{"rendered":"Aluminiumsekstruderingsmateriale T-slot"},"content":{"rendered":"<h2>Detaljer om produkter<\/h2>\n<table class=\"custom-table\">\n<tbody>\n<tr>\n<td> Vare<\/td>\n<td> Aluminiumsekstruderingsmateriale, aluminiumsekstruderingsmateriale T Slot<\/td>\n<\/tr>\n<tr>\n<td> Kategori<\/td>\n<td> Sektion af aluminium<\/td>\n<\/tr>\n<tr>\n<td> Materiale<\/td>\n<td> Aluminiumslegering (6063, 6061,6463,6082)<\/td>\n<\/tr>\n<tr>\n<td> Temperament<\/td>\n<td> T5,T8<\/td>\n<\/tr>\n<tr>\n<td> L\u00e6ngde<\/td>\n<td> 1-9m eller andre er tilg\u00e6ngelige<\/td>\n<\/tr>\n<tr>\n<td> St\u00f8rrelse (mm)<\/td>\n<td> 40*40, 40*80, 80*80, 45*120 osv.<\/td>\n<\/tr>\n<tr>\n<td> Form<\/td>\n<td> T-profil, firkantet, rund, flad, vinkel osv.<\/td>\n<\/tr>\n<tr>\n<td> Overfladebehandling<\/td>\n<td> Fr\u00e6sning, anodisering, sandbl\u00e6sning, polering, elektroforese, power coating osv.<\/td>\n<\/tr>\n<tr>\n<td> Farve<\/td>\n<td> Mens, sort, s\u00f8lv, bronze, guld, champagne, m\u00f8rk osv.<\/td>\n<\/tr>\n<tr>\n<td> Certifikat<\/td>\n<td> ASTM, GB<\/td>\n<\/tr>\n<tr>\n<td> Fra<\/td>\n<td> Guangdong, Kina<\/td>\n<\/tr>\n<tr>\n<td> Levering<\/td>\n<td> 15-30 dage, kan konsultere os<\/td>\n<\/tr>\n<\/tbody>\n<\/table>\n<h2>Vores produktionsbase<\/h2>\n<h3>Panorama over fabrikken<\/h3>\n<p><img decoding=\"async\" src=\"\/wp-content\/uploads\/factory-01.webp\"\/><\/p>\n<h3>V\u00e6rksted til fremstilling af aluminiumst\u00e6nger<\/h3>\n<p><img decoding=\"async\" src=\"\/wp-content\/uploads\/factory-02.webp\"\/><\/p>\n<p><img decoding=\"async\" src=\"\/wp-content\/uploads\/factory-03.webp\"\/><\/p>\n<h3>Lager til opbevaring af skimmelsvampe<\/h3>\n<p><img decoding=\"async\" src=\"\/wp-content\/uploads\/factory-04.webp\"\/><\/p>\n<h3>43 ekstruderingslinjer for aluminium (500-5500 ton)<\/h3>\n<p><img decoding=\"async\" src=\"\/wp-content\/uploads\/factory-05.webp\"\/><\/p>\n<p><img decoding=\"async\" src=\"\/wp-content\/uploads\/factory-06.webp\"\/><\/p>\n<p><img decoding=\"async\" src=\"\/wp-content\/uploads\/factory-07.webp\"\/><\/p>\n<h3>V\u00e6rksted for pulverlakering<\/h3>\n<p><img decoding=\"async\" src=\"\/wp-content\/uploads\/factory-09.webp\"\/><\/p>\n<h3>Anodiseringsv\u00e6rksted<\/h3>\n<p><img decoding=\"async\" src=\"\/wp-content\/uploads\/factory-10.webp\"\/><\/p>\n<h3>Workshop om dyb behandling<\/h3>\n<p><img decoding=\"async\" src=\"\/wp-content\/uploads\/factory-11.webp\"\/><\/p>\n<h3>V\u00e6rksted for CNC-pr\u00e6cisionsbearbejdning<\/h3>\n<p><img decoding=\"async\" src=\"\/wp-content\/uploads\/factory-11.5.webp\"\/><\/p>\n<h3>F\u00e6rdigvare- og eksportlager<\/h3>\n<p><img decoding=\"async\" src=\"\/wp-content\/uploads\/factory-12.webp\"\/><\/p>\n<p><img decoding=\"async\" src=\"\/wp-content\/uploads\/factory-13.webp\"\/><\/p>\n<p><img decoding=\"async\" src=\"\/wp-content\/uploads\/factory-14.webp\"\/><\/p>\n<h2>OFTE STILLEDE SP\u00d8RGSM\u00c5L<\/h2>\n<p><p><b>1. Hvad er fordelen ved at bruge aluminiumsprofiler med T-spor? <\/b><\/p>\n<p> T Slot-aluminiumprofiler giver fleksibel, modul\u00e6r samling uden behov for svejsning, hvilket er ideelt til hurtige og justerbare konstruktioner.<br \/>\n<\/p><br \/>\n<br \/>\n<p><b>2. Er T Slot-aluminiumprofiler holdbare nok til industriel brug? <\/b><\/p>\n<p> Ja, T Slot-aluminiumprofiler er lavet af h\u00f8jstyrkealuminium, hvilket sikrer langvarig ydeevne i kr\u00e6vende industrielle milj\u00f8er.<br \/>\n<\/p><br \/>\n<br \/>\n<p><b>3. Kan T Slot aluminiumsprofiler tilpasses? <\/b><\/p>\n<p> T-not-profiler kan absolut sk\u00e6res til i brugerdefinerede l\u00e6ngder og kombineres med forskelligt tilbeh\u00f8r for at opfylde specifikke projektbehov.<br \/>\n<\/p><br \/>\n<br \/>\n<p><b>4. Hvilke typer finish er tilg\u00e6ngelige for aluminiumsprofiler med T-spor? <\/b><\/p>\n<p> Vi tilbyder anodiseret, pulverlakeret og fr\u00e6set finish for forbedret korrosionsbestandighed og \u00e6stetik.<br \/>\n<\/p><br \/>\n<br \/>\n<p><b>5. Er T Slot-profiler kompatible med standardtilbeh\u00f8r? <\/b><\/p>\n<p> Ja, vores aluminiumsprofiler med T-spor er kompatible med en bred vifte af beslag, forbindelsesdele og fastg\u00f8relseselementer p\u00e5 markedet.<br \/>\n<\/p><br \/>\n<br \/>\n<p><b>6. Hvilke anvendelser egner sig til aluminiumsekstrudering med T-spor? <\/b><\/p>\n<p> Aluminiumsprofiler med T-not er perfekte til maskinrammer, sikkerhedskabinetter, automatiseringsudstyr og arbejdsstationer.<br \/>\n<\/p><br \/>\n<br \/>\n<p><b>7. Hvordan hj\u00e6lper aluminiumprofiler med T-spor til at reducere omkostningerne? <\/b><\/p>\n<p> Det modul\u00e6re design muligg\u00f8r hurtig montering, nemme \u00e6ndringer og let h\u00e5ndtering, hvilket reducerer arbejds- og transportomkostninger.<br \/>\n<\/p><br \/><\/p>","protected":false},"featured_media":8145,"template":"","categories":[54],"class_list":["post-8146","product","type-product","status-publish","has-post-thumbnail","hentry","category-industrial-aluminum-profiles"],"meta_box":{"hilight_text_group":{"product_hilight_text":"<li>Modular T Slot design allows easy assembly and reconfiguration without welding.<\/li>\r\r\n<li>High-strength aluminum extrusion ensures durability and structural stability.<\/li>\r\r\n<li>Corrosion-resistant surface finishes suitable for industrial environments.<\/li>\r\r\n<li>Compatible with a wide range of accessories and connectors.<\/li>\r\r\n<li>Lightweight material reduces handling and shipping costs.<\/li>\r\r\n<li>Precision-machined for high tolerance and consistent quality.<\/li>\r\r\n<li>Ideal for machine frames, workstations, and automation systems.<\/li>","product_chanpin_blog":"<ul>\r\r\n<li><a href=\"https:\/\/sinoextrud.com\/t-slot-v-slot-differences\/\" target=\"_blank\">t slot vs v slot<\/a><\/li>\r\r\n<li><a href=\"https:\/\/sinoextrud.com\/what-is-4040-aluminium-extrud\/\" target=\"_blank\">4040 aluminium extrusion<\/a><\/li>\r\r\n<li><a href=\"https:\/\/sinoextrud.com\/what-is-4040-aluminium-extrud\/\" target=\"_blank\">aluminum extrusions for industrial racks<\/a><\/li>\r\r\n<li><a href=\"https:\/\/sinoextrud.com\/powder-coating-aluminium-process\/\" target=\"_blank\">powder coating aluminium<\/a><\/li>\r\r\n<li><a href=\"https:\/\/sinoextrud.com\/what-is-an-aluminium-strip-ceiling\/\" target=\"_blank\">aluminium strip ceiling<\/a><\/li>\r\r\n<li><a href=\"https:\/\/sinoextrud.com\/what-is-a-heat-sink\/\" target=\"_blank\">what is a heat sink<\/a><\/li>\r\r\n<\/ul>","product_chanpin_chanpin":"<li><a href=\"https:\/\/sinoextrud.com\/product\/aluminium-t-bar-extrusions\/\" target=\"_blank\">Aluminium T Bar Extrusions<\/a><\/li>\r\n<li><a href=\"https:\/\/sinoextrud.com\/product\/aluminium-transport-extrusions\/\" target=\"_blank\">Aluminium Transport Extrusions<\/a><\/li>\r\n<li><a href=\"https:\/\/sinoextrud.com\/product\/aluminum-extruded-enclosure-for-power-supply\/\" target=\"_blank\">Aluminum Extruded Enclosure For Power Supply<\/a><\/li>\r\n<li><a href=\"https:\/\/sinoextrud.com\/product\/aluminum-extrusion-industry\/\" target=\"_blank\">Aluminum Extrusion Industry<\/a><\/li>\r\n<li><a href=\"https:\/\/sinoextrud.com\/product\/aluminum-extrusion-material-t-slot\/\" target=\"_blank\">Aluminum Extrusion Material T Slot<\/a><\/li>\r\n<li><a href=\"https:\/\/sinoextrud.com\/product\/aluminum-extrusion-plate\/\" target=\"_blank\">Aluminum Extrusion Plate<\/a><\/li>\r\n<li><a href=\"https:\/\/sinoextrud.com\/product\/aluminum-frame-for-solar-panel-and-light-box\/\" target=\"_blank\">Aluminum Frame For Solar Panel And Light-Box<\/a><\/li>\r\n<li><a href=\"https:\/\/sinoextrud.com\/product\/aluminum-heatsink-extrusion-profile\/\" target=\"_blank\">Aluminum Heatsink Extrusion Profile<\/a><\/li>\r\n<li><a href=\"https:\/\/sinoextrud.com\/product\/aluminum-light-box-extrusion\/\" target=\"_blank\">Aluminum Light Box Extrusion<\/a><\/li>\r\n<li><a href=\"https:\/\/sinoextrud.com\/product\/cnc-bending-aluminum-frame-profile-for-suitcase-luggage\/\" target=\"_blank\">CNC Bending Aluminum Frame Profile For Suitcase Luggage<\/a><\/li>\r\n<li><a href=\"https:\/\/sinoextrud.com\/product\/extruded-aluminium-cnc-machining-profile-and-anodized-surface-treatment-process\/\" target=\"_blank\">Extruded Aluminium CNC Machining profile and Anodized Surface Treatment Process<\/a><\/li>"},"feature_list":[]},"_links":{"self":[{"href":"https:\/\/sinoextrud.com\/da\/wp-json\/wp\/v2\/product\/8146","targetHints":{"allow":["GET"]}}],"collection":[{"href":"https:\/\/sinoextrud.com\/da\/wp-json\/wp\/v2\/product"}],"about":[{"href":"https:\/\/sinoextrud.com\/da\/wp-json\/wp\/v2\/types\/product"}],"wp:featuredmedia":[{"embeddable":true,"href":"https:\/\/sinoextrud.com\/da\/wp-json\/wp\/v2\/media\/8145"}],"wp:attachment":[{"href":"https:\/\/sinoextrud.com\/da\/wp-json\/wp\/v2\/media?parent=8146"}],"wp:term":[{"taxonomy":"category","embeddable":true,"href":"https:\/\/sinoextrud.com\/da\/wp-json\/wp\/v2\/categories?post=8146"}],"curies":[{"name":"wp","href":"https:\/\/api.w.org\/{rel}","templated":true}]}}