{"id":8140,"date":"2025-06-13T02:40:21","date_gmt":"2025-06-13T02:40:21","guid":{"rendered":"https:\/\/sinoextrud.com\/product\/aluminium-transport-extrusions\/"},"modified":"2025-06-24T06:23:10","modified_gmt":"2025-06-24T06:23:10","slug":"transportprofiler-af-aluminium","status":"publish","type":"product","link":"https:\/\/sinoextrud.com\/da\/product\/aluminium-transport-extrusions\/","title":{"rendered":"Ekstruderet aluminium til transport"},"content":{"rendered":"<h2>Detaljer om produkter<\/h2>\n<table class=\"custom-table\">\n<tbody>\n<tr>\n<td> Produktets navn<\/td>\n<td> Ekstruderet aluminium til transport<\/td>\n<\/tr>\n<tr>\n<td> Materiale<\/td>\n<td> 6063,6061,6463,6005,6082 osv.<\/td>\n<\/tr>\n<tr>\n<td> Form<\/td>\n<td> Tilpasset form<\/td>\n<\/tr>\n<tr>\n<td> Tykkelse<\/td>\n<td> 0,7 mm-10 mm<\/td>\n<\/tr>\n<tr>\n<td> St\u00f8rrelse<\/td>\n<td> I henhold til kundens krav<\/td>\n<\/tr>\n<tr>\n<td> L\u00e6ngde<\/td>\n<td> Standardl\u00e6ngde 1-9M eller anden forhandlingsbar l\u00e6ngde.<\/td>\n<\/tr>\n<tr>\n<td> Typiske anvendelser<\/td>\n<td> Ny energibil, biler osv.<\/td>\n<\/tr>\n<tr>\n<td> Dyb proces<\/td>\n<td> CNC-fr\u00e6sning, boring, stansning, boring, gevindsk\u00e6ring, bukning<\/td>\n<\/tr>\n<tr>\n<td> Brand<\/td>\n<td> Sinoextrud, Sinoextrud eller OEM-varem\u00e6rke<\/td>\n<\/tr>\n<tr>\n<td> Overfladebehandling<\/td>\n<td> Poleret, b\u00f8rstet, anodiseret, pulverlakeret, tr\u00e6korn osv.<\/td>\n<\/tr>\n<tr>\n<td> MOQ<\/td>\n<td> 200 kg<\/td>\n<\/tr>\n<tr>\n<td> Kvalitetsgaranti<\/td>\n<td> 100&amp; inspektion for at sikre h\u00f8j kvalitet<\/td>\n<\/tr>\n<tr>\n<td> Certifikater<\/td>\n<td> ISO9001,ISO4001,CQM,SGS,CE,BV etc.<\/td>\n<\/tr>\n<tr>\n<td> Oprindelsessted<\/td>\n<td> Guangdong, Kina<\/td>\n<\/tr>\n<\/tbody>\n<\/table>\n<h2>Vores produktionsbase<\/h2>\n<h3>Panorama over fabrikken<\/h3>\n<p><img decoding=\"async\" src=\"\/wp-content\/uploads\/factory-01.webp\"\/><\/p>\n<h3>V\u00e6rksted til fremstilling af aluminiumst\u00e6nger<\/h3>\n<p><img decoding=\"async\" src=\"\/wp-content\/uploads\/factory-02.webp\"\/><\/p>\n<p><img decoding=\"async\" src=\"\/wp-content\/uploads\/factory-03.webp\"\/><\/p>\n<h3>Lager til opbevaring af skimmelsvampe<\/h3>\n<p><img decoding=\"async\" src=\"\/wp-content\/uploads\/factory-04.webp\"\/><\/p>\n<h3>43 ekstruderingslinjer for aluminium (500-5500 ton)<\/h3>\n<p><img decoding=\"async\" src=\"\/wp-content\/uploads\/factory-05.webp\"\/><\/p>\n<p><img decoding=\"async\" src=\"\/wp-content\/uploads\/factory-06.webp\"\/><\/p>\n<p><img decoding=\"async\" src=\"\/wp-content\/uploads\/factory-07.webp\"\/><\/p>\n<h3>V\u00e6rksted for pulverlakering<\/h3>\n<p><img decoding=\"async\" src=\"\/wp-content\/uploads\/factory-09.webp\"\/><\/p>\n<h3>Anodiseringsv\u00e6rksted<\/h3>\n<p><img decoding=\"async\" src=\"\/wp-content\/uploads\/factory-10.webp\"\/><\/p>\n<h3>Workshop om dyb behandling<\/h3>\n<p><img decoding=\"async\" src=\"\/wp-content\/uploads\/factory-11.webp\"\/><\/p>\n<h3>V\u00e6rksted for CNC-pr\u00e6cisionsbearbejdning<\/h3>\n<p><img decoding=\"async\" src=\"\/wp-content\/uploads\/factory-11.5.webp\"\/><\/p>\n<h3>F\u00e6rdigvare- og eksportlager<\/h3>\n<p><img decoding=\"async\" src=\"\/wp-content\/uploads\/factory-12.webp\"\/><\/p>\n<p><img decoding=\"async\" src=\"\/wp-content\/uploads\/factory-13.webp\"\/><\/p>\n<p><img decoding=\"async\" src=\"\/wp-content\/uploads\/factory-14.webp\"\/><\/p>\n<h2>OFTE STILLEDE SP\u00d8RGSM\u00c5L<\/h2>\n<p><p><b>1. Hvad bruges aluminiumstransportekstruderinger til?<\/b><\/p>\n<p>Transportprofiler af aluminium bruges til at skabe skr\u00e6ddersyede rammer, st\u00f8tter og emballagel\u00f8sninger til transport af f\u00f8lsomme varer, samtidig med at de sikrer holdbarhed og beskyttelse.<br \/>\n<\/p><br \/>\n<br \/>\n<p><b>2. Hvorfor er aluminium et godt materiale til transportprofiler?<\/b><\/p>\n<p>Aluminium er let, st\u00e6rkt og korrosionsbestandigt, hvilket g\u00f8r det til et ideelt materiale til transportprofiler, der skal beskytte varer og samtidig reducere den samlede v\u00e6gt.<br \/>\n<\/p><br \/>\n<br \/>\n<p><b>3. Kan aluminiumstransportekstruderinger tilpasses?<\/b><\/p>\n<p>Ja, transportprofiler af aluminium kan skr\u00e6ddersys til specifikke st\u00f8rrelser og former for at opfylde s\u00e6rlige transportbehov og sikre optimal beskyttelse af forskellige typer gods.<br \/>\n<\/p><br \/>\n<br \/>\n<p><b>4. Hvordan beskytter transportprofiler af aluminium f\u00f8lsomt gods?<\/b><\/p>\n<p>Aluminiums st\u00e6rke, holdbare og korrosionsbestandige egenskaber sikrer, at godset er godt beskyttet under transporten, hvilket reducerer risikoen for skader fra milj\u00f8faktorer eller st\u00f8d.<br \/>\n<\/p><br \/>\n<br \/>\n<p><b>5. Er aluminiumstransportekstruderinger omkostningseffektive?<\/b><\/p>\n<p>Ja, disse profiler er omkostningseffektive og tilbyder en langtidsholdbar l\u00f8sning med lav vedligeholdelse til opbygning af transportsystemer og rammer.<br \/>\n<\/p><br \/>\n<br \/>\n<p><b>6. Kan aluminiumstransportekstruderinger modst\u00e5 barske milj\u00f8forhold?<\/b><\/p>\n<p>Ja, aluminiums korrosionsbestandige natur g\u00f8r det ideelt til brug under forskellige milj\u00f8forhold, hvilket sikrer, at profilerne forbliver effektive over tid.<br \/>\n<\/p><br \/>\n<br \/>\n<p><b>7. Hvilke industrier har gavn af aluminiumstransportekstruderinger?<\/b><\/p>\n<p>Brancher som logistik, produktion, bilindustri og rumfart nyder godt af styrken, letv\u00e6gtsdesignet og muligheden for at tilpasse aluminiumstransportekstruderinger til deres transportbehov.<br \/>\n<\/p><br \/><\/p>","protected":false},"featured_media":8139,"template":"","categories":[54],"class_list":["post-8140","product","type-product","status-publish","has-post-thumbnail","hentry","category-industrial-aluminum-profiles"],"meta_box":{"hilight_text_group":{"product_hilight_text":"<li>Lightweight yet durable design, ideal for transport applications where weight is a concern.<\/li>\r\r\n<li>High-strength aluminum offers excellent protection for sensitive cargo during transport.<\/li>\r\r\n<li>Corrosion-resistant properties ensure long-lasting performance in various environmental conditions.<\/li>\r\r\n<li>Customizable profiles to meet specific transport and packaging requirements.<\/li>\r\r\n<li>Cost-effective solution for building transport frames and supports with minimal maintenance.<\/li>","product_chanpin_blog":"<ul>\r\r\n<li><a href=\"https:\/\/sinoextrud.com\/t-slot-v-slot-differences\/\" target=\"_blank\">t slot vs v slot<\/a><\/li>\r\r\n<li><a href=\"https:\/\/sinoextrud.com\/what-is-4040-aluminium-extrud\/\" target=\"_blank\">4040 aluminium extrusion<\/a><\/li>\r\r\n<li><a href=\"https:\/\/sinoextrud.com\/what-is-4040-aluminium-extrud\/\" target=\"_blank\">aluminum extrusions for industrial racks<\/a><\/li>\r\r\n<li><a href=\"https:\/\/sinoextrud.com\/powder-coating-aluminium-process\/\" target=\"_blank\">powder coating aluminium<\/a><\/li>\r\r\n<li><a href=\"https:\/\/sinoextrud.com\/what-is-an-aluminium-strip-ceiling\/\" target=\"_blank\">aluminium strip ceiling<\/a><\/li>\r\r\n<li><a href=\"https:\/\/sinoextrud.com\/what-is-a-heat-sink\/\" target=\"_blank\">what is a heat sink<\/a><\/li>\r\r\n<\/ul>","product_chanpin_chanpin":"<li><a href=\"https:\/\/sinoextrud.com\/product\/aluminium-sections-for-glazing\/\" target=\"_blank\">Aluminium Sections For Glazing<\/a><\/li>\r\n<li><a href=\"https:\/\/sinoextrud.com\/product\/aluminium-slotted-channel\/\" target=\"_blank\">Aluminium Slotted Channel<\/a><\/li>\r\n<li><a href=\"https:\/\/sinoextrud.com\/product\/aluminium-solar-panel-frame-profile\/\" target=\"_blank\">Aluminium Solar Panel Frame Profile<\/a><\/li>\r\n<li><a href=\"https:\/\/sinoextrud.com\/product\/aluminium-t-bar-extrusions\/\" target=\"_blank\">Aluminium T Bar Extrusions<\/a><\/li>\r\n<li><a href=\"https:\/\/sinoextrud.com\/product\/aluminium-transport-extrusions\/\" target=\"_blank\">Aluminium Transport Extrusions<\/a><\/li>\r\n<li><a href=\"https:\/\/sinoextrud.com\/product\/aluminum-extruded-enclosure-for-power-supply\/\" target=\"_blank\">Aluminum Extruded Enclosure For Power Supply<\/a><\/li>\r\n<li><a href=\"https:\/\/sinoextrud.com\/product\/aluminum-extrusion-industry\/\" target=\"_blank\">Aluminum Extrusion Industry<\/a><\/li>\r\n<li><a href=\"https:\/\/sinoextrud.com\/product\/aluminum-extrusion-material-t-slot\/\" target=\"_blank\">Aluminum Extrusion Material T Slot<\/a><\/li>\r\n<li><a href=\"https:\/\/sinoextrud.com\/product\/aluminum-extrusion-plate\/\" target=\"_blank\">Aluminum Extrusion Plate<\/a><\/li>\r\n<li><a href=\"https:\/\/sinoextrud.com\/product\/aluminum-extruded-handles\/\" target=\"_blank\">Aluminum Extruded Handles<\/a><\/li>\r\n<li><a href=\"https:\/\/sinoextrud.com\/product\/powder-coating-surface-aluminum-profile\/\" target=\"_blank\">Powder Coating Surface Aluminum Profile<\/a><\/li>"},"feature_list":[]},"_links":{"self":[{"href":"https:\/\/sinoextrud.com\/da\/wp-json\/wp\/v2\/product\/8140","targetHints":{"allow":["GET"]}}],"collection":[{"href":"https:\/\/sinoextrud.com\/da\/wp-json\/wp\/v2\/product"}],"about":[{"href":"https:\/\/sinoextrud.com\/da\/wp-json\/wp\/v2\/types\/product"}],"wp:featuredmedia":[{"embeddable":true,"href":"https:\/\/sinoextrud.com\/da\/wp-json\/wp\/v2\/media\/8139"}],"wp:attachment":[{"href":"https:\/\/sinoextrud.com\/da\/wp-json\/wp\/v2\/media?parent=8140"}],"wp:term":[{"taxonomy":"category","embeddable":true,"href":"https:\/\/sinoextrud.com\/da\/wp-json\/wp\/v2\/categories?post=8140"}],"curies":[{"name":"wp","href":"https:\/\/api.w.org\/{rel}","templated":true}]}}