{"id":8136,"date":"2025-06-13T02:35:00","date_gmt":"2025-06-13T02:35:00","guid":{"rendered":"https:\/\/sinoextrud.com\/product\/aluminium-solar-panel-frame-profile\/"},"modified":"2025-06-24T06:23:09","modified_gmt":"2025-06-24T06:23:09","slug":"rammeprofil-til-solcellepanel-i-aluminium","status":"publish","type":"product","link":"https:\/\/sinoextrud.com\/da\/product\/aluminium-solar-panel-frame-profile\/","title":{"rendered":"Rammeprofil til solcellepanel i aluminium"},"content":{"rendered":"<h2>Detaljer om produkter<\/h2>\n<table class=\"custom-table\">\n<tbody>\n<tr>\n<td> 1<\/td>\n<td> Vare<\/td>\n<td> Rammeprofil til solcellepanel i aluminium<\/td>\n<\/tr>\n<tr>\n<td> 2<\/td>\n<td> Materiale<\/td>\n<td> Legering 6063 T5<\/td>\n<\/tr>\n<tr>\n<td> 3<\/td>\n<td> Anvendelse<\/td>\n<td> Ekstruderet aluminium, sandbl\u00e6st profil<\/td>\n<\/tr>\n<tr>\n<td> 4<\/td>\n<td> Certifikat<\/td>\n<td> ISO9001, ISO14001<\/td>\n<\/tr>\n<tr>\n<td> 5<\/td>\n<td> Kapacitet<\/td>\n<td> \u00c5rlig produktion p\u00e5 mere end 200.000 tons<\/td>\n<\/tr>\n<tr>\n<td> 6<\/td>\n<td> Farve<\/td>\n<td> Tilpasset til r\u00e5dighed<\/td>\n<\/tr>\n<tr>\n<td> 7<\/td>\n<td> L\u00e6ngde<\/td>\n<td> 1-9 meter eller tilpasset<\/td>\n<\/tr>\n<tr>\n<td> 8<\/td>\n<td> Tykkelse<\/td>\n<td> Tilpasset<\/td>\n<\/tr>\n<tr>\n<td> 9<\/td>\n<td> Overfladefinish<\/td>\n<td> fr\u00e6sning, anodisering, pulverlakering, overf\u00f8rsel af tr\u00e6korn, bel\u00e6gning osv.<\/td>\n<\/tr>\n<tr>\n<td> 10<\/td>\n<td> Anvendelse<\/td>\n<td> vindues- og d\u00f8rparti, gel\u00e6nder, forh\u00e6ngsv\u00e6g<\/td>\n<\/tr>\n<tr>\n<td> 11<\/td>\n<td> Lastning af port<\/td>\n<td> Shenzhen, Guangzhou, Foshan havn<\/td>\n<\/tr>\n<tr>\n<td> 12<\/td>\n<td> Betaling<\/td>\n<td> T \/ T, 30% udbetaling, mens saldoen skal betales f\u00f8r levering<\/td>\n<\/tr>\n<tr>\n<td> 13<\/td>\n<td> Pakke<\/td>\n<td> 1.Inside: pakket med beskyttende plastfilm for at beskytte hver profil<\/td>\n<\/tr>\n<tr>\n<td><\/td>\n<td><\/td>\n<td> 2.Outside: pakket med vandt\u00e6t h\u00e5ndv\u00e6rkspapir<\/td>\n<\/tr>\n<tr>\n<td> 14<\/td>\n<td> Levering<\/td>\n<td> 25-30 dage efter udbetaling<\/td>\n<\/tr>\n<tr>\n<td> 15<\/td>\n<td> Bestillingsr\u00e6kkef\u00f8lge<\/td>\n<td> 1. Bekr\u00e6ft tegninger, overfladebehandling og pris;<br \/>\n 2. Betal formgebyret, og vi begynder at lave forme;<br \/>\n3. Vi sender pr\u00f8ver til dig for at f\u00e5 din bekr\u00e6ftelse; <br \/>\n4. Foretag betaling af 30%-indskud, start produktionen;<\/td>\n<\/tr>\n<\/tbody>\n<\/table>\n<h2>Vores produktionsbase<\/h2>\n<h3>Panorama over fabrikken<\/h3>\n<p><img decoding=\"async\" src=\"\/wp-content\/uploads\/factory-01.webp\"\/><\/p>\n<h3>V\u00e6rksted til fremstilling af aluminiumst\u00e6nger<\/h3>\n<p><img decoding=\"async\" src=\"\/wp-content\/uploads\/factory-02.webp\"\/><\/p>\n<\/p>\n<p><img decoding=\"async\" src=\"\/wp-content\/uploads\/factory-03.webp\"\/><\/p>\n<h3>Lager til opbevaring af skimmelsvampe<\/h3>\n<p><img decoding=\"async\" src=\"\/wp-content\/uploads\/factory-04.webp\"\/><\/p>\n<h3>43 ekstruderingslinjer for aluminium (500-5500 ton)<\/h3>\n<p><img decoding=\"async\" src=\"\/wp-content\/uploads\/factory-05.webp\"\/><\/p>\n<p><img decoding=\"async\" src=\"\/wp-content\/uploads\/factory-06.webp\"\/><\/p>\n<p><img decoding=\"async\" src=\"\/wp-content\/uploads\/factory-07.webp\"\/><\/p>\n<h3>V\u00e6rksted for pulverlakering<\/h3>\n<p><img decoding=\"async\" src=\"\/wp-content\/uploads\/factory-09.webp\"\/><\/p>\n<h3>Anodiseringsv\u00e6rksted<\/h3>\n<p><img decoding=\"async\" src=\"\/wp-content\/uploads\/factory-10.webp\"\/><\/p>\n<h3>Workshop om dyb behandling<\/h3>\n<p><img decoding=\"async\" src=\"\/wp-content\/uploads\/factory-11.webp\"\/><\/p>\n<h3>V\u00e6rksted for CNC-pr\u00e6cisionsbearbejdning<\/h3>\n<p><img decoding=\"async\" src=\"\/wp-content\/uploads\/factory-11.5.webp\"\/><\/p>\n<h3>F\u00e6rdigvare- og eksportlager<\/h3>\n<p><img decoding=\"async\" src=\"\/wp-content\/uploads\/factory-12.webp\"\/><\/p>\n<p><img decoding=\"async\" src=\"\/wp-content\/uploads\/factory-13.webp\"\/><\/p>\n<p><img decoding=\"async\" src=\"\/wp-content\/uploads\/factory-14.webp\"\/><\/p>\n<h2>OFTE STILLEDE SP\u00d8RGSM\u00c5L<\/h2>\n<p><b>1. Hvad er de vigtigste fordele ved rammeprofilen til solpaneler i aluminium?<\/b><\/p>\n<p>Aluminiumsrammeprofilen til solpaneler giver holdbarhed, korrosionsbestandighed, letv\u00e6gtsh\u00e5ndtering og brugertilpasset design til robuste solpanelinstallationer.\n<\/p>\n<p><\/p>\n<p><b>2. Hvordan forbedrer Aluminium Solar Panel Frame Profile solpanelernes holdbarhed?<\/b><\/p>\n<p>Det korrosionsbestandige aluminium sikrer langvarig beskyttelse af solpaneler og forhindrer skader fra milj\u00f8faktorer som fugt og UV-eksponering.\n<\/p>\n<p><\/p>\n<p><b>3. Er rammeprofilen til solpaneler i aluminium nem at installere?<\/b><\/p>\n<p>Ja, dens lette design g\u00f8r h\u00e5ndtering og installation nem, hvilket hj\u00e6lper med at reducere arbejdsomkostninger og installationstid.\n<\/p>\n<p><\/p>\n<p><b>4. Kan rammeprofilen til solpaneler i aluminium tilpasses?<\/b><\/p>\n<p>Ja, det giver fleksible muligheder for at passe til en lang r\u00e6kke solpanelst\u00f8rrelser og -konfigurationer til forskellige installationsbehov.\n<\/p>\n<p><\/p>\n<p><b>5. Hvor st\u00e6rk er rammeprofilen til solpaneler i aluminium?<\/b><\/p>\n<p>Det giver fremragende strukturel styrke og sikrer p\u00e5lidelig st\u00f8tte og stabilitet til solpaneler under forskellige milj\u00f8forhold, herunder kraftig vind og tung sne.\n<\/p>\n<p><\/p>\n<p><b>6. Hvorfor bruges aluminium til rammer til solpaneler?<\/b><\/p>\n<p>Aluminium er let, holdbart og modstandsdygtigt over for korrosion, hvilket g\u00f8r det til et ideelt materiale til langtidsholdbare solpanelrammer.\n<\/p>\n<p><\/p>\n<p><b>7. Hvor omkostningseffektiv er rammeprofilen til solpaneler i aluminium?<\/b><\/p>\n<p>Det er en overkommelig l\u00f8sning til installation af solpaneler, der kombinerer styrke, holdbarhed og brugervenlighed til en konkurrencedygtig pris.\n<\/p>\n<p><\/p>","protected":false},"featured_media":8135,"template":"","categories":[54],"class_list":["post-8136","product","type-product","status-publish","has-post-thumbnail","hentry","category-industrial-aluminum-profiles"],"meta_box":{"hilight_text_group":{"product_hilight_text":"<li>Durable and corrosion-resistant aluminum construction, ensuring long-lasting protection for solar panels.<\/li>\r\r\n<li>Lightweight design, making it easy to handle and install, reducing labor costs.<\/li>\r\r\n<li>Excellent structural strength, providing reliable support for solar panels in various weather conditions.<\/li>\r\r\n<li>Customizable profile options to fit a wide range of solar panel sizes and configurations.<\/li>\r\r\n<li>Cost-effective solution for building robust and efficient solar panel frames for renewable energy systems.<\/li>","product_chanpin_blog":"<ul>\r\r\n<li><a href=\"https:\/\/sinoextrud.com\/t-slot-v-slot-differences\/\" target=\"_blank\">t slot vs v slot<\/a><\/li>\r\r\n<li><a href=\"https:\/\/sinoextrud.com\/what-is-4040-aluminium-extrud\/\" target=\"_blank\">4040 aluminium extrusion<\/a><\/li>\r\r\n<li><a href=\"https:\/\/sinoextrud.com\/what-is-4040-aluminium-extrud\/\" target=\"_blank\">aluminum extrusions for industrial racks<\/a><\/li>\r\r\n<li><a href=\"https:\/\/sinoextrud.com\/powder-coating-aluminium-process\/\" target=\"_blank\">powder coating aluminium<\/a><\/li>\r\r\n<li><a href=\"https:\/\/sinoextrud.com\/what-is-an-aluminium-strip-ceiling\/\" target=\"_blank\">aluminium strip ceiling<\/a><\/li>\r\r\n<li><a href=\"https:\/\/sinoextrud.com\/what-is-a-heat-sink\/\" target=\"_blank\">what is a heat sink<\/a><\/li>\r\r\n<\/ul>","product_chanpin_chanpin":"<li><a href=\"https:\/\/sinoextrud.com\/product\/aluminium-profile-h\/\" target=\"_blank\">Aluminium Profile H<\/a><\/li>\r\n<li><a href=\"https:\/\/sinoextrud.com\/product\/aluminium-profiles-and-accessories\/\" target=\"_blank\">Aluminium Profiles And Accessories<\/a><\/li>\r\n<li><a href=\"https:\/\/sinoextrud.com\/product\/aluminium-sections-for-glazing\/\" target=\"_blank\">Aluminium Sections For Glazing<\/a><\/li>\r\n<li><a href=\"https:\/\/sinoextrud.com\/product\/aluminium-slotted-channel\/\" target=\"_blank\">Aluminium Slotted Channel<\/a><\/li>\r\n<li><a href=\"https:\/\/sinoextrud.com\/product\/aluminium-solar-panel-frame-profile\/\" target=\"_blank\">Aluminium Solar Panel Frame Profile<\/a><\/li>\r\n<li><a href=\"https:\/\/sinoextrud.com\/product\/aluminium-t-bar-extrusions\/\" target=\"_blank\">Aluminium T Bar Extrusions<\/a><\/li>\r\n<li><a href=\"https:\/\/sinoextrud.com\/product\/aluminium-transport-extrusions\/\" target=\"_blank\">Aluminium Transport Extrusions<\/a><\/li>\r\n<li><a href=\"https:\/\/sinoextrud.com\/product\/aluminum-extruded-enclosure-for-power-supply\/\" target=\"_blank\">Aluminum Extruded Enclosure For Power Supply<\/a><\/li>\r\n<li><a href=\"https:\/\/sinoextrud.com\/product\/aluminum-extrusion-industry\/\" target=\"_blank\">Aluminum Extrusion Industry<\/a><\/li>\r\n<li><a href=\"https:\/\/sinoextrud.com\/product\/aluminum-fireproof-outdoor-terracce-decking-floor\/\" target=\"_blank\">Aluminum Fireproof Outdoor Terracce Decking Floor<\/a><\/li>\r\n<li><a href=\"https:\/\/sinoextrud.com\/product\/aluminum-extrusion-frame\/\" target=\"_blank\">Aluminum Extrusion Frame<\/a><\/li>"},"feature_list":[]},"_links":{"self":[{"href":"https:\/\/sinoextrud.com\/da\/wp-json\/wp\/v2\/product\/8136","targetHints":{"allow":["GET"]}}],"collection":[{"href":"https:\/\/sinoextrud.com\/da\/wp-json\/wp\/v2\/product"}],"about":[{"href":"https:\/\/sinoextrud.com\/da\/wp-json\/wp\/v2\/types\/product"}],"wp:featuredmedia":[{"embeddable":true,"href":"https:\/\/sinoextrud.com\/da\/wp-json\/wp\/v2\/media\/8135"}],"wp:attachment":[{"href":"https:\/\/sinoextrud.com\/da\/wp-json\/wp\/v2\/media?parent=8136"}],"wp:term":[{"taxonomy":"category","embeddable":true,"href":"https:\/\/sinoextrud.com\/da\/wp-json\/wp\/v2\/categories?post=8136"}],"curies":[{"name":"wp","href":"https:\/\/api.w.org\/{rel}","templated":true}]}}