{"id":8118,"date":"2025-06-13T02:15:32","date_gmt":"2025-06-13T02:15:32","guid":{"rendered":"https:\/\/sinoextrud.com\/product\/aluminium-extrusion-linear-rail-china-factory\/"},"modified":"2025-06-24T06:23:05","modified_gmt":"2025-06-24T06:23:05","slug":"lineaer-skinne-af-aluminiumsekstrudering-kina-fabrik","status":"publish","type":"product","link":"https:\/\/sinoextrud.com\/da\/product\/aluminium-extrusion-linear-rail-china-factory\/","title":{"rendered":"Aluminiumsekstrudering Line\u00e6r skinne Kina fabrik"},"content":{"rendered":"<h2>Detaljer om produkter<\/h2>\n<table class=\"custom-table\">\n<tbody>\n<tr>\n<td> Produktets navn<\/td>\n<td> Aluminiumsekstrudering Line\u00e6r skinne Kina fabrik<\/td>\n<\/tr>\n<tr>\n<td> Aluminiumslegering<\/td>\n<td> 6063-T5 varmebehandling eller tilpasning<\/td>\n<\/tr>\n<tr>\n<td> R\u00e5materiale<\/td>\n<td> A00 ren aluminium og aluminiumskomponenter opfylder den nationale og industrielle standard<\/td>\n<\/tr>\n<tr>\n<td> Overfladebehandling<\/td>\n<td> Anodiseret eller tilpasset<\/td>\n<\/tr>\n<tr>\n<td> St\u00f8rrelse<\/td>\n<td> 1m-9m eller tilpasning<\/td>\n<\/tr>\n<tr>\n<td> Anvendelse<\/td>\n<td> Arbejdsb\u00e6nk i v\u00e6rksted, laboratorium osv., transportb\u00e5ndholder, b\u00e5nd- eller rulletype, i automatisk lager<\/td>\n<\/tr>\n<tr>\n<td> Pakke<\/td>\n<td> Pakning med film eller PE-skum for at undg\u00e5 bl\u00e5 m\u00e6rker og ridser under forsendelsen.<\/td>\n<\/tr>\n<tr>\n<td> Brand<\/td>\n<td> Sinoextrud \/ Sinoextrud \/ Sinoextrud Aluminium<\/td>\n<\/tr>\n<tr>\n<td> Oprindelse<\/td>\n<td> Foshan, Kina<\/td>\n<\/tr>\n<\/tbody>\n<\/table>\n<h2>Vores produktionsbase<\/h2>\n<h3>Panorama over fabrikken<\/h3>\n<p><img decoding=\"async\" src=\"\/wp-content\/uploads\/factory-01.webp\"\/><\/p>\n<h3>V\u00e6rksted til fremstilling af aluminiumst\u00e6nger<\/h3>\n<p><img decoding=\"async\" src=\"\/wp-content\/uploads\/factory-02.webp\"\/><\/p>\n<p><img decoding=\"async\" src=\"\/wp-content\/uploads\/factory-03.webp\"\/><\/p>\n<h3>Lager til opbevaring af skimmelsvampe<\/h3>\n<p><img decoding=\"async\" src=\"\/wp-content\/uploads\/factory-04.webp\"\/><\/p>\n<h3>43 ekstruderingslinjer for aluminium (500-5500 ton)<\/h3>\n<p><img decoding=\"async\" src=\"\/wp-content\/uploads\/factory-05.webp\"\/><\/p>\n<p><img decoding=\"async\" src=\"\/wp-content\/uploads\/factory-06.webp\"\/><\/p>\n<p><img decoding=\"async\" src=\"\/wp-content\/uploads\/factory-07.webp\"\/><\/p>\n<h3>V\u00e6rksted for pulverlakering<\/h3>\n<p><img decoding=\"async\" src=\"\/wp-content\/uploads\/factory-09.webp\"\/><\/p>\n<h3>Anodiseringsv\u00e6rksted<\/h3>\n<p><img decoding=\"async\" src=\"\/wp-content\/uploads\/factory-10.webp\"\/><\/p>\n<h3>Workshop om dyb behandling<\/h3>\n<p><img decoding=\"async\" src=\"\/wp-content\/uploads\/factory-11.webp\"\/><\/p>\n<h3>V\u00e6rksted for CNC-pr\u00e6cisionsbearbejdning<\/h3>\n<p><img decoding=\"async\" src=\"\/wp-content\/uploads\/factory-11.5.webp\"\/><\/p>\n<h3>F\u00e6rdigvare- og eksportlager<\/h3>\n<p><img decoding=\"async\" src=\"\/wp-content\/uploads\/factory-12.webp\"\/><\/p>\n<p><img decoding=\"async\" src=\"\/wp-content\/uploads\/factory-13.webp\"\/><\/p>\n<p><img decoding=\"async\" src=\"\/wp-content\/uploads\/factory-14.webp\"\/><\/p>\n<h2>OFTE STILLEDE SP\u00d8RGSM\u00c5L<\/h2>\n<p><p><b>1. Hvad g\u00f8r line\u00e6r aluminiumsekstrudering velegnet til industrielle anvendelser? <\/b><\/p>\n<p> Line\u00e6re skinner af aluminiumsekstrudering giver pr\u00e6cis bev\u00e6gelseskontrol, holdbarhed og korrosionsbestandighed, hvilket g\u00f8r dem ideelle til en lang r\u00e6kke industrielle anvendelser.<br \/>\n<\/p><br \/>\n<br \/>\n<p><b>2. kan line\u00e6r skinne af aluminiumsekstrudering tilpasses? <\/b><\/p>\n<p> Ja, disse line\u00e6re skinner kan tilpasses i st\u00f8rrelse, l\u00e6ngde og specifikationer, s\u00e5 de opfylder de specifikke behov i dit projekt.<br \/>\n<\/p><br \/>\n<br \/>\n<p><b>3. Hvor holdbare er line\u00e6re skinner af aluminiumsekstrudering? <\/b><\/p>\n<p> De er meget holdbare p\u00e5 grund af deres korrosionsbestandige egenskaber, hvilket sikrer langvarig ydeevne selv i kr\u00e6vende milj\u00f8er.<br \/>\n<\/p><br \/>\n<br \/>\n<p><b>4. Hvilke industrier drager fordel af line\u00e6re skinner i aluminiumsekstrudering? <\/b><\/p>\n<p> Disse skinner bruges i vid udstr\u00e6kning i industrier som automatisering, robotteknologi, produktion og materialeh\u00e5ndtering til pr\u00e6cis bev\u00e6gelseskontrol.<br \/>\n<\/p><br \/>\n<br \/>\n<p><b>5. Er line\u00e6re skinner af ekstruderet aluminium nemme at installere? <\/b><\/p>\n<p> Ja, de er designet til nem installation, hvilket sparer tid og reducerer arbejdsomkostningerne under ops\u00e6tningen.<br \/>\n<\/p><br \/>\n<br \/>\n<p><b>6. Hvordan forbedrer den line\u00e6re skinne til aluminiumsekstrudering maskinens ydeevne? <\/b><\/p>\n<p> Den pr\u00e6cise, j\u00e6vne bev\u00e6gelse, som disse skinner giver, forbedrer den samlede effektivitet og n\u00f8jagtighed i automatiserings- og maskinsystemer.<br \/>\n<\/p><br \/>\n<br \/>\n<p><b>7. Er line\u00e6re skinner af aluminiumsekstrudering milj\u00f8venlige? <\/b><\/p>\n<p> Ja, aluminium er et genanvendeligt materiale, hvilket g\u00f8r disse line\u00e6re skinner til et milj\u00f8m\u00e6ssigt ansvarligt valg til industrielle anvendelser.<br \/>\n<\/p><br \/><\/p>","protected":false},"featured_media":8117,"template":"","categories":[54],"class_list":["post-8118","product","type-product","status-publish","has-post-thumbnail","hentry","category-industrial-aluminum-profiles"],"meta_box":{"hilight_text_group":{"product_hilight_text":"<ul>\r\r\n  <li>High-quality aluminium extrusion linear rails manufactured in China for precise motion control<\/li>\r\r\n  <li>Durable and corrosion-resistant, ensuring reliable performance in demanding applications<\/li>\r\r\n  <li>Customizable sizes and specifications to fit various industrial needs<\/li>\r\r\n  <li>Lightweight yet strong, offering efficient movement and support for machines and equipment<\/li>\r\r\n  <li>Highly accurate and smooth, enhancing the efficiency of automation and machinery systems<\/li>\r\r\n  <li>Cost-effective solution without compromising on quality, offering excellent value for money<\/li>\r\r\n  <li>Eco-friendly, with recyclable aluminium material<\/li>\r\r\n<\/ul>","product_chanpin_blog":"<ul>\r\r\n<li><a href=\"https:\/\/sinoextrud.com\/t-slot-v-slot-differences\/\" target=\"_blank\">t slot vs v slot<\/a><\/li>\r\r\n<li><a href=\"https:\/\/sinoextrud.com\/what-is-4040-aluminium-extrud\/\" target=\"_blank\">4040 aluminium extrusion<\/a><\/li>\r\r\n<li><a href=\"https:\/\/sinoextrud.com\/what-is-4040-aluminium-extrud\/\" target=\"_blank\">aluminum extrusions for industrial racks<\/a><\/li>\r\r\n<li><a href=\"https:\/\/sinoextrud.com\/powder-coating-aluminium-process\/\" target=\"_blank\">powder coating aluminium<\/a><\/li>\r\r\n<li><a href=\"https:\/\/sinoextrud.com\/what-is-an-aluminium-strip-ceiling\/\" target=\"_blank\">aluminium strip ceiling<\/a><\/li>\r\r\n<li><a href=\"https:\/\/sinoextrud.com\/what-is-a-heat-sink\/\" target=\"_blank\">what is a heat sink<\/a><\/li>\r\r\n<\/ul>","product_chanpin_chanpin":"<li><a href=\"https:\/\/sinoextrud.com\/product\/aluminium-alloy-material-frame\/\" target=\"_blank\">Aluminium Alloy Material Frame<\/a><\/li>\r\n<li><a href=\"https:\/\/sinoextrud.com\/product\/aluminium-angle-profiles\/\" target=\"_blank\">Aluminium Angle Profiles<\/a><\/li>\r\n<li><a href=\"https:\/\/sinoextrud.com\/product\/aluminium-enclosure\/\" target=\"_blank\">Aluminium Enclosure<\/a><\/li>\r\n<li><a href=\"https:\/\/sinoextrud.com\/product\/aluminium-extrusion-bar-outdoor-power-aluminum-case\/\" target=\"_blank\">Aluminium Extrusion Bar Outdoor Power Aluminum Case<\/a><\/li>\r\n<li><a href=\"https:\/\/sinoextrud.com\/product\/aluminium-extrusion-linear-rail-china-factory\/\" target=\"_blank\">Aluminium Extrusion Linear Rail China Factory<\/a><\/li>\r\n<li><a href=\"https:\/\/sinoextrud.com\/product\/aluminium-extrusion-table\/\" target=\"_blank\">Aluminium Extrusion Table<\/a><\/li>\r\n<li><a href=\"https:\/\/sinoextrud.com\/product\/aluminium-extrusions-for-heavy-duty-surface-mounted-recessed-led-strip-light-channel\/\" target=\"_blank\">Aluminium extrusions for heavy duty surface mounted recessed LED strip light channel<\/a><\/li>\r\n<li><a href=\"https:\/\/sinoextrud.com\/product\/aluminium-lipped-channel-extrusions\/\" target=\"_blank\">Aluminium Lipped Channel Extrusions<\/a><\/li>\r\n<li><a href=\"https:\/\/sinoextrud.com\/product\/aluminium-profile-for-glass-railing\/\" target=\"_blank\">Aluminium Profile For Glass Railing<\/a><\/li>\r\n<li><a href=\"https:\/\/sinoextrud.com\/product\/extruded-aluminium-track\/\" target=\"_blank\">Extruded Aluminium Track<\/a><\/li>\r\n<li><a href=\"https:\/\/sinoextrud.com\/product\/customize-6063-z-section-aluminium-extrusion\/\" target=\"_blank\">Customize 6063 Z Section Aluminium Extrusion<\/a><\/li>"},"feature_list":[]},"_links":{"self":[{"href":"https:\/\/sinoextrud.com\/da\/wp-json\/wp\/v2\/product\/8118","targetHints":{"allow":["GET"]}}],"collection":[{"href":"https:\/\/sinoextrud.com\/da\/wp-json\/wp\/v2\/product"}],"about":[{"href":"https:\/\/sinoextrud.com\/da\/wp-json\/wp\/v2\/types\/product"}],"wp:featuredmedia":[{"embeddable":true,"href":"https:\/\/sinoextrud.com\/da\/wp-json\/wp\/v2\/media\/8117"}],"wp:attachment":[{"href":"https:\/\/sinoextrud.com\/da\/wp-json\/wp\/v2\/media?parent=8118"}],"wp:term":[{"taxonomy":"category","embeddable":true,"href":"https:\/\/sinoextrud.com\/da\/wp-json\/wp\/v2\/categories?post=8118"}],"curies":[{"name":"wp","href":"https:\/\/api.w.org\/{rel}","templated":true}]}}