{"id":8100,"date":"2025-06-13T01:54:11","date_gmt":"2025-06-13T01:54:11","guid":{"rendered":"https:\/\/sinoextrud.com\/product\/300mm-aluminium-louvre-extrusion\/"},"modified":"2025-06-24T06:23:02","modified_gmt":"2025-06-24T06:23:02","slug":"300-mm-aluminiumsprofiler-med-lameller","status":"publish","type":"product","link":"https:\/\/sinoextrud.com\/da\/product\/300mm-aluminium-louvre-extrusion\/","title":{"rendered":"300 mm ekstruderet aluminiumslameller"},"content":{"rendered":"<h2>Detaljer om produkter<\/h2>\n<table class=\"custom-table\">\n<tbody>\n<tr>\n<td> Produktets navn<\/td>\n<td> Producenter af 300 mm ekstruderede aluminiumsgitre<\/td>\n<\/tr>\n<tr>\n<td> Materiale<\/td>\n<td> 6063, 6061, 6463, 6082 Aluminiumslegering<\/td>\n<\/tr>\n<tr>\n<td> Farve<\/td>\n<td> Tilpasset<\/td>\n<\/tr>\n<tr>\n<td> Standard<\/td>\n<td> GB2008<\/td>\n<\/tr>\n<tr>\n<td> Karakter<\/td>\n<td> 6000-serien<\/td>\n<\/tr>\n<tr>\n<td> Tykkelse<\/td>\n<td> Tilpasset<\/td>\n<\/tr>\n<tr>\n<td> Anvendelse<\/td>\n<td> Udsmykning<\/td>\n<\/tr>\n<tr>\n<td> Temperament<\/td>\n<td> T3-T8<\/td>\n<\/tr>\n<tr>\n<td> L\u00e6ngde<\/td>\n<td> Tilpasset<\/td>\n<\/tr>\n<tr>\n<td> Overfladebehandling<\/td>\n<td> Pulverlakering, m\u00f8llefinish, PVDF, anodiseret, tr\u00e6korn, poleret, b\u00f8rstet osv.<\/td>\n<\/tr>\n<tr>\n<td> Orgin<\/td>\n<td> KINA<\/td>\n<\/tr>\n<tr>\n<td> Er legering eller ej<\/td>\n<td> Er legeret<\/td>\n<\/tr>\n<tr>\n<td> Havn<\/td>\n<td> Guangzhou, Shenzhen, Foshan<\/td>\n<\/tr>\n<\/tbody>\n<\/table>\n<h2>Vores produktionsbase<\/h2>\n<h3>Panorama over fabrikken<\/h3>\n<p><img decoding=\"async\" src=\"\/wp-content\/uploads\/factory-01.webp\"\/><\/p>\n<h3>V\u00e6rksted til fremstilling af aluminiumst\u00e6nger<\/h3>\n<p><img decoding=\"async\" src=\"\/wp-content\/uploads\/factory-02.webp\"\/><\/p>\n<p><img decoding=\"async\" src=\"\/wp-content\/uploads\/factory-03.webp\"\/><\/p>\n<h3>Lager til opbevaring af skimmelsvampe<\/h3>\n<p><img decoding=\"async\" src=\"\/wp-content\/uploads\/factory-04.webp\"\/><\/p>\n<h3>43 ekstruderingslinjer for aluminium (500-5500 ton)<\/h3>\n<p><img decoding=\"async\" src=\"\/wp-content\/uploads\/factory-05.webp\"\/><\/p>\n<p><img decoding=\"async\" src=\"\/wp-content\/uploads\/factory-06.webp\"\/><\/p>\n<p><img decoding=\"async\" src=\"\/wp-content\/uploads\/factory-07.webp\"\/><\/p>\n<h3>V\u00e6rksted for pulverlakering<\/h3>\n<p><img decoding=\"async\" src=\"\/wp-content\/uploads\/factory-09.webp\"\/><\/p>\n<h3>Anodiseringsv\u00e6rksted<\/h3>\n<p><img decoding=\"async\" src=\"\/wp-content\/uploads\/factory-10.webp\"\/><\/p>\n<h3>Workshop om dyb behandling<\/h3>\n<p><img decoding=\"async\" src=\"\/wp-content\/uploads\/factory-11.webp\"\/><\/p>\n<h3>V\u00e6rksted for CNC-pr\u00e6cisionsbearbejdning<\/h3>\n<p><img decoding=\"async\" src=\"\/wp-content\/uploads\/factory-11.5.webp\"\/><\/p>\n<h3>F\u00e6rdigvare- og eksportlager<\/h3>\n<p><img decoding=\"async\" src=\"\/wp-content\/uploads\/factory-12.webp\"\/><\/p>\n<p><img decoding=\"async\" src=\"\/wp-content\/uploads\/factory-13.webp\"\/><\/p>\n<p><img decoding=\"async\" src=\"\/wp-content\/uploads\/factory-14.webp\"\/><\/p>\n<h2>OFTE STILLEDE SP\u00d8RGSM\u00c5L<\/h2>\n<p><p><b>1. Hvad bruges 300 mm aluminiumslameller til?<\/b><\/p>\n<p>300mm Aluminium Louvre Extrusion bruges til at skabe ventilations\u00e5bninger, indkapslinger og facader i industrielle og arkitektoniske applikationer, der giver effektiv luftstr\u00f8m og milj\u00f8beskyttelse.<br \/>\n<\/p><br \/>\n<br \/>\n<p><b>2. Hvorfor bruges aluminium til 300 mm lamelekstruderinger?<\/b><\/p>\n<p>Aluminium er let, korrosionsbestandigt og st\u00e6rkt, hvilket g\u00f8r det til det perfekte materiale til holdbare lamelprofiler, der skal kunne modst\u00e5 udend\u00f8rs milj\u00f8er.<br \/>\n<\/p><br \/>\n<br \/>\n<p><b>3. Hvordan forbedrer 300 mm aluminiumslameller luftgennemstr\u00f8mningen?<\/b><\/p>\n<p>Lamellernes design g\u00f8r, at luften kan passere effektivt, samtidig med at de beskytter mod regn, snavs og andre eksterne faktorer, hvilket forbedrer ventilationen i systemet.<br \/>\n<\/p><br \/>\n<br \/>\n<p><b>4. Kan 300 mm aluminiumsvinduesekstruderinger tilpasses?<\/b><\/p>\n<p>Ja, st\u00f8rrelsen, formen og designet af 300 mm aluminiumsraster kan tilpasses, s\u00e5 det opfylder de specifikke krav til dit projekt.<br \/>\n<\/p><br \/>\n<br \/>\n<p><b>5. Hvordan modst\u00e5r 300 mm ekstruderede aluminiumslameller korrosion?<\/b><\/p>\n<p>Aluminium har naturlige korrosionsbestandige egenskaber, som sikrer, at lamellerne bevarer deres ydeevne og udseende selv under barske vejr- og milj\u00f8forhold.<br \/>\n<\/p><br \/>\n<br \/>\n<p><b>6. Hvilke industrier bruger 300 mm aluminiumsprofiler?<\/b><\/p>\n<p>Brancher som HVAC, byggeri, bilindustrien og energi bruger 300 mm aluminiumsrasterprofiler til ventilation, indkapsling og beskyttelse.<br \/>\n<\/p><br \/>\n<br \/>\n<p><b>7. Hvor nemt er det at montere 300 mm aluminiumsprofiler?<\/b><\/p>\n<p>300 mm aluminiumsprofiler er designet til nem installation med et minimum af v\u00e6rkt\u00f8j, hvilket reducerer arbejdsomkostningerne og installationstiden til en lang r\u00e6kke anvendelser.<br \/>\n<\/p><br \/><\/p>","protected":false},"featured_media":8099,"template":"","categories":[54],"class_list":["post-8100","product","type-product","status-publish","has-post-thumbnail","hentry","category-industrial-aluminum-profiles"],"meta_box":{"hilight_text_group":{"product_hilight_text":"<li>300mm Aluminium Louvre Extrusion provides efficient ventilation and airflow while offering strong protection against external elements.<\/li>\r\r\n<li>Durable aluminum construction ensures long-lasting performance and resistance to corrosion, even in harsh environments.<\/li>\r\r\n<li>Customizable design allows for flexible integration into various industrial and architectural applications.<\/li>\r\r\n<li>Lightweight yet strong, making it easy to handle and install while maintaining structural integrity.<\/li>\r\r\n<li>Ideal for use in HVAC systems, enclosures, and facades where high airflow and environmental protection are required.<\/li>","product_chanpin_blog":"<ul>\r\r\n<li><a href=\"https:\/\/sinoextrud.com\/t-slot-v-slot-differences\/\" target=\"_blank\">t slot vs v slot<\/a><\/li>\r\r\n<li><a href=\"https:\/\/sinoextrud.com\/what-is-4040-aluminium-extrud\/\" target=\"_blank\">4040 aluminium extrusion<\/a><\/li>\r\r\n<li><a href=\"https:\/\/sinoextrud.com\/what-is-4040-aluminium-extrud\/\" target=\"_blank\">aluminum extrusions for industrial racks<\/a><\/li>\r\r\n<li><a href=\"https:\/\/sinoextrud.com\/powder-coating-aluminium-process\/\" target=\"_blank\">powder coating aluminium<\/a><\/li>\r\r\n<li><a href=\"https:\/\/sinoextrud.com\/what-is-an-aluminium-strip-ceiling\/\" target=\"_blank\">aluminium strip ceiling<\/a><\/li>\r\r\n<li><a href=\"https:\/\/sinoextrud.com\/what-is-a-heat-sink\/\" target=\"_blank\">what is a heat sink<\/a><\/li>\r\r\n<\/ul>","product_chanpin_chanpin":"<li><a href=\"https:\/\/sinoextrud.com\/product\/sailboat-mast-extrusions\/\" target=\"_blank\">Sailboat mast extrusions<\/a><\/li>\r\n<li><a href=\"https:\/\/sinoextrud.com\/product\/v-rail-aluminum-extrusion-profiles-pipeline\/\" target=\"_blank\">V Rail Aluminum Extrusion Profiles Pipeline<\/a><\/li>\r\n<li><a href=\"https:\/\/sinoextrud.com\/product\/t-track-aluminium-extrusion-industrial-usage\/\" target=\"_blank\">T Track Aluminium Extrusion Industrial Usage<\/a><\/li>\r\n<li><a href=\"https:\/\/sinoextrud.com\/product\/2024-2014-alloy-aluminum-profiles\/\" target=\"_blank\">2024 2014 Alloy Aluminum Profiles<\/a><\/li>\r\n<li><a href=\"https:\/\/sinoextrud.com\/product\/300mm-aluminium-louvre-extrusion\/\" target=\"_blank\">300mm Aluminium Louvre Extrusion<\/a><\/li>\r\n<li><a href=\"https:\/\/sinoextrud.com\/product\/40mm-aluminium-extrusion\/\" target=\"_blank\">40mm Aluminium Extrusion<\/a><\/li>\r\n<li><a href=\"https:\/\/sinoextrud.com\/product\/6063-and-6061-extruded-led-lighting-telecommunications-and-audio-industrial-aluminum-heat-sink-profile\/\" target=\"_blank\">6063 and 6061 Extruded LED Lighting Telecommunications and Audio Industrial Aluminum Heat Sink Profile<\/a><\/li>\r\n<li><a href=\"https:\/\/sinoextrud.com\/product\/6063-t5-alloy-industrial-aluminum-extrusions-aluminum-profile-with-anodized-surface-treatment\/\" target=\"_blank\">6063 T5 Alloy Industrial Aluminum Extrusions Aluminum Profile With Anodized Surface Treatment<\/a><\/li>\r\n<li><a href=\"https:\/\/sinoextrud.com\/product\/alu-profile-system\/\" target=\"_blank\">Alu Profile System<\/a><\/li>\r\n<li><a href=\"https:\/\/sinoextrud.com\/product\/6063-t5-aluminum-extruded-profiles\/\" target=\"_blank\">6063 T5 Aluminum Extruded Profiles<\/a><\/li>\r\n<li><a href=\"https:\/\/sinoextrud.com\/product\/6063-multiple-size-extruded-aluminium-t-slot\/\" target=\"_blank\">6063 Multiple Size Extruded Aluminium T Slot<\/a><\/li>"},"feature_list":[]},"_links":{"self":[{"href":"https:\/\/sinoextrud.com\/da\/wp-json\/wp\/v2\/product\/8100","targetHints":{"allow":["GET"]}}],"collection":[{"href":"https:\/\/sinoextrud.com\/da\/wp-json\/wp\/v2\/product"}],"about":[{"href":"https:\/\/sinoextrud.com\/da\/wp-json\/wp\/v2\/types\/product"}],"wp:featuredmedia":[{"embeddable":true,"href":"https:\/\/sinoextrud.com\/da\/wp-json\/wp\/v2\/media\/8099"}],"wp:attachment":[{"href":"https:\/\/sinoextrud.com\/da\/wp-json\/wp\/v2\/media?parent=8100"}],"wp:term":[{"taxonomy":"category","embeddable":true,"href":"https:\/\/sinoextrud.com\/da\/wp-json\/wp\/v2\/categories?post=8100"}],"curies":[{"name":"wp","href":"https:\/\/api.w.org\/{rel}","templated":true}]}}