{"id":8064,"date":"2025-06-12T07:26:18","date_gmt":"2025-06-12T07:26:18","guid":{"rendered":"https:\/\/sinoextrud.com\/product\/slotted-aluminum-extrusion\/"},"modified":"2025-06-24T06:23:00","modified_gmt":"2025-06-24T06:23:00","slug":"slidsede-aluminiumsprofiler","status":"publish","type":"product","link":"https:\/\/sinoextrud.com\/da\/product\/slotted-aluminum-extrusion\/","title":{"rendered":"Aluminiumsekstrudering med slidser"},"content":{"rendered":"<h2>Detaljer om produkter<\/h2>\n<table class=\"custom-table\">\n<tr>\n<td class=\"label\">Model nr:<\/td>\n<td> slidsede aluminiumsprofiler<\/td>\n<\/tr>\n<tr>\n<td class=\"label\">Materiale:<\/td>\n<td> Almunum\/Aluminiumslegering<\/td>\n<\/tr>\n<tr>\n<td class=\"label\">Tolerance:<\/td>\n<td> +\/-0,1 mm<\/td>\n<\/tr>\n<tr>\n<td class=\"label\">Leveringstid for pr\u00f8ver:<\/td>\n<td> 15 Dyas<\/td>\n<\/tr>\n<tr>\n<td class=\"label\">Min. antal:<\/td>\n<td> 1000 STK.<\/td>\n<\/tr>\n<tr>\n<td class=\"label\">Anvendelse:<\/td>\n<td> Industri<\/td>\n<\/tr>\n<tr>\n<td class=\"label\">Transportpakke:<\/td>\n<td> Papkasse og tr\u00e6palle<\/td>\n<\/tr>\n<tr>\n<td class=\"label\">Oprindelse:<\/td>\n<td> Kina<\/td>\n<\/tr>\n<tr>\n<td class=\"label\">Procesmuligheder:<\/td>\n<td> Pure Mchining<\/td>\n<\/tr>\n<tr>\n<td class=\"label\">Materialevalg:<\/td>\n<td> Rustfrit st\u00e5l\/st\u00e5llegering\/messing\/bronze\/titan<\/td>\n<\/tr>\n<tr>\n<td class=\"label\">Design:<\/td>\n<td> Tilpasset<\/td>\n<\/tr>\n<tr>\n<td class=\"label\">Masseproduktion:<\/td>\n<td> 30 Dyas<\/td>\n<\/tr>\n<tr>\n<td class=\"label\">Kapacitet:<\/td>\n<td> 500.000.000 stk. om \u00e5ret<\/td>\n<\/tr>\n<tr>\n<td class=\"label\">Varem\u00e6rke:<\/td>\n<td> Sinoextrud<\/td>\n<\/tr>\n<tr>\n<td class=\"label\">Specifikation:<\/td>\n<td> 0,2KG-200KG<\/td>\n<\/tr>\n<tr>\n<td class=\"label\">HS-kode:<\/td>\n<td> 76169990<\/td>\n<\/tr>\n<\/table>\n<h2>Vores produktionsbase<\/h2>\n<h3>Panorama over fabrikken<\/h3>\n<p><img decoding=\"async\" src=\"\/wp-content\/uploads\/factory-01.webp\"\/><\/p>\n<h3>V\u00e6rksted til fremstilling af aluminiumst\u00e6nger<\/h3>\n<p><img decoding=\"async\" src=\"\/wp-content\/uploads\/factory-02.webp\"\/><\/p>\n<p><img decoding=\"async\" src=\"\/wp-content\/uploads\/factory-03.webp\"\/><\/p>\n<h3>Lager til opbevaring af skimmelsvampe<\/h3>\n<p><img decoding=\"async\" src=\"\/wp-content\/uploads\/factory-04.webp\"\/><\/p>\n<h3>43 ekstruderingslinjer for aluminium (500-5500 ton)<\/h3>\n<p><img decoding=\"async\" src=\"\/wp-content\/uploads\/factory-05.webp\"\/><\/p>\n<p><img decoding=\"async\" src=\"\/wp-content\/uploads\/factory-06.webp\"\/><\/p>\n<p><img decoding=\"async\" src=\"\/wp-content\/uploads\/factory-07.webp\"\/><\/p>\n<h3>V\u00e6rksted for pulverlakering<\/h3>\n<p><img decoding=\"async\" src=\"\/wp-content\/uploads\/factory-09.webp\"\/><\/p>\n<h3>Anodiseringsv\u00e6rksted<\/h3>\n<p><img decoding=\"async\" src=\"\/wp-content\/uploads\/factory-10.webp\"\/><\/p>\n<h3>Workshop om dyb behandling<\/h3>\n<p><img decoding=\"async\" src=\"\/wp-content\/uploads\/factory-11.webp\"\/><\/p>\n<h3>V\u00e6rksted for CNC-pr\u00e6cisionsbearbejdning<\/h3>\n<p><img decoding=\"async\" src=\"\/wp-content\/uploads\/factory-11.5.webp\"\/><\/p>\n<h3>F\u00e6rdigvare- og eksportlager<\/h3>\n<p><img decoding=\"async\" src=\"\/wp-content\/uploads\/factory-12.webp\"\/><\/p>\n<p><img decoding=\"async\" src=\"\/wp-content\/uploads\/factory-13.webp\"\/><\/p>\n<p><img decoding=\"async\" src=\"\/wp-content\/uploads\/factory-14.webp\"\/><\/p>\n<h2>OFTE STILLEDE SP\u00d8RGSM\u00c5L<\/h2>\n<p><p><b>1. Hvad g\u00f8r ekstruderet aluminium med slidser ideelt til indramning og strukturelle anvendelser? <\/b><\/p>\n<p> Aluminiumsprofiler med slidser er alsidige, st\u00e6rke og korrosionsbestandige, hvilket g\u00f8r dem perfekte til at bygge specialfremstillede rammer og st\u00f8ttestrukturer til en lang r\u00e6kke anvendelser.<br \/>\n<\/p><br \/>\n<br \/>\n<p><b>2. kan slidset aluminiumsekstrudering tilpasses? <\/b><\/p>\n<p> Ja, aluminiumsprofiler med slidser kan tilpasses i st\u00f8rrelse, form og l\u00e6ngde, s\u00e5 de opfylder de specifikke behov i ethvert projekt.<br \/>\n<\/p><br \/>\n<br \/>\n<p><b>3. Hvor holdbar er aluminiumsekstrudering med slidser? <\/b><\/p>\n<p> Aluminiumsprofiler med slidbaner er meget holdbare med korrosionsbestandige egenskaber, der sikrer langvarig ydeevne i en r\u00e6kke forskellige milj\u00f8er.<br \/>\n<\/p><br \/>\n<br \/>\n<p><b>4. Hvilke industrier har gavn af at bruge aluminiumsekstrudering med slidser? <\/b><\/p>\n<p> Aluminiumsprofiler med slidser bruges ofte i brancher som automatisering, robotteknologi, produktion og byggeri til at bygge rammer, st\u00f8tter og tilpassede systemer.<br \/>\n<\/p><br \/>\n<br \/>\n<p><b>5. Er aluminiumsekstrudering med slidser let at montere og \u00e6ndre? <\/b><\/p>\n<p> Ja, det slidsede design giver mulighed for hurtig montering og nemme \u00e6ndringer, hvilket reducerer arbejdsomkostningerne og giver fleksibilitet til fremtidige justeringer.<br \/>\n<\/p><br \/>\n<br \/>\n<p><b>6. Hvordan forbedrer aluminiumsekstrudering med slidser projekteffektiviteten? <\/b><\/p>\n<p> Designet, der er nemt at samle og tilpasse, hj\u00e6lper med at spare tid under installationen og giver fleksibilitet til at tilpasse sig \u00e6ndringer i projektkravene.<br \/>\n<\/p><br \/>\n<br \/>\n<p><b>7. Er aluminiumsekstrudering med slidser milj\u00f8venlig? <\/b><\/p>\n<p> Ja, aluminium er fuldt genanvendeligt, hvilket g\u00f8r aluminiumsprofiler med slidser til en milj\u00f8venlig l\u00f8sning til b\u00e6redygtige konstruktionsprojekter.<br \/>\n<\/p><br \/><\/p>","protected":false},"featured_media":8063,"template":"","categories":[54],"class_list":["post-8064","product","type-product","status-publish","has-post-thumbnail","hentry","category-industrial-aluminum-profiles"],"meta_box":{"hilight_text_group":{"product_hilight_text":"<li>High-quality slotted aluminum extrusion for versatile framing and structural applications<\/li>\r\r\n<li>Corrosion-resistant, ensuring durability and long-term performance in various environments<\/li>\r\r\n<li>Customizable sizes, shapes, and lengths to meet specific project requirements<\/li>\r\r\n<li>Easy to assemble, modify, and adapt for different designs and applications<\/li>\r\r\n<li>Lightweight yet strong, offering excellent support without adding unnecessary weight<\/li>\r\r\n<li>Perfect for use in automation, machinery, and custom construction projects<\/li>\r\r\n<li>Environmentally friendly, as aluminum is fully recyclable<\/li>","product_chanpin_blog":"<ul>\r\r\n<li><a href=\"https:\/\/sinoextrud.com\/t-slot-v-slot-differences\/\" target=\"_blank\">t slot vs v slot<\/a><\/li>\r\r\n<li><a href=\"https:\/\/sinoextrud.com\/what-is-4040-aluminium-extrud\/\" target=\"_blank\">4040 aluminium extrusion<\/a><\/li>\r\r\n<li><a href=\"https:\/\/sinoextrud.com\/what-is-4040-aluminium-extrud\/\" target=\"_blank\">aluminum extrusions for industrial racks<\/a><\/li>\r\r\n<li><a href=\"https:\/\/sinoextrud.com\/powder-coating-aluminium-process\/\" target=\"_blank\">powder coating aluminium<\/a><\/li>\r\r\n<li><a href=\"https:\/\/sinoextrud.com\/what-is-an-aluminium-strip-ceiling\/\" target=\"_blank\">aluminium strip ceiling<\/a><\/li>\r\r\n<li><a href=\"https:\/\/sinoextrud.com\/what-is-a-heat-sink\/\" target=\"_blank\">what is a heat sink<\/a><\/li>\r\r\n<\/ul>","product_chanpin_chanpin":"<li><a href=\"https:\/\/sinoextrud.com\/product\/j-section-aluminum-extrusion\/\" target=\"_blank\">J Section Aluminum Extrusion<\/a><\/li>\r\n<li><a href=\"https:\/\/sinoextrud.com\/product\/linear-rail-aluminum-extrusion\/\" target=\"_blank\">Linear Rail Aluminum Extrusion<\/a><\/li>\r\n<li><a href=\"https:\/\/sinoextrud.com\/product\/t-slot-aluminum-profile\/\" target=\"_blank\">T-slot Aluminum Profile<\/a><\/li>\r\n<li><a href=\"https:\/\/sinoextrud.com\/product\/t-shaped-aluminium-profile\/\" target=\"_blank\">T Shaped Aluminium Profile<\/a><\/li>\r\n<li><a href=\"https:\/\/sinoextrud.com\/product\/slotted-aluminum-extrusion\/\" target=\"_blank\">Slotted Aluminum Extrusion<\/a><\/li>\r\n<li><a href=\"https:\/\/sinoextrud.com\/product\/octagon-aluminum-extrusion\/\" target=\"_blank\">Octagon Aluminum Extrusion<\/a><\/li>\r\n<li><a href=\"https:\/\/sinoextrud.com\/product\/t-shape-aluminum-extruded-profile\/\" target=\"_blank\">T Shape Aluminum Extruded Profile<\/a><\/li>\r\n<li><a href=\"https:\/\/sinoextrud.com\/product\/t-shaped-aluminium-extrusion\/\" target=\"_blank\">T Shaped Aluminium Extrusion<\/a><\/li>\r\n<li><a href=\"https:\/\/sinoextrud.com\/product\/t-slot-framing-systems\/\" target=\"_blank\">T Slot Framing Systems<\/a><\/li>\r\n<li><a href=\"https:\/\/sinoextrud.com\/product\/extruded-aluminium-case\/\" target=\"_blank\">Extruded Aluminium Case<\/a><\/li>\r\n<li><a href=\"https:\/\/sinoextrud.com\/product\/fabricated-aluminium-extrusions-electrophoresis-champagne\/\" target=\"_blank\">Fabricated Aluminium Extrusions Electrophoresis Champagne<\/a><\/li>"},"feature_list":[]},"_links":{"self":[{"href":"https:\/\/sinoextrud.com\/da\/wp-json\/wp\/v2\/product\/8064","targetHints":{"allow":["GET"]}}],"collection":[{"href":"https:\/\/sinoextrud.com\/da\/wp-json\/wp\/v2\/product"}],"about":[{"href":"https:\/\/sinoextrud.com\/da\/wp-json\/wp\/v2\/types\/product"}],"wp:featuredmedia":[{"embeddable":true,"href":"https:\/\/sinoextrud.com\/da\/wp-json\/wp\/v2\/media\/8063"}],"wp:attachment":[{"href":"https:\/\/sinoextrud.com\/da\/wp-json\/wp\/v2\/media?parent=8064"}],"wp:term":[{"taxonomy":"category","embeddable":true,"href":"https:\/\/sinoextrud.com\/da\/wp-json\/wp\/v2\/categories?post=8064"}],"curies":[{"name":"wp","href":"https:\/\/api.w.org\/{rel}","templated":true}]}}