{"id":8058,"date":"2025-06-12T07:15:34","date_gmt":"2025-06-12T07:15:34","guid":{"rendered":"https:\/\/sinoextrud.com\/product\/linear-rail-aluminum-extrusion\/"},"modified":"2025-06-24T06:22:58","modified_gmt":"2025-06-24T06:22:58","slug":"lineaer-skinne-aluminium-ekstrudering-2","status":"publish","type":"product","link":"https:\/\/sinoextrud.com\/da\/product\/linear-rail-aluminum-extrusion\/","title":{"rendered":"Line\u00e6r skinne ekstrudering af aluminium"},"content":{"rendered":"<h2>Detaljer om produkter<\/h2>\n<table class=\"custom-table\">\n<tbody>\n<tr>\n<td> Produktets navn<\/td>\n<td> Line\u00e6r skinne ekstrudering af aluminium<\/td>\n<\/tr>\n<tr>\n<td> Temperament<\/td>\n<td> T3-T8<\/td>\n<\/tr>\n<tr>\n<td> Materiale<\/td>\n<td> Legering i 6000-serien, f.eks. 6063, 6061, 6082, 6463 osv.<\/td>\n<\/tr>\n<tr>\n<td> Farve<\/td>\n<td> Guld, s\u00f8lv, sort, hvid, gr\u00e5, champagne, spejl, tr\u00e6korn, tilpasset anmodning tilg\u00e6ngelig<\/td>\n<\/tr>\n<tr>\n<td> F\u00e6rdigbehandlet<\/td>\n<td> Anodiseret, pulverlakeret, tr\u00e6korn, elektroforese, PVDF, Akzo, poleret, b\u00f8rstet, mat osv.<\/td>\n<\/tr>\n<tr>\n<td> CNC-bearbejdning<\/td>\n<td> CNC, boring, fr\u00e6sning, sk\u00e6ring, svejsning, bukning, samling, stansning, gevindsk\u00e6ring osv.<\/td>\n<\/tr>\n<tr>\n<td> L\u00e6ngde<\/td>\n<td> 1m-9m eller tilpasset<\/td>\n<\/tr>\n<tr>\n<td> Form<\/td>\n<td> Firkantet, flad, rund, hul, oval, trekant, U-profiler, L-profiler, T-profiler, H-profiler, tilpasset til r\u00e5dighed<\/td>\n<\/tr>\n<tr>\n<td> Genneml\u00f8bstid<\/td>\n<td> \u00c5ben form og pr\u00f8vetest: 12-15 arbejdsdage. Masseproduktion: 20-30 arbejdsdage, afh\u00e6ngigt af antal.<\/td>\n<\/tr>\n<tr>\n<td> Anvendelse<\/td>\n<td> Vinduer og d\u00f8re, gardinv\u00e6gge, glasv\u00e6gge, m\u00f8bler, loft, k\u00f8kken, LED-strips, transportskinner, k\u00f8ret\u00f8jer, motorhuse, maskiner, telte, solceller. Industriel profil, dekorationsprofil osv.<\/td>\n<\/tr>\n<tr>\n<td> Pakke<\/td>\n<td> Beskyttelsesfilm, vandt\u00e6t papir, EPE, karton, palle eller tilpasset<\/td>\n<\/tr>\n<tr>\n<td> Business-stil<\/td>\n<td> Produktions- og handelsvirksomhed<\/td>\n<\/tr>\n<tr>\n<td> Varem\u00e6rke<\/td>\n<td> Sinoextrud, Sinoextrud, , Sinoextrud<\/td>\n<\/tr>\n<tr>\n<td> OEM<\/td>\n<td> Vi h\u00e5ber at opbygge et langt forhold til vores kunder. Vi er sikre p\u00e5, at vi kan levere den bedste OEM-service til dig.<\/td>\n<\/tr>\n<tr>\n<td> Garanti<\/td>\n<td> Overfladefarven kan v\u00e6re stabil i 10~20 \u00e5r ved indend\u00f8rs brug.<\/td>\n<\/tr>\n<tr>\n<td> FOB-havn<\/td>\n<td> Foshan, Guangzhou, Shenzhen, Kina<\/td>\n<\/tr>\n<tr>\n<td> MOQ<\/td>\n<td> 200 kg \/ vare<\/td>\n<\/tr>\n<tr>\n<td> Oprindelse<\/td>\n<td> Foshan, Kina<\/td>\n<\/tr>\n<\/tbody>\n<\/table>\n<h2>Vores produktionsbase<\/h2>\n<h3>Panorama over fabrikken<\/h3>\n<p><img decoding=\"async\" src=\"\/wp-content\/uploads\/factory-01.webp\"\/><\/p>\n<h3>V\u00e6rksted til fremstilling af aluminiumst\u00e6nger<\/h3>\n<p><img decoding=\"async\" src=\"\/wp-content\/uploads\/factory-02.webp\"\/><\/p>\n<p><img decoding=\"async\" src=\"\/wp-content\/uploads\/factory-03.webp\"\/><\/p>\n<h3>Lager til opbevaring af skimmelsvampe<\/h3>\n<p><img decoding=\"async\" src=\"\/wp-content\/uploads\/factory-04.webp\"\/><\/p>\n<h3>43 ekstruderingslinjer for aluminium (500-5500 ton)<\/h3>\n<p><img decoding=\"async\" src=\"\/wp-content\/uploads\/factory-05.webp\"\/><\/p>\n<p><img decoding=\"async\" src=\"\/wp-content\/uploads\/factory-06.webp\"\/><\/p>\n<p><img decoding=\"async\" src=\"\/wp-content\/uploads\/factory-07.webp\"\/><\/p>\n<h3>V\u00e6rksted for pulverlakering<\/h3>\n<p><img decoding=\"async\" src=\"\/wp-content\/uploads\/factory-09.webp\"\/><\/p>\n<h3>Anodiseringsv\u00e6rksted<\/h3>\n<p><img decoding=\"async\" src=\"\/wp-content\/uploads\/factory-10.webp\"\/><\/p>\n<h3>Workshop om dyb behandling<\/h3>\n<p><img decoding=\"async\" src=\"\/wp-content\/uploads\/factory-11.webp\"\/><\/p>\n<h3>V\u00e6rksted for CNC-pr\u00e6cisionsbearbejdning<\/h3>\n<p><img decoding=\"async\" src=\"\/wp-content\/uploads\/factory-11.5.webp\"\/><\/p>\n<h3>F\u00e6rdigvare- og eksportlager<\/h3>\n<p><img decoding=\"async\" src=\"\/wp-content\/uploads\/factory-12.webp\"\/><\/p>\n<p><img decoding=\"async\" src=\"\/wp-content\/uploads\/factory-13.webp\"\/><\/p>\n<p><img decoding=\"async\" src=\"\/wp-content\/uploads\/factory-14.webp\"\/><\/p>\n<h2>OFTE STILLEDE SP\u00d8RGSM\u00c5L<\/h2>\n<p><p><b>1. Hvad g\u00f8r Linear Rail Aluminum Extrusion velegnet til pr\u00e6cise bev\u00e6gelsesapplikationer? <\/b><\/p>\n<p> Aluminiumsprofiler med line\u00e6r skinne er designet til at give j\u00e6vn og pr\u00e6cis bev\u00e6gelsesst\u00f8tte, hvilket g\u00f8r dem ideelle til applikationer, der kr\u00e6ver pr\u00e6cision.<br \/>\n<\/p><br \/>\n<br \/>\n<p><b>2. kan line\u00e6r skinneekstrudering af aluminium tilpasses? <\/b><\/p>\n<p> Ja, ekstruderingen kan tilpasses i st\u00f8rrelse, l\u00e6ngde og profil, s\u00e5 den opfylder de specifikke behov i automatiserings- og maskinsystemer.<br \/>\n<\/p><br \/>\n<br \/>\n<p><b>3. Hvor holdbar er Linear Rail Aluminum Extrusion? <\/b><\/p>\n<p> Aluminiumsprofiler til line\u00e6re skinner er meget holdbare og korrosionsbestandige, hvilket sikrer p\u00e5lidelig ydelse p\u00e5 lang sigt, selv i udfordrende milj\u00f8er.<br \/>\n<\/p><br \/>\n<br \/>\n<p><b>4. Hvilke industrier har fordel af at bruge Linear Rail Aluminum Extrusion? <\/b><\/p>\n<p> Disse profiler bruges i vid udstr\u00e6kning i industrier som automatisering, robotteknologi, materialeh\u00e5ndtering og produktion til pr\u00e6cise bev\u00e6gelseskontrolsystemer.<br \/>\n<\/p><br \/>\n<br \/>\n<p><b>5. er Linear Rail Aluminum Extrusion let at installere? <\/b><\/p>\n<p> Ja, den er designet til nem installation, hvilket hj\u00e6lper med at reducere monteringstiden og l\u00f8nomkostningerne.<br \/>\n<\/p><br \/>\n<br \/>\n<p><b>6. Hvordan forbedrer Linear Rail Aluminum Extrusion systemets ydeevne? <\/b><\/p>\n<p> Profilerne giver n\u00f8jagtige og j\u00e6vne bev\u00e6gelser, hvilket \u00f8ger effektiviteten og pr\u00e6cisionen i automatisering, robotteknologi og maskinsystemer.<br \/>\n<\/p><br \/>\n<br \/>\n<p><b>7. Er line\u00e6r skinneekstrudering af aluminium milj\u00f8venlig? <\/b><\/p>\n<p> Ja, aluminium er et genanvendeligt materiale, hvilket g\u00f8r disse profiler til en milj\u00f8venlig l\u00f8sning til en lang r\u00e6kke industrielle anvendelser.<br \/>\n<\/p><br \/><\/p>","protected":false},"featured_media":8057,"template":"","categories":[54],"class_list":["post-8058","product","type-product","status-publish","has-post-thumbnail","hentry","category-industrial-aluminum-profiles"],"meta_box":{"hilight_text_group":{"product_hilight_text":"<li>High-strength linear rail aluminum extrusion for precise linear motion applications<\/li>\r\r\n<li>Corrosion-resistant, ensuring long-lasting performance in various environments<\/li>\r\r\n<li>Lightweight yet durable, providing strong support without excess weight<\/li>\r\r\n<li>Customizable lengths and profiles to meet specific needs in automation and machinery<\/li>\r\r\n<li>Highly accurate and smooth, improving the efficiency and precision of motion systems<\/li>\r\r\n<li>Cost-effective, offering excellent performance at a competitive price<\/li>\r\r\n<li>Eco-friendly, made from recyclable aluminum material<\/li>","product_chanpin_blog":"<ul>\r\r\n<li><a href=\"https:\/\/sinoextrud.com\/t-slot-v-slot-differences\/\" target=\"_blank\">t slot vs v slot<\/a><\/li>\r\r\n<li><a href=\"https:\/\/sinoextrud.com\/what-is-4040-aluminium-extrud\/\" target=\"_blank\">4040 aluminium extrusion<\/a><\/li>\r\r\n<li><a href=\"https:\/\/sinoextrud.com\/what-is-4040-aluminium-extrud\/\" target=\"_blank\">aluminum extrusions for industrial racks<\/a><\/li>\r\r\n<li><a href=\"https:\/\/sinoextrud.com\/powder-coating-aluminium-process\/\" target=\"_blank\">powder coating aluminium<\/a><\/li>\r\r\n<li><a href=\"https:\/\/sinoextrud.com\/what-is-an-aluminium-strip-ceiling\/\" target=\"_blank\">aluminium strip ceiling<\/a><\/li>\r\r\n<li><a href=\"https:\/\/sinoextrud.com\/what-is-a-heat-sink\/\" target=\"_blank\">what is a heat sink<\/a><\/li>\r\r\n<\/ul>","product_chanpin_chanpin":"<li><a href=\"https:\/\/sinoextrud.com\/product\/t-slot-aluminum-extrusion-profile-for-industrial-assembly-line\/\" target=\"_blank\">T Slot Aluminum Extrusion Profile For Industrial Assembly Line<\/a><\/li>\r\n<li><a href=\"https:\/\/sinoextrud.com\/product\/customized-led-strip-light-aluminium-profile-led-aluminum-extrusion\/\" target=\"_blank\">Customized LED Strip Light Aluminium Profile  LED Aluminum Extrusion<\/a><\/li>\r\n<li><a href=\"https:\/\/sinoextrud.com\/product\/industrial-aluminum-extrusion-profile\/\" target=\"_blank\">Industrial Aluminum Extrusion Profile<\/a><\/li>\r\n<li><a href=\"https:\/\/sinoextrud.com\/product\/j-section-aluminum-extrusion\/\" target=\"_blank\">J Section Aluminum Extrusion<\/a><\/li>\r\n<li><a href=\"https:\/\/sinoextrud.com\/product\/linear-rail-aluminum-extrusion\/\" target=\"_blank\">Linear Rail Aluminum Extrusion<\/a><\/li>\r\n<li><a href=\"https:\/\/sinoextrud.com\/product\/t-slot-aluminum-profile\/\" target=\"_blank\">T-slot Aluminum Profile<\/a><\/li>\r\n<li><a href=\"https:\/\/sinoextrud.com\/product\/t-shaped-aluminium-profile\/\" target=\"_blank\">T Shaped Aluminium Profile<\/a><\/li>\r\n<li><a href=\"https:\/\/sinoextrud.com\/product\/slotted-aluminum-extrusion\/\" target=\"_blank\">Slotted Aluminum Extrusion<\/a><\/li>\r\n<li><a href=\"https:\/\/sinoextrud.com\/product\/octagon-aluminum-extrusion\/\" target=\"_blank\">Octagon Aluminum Extrusion<\/a><\/li>\r\n<li><a href=\"https:\/\/sinoextrud.com\/product\/anodized-aluminum-railing-systems\/\" target=\"_blank\">Anodized Aluminum Railing Systems<\/a><\/li>\r\n<li><a href=\"https:\/\/sinoextrud.com\/product\/pvdf-coating-aluminum-profile-curtain-wall\/\" target=\"_blank\">PVDF Coating Aluminum profile Curtain Wall<\/a><\/li>"},"feature_list":[]},"_links":{"self":[{"href":"https:\/\/sinoextrud.com\/da\/wp-json\/wp\/v2\/product\/8058","targetHints":{"allow":["GET"]}}],"collection":[{"href":"https:\/\/sinoextrud.com\/da\/wp-json\/wp\/v2\/product"}],"about":[{"href":"https:\/\/sinoextrud.com\/da\/wp-json\/wp\/v2\/types\/product"}],"wp:featuredmedia":[{"embeddable":true,"href":"https:\/\/sinoextrud.com\/da\/wp-json\/wp\/v2\/media\/8057"}],"wp:attachment":[{"href":"https:\/\/sinoextrud.com\/da\/wp-json\/wp\/v2\/media?parent=8058"}],"wp:term":[{"taxonomy":"category","embeddable":true,"href":"https:\/\/sinoextrud.com\/da\/wp-json\/wp\/v2\/categories?post=8058"}],"curies":[{"name":"wp","href":"https:\/\/api.w.org\/{rel}","templated":true}]}}