{"id":8042,"date":"2025-06-12T06:52:07","date_gmt":"2025-06-12T06:52:07","guid":{"rendered":"https:\/\/sinoextrud.com\/product\/extruded-decorative-aluminum-railing-systems\/"},"modified":"2025-06-24T06:22:55","modified_gmt":"2025-06-24T06:22:55","slug":"ekstruderede-dekorative-raekvaerkssystemer-i-aluminium","status":"publish","type":"product","link":"https:\/\/sinoextrud.com\/da\/product\/extruded-decorative-aluminum-railing-systems\/","title":{"rendered":"Ekstruderede dekorative gel\u00e6ndersystemer i aluminium"},"content":{"rendered":"<h2>Detaljer om produkter<\/h2>\n<table class=\"custom-table\">\n<tbody>\n<tr>\n<td> Karakter:<\/td>\n<td> 6063 -t5<\/td>\n<\/tr>\n<tr>\n<td> Teknik:<\/td>\n<td> Ekstruderede dekorative gel\u00e6ndersystemer i aluminium<\/td>\n<\/tr>\n<tr>\n<td> Temperament:<\/td>\n<td> T3 - T8<\/td>\n<\/tr>\n<tr>\n<td> Bearbejdningstjenester:<\/td>\n<td> Boring, gevindsk\u00e6ring, nitning, montering osv.<\/td>\n<\/tr>\n<tr>\n<td> Varem\u00e6rke:<\/td>\n<td> Sinoextrud Sinoextrud <\/td>\n<\/tr>\n<tr>\n<td> Type:<\/td>\n<td> Ekstruderede dekorative gel\u00e6ndersystemer i aluminium<\/td>\n<\/tr>\n<tr>\n<td> Form:<\/td>\n<td> Lavet som kundernes design<\/td>\n<\/tr>\n<tr>\n<td> Overfladebehandling:<\/td>\n<td> Mill Finish Anodiseret B\u00f8rstet<\/td>\n<\/tr>\n<tr>\n<td> L\u00e6ngde:<\/td>\n<td> 1 m til 9 m pr. l\u00e6ngde<\/td>\n<\/tr>\n<tr>\n<td> Farver:<\/td>\n<td> S\u00f8lv Sort<\/td>\n<\/tr>\n<tr>\n<td> HS-kode:<\/td>\n<td> 76042990<\/td>\n<\/tr>\n<\/tbody>\n<\/table>\n<h2>Vores produktionsbase<\/h2>\n<h3>Panorama over fabrikken<\/h3>\n<p><img decoding=\"async\" src=\"\/wp-content\/uploads\/factory-01.webp\"\/><\/p>\n<h3>V\u00e6rksted til fremstilling af aluminiumst\u00e6nger<\/h3>\n<p><img decoding=\"async\" src=\"\/wp-content\/uploads\/factory-02.webp\"\/><\/p>\n<p><img decoding=\"async\" src=\"\/wp-content\/uploads\/factory-03.webp\"\/><\/p>\n<h3>Lager til opbevaring af skimmelsvampe<\/h3>\n<p><img decoding=\"async\" src=\"\/wp-content\/uploads\/factory-04.webp\"\/><\/p>\n<h3>43 ekstruderingslinjer for aluminium (500-5500 ton)<\/h3>\n<p><img decoding=\"async\" src=\"\/wp-content\/uploads\/factory-05.webp\"\/><\/p>\n<p><img decoding=\"async\" src=\"\/wp-content\/uploads\/factory-06.webp\"\/><\/p>\n<p><img decoding=\"async\" src=\"\/wp-content\/uploads\/factory-07.webp\"\/><\/p>\n<h3>V\u00e6rksted for pulverlakering<\/h3>\n<p><img decoding=\"async\" src=\"\/wp-content\/uploads\/factory-09.webp\"\/><\/p>\n<h3>Anodiseringsv\u00e6rksted<\/h3>\n<p><img decoding=\"async\" src=\"\/wp-content\/uploads\/factory-10.webp\"\/><\/p>\n<h3>Workshop om dyb behandling<\/h3>\n<p><img decoding=\"async\" src=\"\/wp-content\/uploads\/factory-11.webp\"\/><\/p>\n<h3>V\u00e6rksted for CNC-pr\u00e6cisionsbearbejdning<\/h3>\n<p><img decoding=\"async\" src=\"\/wp-content\/uploads\/factory-11.5.webp\"\/><\/p>\n<h3>F\u00e6rdigvare- og eksportlager<\/h3>\n<p><img decoding=\"async\" src=\"\/wp-content\/uploads\/factory-12.webp\"\/><\/p>\n<p><img decoding=\"async\" src=\"\/wp-content\/uploads\/factory-13.webp\"\/><\/p>\n<p><img decoding=\"async\" src=\"\/wp-content\/uploads\/factory-14.webp\"\/><\/p>\n<h2>OFTE STILLEDE SP\u00d8RGSM\u00c5L<\/h2>\n<p><p><b>1. Hvad bruges ekstruderede dekorative aluminiumsgel\u00e6ndersystemer til?<\/b><\/p>\n<p>Ekstruderede r\u00e6kv\u00e6rkssystemer i dekorativt aluminium bruges til at skabe visuelt tiltalende og holdbare r\u00e6kv\u00e6rksl\u00f8sninger til b\u00e5de boliger og erhvervsejendomme.<br \/>\n<\/p><br \/>\n<br \/>\n<p><b>2. Hvorfor er aluminium et godt valg til dekorative gel\u00e6ndere?<\/b><\/p>\n<p>Aluminium er let, korrosionsbestandigt og st\u00e6rkt, hvilket g\u00f8r det til et ideelt materiale til dekorative gel\u00e6ndere, der skal fungere godt og samtidig bevare deres udseende over tid.<br \/>\n<\/p><br \/>\n<br \/>\n<p><b>3. Kan ekstruderede dekorative aluminiumsgel\u00e6ndersystemer tilpasses?<\/b><\/p>\n<p>Ja, disse r\u00e6kv\u00e6rkssystemer kan tilpasses med hensyn til form, st\u00f8rrelse og finish, s\u00e5 de passer til specifikke arkitektoniske designs og \u00e6stetiske pr\u00e6ferencer.<br \/>\n<\/p><br \/>\n<br \/>\n<p><b>4. Er ekstruderede dekorative aluminiumsgel\u00e6ndersystemer egnede til udend\u00f8rs brug?<\/b><\/p>\n<p>Ja, deres korrosionsbestandige og vejrbestandige egenskaber g\u00f8r dem perfekte til udend\u00f8rs brug og til at modst\u00e5 barske milj\u00f8forhold.<br \/>\n<\/p><br \/>\n<br \/>\n<p><b>5. Hvordan forbedrer ekstruderede dekorative aluminiumsgel\u00e6ndersystemer sikkerheden?<\/b><\/p>\n<p>Disse r\u00e6kv\u00e6rkssystemer tilbyder robust strukturel st\u00f8tte, der sikrer sikkerhed og samtidig giver et elegant design, der passer til den omgivende arkitektur.<br \/>\n<\/p><br \/>\n<br \/>\n<p><b>6. Er disse r\u00e6kv\u00e6rkssystemer nemme at vedligeholde?<\/b><\/p>\n<p>Ja, ekstruderede dekorative aluminiumsgel\u00e6ndersystemer kr\u00e6ver minimal vedligeholdelse p\u00e5 grund af deres korrosionsbestandighed og holdbare finish, hvilket g\u00f8r dem omkostningseffektive over tid.<br \/>\n<\/p><br \/>\n<br \/>\n<p><b>7. Hvilke brancher drager fordel af ekstruderede dekorative aluminiumsgel\u00e6ndersystemer?<\/b><\/p>\n<p>Brancher som byggeri, arkitektur og ejendomshandel nyder godt af disse r\u00e6kv\u00e6rkssystemer til b\u00e5de dekorative og funktionelle form\u00e5l i kommercielle og private projekter.<br \/>\n<\/p><br \/><\/p>","protected":false},"featured_media":8041,"template":"","categories":[54],"class_list":["post-8042","product","type-product","status-publish","has-post-thumbnail","hentry","category-industrial-aluminum-profiles"],"meta_box":{"hilight_text_group":{"product_hilight_text":"<li>Elegant design with high-strength aluminum for both aesthetics and durability.<\/li>\r\r\n<li>Corrosion-resistant and weatherproof, making it ideal for outdoor and high-moisture environments.<\/li>\r\r\n<li>Customizable profiles to suit various architectural and decorative needs.<\/li>\r\r\n<li>Low maintenance requirements, ensuring long-term beauty and performance.<\/li>\r\r\n<li>Easy installation with lightweight components, reducing labor and setup costs.<\/li>","product_chanpin_blog":"<ul>\r\r\n<li><a href=\"https:\/\/sinoextrud.com\/t-slot-v-slot-differences\/\" target=\"_blank\">t slot vs v slot<\/a><\/li>\r\r\n<li><a href=\"https:\/\/sinoextrud.com\/what-is-4040-aluminium-extrud\/\" target=\"_blank\">4040 aluminium extrusion<\/a><\/li>\r\r\n<li><a href=\"https:\/\/sinoextrud.com\/what-is-4040-aluminium-extrud\/\" target=\"_blank\">aluminum extrusions for industrial racks<\/a><\/li>\r\r\n<li><a href=\"https:\/\/sinoextrud.com\/powder-coating-aluminium-process\/\" target=\"_blank\">powder coating aluminium<\/a><\/li>\r\r\n<li><a href=\"https:\/\/sinoextrud.com\/what-is-an-aluminium-strip-ceiling\/\" target=\"_blank\">aluminium strip ceiling<\/a><\/li>\r\r\n<li><a href=\"https:\/\/sinoextrud.com\/what-is-a-heat-sink\/\" target=\"_blank\">what is a heat sink<\/a><\/li>\r\r\n<\/ul>","product_chanpin_chanpin":"<li><a href=\"https:\/\/sinoextrud.com\/product\/t-slot-extruded-aluminum-profile-cutting-for-sale-by-weight-of-aluminum-section-open-extrusion-die\/\" target=\"_blank\">t slot extruded aluminum profile cutting for sale by weight of aluminum section open extrusion die<\/a><\/li>\r\n<li><a href=\"https:\/\/sinoextrud.com\/product\/oem-aluminum-extusion-profile-led-light-strip-channel\/\" target=\"_blank\">OEM Aluminum Extusion Profile Led Light strip channel<\/a><\/li>\r\n<li><a href=\"https:\/\/sinoextrud.com\/product\/extruded-aluminum-shelving\/\" target=\"_blank\">Extruded Aluminum Shelving<\/a><\/li>\r\n<li><a href=\"https:\/\/sinoextrud.com\/product\/extruded-aluminum-structural-framing\/\" target=\"_blank\">Extruded Aluminum Structural Framing<\/a><\/li>\r\n<li><a href=\"https:\/\/sinoextrud.com\/product\/extruded-decorative-aluminum-railing-systems\/\" target=\"_blank\">Extruded Decorative Aluminum Railing Systems<\/a><\/li>\r\n<li><a href=\"https:\/\/sinoextrud.com\/product\/led-aluminum-profile-strip-heatsink\/\" target=\"_blank\">Led Aluminum Profile Strip Heatsink<\/a><\/li>\r\n<li><a href=\"https:\/\/sinoextrud.com\/product\/led-aluminum-profile-with-heatsink\/\" target=\"_blank\">Led Aluminum Profile With Heatsink<\/a><\/li>\r\n<li><a href=\"https:\/\/sinoextrud.com\/product\/heatsink-aluminum-profiles\/\" target=\"_blank\">Heatsink Aluminum Profiles<\/a><\/li>\r\n<li><a href=\"https:\/\/sinoextrud.com\/product\/t-slot-aluminum-extrusion-profile-for-industrial-assembly-line\/\" target=\"_blank\">T Slot Aluminum Extrusion Profile For Industrial Assembly Line<\/a><\/li>\r\n<li><a href=\"https:\/\/sinoextrud.com\/product\/h-channel-aluminum-extrusion\/\" target=\"_blank\">H Channel Aluminum Extrusion<\/a><\/li>\r\n<li><a href=\"https:\/\/sinoextrud.com\/product\/high-precision-aluminum-extrusion-profile-cnc-machining-accessory-parts\/\" target=\"_blank\">High Precision Aluminum extrusion Profile CNC Machining Accessory Parts<\/a><\/li>"},"feature_list":[]},"_links":{"self":[{"href":"https:\/\/sinoextrud.com\/da\/wp-json\/wp\/v2\/product\/8042","targetHints":{"allow":["GET"]}}],"collection":[{"href":"https:\/\/sinoextrud.com\/da\/wp-json\/wp\/v2\/product"}],"about":[{"href":"https:\/\/sinoextrud.com\/da\/wp-json\/wp\/v2\/types\/product"}],"wp:featuredmedia":[{"embeddable":true,"href":"https:\/\/sinoextrud.com\/da\/wp-json\/wp\/v2\/media\/8041"}],"wp:attachment":[{"href":"https:\/\/sinoextrud.com\/da\/wp-json\/wp\/v2\/media?parent=8042"}],"wp:term":[{"taxonomy":"category","embeddable":true,"href":"https:\/\/sinoextrud.com\/da\/wp-json\/wp\/v2\/categories?post=8042"}],"curies":[{"name":"wp","href":"https:\/\/api.w.org\/{rel}","templated":true}]}}