{"id":8036,"date":"2025-06-12T06:46:54","date_gmt":"2025-06-12T06:46:54","guid":{"rendered":"https:\/\/sinoextrud.com\/product\/oem-aluminum-extusion-profile-led-light-strip-channel\/"},"modified":"2025-06-24T06:22:54","modified_gmt":"2025-06-24T06:22:54","slug":"oem-aluminium-ekstruderingsprofil-led-lysstrimmel-kanal","status":"publish","type":"product","link":"https:\/\/sinoextrud.com\/da\/product\/oem-aluminum-extusion-profile-led-light-strip-channel\/","title":{"rendered":"OEM Aluminium Extusion Profile Led Light strip channel"},"content":{"rendered":"<h2>Detaljer om produkter<\/h2>\n<table class=\"custom-table\">\n<tbody>\n<tr>\n<td>           Overfladebehandling<\/td>\n<td>           Anodisering, polering, efter \u00f8nske<\/td>\n<\/tr>\n<tr>\n<td>           Materiale og temperatur<\/td>\n<td>           Legering 6063-T5, 6061-T6<\/td>\n<\/tr>\n<tr>\n<td>           L\u00e6ngde<\/td>\n<td>           5.8M eller tilpasset<\/td>\n<\/tr>\n<tr>\n<td>           Farve<\/td>\n<td>           Sliver, bronze, champagne eller efter \u00f8nske<\/td>\n<\/tr>\n<tr>\n<td>           Tykkelse<\/td>\n<td>           Tilpasset<\/td>\n<\/tr>\n<tr>\n<td>           Karakter<\/td>\n<td>           6000-serien<\/td>\n<\/tr>\n<tr>\n<td>           Anvendelse<\/td>\n<td>           Arkitektonisk aluminium, generelt industrielt aluminium<\/td>\n<\/tr>\n<tr>\n<td>           Type<\/td>\n<td>           6063<\/td>\n<\/tr>\n<tr>\n<td>           Overfladebehandling<\/td>\n<td>           Anodiseret aluminium<\/td>\n<\/tr>\n<tr>\n<td>           Legering eller ej<\/td>\n<td>           Er legeret<\/td>\n<\/tr>\n<tr>\n<td>           Temperament<\/td>\n<td>           T3-T8<\/td>\n<\/tr>\n<tr>\n<td>           Form<\/td>\n<td>           som dit krav<\/td>\n<\/tr>\n<\/tbody>\n<\/table>\n<h2>Vores produktionsbase<\/h2>\n<h3>Panorama over fabrikken<\/h3>\n<p><img decoding=\"async\" src=\"\/wp-content\/uploads\/factory-01.webp\"\/><\/p>\n<h3>V\u00e6rksted til fremstilling af aluminiumst\u00e6nger<\/h3>\n<p><img decoding=\"async\" src=\"\/wp-content\/uploads\/factory-02.webp\"\/><\/p>\n<p><img decoding=\"async\" src=\"\/wp-content\/uploads\/factory-03.webp\"\/><\/p>\n<h3>Lager til opbevaring af skimmelsvampe<\/h3>\n<p><img decoding=\"async\" src=\"\/wp-content\/uploads\/factory-04.webp\"\/><\/p>\n<h3>43 ekstruderingslinjer for aluminium (500-5500 ton)<\/h3>\n<p><img decoding=\"async\" src=\"\/wp-content\/uploads\/factory-05.webp\"\/><\/p>\n<p><img decoding=\"async\" src=\"\/wp-content\/uploads\/factory-06.webp\"\/><\/p>\n<p><img decoding=\"async\" src=\"\/wp-content\/uploads\/factory-07.webp\"\/><\/p>\n<h3>V\u00e6rksted for pulverlakering<\/h3>\n<p><img decoding=\"async\" src=\"\/wp-content\/uploads\/factory-09.webp\"\/><\/p>\n<h3>Anodiseringsv\u00e6rksted<\/h3>\n<p><img decoding=\"async\" src=\"\/wp-content\/uploads\/factory-10.webp\"\/><\/p>\n<h3>Workshop om dyb behandling<\/h3>\n<p><img decoding=\"async\" src=\"\/wp-content\/uploads\/factory-11.webp\"\/><\/p>\n<h3>V\u00e6rksted for CNC-pr\u00e6cisionsbearbejdning<\/h3>\n<p><img decoding=\"async\" src=\"\/wp-content\/uploads\/factory-11.5.webp\"\/><\/p>\n<h3>F\u00e6rdigvare- og eksportlager<\/h3>\n<p><img decoding=\"async\" src=\"\/wp-content\/uploads\/factory-12.webp\"\/><\/p>\n<p><img decoding=\"async\" src=\"\/wp-content\/uploads\/factory-13.webp\"\/><\/p>\n<p><img decoding=\"async\" src=\"\/wp-content\/uploads\/factory-14.webp\"\/><\/p>\n<h2>OFTE STILLEDE SP\u00d8RGSM\u00c5L<\/h2>\n<p><p><b>1. hvad er det prim\u00e6re materiale, der bruges i OEM-aluminiumsekstruderingsprofilen til LED-lysstripkanaler? <\/b><\/p>\n<p>OEM-aluminiumsprofilen er lavet af h\u00f8jkvalitetsaluminium, der giver fremragende holdbarhed og varmeafledning til LED-lys.<br \/>\n<\/p><br \/>\n<br \/>\n<p><b>2. Hvad er fordelene ved at bruge aluminium til LED-lysb\u00e5ndkanaler? <\/b><\/p>\n<p>Aluminium er korrosionsbestandigt, let og har fremragende varmeafledningsegenskaber, som er med til at forl\u00e6nge levetiden for LED-lys.<br \/>\n<\/p><br \/>\n<br \/>\n<p><b>3. kan OEM-aluminiumsekstruderingsprofilen tilpasses til forskellige LED-stripst\u00f8rrelser? <\/b><\/p>\n<p>Ja, OEM-aluminiumsprofilen kan tilpasses, s\u00e5 den passer til en lang r\u00e6kke st\u00f8rrelser af LED-strips, hvilket g\u00f8r den til en alsidig belysningsl\u00f8sning.<br \/>\n<\/p><br \/>\n<br \/>\n<p><b>4. Er installationen af aluminiumsekstruderingsprofilen til LED-strips let? <\/b><\/p>\n<p>Ja, aluminiumsprofilen er designet til nem installation, hvilket kr\u00e6ver minimalt med v\u00e6rkt\u00f8j og reducerer installationstiden og -omkostningerne.<br \/>\n<\/p><br \/>\n<br \/>\n<p><b>5. Hvad er fordelene ved varmeafledning i LED-lysb\u00e5ndkanaler? <\/b><\/p>\n<p>Effektiv varmeafledning sikrer, at LED-strips opretholder optimal ydeevne og en l\u00e6ngere levetid ved at forhindre overophedning.<br \/>\n<\/p><br \/>\n<br \/>\n<p><b>6. Kan aluminiumprofilen bruges til b\u00e5de indend\u00f8rs og udend\u00f8rs applikationer? <\/b><\/p>\n<p>Ja, aluminiumsprofilen er velegnet til b\u00e5de indend\u00f8rs og udend\u00f8rs brug og giver fleksibilitet til forskellige belysningsprojekter.<br \/>\n<\/p><br \/>\n<br \/>\n<p><b>7. Findes OEM-aluminiumsprofilen i forskellige udf\u00f8relser? <\/b><\/p>\n<p>Ja, aluminiumsprofilen f\u00e5s i forskellige overflader, s\u00e5 du kan v\u00e6lge den rigtige \u00e6stetik til dit milj\u00f8.<br \/>\n<\/p><br \/><\/p>","protected":false},"featured_media":8035,"template":"","categories":[54],"class_list":["post-8036","product","type-product","status-publish","has-post-thumbnail","hentry","category-industrial-aluminum-profiles"],"meta_box":{"hilight_text_group":{"product_hilight_text":"<ul>\r\r\n  <li>High-quality OEM aluminum extrusion profile for durable LED light strip channels.<\/li>\r\r\n  <li>Efficient heat dissipation to extend LED lifespan and maintain optimal performance.<\/li>\r\r\n  <li>Customizable design to fit various LED strip sizes for versatile lighting solutions.<\/li>\r\r\n  <li>Easy installation with minimal tools required, saving time and labor costs.<\/li>\r\r\n  <li>Corrosion-resistant and lightweight aluminum, ensuring long-term reliability.<\/li>\r\r\n  <li>Perfect for both indoor and outdoor applications, enhancing flexibility in design.<\/li>\r\r\n  <li>Available in various finishes, offering aesthetic versatility for different environments.<\/li>\r\r\n<\/ul>","product_chanpin_blog":"<ul>\r\r\n<li><a href=\"https:\/\/sinoextrud.com\/t-slot-v-slot-differences\/\" target=\"_blank\">t slot vs v slot<\/a><\/li>\r\r\n<li><a href=\"https:\/\/sinoextrud.com\/what-is-4040-aluminium-extrud\/\" target=\"_blank\">4040 aluminium extrusion<\/a><\/li>\r\r\n<li><a href=\"https:\/\/sinoextrud.com\/what-is-4040-aluminium-extrud\/\" target=\"_blank\">aluminum extrusions for industrial racks<\/a><\/li>\r\r\n<li><a href=\"https:\/\/sinoextrud.com\/powder-coating-aluminium-process\/\" target=\"_blank\">powder coating aluminium<\/a><\/li>\r\r\n<li><a href=\"https:\/\/sinoextrud.com\/what-is-an-aluminium-strip-ceiling\/\" target=\"_blank\">aluminium strip ceiling<\/a><\/li>\r\r\n<li><a href=\"https:\/\/sinoextrud.com\/what-is-a-heat-sink\/\" target=\"_blank\">what is a heat sink<\/a><\/li>\r\r\n<\/ul>","product_chanpin_chanpin":"<li><a href=\"https:\/\/sinoextrud.com\/product\/extruded-aluminum-electronic-enclosures\/\" target=\"_blank\">Extruded Aluminum Electronic Enclosures<\/a><\/li>\r\n<li><a href=\"https:\/\/sinoextrud.com\/product\/extruded-aluminum-for-outdoor-light-heat-sink\/\" target=\"_blank\">Extruded Aluminum For Outdoor Light Heat Sink<\/a><\/li>\r\n<li><a href=\"https:\/\/sinoextrud.com\/product\/t-aluminum-profile\/\" target=\"_blank\">T Aluminum Profile<\/a><\/li>\r\n<li><a href=\"https:\/\/sinoextrud.com\/product\/t-slot-extruded-aluminum-profile-cutting-for-sale-by-weight-of-aluminum-section-open-extrusion-die\/\" target=\"_blank\">t slot extruded aluminum profile cutting for sale by weight of aluminum section open extrusion die<\/a><\/li>\r\n<li><a href=\"https:\/\/sinoextrud.com\/product\/oem-aluminum-extusion-profile-led-light-strip-channel\/\" target=\"_blank\">OEM Aluminum Extusion Profile Led Light strip channel<\/a><\/li>\r\n<li><a href=\"https:\/\/sinoextrud.com\/product\/extruded-aluminum-shelving\/\" target=\"_blank\">Extruded Aluminum Shelving<\/a><\/li>\r\n<li><a href=\"https:\/\/sinoextrud.com\/product\/extruded-aluminum-structural-framing\/\" target=\"_blank\">Extruded Aluminum Structural Framing<\/a><\/li>\r\n<li><a href=\"https:\/\/sinoextrud.com\/product\/extruded-decorative-aluminum-railing-systems\/\" target=\"_blank\">Extruded Decorative Aluminum Railing Systems<\/a><\/li>\r\n<li><a href=\"https:\/\/sinoextrud.com\/product\/led-aluminum-profile-strip-heatsink\/\" target=\"_blank\">Led Aluminum Profile Strip Heatsink<\/a><\/li>\r\n<li><a href=\"https:\/\/sinoextrud.com\/product\/aluminum-handrail-systems\/\" target=\"_blank\">Aluminum Handrail Systems<\/a><\/li>\r\n<li><a href=\"https:\/\/sinoextrud.com\/product\/80-x-80-aluminium-extrusion\/\" target=\"_blank\">80 X 80 Aluminium Extrusion<\/a><\/li>"},"feature_list":[]},"_links":{"self":[{"href":"https:\/\/sinoextrud.com\/da\/wp-json\/wp\/v2\/product\/8036","targetHints":{"allow":["GET"]}}],"collection":[{"href":"https:\/\/sinoextrud.com\/da\/wp-json\/wp\/v2\/product"}],"about":[{"href":"https:\/\/sinoextrud.com\/da\/wp-json\/wp\/v2\/types\/product"}],"wp:featuredmedia":[{"embeddable":true,"href":"https:\/\/sinoextrud.com\/da\/wp-json\/wp\/v2\/media\/8035"}],"wp:attachment":[{"href":"https:\/\/sinoextrud.com\/da\/wp-json\/wp\/v2\/media?parent=8036"}],"wp:term":[{"taxonomy":"category","embeddable":true,"href":"https:\/\/sinoextrud.com\/da\/wp-json\/wp\/v2\/categories?post=8036"}],"curies":[{"name":"wp","href":"https:\/\/api.w.org\/{rel}","templated":true}]}}