{"id":8014,"date":"2025-06-12T06:24:05","date_gmt":"2025-06-12T06:24:05","guid":{"rendered":"https:\/\/sinoextrud.com\/product\/powder-coated-and-anodized-aluminium-profile-for-electric-frame-motor-housing-and-aluminum-enclosure\/"},"modified":"2025-06-24T06:22:50","modified_gmt":"2025-06-24T06:22:50","slug":"pulverlakeret-og-anodiseret-aluminiumsprofil-til-elektrisk-rammemotorhus-og-aluminiumskabinet","status":"publish","type":"product","link":"https:\/\/sinoextrud.com\/da\/product\/powder-coated-and-anodized-aluminium-profile-for-electric-frame-motor-housing-and-aluminum-enclosure\/","title":{"rendered":"Pulverlakeret og anodiseret aluminiumsprofil til elektrisk rammemotorhus og aluminiumskabinet"},"content":{"rendered":"<h2>Detaljer om produkter<\/h2>\n<table class=\"custom-table\">\n<tbody>\n<tr>\n<td> Vare:<\/td>\n<td> Pulverlakeret og anodiseret aluminiumsprofil til elektrisk rammemotorhus og aluminiumskabinet<\/td>\n<td> Karakter:<\/td>\n<td> 6000 serie 6063<\/td>\n<\/tr>\n<tr>\n<td> Temperament:<\/td>\n<td> 6063-T5<\/td>\n<td> Oprindelsessted:<\/td>\n<td> Foshan, Guangdong<\/td>\n<\/tr>\n<tr>\n<td> Form:<\/td>\n<td> U-formet kanal<\/td>\n<td> Legering eller ej:<\/td>\n<td> Alunimun-legering<\/td>\n<\/tr>\n<tr>\n<td> Tolerance:<\/td>\n<td> \u00b10,5%<\/td>\n<td> Brand:<\/td>\n<td> Sinoextrud, Sinoextrud<\/td>\n<\/tr>\n<tr>\n<td> Standard:<\/td>\n<td> middel og h\u00f8j kvalitet<\/td>\n<td> Overfladebehandling:<\/td>\n<td> pulverlakering, elektroforese, tr\u00e6korn, anodiseret, b\u00f8rstet, polering<\/td>\n<\/tr>\n<tr>\n<td> Leveringstid:<\/td>\n<td> 25-30 dage<\/td>\n<td> MOQ:<\/td>\n<td> 200 kg<\/td>\n<\/tr>\n<tr>\n<td> Betalingsperiode:<\/td>\n<td> T \/ T (30% depositum), L \/ C<\/td>\n<td> Behandling af service:<\/td>\n<td> B\u00f8jning, afrulning, svejsning, stansning, sk\u00e6ring<\/td>\n<\/tr>\n<tr>\n<td> Havn:<\/td>\n<td> Guangzhou, Shenzhen\uff0cFoshan<\/td>\n<td> L\u00e6ngde::<\/td>\n<td> 1-9m eller tilpasset<\/td>\n<\/tr>\n<\/tbody>\n<\/table>\n<h2>Vores produktionsbase<\/h2>\n<h3>Panorama over fabrikken<\/h3>\n<p><img decoding=\"async\" src=\"\/wp-content\/uploads\/factory-01.webp\"\/><\/p>\n<h3>V\u00e6rksted til fremstilling af aluminiumst\u00e6nger<\/h3>\n<p><img decoding=\"async\" src=\"\/wp-content\/uploads\/factory-02.webp\"\/><\/p>\n<\/p>\n<p><img decoding=\"async\" src=\"\/wp-content\/uploads\/factory-03.webp\"\/><\/p>\n<h3>Lager til opbevaring af skimmelsvampe<\/h3>\n<p><img decoding=\"async\" src=\"\/wp-content\/uploads\/factory-04.webp\"\/><\/p>\n<h3>43 ekstruderingslinjer for aluminium (500-5500 ton)<\/h3>\n<p><img decoding=\"async\" src=\"\/wp-content\/uploads\/factory-05.webp\"\/><\/p>\n<p><img decoding=\"async\" src=\"\/wp-content\/uploads\/factory-06.webp\"\/><\/p>\n<p><img decoding=\"async\" src=\"\/wp-content\/uploads\/factory-07.webp\"\/><\/p>\n<h3>V\u00e6rksted for pulverlakering<\/h3>\n<p><img decoding=\"async\" src=\"\/wp-content\/uploads\/factory-09.webp\"\/><\/p>\n<h3>Anodiseringsv\u00e6rksted<\/h3>\n<p><img decoding=\"async\" src=\"\/wp-content\/uploads\/factory-10.webp\"\/><\/p>\n<h3>Workshop om dyb behandling<\/h3>\n<p><img decoding=\"async\" src=\"\/wp-content\/uploads\/factory-11.webp\"\/><\/p>\n<h3>V\u00e6rksted for CNC-pr\u00e6cisionsbearbejdning<\/h3>\n<p><img decoding=\"async\" src=\"\/wp-content\/uploads\/factory-11.5.webp\"\/><\/p>\n<h3>F\u00e6rdigvare- og eksportlager<\/h3>\n<p><img decoding=\"async\" src=\"\/wp-content\/uploads\/factory-12.webp\"\/><\/p>\n<p><img decoding=\"async\" src=\"\/wp-content\/uploads\/factory-13.webp\"\/><\/p>\n<p><img decoding=\"async\" src=\"\/wp-content\/uploads\/factory-14.webp\"\/><\/p>\n<h2>OFTE STILLEDE SP\u00d8RGSM\u00c5L<\/h2>\n<p><b>1. Hvad er en pulverlakeret og anodiseret aluminiumsprofil til et elektrisk motorhus? <\/b><\/p>\n<p> Det er en f\u00e6rdig aluminiumsekstrudering, der bruges til at bygge elektriske motorhuse og kabinetter, og som giver holdbarhed, korrosionsbestandighed og varmestyring.\n<\/p>\n<p><\/p>\n<p><b>2. Hvorfor bruge pulverlakering og anodisering p\u00e5 aluminiumskabinetter? <\/b><\/p>\n<p> Disse overflader giver fremragende beskyttelse mod korrosion, slid og UV-skader, hvilket sikrer langvarig p\u00e5lidelighed i h\u00e5rde milj\u00f8er.\n<\/p>\n<p><\/p>\n<p><b>3. Kan aluminiumsprofiler tilpasses til elektriske motorrammer? <\/b><\/p>\n<p> Ja, vi tilbyder tilpassede profiler, dimensioner og overflader, der passer til specifikke krav til design af motorhuse og kabinetter.\n<\/p>\n<p><\/p>\n<p><b>4. Er disse aluminiumsprofiler egnede til udend\u00f8rs eller industrielle milj\u00f8er? <\/b><\/p>\n<p> Absolut, de pulverlakerede og anodiserede overflader giver langvarig ydeevne under udend\u00f8rs og industrielle forhold.\n<\/p>\n<p><\/p>\n<p><b>5. Hvordan hj\u00e6lper aluminium med varmeafledning i motorhuse? <\/b><\/p>\n<p> Aluminiums naturlige varmeledningsevne hj\u00e6lper med at lede varmen v\u00e6k fra de indvendige komponenter og beskytter dermed motorer og elektronik.\n<\/p>\n<p><\/p>\n<p><b>6. Hvad er de typiske anvendelsesomr\u00e5der for disse aluminiumsprofiler? <\/b><\/p>\n<p> Almindelige anvendelser omfatter rammer til elektriske motorer, drevkabinetter, kontrolbokse til automatisering og industrielle elektronikhuse.\n<\/p>\n<p><\/p>\n<p><b>7. Er aluminiumsprofilen let at bearbejde og montere? <\/b><\/p>\n<p> Ja, vores profiler er designet til nem bearbejdning, boring og integration med standardbef\u00e6stelsessystemer og slutkomponenter.\n<\/p>\n<p><\/p>","protected":false},"featured_media":8013,"template":"","categories":[54],"class_list":["post-8014","product","type-product","status-publish","has-post-thumbnail","hentry","category-industrial-aluminum-profiles"],"meta_box":{"hilight_text_group":{"product_hilight_text":"<li>Durable powder coated and anodized finish for superior corrosion and wear resistance.<\/li>\r\r\n<li>Precision-extruded aluminium profile ensures accurate fitting and assembly.<\/li>\r\r\n<li>Ideal for electric motor housing, control boxes, and electronic enclosures.<\/li>\r\r\n<li>Lightweight yet strong, suitable for demanding industrial applications.<\/li>\r\r\n<li>Customizable shapes, sizes, and surface finishes for tailored solutions.<\/li>\r\r\n<li>Enhanced thermal conductivity helps with efficient heat dissipation.<\/li>\r\r\n<li>Low-maintenance material with long service life in harsh environments.<\/li>","product_chanpin_blog":"<ul>\r\r\n<li><a href=\"https:\/\/sinoextrud.com\/t-slot-v-slot-differences\/\" target=\"_blank\">t slot vs v slot<\/a><\/li>\r\r\n<li><a href=\"https:\/\/sinoextrud.com\/what-is-4040-aluminium-extrud\/\" target=\"_blank\">4040 aluminium extrusion<\/a><\/li>\r\r\n<li><a href=\"https:\/\/sinoextrud.com\/what-is-4040-aluminium-extrud\/\" target=\"_blank\">aluminum extrusions for industrial racks<\/a><\/li>\r\r\n<li><a href=\"https:\/\/sinoextrud.com\/powder-coating-aluminium-process\/\" target=\"_blank\">powder coating aluminium<\/a><\/li>\r\r\n<li><a href=\"https:\/\/sinoextrud.com\/what-is-an-aluminium-strip-ceiling\/\" target=\"_blank\">aluminium strip ceiling<\/a><\/li>\r\r\n<li><a href=\"https:\/\/sinoextrud.com\/what-is-a-heat-sink\/\" target=\"_blank\">what is a heat sink<\/a><\/li>\r\r\n<\/ul>","product_chanpin_chanpin":"<li><a href=\"https:\/\/sinoextrud.com\/product\/customized-extruded-aluminum-trailer-flooring\/\" target=\"_blank\">Customized Extruded Aluminum Trailer Flooring<\/a><\/li>\r\n<li><a href=\"https:\/\/sinoextrud.com\/product\/easy-assembly-bi-slotted-production-line-anodized-aluminium-t-slot-extrusion\/\" target=\"_blank\">Easy Assembly Bi-Slotted Production Line Anodized Aluminium T Slot Extrusion<\/a><\/li>\r\n<li><a href=\"https:\/\/sinoextrud.com\/product\/customized-industrial-aluminum-profile\/\" target=\"_blank\">Customized Industrial Aluminum Profile<\/a><\/li>\r\n<li><a href=\"https:\/\/sinoextrud.com\/product\/structural-aluminium-extrusions\/\" target=\"_blank\">Structural Aluminium Extrusions<\/a><\/li>\r\n<li><a href=\"https:\/\/sinoextrud.com\/product\/powder-coated-and-anodized-aluminium-profile-for-electric-frame-motor-housing-and-aluminum-enclosure\/\" target=\"_blank\">Powder coated and Anodized aluminium profile for electric frame motor housing and aluminum enclosure<\/a><\/li>\r\n<li><a href=\"https:\/\/sinoextrud.com\/product\/customized-powder-coated-anodized-aluminium-extrusion-profile-roller-shutter-supplier\/\" target=\"_blank\">Customized Powder Coated Anodized Aluminium Extrusion Profile Roller Shutter Supplier<\/a><\/li>\r\n<li><a href=\"https:\/\/sinoextrud.com\/product\/design-of-anodized-aluminum-handrail-price\/\" target=\"_blank\">design of anodized aluminum handrail price<\/a><\/li>\r\n<li><a href=\"https:\/\/sinoextrud.com\/product\/standard-extruded-aluminum-shapes\/\" target=\"_blank\">Standard Extruded Aluminum Shapes<\/a><\/li>\r\n<li><a href=\"https:\/\/sinoextrud.com\/product\/t-slot-industrial-extruded-aluminum-profile\/\" target=\"_blank\">T-slot Industrial Extruded Aluminum Profile<\/a><\/li>\r\n<li><a href=\"https:\/\/sinoextrud.com\/product\/aluminum-quarter-round-trim\/\" target=\"_blank\">Aluminum Quarter Round Trim<\/a><\/li>\r\n<li><a href=\"https:\/\/sinoextrud.com\/product\/extruded-aluminium-housing\/\" target=\"_blank\">Extruded Aluminium Housing<\/a><\/li>"},"feature_list":[]},"_links":{"self":[{"href":"https:\/\/sinoextrud.com\/da\/wp-json\/wp\/v2\/product\/8014","targetHints":{"allow":["GET"]}}],"collection":[{"href":"https:\/\/sinoextrud.com\/da\/wp-json\/wp\/v2\/product"}],"about":[{"href":"https:\/\/sinoextrud.com\/da\/wp-json\/wp\/v2\/types\/product"}],"wp:featuredmedia":[{"embeddable":true,"href":"https:\/\/sinoextrud.com\/da\/wp-json\/wp\/v2\/media\/8013"}],"wp:attachment":[{"href":"https:\/\/sinoextrud.com\/da\/wp-json\/wp\/v2\/media?parent=8014"}],"wp:term":[{"taxonomy":"category","embeddable":true,"href":"https:\/\/sinoextrud.com\/da\/wp-json\/wp\/v2\/categories?post=8014"}],"curies":[{"name":"wp","href":"https:\/\/api.w.org\/{rel}","templated":true}]}}