{"id":8006,"date":"2025-06-12T02:40:07","date_gmt":"2025-06-12T02:40:07","guid":{"rendered":"https:\/\/sinoextrud.com\/product\/customized-extruded-aluminum-trailer-flooring\/"},"modified":"2025-06-24T06:22:50","modified_gmt":"2025-06-24T06:22:50","slug":"skraeddersyede-trailergulve-af-ekstruderet-aluminium","status":"publish","type":"product","link":"https:\/\/sinoextrud.com\/da\/product\/customized-extruded-aluminum-trailer-flooring\/","title":{"rendered":"Tilpassede trailergulve af ekstruderet aluminium"},"content":{"rendered":"<h2>Detaljer om produkter<\/h2>\n<table class=\"custom-table\">\n<tbody>\n<tr>\n<td> Produktets navn<\/td>\n<td> trailerd\u00e6k i aluminium, trailergulve i aluminium, tilpassede trailergulve i ekstruderet aluminium<\/td>\n<\/tr>\n<tr>\n<td> Materiale<\/td>\n<td> 6063, 6005, 6061, 6082<\/td>\n<\/tr>\n<tr>\n<td> Farve<\/td>\n<td> M\u00f8lle, s\u00f8lv, poleret eller skr\u00e6ddersyet<\/td>\n<\/tr>\n<tr>\n<td> Temperament<\/td>\n<td> T5 OG T6.<\/td>\n<\/tr>\n<tr>\n<td> L\u00e6ngde<\/td>\n<td> Tilpas, pr\u00e6cis sk\u00e6reoverflade kan tilbydes<\/td>\n<\/tr>\n<tr>\n<td> MOQ<\/td>\n<td> Kan forhandles for pr\u00f8veordre, normalt 200 kg<\/td>\n<\/tr>\n<tr>\n<td> Anvendelse<\/td>\n<td> Lastbil, container, trailer<\/td>\n<\/tr>\n<tr>\n<td> Pakning<\/td>\n<td> Indpakket i perlefilm, bundtet med brunt papir. Eller skr\u00e6ddersy<\/td>\n<\/tr>\n<\/tbody>\n<\/table>\n<h2>Vores produktionsbase<\/h2>\n<h3>Panorama over fabrikken<\/h3>\n<p><img decoding=\"async\" src=\"\/wp-content\/uploads\/factory-01.webp\"\/><\/p>\n<h3>V\u00e6rksted til fremstilling af aluminiumst\u00e6nger<\/h3>\n<p><img decoding=\"async\" src=\"\/wp-content\/uploads\/factory-02.webp\"\/><\/p>\n<\/p>\n<p><img decoding=\"async\" src=\"\/wp-content\/uploads\/factory-03.webp\"\/><\/p>\n<h3>Lager til opbevaring af skimmelsvampe<\/h3>\n<p><img decoding=\"async\" src=\"\/wp-content\/uploads\/factory-04.webp\"\/><\/p>\n<h3>43 ekstruderingslinjer for aluminium (500-5500 ton)<\/h3>\n<p><img decoding=\"async\" src=\"\/wp-content\/uploads\/factory-05.webp\"\/><\/p>\n<p><img decoding=\"async\" src=\"\/wp-content\/uploads\/factory-06.webp\"\/><\/p>\n<p><img decoding=\"async\" src=\"\/wp-content\/uploads\/factory-07.webp\"\/><\/p>\n<h3>V\u00e6rksted for pulverlakering<\/h3>\n<p><img decoding=\"async\" src=\"\/wp-content\/uploads\/factory-09.webp\"\/><\/p>\n<h3>Anodiseringsv\u00e6rksted<\/h3>\n<p><img decoding=\"async\" src=\"\/wp-content\/uploads\/factory-10.webp\"\/><\/p>\n<h3>Workshop om dyb behandling<\/h3>\n<p><img decoding=\"async\" src=\"\/wp-content\/uploads\/factory-11.webp\"\/><\/p>\n<h3>V\u00e6rksted for CNC-pr\u00e6cisionsbearbejdning<\/h3>\n<p><img decoding=\"async\" src=\"\/wp-content\/uploads\/factory-11.5.webp\"\/><\/p>\n<h3>F\u00e6rdigvare- og eksportlager<\/h3>\n<p><img decoding=\"async\" src=\"\/wp-content\/uploads\/factory-12.webp\"\/><\/p>\n<p><img decoding=\"async\" src=\"\/wp-content\/uploads\/factory-13.webp\"\/><\/p>\n<p><img decoding=\"async\" src=\"\/wp-content\/uploads\/factory-14.webp\"\/><\/p>\n<h2>OFTE STILLEDE SP\u00d8RGSM\u00c5L<\/h2>\n<p><b>1. Hvad bruges skr\u00e6ddersyede ekstruderede aluminiumstrailergulve til?<\/b><\/p>\n<p>Skr\u00e6ddersyede trailergulve i ekstruderet aluminium bruges til at skabe st\u00e6rke, holdbare og lette gulvl\u00f8sninger i trailere, hvilket forbedrer b\u00e6reevnen og sikkerheden.\n<\/p>\n<p><\/p>\n<p><b>2. Hvorfor bruges aluminium til trailergulve?<\/b><\/p>\n<p>Aluminium er let, holdbart og korrosionsbestandigt, hvilket g\u00f8r det ideelt til trailergulve, der skal kunne modst\u00e5 tunge belastninger og samtidig v\u00e6re modstandsdygtige over for slid og milj\u00f8skader.\n<\/p>\n<p><\/p>\n<p><b>3. kan skr\u00e6ddersyede ekstruderede aluminiumstrailergulve skr\u00e6ddersys?<\/b><\/p>\n<p>Ja, disse gulve kan tilpasses med hensyn til st\u00f8rrelse, profil og design, s\u00e5 de passer til specifikke trailerdimensioner og lastebehov.\n<\/p>\n<p><\/p>\n<p><b>4. Hvordan forbedrer den skridsikre overflade p\u00e5 trailergulve af aluminium sikkerheden?<\/b><\/p>\n<p>Den skridsikre overflade giver et bedre greb og reducerer risikoen for at glide eller for ulykker under p\u00e5- og afl\u00e6sning, hvilket giver sikkerhed for medarbejdere og gods.\n<\/p>\n<p><\/p>\n<p><b>5. Er skr\u00e6ddersyede ekstruderede aluminiumstrailergulve omkostningseffektive?<\/b><\/p>\n<p>Ja, disse aluminiumsgulve er omkostningseffektive, da de tilbyder langvarig holdbarhed, reducerer vedligeholdelsesomkostningerne og forl\u00e6nger levetiden p\u00e5 trailergulvet.\n<\/p>\n<p><\/p>\n<p><b>6. Hvor let er det at installere tilpassede trailergulve i aluminium?<\/b><\/p>\n<p>Installationen er ligetil, da disse profiler er designet til nem integration, hvilket reducerer installationstiden og arbejdsomkostningerne.\n<\/p>\n<p><\/p>\n<p><b>7. Hvilke industrier drager fordel af skr\u00e6ddersyede ekstruderede aluminiumstrailergulve?<\/b><\/p>\n<p>Brancher som logistik, transport og byggeri nyder godt af disse specialfremstillede gulve til deres trailere, som giver p\u00e5lidelige, sikre og lette gulvl\u00f8sninger.\n<\/p>\n<p><\/p>","protected":false},"featured_media":8005,"template":"","categories":[54],"class_list":["post-8006","product","type-product","status-publish","has-post-thumbnail","hentry","category-industrial-aluminum-profiles"],"meta_box":{"hilight_text_group":{"product_hilight_text":"<li>Durable and corrosion-resistant aluminum construction, perfect for trailer flooring applications.<\/li>\r\r\n<li>Customizable dimensions and profiles to fit various trailer designs and loading requirements.<\/li>\r\r\n<li>Lightweight yet strong, providing excellent load-bearing capacity while reducing vehicle weight.<\/li>\r\r\n<li>Non-slip surface design ensures enhanced safety during loading and unloading operations.<\/li>\r\r\n<li>Easy to install and maintain, minimizing downtime and reducing operational costs.<\/li>","product_chanpin_blog":"<ul>\r\r\n<li><a href=\"https:\/\/sinoextrud.com\/t-slot-v-slot-differences\/\" target=\"_blank\">t slot vs v slot<\/a><\/li>\r\r\n<li><a href=\"https:\/\/sinoextrud.com\/what-is-4040-aluminium-extrud\/\" target=\"_blank\">4040 aluminium extrusion<\/a><\/li>\r\r\n<li><a href=\"https:\/\/sinoextrud.com\/what-is-4040-aluminium-extrud\/\" target=\"_blank\">aluminum extrusions for industrial racks<\/a><\/li>\r\r\n<li><a href=\"https:\/\/sinoextrud.com\/powder-coating-aluminium-process\/\" target=\"_blank\">powder coating aluminium<\/a><\/li>\r\r\n<li><a href=\"https:\/\/sinoextrud.com\/what-is-an-aluminium-strip-ceiling\/\" target=\"_blank\">aluminium strip ceiling<\/a><\/li>\r\r\n<li><a href=\"https:\/\/sinoextrud.com\/what-is-a-heat-sink\/\" target=\"_blank\">what is a heat sink<\/a><\/li>\r\r\n<\/ul>","product_chanpin_chanpin":"<li><a href=\"https:\/\/sinoextrud.com\/product\/custom-extra-large-industrial-equipment-aluminum-profile\/\" target=\"_blank\">Custom Extra Large Industrial Equipment Aluminum Profile<\/a><\/li>\r\n<li><a href=\"https:\/\/sinoextrud.com\/product\/custom-extruded-aluminum-shapes-sunflower-heat-sink\/\" target=\"_blank\">Custom Extruded Aluminum Shapes Sunflower Heat Sink<\/a><\/li>\r\n<li><a href=\"https:\/\/sinoextrud.com\/product\/custom-industrial-aluminum-profiles\/\" target=\"_blank\">Custom Industrial Aluminum Profiles<\/a><\/li>\r\n<li><a href=\"https:\/\/sinoextrud.com\/product\/custom-industrial-extruded-aluminum-alloy\/\" target=\"_blank\">Custom Industrial Extruded Aluminum Alloy<\/a><\/li>\r\n<li><a href=\"https:\/\/sinoextrud.com\/product\/customized-extruded-aluminum-trailer-flooring\/\" target=\"_blank\">Customized Extruded Aluminum Trailer Flooring<\/a><\/li>\r\n<li><a href=\"https:\/\/sinoextrud.com\/product\/easy-assembly-bi-slotted-production-line-anodized-aluminium-t-slot-extrusion\/\" target=\"_blank\">Easy Assembly Bi-Slotted Production Line Anodized Aluminium T Slot Extrusion<\/a><\/li>\r\n<li><a href=\"https:\/\/sinoextrud.com\/product\/customized-industrial-aluminum-profile\/\" target=\"_blank\">Customized Industrial Aluminum Profile<\/a><\/li>\r\n<li><a href=\"https:\/\/sinoextrud.com\/product\/structural-aluminium-extrusions\/\" target=\"_blank\">Structural Aluminium Extrusions<\/a><\/li>\r\n<li><a href=\"https:\/\/sinoextrud.com\/product\/powder-coated-and-anodized-aluminium-profile-for-electric-frame-motor-housing-and-aluminum-enclosure\/\" target=\"_blank\">Powder coated and Anodized aluminium profile for electric frame motor housing and aluminum enclosure<\/a><\/li>\r\n<li><a href=\"https:\/\/sinoextrud.com\/product\/aluminum-extrusions-for-wall-panels-u-shape\/\" target=\"_blank\">Aluminum Extrusions For Wall Panels U Shape<\/a><\/li>\r\n<li><a href=\"https:\/\/sinoextrud.com\/product\/extruded-aluminum-structural-framing\/\" target=\"_blank\">Extruded Aluminum Structural Framing<\/a><\/li>"},"feature_list":[]},"_links":{"self":[{"href":"https:\/\/sinoextrud.com\/da\/wp-json\/wp\/v2\/product\/8006","targetHints":{"allow":["GET"]}}],"collection":[{"href":"https:\/\/sinoextrud.com\/da\/wp-json\/wp\/v2\/product"}],"about":[{"href":"https:\/\/sinoextrud.com\/da\/wp-json\/wp\/v2\/types\/product"}],"wp:featuredmedia":[{"embeddable":true,"href":"https:\/\/sinoextrud.com\/da\/wp-json\/wp\/v2\/media\/8005"}],"wp:attachment":[{"href":"https:\/\/sinoextrud.com\/da\/wp-json\/wp\/v2\/media?parent=8006"}],"wp:term":[{"taxonomy":"category","embeddable":true,"href":"https:\/\/sinoextrud.com\/da\/wp-json\/wp\/v2\/categories?post=8006"}],"curies":[{"name":"wp","href":"https:\/\/api.w.org\/{rel}","templated":true}]}}