{"id":7998,"date":"2025-06-12T02:32:32","date_gmt":"2025-06-12T02:32:32","guid":{"rendered":"https:\/\/sinoextrud.com\/product\/custom-extra-large-industrial-equipment-aluminum-profile\/"},"modified":"2025-06-24T06:22:47","modified_gmt":"2025-06-24T06:22:47","slug":"specialfremstillet-ekstra-stor-aluminiumsprofil-til-industrielt-udstyr","status":"publish","type":"product","link":"https:\/\/sinoextrud.com\/da\/product\/custom-extra-large-industrial-equipment-aluminum-profile\/","title":{"rendered":"Brugerdefineret ekstra stor aluminiumsprofil til industrielt udstyr"},"content":{"rendered":"<h2>Detaljer om produkter<\/h2>\n<table class=\"custom-table\">\n<tr>\n<td class=\"label\">Vare<\/td>\n<td>specialfremstillet ekstra stor aluminiumsprofil til industrielt udstyr<\/td>\n<\/tr>\n<tr>\n<td class=\"label\">Materiale<\/td>\n<td>Aluminiumslegering af h\u00f8j kvalitet (f.eks. 6061, 6063)<\/td>\n<\/tr>\n<tr>\n<td class=\"label\">Profiltype<\/td>\n<td>Brugerdefineret ekstra stor aluminiumsprofil<\/td>\n<\/tr>\n<tr>\n<td class=\"label\">Standardl\u00e6ngde<\/td>\n<td>Op til 9 meter (tilpassede l\u00e6ngder f\u00e5s)<\/td>\n<\/tr>\n<tr>\n<td class=\"label\">Breddeomr\u00e5de<\/td>\n<td>50 mm til 500 mm (tilpassede bredder er tilg\u00e6ngelige)<\/td>\n<\/tr>\n<tr>\n<td class=\"label\">H\u00f8jdeomr\u00e5de<\/td>\n<td>50 mm til 500 mm (tilpassede h\u00f8jder er tilg\u00e6ngelige)<\/td>\n<\/tr>\n<tr>\n<td class=\"label\">Tykkelse<\/td>\n<td>2 mm til 10 mm (tilpasset tykkelse tilg\u00e6ngelig)<\/td>\n<\/tr>\n<tr>\n<td class=\"label\">V\u00e6gt<\/td>\n<td>Varierer afh\u00e6ngigt af dimensioner og design<\/td>\n<\/tr>\n<tr>\n<td class=\"label\">Valg af overfladefinish<\/td>\n<td>Anodiseret, pulverlakering, elektroforese, tr\u00e6korn, b\u00f8rstet, polering<\/td>\n<\/tr>\n<tr>\n<td class=\"label\">Tolerance<\/td>\n<td>\u00b10,1 mm (tilpassede tolerancer er tilg\u00e6ngelige)<\/td>\n<\/tr>\n<tr>\n<td class=\"label\">CNC-bearbejdning<\/td>\n<td>F\u00e5s til pr\u00e6cisionssk\u00e6ring, -boring og -fr\u00e6sning<\/td>\n<\/tr>\n<tr>\n<td class=\"label\">Modstandsdygtighed over for korrosion<\/td>\n<td>Fremragende (naturlig egenskab ved aluminium)<\/td>\n<\/tr>\n<tr>\n<td class=\"label\">B\u00e6rende kapacitet<\/td>\n<td>Varierer afh\u00e6ngigt af profildesign og dimensioner<\/td>\n<\/tr>\n<tr>\n<td class=\"label\">Anvendelser<\/td>\n<td>Tunge maskiner; Industrielle reolsystemer; Transportudstyr; Produktionsudstyr<\/td>\n<\/tr>\n<tr>\n<td class=\"label\">Certificeringer<\/td>\n<td>ISO 9001, RoHS og andre relevante certificeringer<\/td>\n<\/tr>\n<tr>\n<td class=\"label\">Genneml\u00f8bstid<\/td>\n<td>Typisk 2-4 uger (afh\u00e6ngigt af tilpasning og ordrem\u00e6ngde)<\/td>\n<\/tr>\n<tr>\n<td class=\"label\">Mindste ordrem\u00e6ngde (MOQ)<\/td>\n<td>200 kg eller efter aftale<\/td>\n<\/tr>\n<tr>\n<td class=\"label\">Tilpasningsmuligheder<\/td>\n<td>F\u00e5s til dimensioner, overfladefinish og bearbejdning<\/td>\n<\/tr>\n<tr>\n<td class=\"label\">Kvalitetskontrol<\/td>\n<td>Strenge inspektioner i hvert produktionsled<\/td>\n<\/tr>\n<tr>\n<td class=\"label\">Kundesupport<\/td>\n<td>Teknisk support og r\u00e5dgivning er tilg\u00e6ngelig<\/td>\n<\/tr>\n<\/table>\n<h2>Vores produktionsbase<\/h2>\n<h3>Panorama over fabrikken<\/h3>\n<p><img decoding=\"async\" src=\"\/wp-content\/uploads\/factory-01.webp\"\/><\/p>\n<h3>V\u00e6rksted til fremstilling af aluminiumst\u00e6nger<\/h3>\n<p><img decoding=\"async\" src=\"\/wp-content\/uploads\/factory-02.webp\"\/><\/p>\n<\/p>\n<p><img decoding=\"async\" src=\"\/wp-content\/uploads\/factory-03.webp\"\/><\/p>\n<h3>Lager til opbevaring af skimmelsvampe<\/h3>\n<p><img decoding=\"async\" src=\"\/wp-content\/uploads\/factory-04.webp\"\/><\/p>\n<h3>43 ekstruderingslinjer for aluminium (500-5500 ton)<\/h3>\n<p><img decoding=\"async\" src=\"\/wp-content\/uploads\/factory-05.webp\"\/><\/p>\n<p><img decoding=\"async\" src=\"\/wp-content\/uploads\/factory-06.webp\"\/><\/p>\n<p><img decoding=\"async\" src=\"\/wp-content\/uploads\/factory-07.webp\"\/><\/p>\n<h3>V\u00e6rksted for pulverlakering<\/h3>\n<p><img decoding=\"async\" src=\"\/wp-content\/uploads\/factory-09.webp\"\/><\/p>\n<h3>Anodiseringsv\u00e6rksted<\/h3>\n<p><img decoding=\"async\" src=\"\/wp-content\/uploads\/factory-10.webp\"\/><\/p>\n<h3>Workshop om dyb behandling<\/h3>\n<p><img decoding=\"async\" src=\"\/wp-content\/uploads\/factory-11.webp\"\/><\/p>\n<h3>V\u00e6rksted for CNC-pr\u00e6cisionsbearbejdning<\/h3>\n<p><img decoding=\"async\" src=\"\/wp-content\/uploads\/factory-11.5.webp\"\/><\/p>\n<h3>F\u00e6rdigvare- og eksportlager<\/h3>\n<p><img decoding=\"async\" src=\"\/wp-content\/uploads\/factory-12.webp\"\/><\/p>\n<p><img decoding=\"async\" src=\"\/wp-content\/uploads\/factory-13.webp\"\/><\/p>\n<p><img decoding=\"async\" src=\"\/wp-content\/uploads\/factory-14.webp\"\/><\/p>\n<h2>OFTE STILLEDE SP\u00d8RGSM\u00c5L<\/h2>\n<p><b>1. Hvad er fordelene ved at bruge specialfremstillede ekstra store aluminiumsprofiler til industrielt udstyr? <\/b><\/p>\n<p> Disse profiler har h\u00f8j styrke, korrosionsbestandighed og er lette, hvilket g\u00f8r dem ideelle til kr\u00e6vende industrielle anvendelser.\n<\/p>\n<p><\/p>\n<p><b>2. kan brugerdefinerede ekstra store aluminiumsprofiler til industrielt udstyr tilpasses? <\/b><\/p>\n<p> Ja, de kan tilpasses i st\u00f8rrelse, form og design, s\u00e5 de passer til specifikke behov for industrielt udstyr.\n<\/p>\n<p><\/p>\n<p><b>3. Hvor holdbare er brugerdefinerede ekstra store aluminiumsprofiler til industrielt udstyr? <\/b><\/p>\n<p> De er meget holdbare, fremstillet af korrosionsbestandigt aluminium, hvilket sikrer langvarig ydeevne selv i barske milj\u00f8er.\n<\/p>\n<p><\/p>\n<p><b>4. Hvilke industrier drager fordel af brugerdefinerede ekstra store aluminiumsprofiler til industrielt udstyr? <\/b><\/p>\n<p> Disse profiler er perfekte til industrier som produktion, byggeri og tungt maskineri, hvor der er brug for store, robuste komponenter.\n<\/p>\n<p><\/p>\n<p><b>5. Er specialfremstillede aluminiumsprofiler til ekstra stort industrielt udstyr nemme at vedligeholde? <\/b><\/p>\n<p> Ja, de er nemme at vedligeholde p\u00e5 grund af deres lette design og det faktum, at de hurtigt kan samles og skilles ad.\n<\/p>\n<p><\/p>\n<p><b>6. er brugerdefinerede ekstra store aluminiumsprofiler til industrielt udstyr milj\u00f8venlige? <\/b><\/p>\n<p> Ja, aluminium er et fuldt genanvendeligt materiale, hvilket g\u00f8r det til et milj\u00f8venligt valg til industrielle anvendelser.\n<\/p>\n<p><\/p>\n<p><b>7. Hvordan forbedrer specialfremstillede aluminiumsprofiler til ekstra stort industrielt udstyr udstyrets ydeevne? <\/b><\/p>\n<p> Deres h\u00f8je termiske og elektriske ledningsevne forbedrer effektiviteten og p\u00e5lideligheden af industrielt udstyr.\n<\/p>\n<p><\/p>","protected":false},"featured_media":7997,"template":"","categories":[54],"class_list":["post-7998","product","type-product","status-publish","has-post-thumbnail","hentry","category-industrial-aluminum-profiles"],"meta_box":{"hilight_text_group":{"product_hilight_text":"<ul>\r\r\n  <li>Durable and high-strength aluminum profiles for heavy-duty industrial applications<\/li>\r\r\n  <li>Customizable sizes and shapes to meet specific equipment requirements<\/li>\r\r\n  <li>Lightweight yet sturdy, ideal for large-scale industrial equipment<\/li>\r\r\n  <li>Corrosion-resistant, ensuring longevity in harsh industrial environments<\/li>\r\r\n  <li>Easy to assemble and disassemble, reducing maintenance costs<\/li>\r\r\n  <li>High thermal and electrical conductivity, enhancing equipment efficiency<\/li>\r\r\n  <li>Environmentally friendly, fully recyclable material<\/li>\r\r\n<\/ul>","product_chanpin_blog":"<ul>\r\r\n<li><a href=\"https:\/\/sinoextrud.com\/t-slot-v-slot-differences\/\" target=\"_blank\">t slot vs v slot<\/a><\/li>\r\r\n<li><a href=\"https:\/\/sinoextrud.com\/what-is-4040-aluminium-extrud\/\" target=\"_blank\">4040 aluminium extrusion<\/a><\/li>\r\r\n<li><a href=\"https:\/\/sinoextrud.com\/what-is-4040-aluminium-extrud\/\" target=\"_blank\">aluminum extrusions for industrial racks<\/a><\/li>\r\r\n<li><a href=\"https:\/\/sinoextrud.com\/powder-coating-aluminium-process\/\" target=\"_blank\">powder coating aluminium<\/a><\/li>\r\r\n<li><a href=\"https:\/\/sinoextrud.com\/what-is-an-aluminium-strip-ceiling\/\" target=\"_blank\">aluminium strip ceiling<\/a><\/li>\r\r\n<li><a href=\"https:\/\/sinoextrud.com\/what-is-a-heat-sink\/\" target=\"_blank\">what is a heat sink<\/a><\/li>\r\r\n<\/ul>","product_chanpin_chanpin":"<li><a href=\"https:\/\/sinoextrud.com\/product\/extrusion-led-aluminum-channel\/\" target=\"_blank\">Extrusion Led Aluminum Channel<\/a><\/li>\r\n<li><a href=\"https:\/\/sinoextrud.com\/product\/hard-anodized-aluminum-profile\/\" target=\"_blank\">Hard Anodized Aluminum Profile<\/a><\/li>\r\n<li><a href=\"https:\/\/sinoextrud.com\/product\/cutting-extruded-aluminum-for-led\/\" target=\"_blank\">Cutting Extruded Aluminum For LED<\/a><\/li>\r\n<li><a href=\"https:\/\/sinoextrud.com\/product\/custom-decorative-hollow-alloy-rectangular-square-aluminum-tube-sizes\/\" target=\"_blank\">Custom Decorative Hollow Alloy Rectangular Square Aluminum Tube Sizes<\/a><\/li>\r\n<li><a href=\"https:\/\/sinoextrud.com\/product\/custom-extra-large-industrial-equipment-aluminum-profile\/\" target=\"_blank\">Custom Extra Large Industrial Equipment Aluminum Profile<\/a><\/li>\r\n<li><a href=\"https:\/\/sinoextrud.com\/product\/custom-extruded-aluminum-shapes-sunflower-heat-sink\/\" target=\"_blank\">Custom Extruded Aluminum Shapes Sunflower Heat Sink<\/a><\/li>\r\n<li><a href=\"https:\/\/sinoextrud.com\/product\/custom-industrial-aluminum-profiles\/\" target=\"_blank\">Custom Industrial Aluminum Profiles<\/a><\/li>\r\n<li><a href=\"https:\/\/sinoextrud.com\/product\/custom-industrial-extruded-aluminum-alloy\/\" target=\"_blank\">Custom Industrial Extruded Aluminum Alloy<\/a><\/li>\r\n<li><a href=\"https:\/\/sinoextrud.com\/product\/customized-extruded-aluminum-trailer-flooring\/\" target=\"_blank\">Customized Extruded Aluminum Trailer Flooring<\/a><\/li>\r\n<li><a href=\"https:\/\/sinoextrud.com\/product\/wood-grain-bamboo-aluminum-pipe\/\" target=\"_blank\">Wood Grain Bamboo Aluminum Pipe<\/a><\/li>\r\n<li><a href=\"https:\/\/sinoextrud.com\/product\/7-series-and-1-series-aluminum-beam-profile\/\" target=\"_blank\">7 Series And 1 Series Aluminum Beam Profile<\/a><\/li>"},"feature_list":[]},"_links":{"self":[{"href":"https:\/\/sinoextrud.com\/da\/wp-json\/wp\/v2\/product\/7998","targetHints":{"allow":["GET"]}}],"collection":[{"href":"https:\/\/sinoextrud.com\/da\/wp-json\/wp\/v2\/product"}],"about":[{"href":"https:\/\/sinoextrud.com\/da\/wp-json\/wp\/v2\/types\/product"}],"wp:featuredmedia":[{"embeddable":true,"href":"https:\/\/sinoextrud.com\/da\/wp-json\/wp\/v2\/media\/7997"}],"wp:attachment":[{"href":"https:\/\/sinoextrud.com\/da\/wp-json\/wp\/v2\/media?parent=7998"}],"wp:term":[{"taxonomy":"category","embeddable":true,"href":"https:\/\/sinoextrud.com\/da\/wp-json\/wp\/v2\/categories?post=7998"}],"curies":[{"name":"wp","href":"https:\/\/api.w.org\/{rel}","templated":true}]}}