{"id":7994,"date":"2025-06-12T02:26:38","date_gmt":"2025-06-12T02:26:38","guid":{"rendered":"https:\/\/sinoextrud.com\/product\/cutting-extruded-aluminum-for-led\/"},"modified":"2025-06-24T06:22:45","modified_gmt":"2025-06-24T06:22:45","slug":"skaering-af-ekstruderet-aluminium-til-led","status":"publish","type":"product","link":"https:\/\/sinoextrud.com\/da\/product\/cutting-extruded-aluminum-for-led\/","title":{"rendered":"Sk\u00e6ring af ekstruderet aluminium til LED"},"content":{"rendered":"<h2>Detaljer om produkter<\/h2>\n<table class=\"custom-table\">\n<tr>\n<td class=\"label\">1. Produktets navn:<\/td>\n<td> Sk\u00e6ring af ekstruderet aluminium til LED<\/td>\n<\/tr>\n<tr>\n<td class=\"label\">2. Materiale :<\/td>\n<td> Aluminiumslegering 6063-T5<\/td>\n<\/tr>\n<tr>\n<td class=\"label\">3. F\u00e6rdig:<\/td>\n<td> National standard anodiseret s\u00f8lv<\/td>\n<\/tr>\n<tr>\n<td class=\"label\">4. Ud\u00f8vende standard:<\/td>\n<td> GB5237-2008<\/td>\n<\/tr>\n<tr>\n<td class=\"label\">5. Certifikater:<\/td>\n<td> ISO9001<\/td>\n<\/tr>\n<tr>\n<td class=\"label\">6. Model:<\/td>\n<td> OEM\/ODM<\/td>\n<\/tr>\n<tr>\n<td class=\"label\">7. Anvendelse:<\/td>\n<td> Displayramme, LED, solpanel, dekoration, billedramme,<\/td>\n<\/tr>\n<\/table>\n<h2>Vores produktionsbase<\/h2>\n<h3>Panorama over fabrikken<\/h3>\n<p><img decoding=\"async\" src=\"\/wp-content\/uploads\/factory-01.webp\"\/><\/p>\n<h3>V\u00e6rksted til fremstilling af aluminiumst\u00e6nger<\/h3>\n<p><img decoding=\"async\" src=\"\/wp-content\/uploads\/factory-02.webp\"\/><\/p>\n<p><img decoding=\"async\" src=\"\/wp-content\/uploads\/factory-03.webp\"\/><\/p>\n<h3>Lager til opbevaring af skimmelsvampe<\/h3>\n<p><img decoding=\"async\" src=\"\/wp-content\/uploads\/factory-04.webp\"\/><\/p>\n<h3>43 ekstruderingslinjer for aluminium (500-5500 ton)<\/h3>\n<p><img decoding=\"async\" src=\"\/wp-content\/uploads\/factory-05.webp\"\/><\/p>\n<p><img decoding=\"async\" src=\"\/wp-content\/uploads\/factory-06.webp\"\/><\/p>\n<p><img decoding=\"async\" src=\"\/wp-content\/uploads\/factory-07.webp\"\/><\/p>\n<h3>V\u00e6rksted for pulverlakering<\/h3>\n<p><img decoding=\"async\" src=\"\/wp-content\/uploads\/factory-09.webp\"\/><\/p>\n<h3>Anodiseringsv\u00e6rksted<\/h3>\n<p><img decoding=\"async\" src=\"\/wp-content\/uploads\/factory-10.webp\"\/><\/p>\n<h3>Workshop om dyb behandling<\/h3>\n<p><img decoding=\"async\" src=\"\/wp-content\/uploads\/factory-11.webp\"\/><\/p>\n<h3>V\u00e6rksted for CNC-pr\u00e6cisionsbearbejdning<\/h3>\n<p><img decoding=\"async\" src=\"\/wp-content\/uploads\/factory-11.5.webp\"\/><\/p>\n<h3>F\u00e6rdigvare- og eksportlager<\/h3>\n<p><img decoding=\"async\" src=\"\/wp-content\/uploads\/factory-12.webp\"\/><\/p>\n<p><img decoding=\"async\" src=\"\/wp-content\/uploads\/factory-13.webp\"\/><\/p>\n<p><img decoding=\"async\" src=\"\/wp-content\/uploads\/factory-14.webp\"\/><\/p>\n<h2>OFTE STILLEDE SP\u00d8RGSM\u00c5L<\/h2>\n<p><p><b>1. Hvad er form\u00e5let med at sk\u00e6re ekstruderet aluminium til LED-applikationer? <\/b><\/p>\n<p> Sk\u00e6ring af ekstruderet aluminium til LED sikrer en pr\u00e6cis pasform, der giver mulighed for ren installation og optimal varmestyring i belysningssystemer.<br \/>\n<\/p><br \/>\n<br \/>\n<p><b>2. Hvorfor er pr\u00e6cisionssk\u00e6ring vigtig for LED-aluminiumsprofiler? <\/b><\/p>\n<p> Pr\u00e6cisionssk\u00e6ring garanterer n\u00f8jagtige dimensioner og sikrer, at aluminiumskanalerne passer perfekt til LED-strips og arkitektoniske detaljer.<br \/>\n<\/p><br \/>\n<br \/>\n<p><b>3. kan du tilpasse sk\u00e6rel\u00e6ngden for LED-profiler? <\/b><\/p>\n<p> Ja, vi tilbyder skr\u00e6ddersyet sk\u00e6ring af ekstruderet aluminium, s\u00e5 det passer til specifikke LED-layout og projektkrav.<br \/>\n<\/p><br \/>\n<br \/>\n<p><b>4. Hvordan hj\u00e6lper aluminiumsekstrudering med LED-varmeafledning? <\/b><\/p>\n<p> Aluminiumsprofiler overf\u00f8rer effektivt varmen v\u00e6k fra LED-stripsene, hvilket forbedrer ydeevnen og forl\u00e6nger deres levetid.<br \/>\n<\/p><br \/>\n<br \/>\n<p><b>5. Er det udsk\u00e5rne aluminium klar til montering? <\/b><\/p>\n<p> Ja, alle udsk\u00e5rne ekstruderede aluminiumsprofiler er afgratet og f\u00e6rdigbehandlet til \u00f8jeblikkelig brug i LED-belysningsprojekter.<br \/>\n<\/p><br \/>\n<br \/>\n<p><b>6. Hvilke typer LED-installationer kan bruge sk\u00e5rne aluminiumsprofiler? <\/b><\/p>\n<p> Sk\u00e5rne aluminiumsprofiler er ideelle til line\u00e6r belysning i lofter, under skabe, udstillingsvinduer og arkitektoniske accenter.<br \/>\n<\/p><br \/>\n<br \/>\n<p><b>7. Findes der tilbeh\u00f8r til udsk\u00e5ret ekstruderet aluminium til LED? <\/b><\/p>\n<p> Vi tilbyder absolut kompatible endestykker, diffusorer, monteringsclips og andet tilbeh\u00f8r til komplette LED-profilsystemer.<br \/>\n<\/p><br \/><\/p>","protected":false},"featured_media":7993,"template":"","categories":[54],"class_list":["post-7994","product","type-product","status-publish","has-post-thumbnail","hentry","category-industrial-aluminum-profiles"],"meta_box":{"hilight_text_group":{"product_hilight_text":"<li>Precision cutting ensures perfect fit for LED strip light installations.<\/li>\r\r\n<li>High-quality extruded aluminum provides excellent thermal conductivity.<\/li>\r\r\n<li>Customized lengths and angles available for flexible lighting designs.<\/li>\r\r\n<li>Clean edges and accurate dimensions for seamless integration.<\/li>\r\r\n<li>Enhances LED lifespan by optimizing heat dissipation.<\/li>\r\r\n<li>Ideal for architectural, commercial, and interior LED applications.<\/li>\r\r\n<li>Compatible with various LED channel covers and accessories.<\/li>","product_chanpin_blog":"<ul>\r\r\n<li><a href=\"https:\/\/sinoextrud.com\/t-slot-v-slot-differences\/\" target=\"_blank\">t slot vs v slot<\/a><\/li>\r\r\n<li><a href=\"https:\/\/sinoextrud.com\/what-is-4040-aluminium-extrud\/\" target=\"_blank\">4040 aluminium extrusion<\/a><\/li>\r\r\n<li><a href=\"https:\/\/sinoextrud.com\/what-is-4040-aluminium-extrud\/\" target=\"_blank\">aluminum extrusions for industrial racks<\/a><\/li>\r\r\n<li><a href=\"https:\/\/sinoextrud.com\/powder-coating-aluminium-process\/\" target=\"_blank\">powder coating aluminium<\/a><\/li>\r\r\n<li><a href=\"https:\/\/sinoextrud.com\/what-is-an-aluminium-strip-ceiling\/\" target=\"_blank\">aluminium strip ceiling<\/a><\/li>\r\r\n<li><a href=\"https:\/\/sinoextrud.com\/what-is-a-heat-sink\/\" target=\"_blank\">what is a heat sink<\/a><\/li>\r\r\n<\/ul>","product_chanpin_chanpin":"<li><a href=\"https:\/\/sinoextrud.com\/product\/black-extruded-aluminum-heat-sink-profiles\/\" target=\"_blank\">Black Extruded Aluminum Heat Sink Profiles<\/a><\/li>\r\n<li><a href=\"https:\/\/sinoextrud.com\/product\/cnc-machined-6063-heavy-duty-industrial-part\/\" target=\"_blank\">CNC Machined 6063 Heavy-duty Industrial Part<\/a><\/li>\r\n<li><a href=\"https:\/\/sinoextrud.com\/product\/extrusion-led-aluminum-channel\/\" target=\"_blank\">Extrusion Led Aluminum Channel<\/a><\/li>\r\n<li><a href=\"https:\/\/sinoextrud.com\/product\/hard-anodized-aluminum-profile\/\" target=\"_blank\">Hard Anodized Aluminum Profile<\/a><\/li>\r\n<li><a href=\"https:\/\/sinoextrud.com\/product\/cutting-extruded-aluminum-for-led\/\" target=\"_blank\">Cutting Extruded Aluminum For LED<\/a><\/li>\r\n<li><a href=\"https:\/\/sinoextrud.com\/product\/custom-decorative-hollow-alloy-rectangular-square-aluminum-tube-sizes\/\" target=\"_blank\">Custom Decorative Hollow Alloy Rectangular Square Aluminum Tube Sizes<\/a><\/li>\r\n<li><a href=\"https:\/\/sinoextrud.com\/product\/custom-extra-large-industrial-equipment-aluminum-profile\/\" target=\"_blank\">Custom Extra Large Industrial Equipment Aluminum Profile<\/a><\/li>\r\n<li><a href=\"https:\/\/sinoextrud.com\/product\/custom-extruded-aluminum-shapes-sunflower-heat-sink\/\" target=\"_blank\">Custom Extruded Aluminum Shapes Sunflower Heat Sink<\/a><\/li>\r\n<li><a href=\"https:\/\/sinoextrud.com\/product\/custom-industrial-aluminum-profiles\/\" target=\"_blank\">Custom Industrial Aluminum Profiles<\/a><\/li>\r\n<li><a href=\"https:\/\/sinoextrud.com\/product\/aluminium-profile-structure\/\" target=\"_blank\">Aluminium Profile Structure<\/a><\/li>\r\n<li><a href=\"https:\/\/sinoextrud.com\/product\/custom-high-quality-reinforced-aluminum-flood-planks-aluminum-flood-barrier-profiles\/\" target=\"_blank\">Custom High-quality Reinforced Aluminum Flood Planks Aluminum Flood Barrier Profiles<\/a><\/li>"},"feature_list":[]},"_links":{"self":[{"href":"https:\/\/sinoextrud.com\/da\/wp-json\/wp\/v2\/product\/7994","targetHints":{"allow":["GET"]}}],"collection":[{"href":"https:\/\/sinoextrud.com\/da\/wp-json\/wp\/v2\/product"}],"about":[{"href":"https:\/\/sinoextrud.com\/da\/wp-json\/wp\/v2\/types\/product"}],"wp:featuredmedia":[{"embeddable":true,"href":"https:\/\/sinoextrud.com\/da\/wp-json\/wp\/v2\/media\/7993"}],"wp:attachment":[{"href":"https:\/\/sinoextrud.com\/da\/wp-json\/wp\/v2\/media?parent=7994"}],"wp:term":[{"taxonomy":"category","embeddable":true,"href":"https:\/\/sinoextrud.com\/da\/wp-json\/wp\/v2\/categories?post=7994"}],"curies":[{"name":"wp","href":"https:\/\/api.w.org\/{rel}","templated":true}]}}