{"id":7990,"date":"2025-06-12T02:23:18","date_gmt":"2025-06-12T02:23:18","guid":{"rendered":"https:\/\/sinoextrud.com\/product\/extrusion-led-aluminum-channel\/"},"modified":"2025-06-24T06:22:45","modified_gmt":"2025-06-24T06:22:45","slug":"ekstrudering-led-aluminiumskanal","status":"publish","type":"product","link":"https:\/\/sinoextrud.com\/da\/product\/extrusion-led-aluminum-channel\/","title":{"rendered":"Ekstruderet led aluminiumskanal"},"content":{"rendered":"<h2>Detaljer om produkter<\/h2>\n<table class=\"custom-table\">\n<tbody>\n<tr>\n<td> Vare:<\/td>\n<td> Ekstruderet led aluminiumskanal<\/td>\n<\/tr>\n<tr>\n<td> Temperament:<\/td>\n<td> T3-T8<\/td>\n<\/tr>\n<tr>\n<td> Legering:<\/td>\n<td> Legering<\/td>\n<\/tr>\n<tr>\n<td> Legeringsingrediens:<\/td>\n<td> 6061 ,6063 ,6082 ,6463, 6060 ,6005 osv.<\/td>\n<\/tr>\n<tr>\n<td> Form:<\/td>\n<td> i henhold til kundens tegning<\/td>\n<\/tr>\n<tr>\n<td> Poleret aluminiumsprofil:<\/td>\n<td> i henhold til kundens krav<\/td>\n<\/tr>\n<tr>\n<td> OEM-design\/pr\u00f8ver:<\/td>\n<td> Velkommen\/Akceptabel<\/td>\n<\/tr>\n<tr>\n<td> Specifikation:<\/td>\n<td> I henhold til kundens design<\/td>\n<\/tr>\n<tr>\n<td> Type:<\/td>\n<td> Aluminiumsprofil til vinduer og d\u00f8re, aluminiumsprofil til dekoration, aluminiumsprofil til k\u00f8leplade, aluminiumsprofil til glasv\u00e6g, aluminiumsprofil til transport, industriel aluminiumsprofil<\/td>\n<\/tr>\n<tr>\n<td> Overfladebehandling:<\/td>\n<td> Mill Finish, anodiseret, pulverlakeret osv.<\/td>\n<\/tr>\n<tr>\n<td> Farver:<\/td>\n<td> S\u00f8lv, sort, guld, r\u00f8d, hvid osv.<\/td>\n<\/tr>\n<tr>\n<td> Certificering:<\/td>\n<td> CE, ISO, RoHS<\/td>\n<\/tr>\n<tr>\n<td> Testrapport:<\/td>\n<td> Ja<\/td>\n<\/tr>\n<tr>\n<td> Transportpakke:<\/td>\n<td> Hvert stykke pakket i PVC-papir og kartoner<\/td>\n<\/tr>\n<tr>\n<td> Oprindelse:<\/td>\n<td> Guangdong, Kina<\/td>\n<\/tr>\n<\/tbody>\n<\/table>\n<h2>Vores produktionsbase<\/h2>\n<h3>Panorama over fabrikken<\/h3>\n<p><img decoding=\"async\" src=\"\/wp-content\/uploads\/factory-01.webp\"\/><\/p>\n<h3>V\u00e6rksted til fremstilling af aluminiumst\u00e6nger<\/h3>\n<p><img decoding=\"async\" src=\"\/wp-content\/uploads\/factory-02.webp\"\/><\/p>\n<p><img decoding=\"async\" src=\"\/wp-content\/uploads\/factory-03.webp\"\/><\/p>\n<h3>Lager til opbevaring af skimmelsvampe<\/h3>\n<p><img decoding=\"async\" src=\"\/wp-content\/uploads\/factory-04.webp\"\/><\/p>\n<h3>43 ekstruderingslinjer for aluminium (500-5500 ton)<\/h3>\n<p><img decoding=\"async\" src=\"\/wp-content\/uploads\/factory-05.webp\"\/><\/p>\n<p><img decoding=\"async\" src=\"\/wp-content\/uploads\/factory-06.webp\"\/><\/p>\n<p><img decoding=\"async\" src=\"\/wp-content\/uploads\/factory-07.webp\"\/><\/p>\n<h3>V\u00e6rksted for pulverlakering<\/h3>\n<p><img decoding=\"async\" src=\"\/wp-content\/uploads\/factory-09.webp\"\/><\/p>\n<h3>Anodiseringsv\u00e6rksted<\/h3>\n<p><img decoding=\"async\" src=\"\/wp-content\/uploads\/factory-10.webp\"\/><\/p>\n<h3>Workshop om dyb behandling<\/h3>\n<p><img decoding=\"async\" src=\"\/wp-content\/uploads\/factory-11.webp\"\/><\/p>\n<h3>V\u00e6rksted for CNC-pr\u00e6cisionsbearbejdning<\/h3>\n<p><img decoding=\"async\" src=\"\/wp-content\/uploads\/factory-11.5.webp\"\/><\/p>\n<h3>F\u00e6rdigvare- og eksportlager<\/h3>\n<p><img decoding=\"async\" src=\"\/wp-content\/uploads\/factory-12.webp\"\/><\/p>\n<p><img decoding=\"async\" src=\"\/wp-content\/uploads\/factory-13.webp\"\/><\/p>\n<p><img decoding=\"async\" src=\"\/wp-content\/uploads\/factory-14.webp\"\/><\/p>\n<h2>OFTE STILLEDE SP\u00d8RGSM\u00c5L<\/h2>\n<p><p><b>1. Hvad bruges en ekstruderet LED-aluminiumskanal til? <\/b><\/p>\n<p> En ekstruderet LED-aluminiumskanal bruges til at huse og beskytte LED-strips, hvilket giver bedre varmeafledning og et f\u00e6rdigt udseende.<br \/>\n<\/p><br \/>\n<br \/>\n<p><b>2. Hvorfor bruges aluminium til LED-kanaler? <\/b><\/p>\n<p> Aluminium er ideelt til LED-kanaler, fordi det leder varmen effektivt, hvilket er med til at forl\u00e6nge LED-stripes levetid og ydeevne.<br \/>\n<\/p><br \/>\n<br \/>\n<p><b>3. Kan LED-aluminiumskanaler tilpasses? <\/b><\/p>\n<p> Ja, ekstruderede LED-aluminiumskanaler kan tilpasses i l\u00e6ngde, form og finish, s\u00e5 de passer til specifikke krav til belysningsdesign.<br \/>\n<\/p><br \/>\n<br \/>\n<p><b>4. F\u00f8lger der diffusorer med LED-aluminiumskanalerne? <\/b><\/p>\n<p> Diffusorer er valgfrit tilbeh\u00f8r, der kan tilf\u00f8jes til LED-aluminiumskanaler for at bl\u00f8dg\u00f8re lyset og fjerne bl\u00e6nding.<br \/>\n<\/p><br \/>\n<br \/>\n<p><b>5. Hvordan forbedrer en aluminiumskanal LED'ens ydeevne? <\/b><\/p>\n<p> Aluminiumskroppen afleder varmen effektivt, forhindrer overophedning og sikrer ensartet lysstyrke og l\u00e6ngere LED-levetid.<br \/>\n<\/p><br \/>\n<br \/>\n<p><b>6. Hvor kan LED-aluminiumsskinner installeres? <\/b><\/p>\n<p> Disse kanaler kan monteres p\u00e5 lofter, v\u00e6gge, gulve, m\u00f8bler og andre overflader til b\u00e5de bolig- og erhvervsbelysning.<br \/>\n<\/p><br \/>\n<br \/>\n<p><b>7. Forbedrer LED-aluminiumskanaler belysningens udseende? <\/b><\/p>\n<p> Ja, de giver et rent, professionelt udseende, der forbedrer den overordnede \u00e6stetik i lysinstallationer.<br \/>\n<\/p><br \/><\/p>","protected":false},"featured_media":7989,"template":"","categories":[54],"class_list":["post-7990","product","type-product","status-publish","has-post-thumbnail","hentry","category-industrial-aluminum-profiles"],"meta_box":{"hilight_text_group":{"product_hilight_text":"<li>Provides professional housing and protection for LED strip lighting.<\/li>\r\r\n<li>Extruded aluminum ensures excellent heat dissipation and durability.<\/li>\r\r\n<li>Sleek, modern profile enhances lighting aesthetics in architectural designs.<\/li>\r\r\n<li>Compatible with diffusers and end caps for complete lighting systems.<\/li>\r\r\n<li>Customizable lengths and shapes to fit various installation requirements.<\/li>\r\r\n<li>Easy to mount on surfaces like walls, ceilings, and cabinets.<\/li>\r\r\n<li>Improves LED lifespan by reducing heat buildup.<\/li>","product_chanpin_blog":"<ul>\r\r\n<li><a href=\"https:\/\/sinoextrud.com\/t-slot-v-slot-differences\/\" target=\"_blank\">t slot vs v slot<\/a><\/li>\r\r\n<li><a href=\"https:\/\/sinoextrud.com\/what-is-4040-aluminium-extrud\/\" target=\"_blank\">4040 aluminium extrusion<\/a><\/li>\r\r\n<li><a href=\"https:\/\/sinoextrud.com\/what-is-4040-aluminium-extrud\/\" target=\"_blank\">aluminum extrusions for industrial racks<\/a><\/li>\r\r\n<li><a href=\"https:\/\/sinoextrud.com\/powder-coating-aluminium-process\/\" target=\"_blank\">powder coating aluminium<\/a><\/li>\r\r\n<li><a href=\"https:\/\/sinoextrud.com\/what-is-an-aluminium-strip-ceiling\/\" target=\"_blank\">aluminium strip ceiling<\/a><\/li>\r\r\n<li><a href=\"https:\/\/sinoextrud.com\/what-is-a-heat-sink\/\" target=\"_blank\">what is a heat sink<\/a><\/li>\r\r\n<\/ul>","product_chanpin_chanpin":"<li><a href=\"https:\/\/sinoextrud.com\/product\/aluminum-z-section-extrusions\/\" target=\"_blank\">Aluminum Z Section Extrusions<\/a><\/li>\r\n<li><a href=\"https:\/\/sinoextrud.com\/product\/anodized-matt-and-various-color-extruded-construction-aluminium-profile\/\" target=\"_blank\">Anodized Matt And Various Color Extruded Construction Aluminium Profile<\/a><\/li>\r\n<li><a href=\"https:\/\/sinoextrud.com\/product\/black-extruded-aluminum-heat-sink-profiles\/\" target=\"_blank\">Black Extruded Aluminum Heat Sink Profiles<\/a><\/li>\r\n<li><a href=\"https:\/\/sinoextrud.com\/product\/cnc-machined-6063-heavy-duty-industrial-part\/\" target=\"_blank\">CNC Machined 6063 Heavy-duty Industrial Part<\/a><\/li>\r\n<li><a href=\"https:\/\/sinoextrud.com\/product\/extrusion-led-aluminum-channel\/\" target=\"_blank\">Extrusion Led Aluminum Channel<\/a><\/li>\r\n<li><a href=\"https:\/\/sinoextrud.com\/product\/hard-anodized-aluminum-profile\/\" target=\"_blank\">Hard Anodized Aluminum Profile<\/a><\/li>\r\n<li><a href=\"https:\/\/sinoextrud.com\/product\/cutting-extruded-aluminum-for-led\/\" target=\"_blank\">Cutting Extruded Aluminum For LED<\/a><\/li>\r\n<li><a href=\"https:\/\/sinoextrud.com\/product\/custom-decorative-hollow-alloy-rectangular-square-aluminum-tube-sizes\/\" target=\"_blank\">Custom Decorative Hollow Alloy Rectangular Square Aluminum Tube Sizes<\/a><\/li>\r\n<li><a href=\"https:\/\/sinoextrud.com\/product\/custom-extra-large-industrial-equipment-aluminum-profile\/\" target=\"_blank\">Custom Extra Large Industrial Equipment Aluminum Profile<\/a><\/li>\r\n<li><a href=\"https:\/\/sinoextrud.com\/product\/anodized-colorful-oem-aluminium-profile-for-decoration-furniture-accessory-price\/\" target=\"_blank\">Anodized Colorful OEM Aluminium Profile For Decoration Furniture Accessory price<\/a><\/li>\r\n<li><a href=\"https:\/\/sinoextrud.com\/product\/t-slot-aluminium-profile-extrusion-bulk-selling-98-pure-aluminum-price\/\" target=\"_blank\">t-slot aluminium profile extrusion bulk selling 98% pure aluminum price<\/a><\/li>"},"feature_list":[]},"_links":{"self":[{"href":"https:\/\/sinoextrud.com\/da\/wp-json\/wp\/v2\/product\/7990","targetHints":{"allow":["GET"]}}],"collection":[{"href":"https:\/\/sinoextrud.com\/da\/wp-json\/wp\/v2\/product"}],"about":[{"href":"https:\/\/sinoextrud.com\/da\/wp-json\/wp\/v2\/types\/product"}],"wp:featuredmedia":[{"embeddable":true,"href":"https:\/\/sinoextrud.com\/da\/wp-json\/wp\/v2\/media\/7989"}],"wp:attachment":[{"href":"https:\/\/sinoextrud.com\/da\/wp-json\/wp\/v2\/media?parent=7990"}],"wp:term":[{"taxonomy":"category","embeddable":true,"href":"https:\/\/sinoextrud.com\/da\/wp-json\/wp\/v2\/categories?post=7990"}],"curies":[{"name":"wp","href":"https:\/\/api.w.org\/{rel}","templated":true}]}}