{"id":7964,"date":"2025-06-12T01:54:43","date_gmt":"2025-06-12T01:54:43","guid":{"rendered":"https:\/\/sinoextrud.com\/product\/aluminum-profile-solar-panel-structure\/"},"modified":"2025-06-24T06:14:26","modified_gmt":"2025-06-24T06:14:26","slug":"aluminiumsprofil-solpanelstruktur","status":"publish","type":"product","link":"https:\/\/sinoextrud.com\/da\/product\/aluminum-profile-solar-panel-structure\/","title":{"rendered":"Solpanelstruktur i aluminiumsprofil"},"content":{"rendered":"<h2>Detaljer om produkter<\/h2>\n<table class=\"custom-table\">\n<tr>\n<td class=\"label\">1. Navn:<\/td>\n<td> Solpanelstruktur i aluminiumsprofil<\/td>\n<\/tr>\n<tr>\n<td class=\"label\">2. Materiale og kvalitet :<\/td>\n<td> 6063-T5 aluminiumslegering <\/td>\n<\/tr>\n<tr>\n<td class=\"label\">3. F\u00e6rdig:<\/td>\n<td> GB Anodiseret s\u00f8lv<\/td>\n<\/tr>\n<tr>\n<td class=\"label\">4. Ud\u00f8vende standard:<\/td>\n<td> GB5237-2008<\/td>\n<\/tr>\n<tr>\n<td class=\"label\">5. Certifikater:<\/td>\n<td> ISO9001<\/td>\n<\/tr>\n<tr>\n<td class=\"label\">6. Model:<\/td>\n<td> OEM\/ODM<\/td>\n<\/tr>\n<tr>\n<td class=\"label\">7. CNC-tjenester:<\/td>\n<td> B\u00f8jning, stansning, sk\u00e6ring, afrulning, svejsning osv.<\/td>\n<\/tr>\n<tr>\n<td class=\"label\">8. L\u00e6ngde:<\/td>\n<td> Tilpasset<\/td>\n<\/tr>\n<tr>\n<td class=\"label\">9. Tykkelse:<\/td>\n<td> Tilpasset<\/td>\n<\/tr>\n<tr>\n<td class=\"label\">10. Original:<\/td>\n<td> Foshan, Kina<\/td>\n<\/tr>\n<\/table>\n<h2>Vores produktionsbase<\/h2>\n<h3>Panorama over fabrikken<\/h3>\n<p><img decoding=\"async\" src=\"\/wp-content\/uploads\/factory-01.webp\"\/><\/p>\n<h3>V\u00e6rksted til fremstilling af aluminiumst\u00e6nger<\/h3>\n<p><img decoding=\"async\" src=\"\/wp-content\/uploads\/factory-02.webp\"\/><\/p>\n<\/p>\n<p><img decoding=\"async\" src=\"\/wp-content\/uploads\/factory-03.webp\"\/><\/p>\n<h3>Lager til opbevaring af skimmelsvampe<\/h3>\n<p><img decoding=\"async\" src=\"\/wp-content\/uploads\/factory-04.webp\"\/><\/p>\n<h3>43 ekstruderingslinjer for aluminium (500-5500 ton)<\/h3>\n<p><img decoding=\"async\" src=\"\/wp-content\/uploads\/factory-05.webp\"\/><\/p>\n<p><img decoding=\"async\" src=\"\/wp-content\/uploads\/factory-06.webp\"\/><\/p>\n<p><img decoding=\"async\" src=\"\/wp-content\/uploads\/factory-07.webp\"\/><\/p>\n<h3>V\u00e6rksted for pulverlakering<\/h3>\n<p><img decoding=\"async\" src=\"\/wp-content\/uploads\/factory-09.webp\"\/><\/p>\n<h3>Anodiseringsv\u00e6rksted<\/h3>\n<p><img decoding=\"async\" src=\"\/wp-content\/uploads\/factory-10.webp\"\/><\/p>\n<h3>Workshop om dyb behandling<\/h3>\n<p><img decoding=\"async\" src=\"\/wp-content\/uploads\/factory-11.webp\"\/><\/p>\n<h3>V\u00e6rksted for CNC-pr\u00e6cisionsbearbejdning<\/h3>\n<p><img decoding=\"async\" src=\"\/wp-content\/uploads\/factory-11.5.webp\"\/><\/p>\n<h3>F\u00e6rdigvare- og eksportlager<\/h3>\n<p><img decoding=\"async\" src=\"\/wp-content\/uploads\/factory-12.webp\"\/><\/p>\n<p><img decoding=\"async\" src=\"\/wp-content\/uploads\/factory-13.webp\"\/><\/p>\n<p><img decoding=\"async\" src=\"\/wp-content\/uploads\/factory-14.webp\"\/><\/p>\n<h2>OFTE STILLEDE SP\u00d8RGSM\u00c5L<\/h2>\n<p><b>1. Hvad er en solpanelstruktur af aluminiumsprofil?<\/b><\/p>\n<p>En solpanelstruktur med aluminiumsprofil er et let, korrosionsbestandigt monteringssystem, der er designet til sikker installation af solpaneler ved hj\u00e6lp af aluminiumsrammer af h\u00f8j kvalitet.\n<\/p>\n<p><\/p>\n<p><b>2. Hvorfor bruge aluminiumsprofiler til montering af solpaneler?<\/b><\/p>\n<p>Aluminiumsprofiler er ideelle til montering af solpaneler, fordi de er lette, holdbare, korrosionsbestandige og nemme at installere, hvilket g\u00f8r dem perfekte til udend\u00f8rs brug.\n<\/p>\n<p><\/p>\n<p><b>3. Er aluminiumskonstruktionen egnet til alle vejrforhold?<\/b><\/p>\n<p>Ja, aluminiumsprofilens solpanelstruktur er designet til at modst\u00e5 h\u00e5rdt vejr, herunder st\u00e6rk vind og kraftig regn, hvilket sikrer langvarig ydeevne.\n<\/p>\n<p><\/p>\n<p><b>4. Hvordan underst\u00f8tter strukturen forskellige panelst\u00f8rrelser?<\/b><\/p>\n<p>Det modul\u00e6re design af solpanelstrukturen i aluminiumsprofil g\u00f8r det muligt at justere den, s\u00e5 den passer til forskellige solpaneldimensioner.\n<\/p>\n<p><\/p>\n<p><b>5. Er installationsprocessen kompliceret?<\/b><\/p>\n<p>Nej, aluminiumsprofilens solpanelstruktur har en enkel og effektiv installationsproces, der reducerer arbejdstid og omkostninger.\n<\/p>\n<p><\/p>\n<p><b>6. Kan jeg bruge denne struktur til jord- og tagmonterede systemer?<\/b><\/p>\n<p>Ja, den aluminiumsprofilerede solpanelstruktur er alsidig og kan bruges til b\u00e5de tag- og jordmonterede solsystemer.\n<\/p>\n<p><\/p>\n<p><b>7. Hvor l\u00e6nge holder aluminiumsstrukturen?<\/b><\/p>\n<p>Aluminiumsprofilens solpanelstruktur har en lang levetid p\u00e5 grund af dens h\u00f8jstyrke og korrosionsbestandige aluminium, der ofte holder i over 25 \u00e5r.\n<\/p>\n<p><\/p>\n<p><b>8. Kr\u00e6ver strukturen regelm\u00e6ssig vedligeholdelse?<\/b><\/p>\n<p>Der er behov for minimal vedligeholdelse, da aluminiumsmaterialet naturligt modst\u00e5r rust og korrosion, hvilket sikrer p\u00e5lidelig ydelse med lav vedligeholdelse.<\/p>\n<p><\/p>","protected":false},"featured_media":7963,"template":"","categories":[54],"class_list":["post-7964","product","type-product","status-publish","has-post-thumbnail","hentry","category-industrial-aluminum-profiles"],"meta_box":{"hilight_text_group":{"product_hilight_text":"<li>High-strength aluminum profiles ensure long-lasting durability<\/li>\r\r\n<li>Corrosion-resistant materials ideal for harsh outdoor environments<\/li>\r\r\n<li>Lightweight structure allows easy transportation and installation<\/li>\r\r\n<li>Modular design supports flexible solar panel configurations<\/li>\r\r\n<li>Precision-engineered components for stable and secure mounting<\/li>\r\r\n<li>Compatible with various solar panel sizes and types<\/li>\r\r\n<li>Low maintenance costs with long service life<\/li>\r\r\n<li>Customizable lengths and finishes to match project needs<\/li>","product_chanpin_blog":"<ul>\r\r\n<li><a href=\"https:\/\/sinoextrud.com\/t-slot-v-slot-differences\/\" target=\"_blank\">t slot vs v slot<\/a><\/li>\r\r\n<li><a href=\"https:\/\/sinoextrud.com\/what-is-4040-aluminium-extrud\/\" target=\"_blank\">4040 aluminium extrusion<\/a><\/li>\r\r\n<li><a href=\"https:\/\/sinoextrud.com\/what-is-4040-aluminium-extrud\/\" target=\"_blank\">aluminum extrusions for industrial racks<\/a><\/li>\r\r\n<li><a href=\"https:\/\/sinoextrud.com\/powder-coating-aluminium-process\/\" target=\"_blank\">powder coating aluminium<\/a><\/li>\r\r\n<li><a href=\"https:\/\/sinoextrud.com\/what-is-an-aluminium-strip-ceiling\/\" target=\"_blank\">aluminium strip ceiling<\/a><\/li>\r\r\n<li><a href=\"https:\/\/sinoextrud.com\/what-is-a-heat-sink\/\" target=\"_blank\">what is a heat sink<\/a><\/li>\r\r\n<\/ul>","product_chanpin_chanpin":"<li><a href=\"https:\/\/sinoextrud.com\/product\/aluminum-profile-for-clean-room-circle-shape\/\" target=\"_blank\">Aluminum Profile For Clean Room Circle Shape<\/a><\/li>\r\n<li><a href=\"https:\/\/sinoextrud.com\/product\/aluminum-profile-for-solar-panel\/\" target=\"_blank\">Aluminum Profile For Solar Panel<\/a><\/li>\r\n<li><a href=\"https:\/\/sinoextrud.com\/product\/aluminum-profile-for-workstation-desk\/\" target=\"_blank\">Aluminum Profile For Workstation Desk<\/a><\/li>\r\n<li><a href=\"https:\/\/sinoextrud.com\/product\/aluminum-profile-led-light-strip-bar\/\" target=\"_blank\">Aluminum Profile LED Light Strip Bar<\/a><\/li>\r\n<li><a href=\"https:\/\/sinoextrud.com\/product\/aluminum-profile-solar-panel-structure\/\" target=\"_blank\">Aluminum Profile Solar Panel Structure<\/a><\/li>\r\n<li><a href=\"https:\/\/sinoextrud.com\/product\/aluminum-profile-solar\/\" target=\"_blank\">Aluminum Profile Solar<\/a><\/li>\r\n<li><a href=\"https:\/\/sinoextrud.com\/product\/aluminum-profile-system\/\" target=\"_blank\">Aluminum Profile System<\/a><\/li>\r\n<li><a href=\"https:\/\/sinoextrud.com\/product\/aluminum-profile-t-slot-led-frame\/\" target=\"_blank\">Aluminum Profile T Slot Led Frame<\/a><\/li>\r\n<li><a href=\"https:\/\/sinoextrud.com\/product\/aluminum-profile-t-slot\/\" target=\"_blank\">Aluminum Profile T Slot<\/a><\/li>\r\n<li><a href=\"https:\/\/sinoextrud.com\/product\/aluminium-profile-drilling-cutting-bending-puching-processing\/\" target=\"_blank\">Aluminium profile drilling cutting bending puching processing<\/a><\/li>\r\n<li><a href=\"https:\/\/sinoextrud.com\/product\/sandblasted-mechanical-streak-removed-aluminium-profiles\/\" target=\"_blank\">Sandblasted Mechanical streak removed aluminium profiles<\/a><\/li>"},"feature_list":[]},"_links":{"self":[{"href":"https:\/\/sinoextrud.com\/da\/wp-json\/wp\/v2\/product\/7964","targetHints":{"allow":["GET"]}}],"collection":[{"href":"https:\/\/sinoextrud.com\/da\/wp-json\/wp\/v2\/product"}],"about":[{"href":"https:\/\/sinoextrud.com\/da\/wp-json\/wp\/v2\/types\/product"}],"wp:featuredmedia":[{"embeddable":true,"href":"https:\/\/sinoextrud.com\/da\/wp-json\/wp\/v2\/media\/7963"}],"wp:attachment":[{"href":"https:\/\/sinoextrud.com\/da\/wp-json\/wp\/v2\/media?parent=7964"}],"wp:term":[{"taxonomy":"category","embeddable":true,"href":"https:\/\/sinoextrud.com\/da\/wp-json\/wp\/v2\/categories?post=7964"}],"curies":[{"name":"wp","href":"https:\/\/api.w.org\/{rel}","templated":true}]}}